{"id":4354,"date":"2024-07-26T07:02:00","date_gmt":"2024-07-26T07:02:00","guid":{"rendered":"https:\/\/www.ceramicbasin.com\/?post_type=product&#038;p=4354"},"modified":"2024-11-04T08:08:30","modified_gmt":"2024-11-04T08:08:30","slug":"wholesale-in-counter-basin","status":"publish","type":"product","link":"https:\/\/www.ceramicbasin.com\/de\/produkt\/wholesale-in-counter-basin\/","title":{"rendered":"Kaufen Sie hohe Qualit\u00e4t im Gro\u00dfhandel in Counter Basin f\u00fcr Ihr Projekt"},"content":{"rendered":"<div class=\"wp-block-columns is-layout-flex wp-container-core-columns-is-layout-9d6595d7 wp-block-columns-is-layout-flex\">\n<div class=\"wp-block-column is-layout-flow wp-block-column-is-layout-flow\">\n<h2 class=\"wp-block-heading\">Premium-Gro\u00dfhandel in Counter-Becken Merkmale:<\/h2>\n\n\n\n<ul class=\"wp-block-list\">\n<li><strong>Hochwertiges Material: <\/strong>Unser Gro\u00dfhandel in Thekenbecken ist aus hochwertigem Keramikmaterial hergestellt, das robust und langlebig genug ist, um hohen Temperaturen, Kratzern und Verschlei\u00df zu widerstehen und eine lange Lebensdauer zu gew\u00e4hrleisten.<\/li>\n\n\n\n<li><strong>Exquisites Design: <\/strong>Mit dem modernen Design-Stil, hat diese Gro\u00dfhandel Keramik Waschbecken eine m\u00fchelose Design noch elegant, die f\u00fcr jede unterschiedliche Dekoration Stil von B\u00e4dern und Toiletten angemessen w\u00e4re. Es bereichert den allgemeinen Geschmack des Ortes.<\/li>\n\n\n\n<li><strong>Einfach zu installieren: <\/strong>Die Installation dieses Gro\u00dfhandels im Waschbecken ist sehr schnell und einfach. Es ist geeignet f\u00fcr verschiedene Arten von Eitelkeit Arbeitsplatte Materialien, und es ist einfach zu installieren. Daher ist es f\u00fcr verschiedene kommerzielle Projekte oder H\u00e4ndler geeignet.<\/li>\n\n\n\n<li><strong>Leicht zu pflegen: <\/strong>Die Oberfl\u00e4che dieser Keramiksp\u00fcle aus dem Gro\u00dfhandel ist gleichm\u00e4\u00dfig und fein. Sie ist schmutz- und schimmelresistent, macht die Reinigung einfach und hilft, sie so sauber wie neu zu halten, wodurch Sie Zeit und Energie bei der t\u00e4glichen Reinigung und Pflege sparen.<\/li>\n<\/ul>\n<\/div>\n\n\n\n<div class=\"wp-block-column is-layout-flow wp-block-column-is-layout-flow\">\n<figure class=\"wp-block-image size-full\"><img fetchpriority=\"high\" decoding=\"async\" width=\"980\" height=\"1351\" src=\"https:\/\/www.ceramicbasin.com\/wp-content\/uploads\/2024\/07\/buy-high-quality-wholesale-in-counter-basin-for-your-project-6.webp\" alt=\"kaufen-hochwertige-gro\u00dfhandel-im-becken-f\u00fcr-ihr-projekt-5\" class=\"wp-image-4360\" srcset=\"https:\/\/www.ceramicbasin.com\/wp-content\/uploads\/2024\/07\/buy-high-quality-wholesale-in-counter-basin-for-your-project-6.webp 980w, https:\/\/www.ceramicbasin.com\/wp-content\/uploads\/2024\/07\/buy-high-quality-wholesale-in-counter-basin-for-your-project-6-218x300.webp 218w, https:\/\/www.ceramicbasin.com\/wp-content\/uploads\/2024\/07\/buy-high-quality-wholesale-in-counter-basin-for-your-project-6-768x1059.webp 768w, https:\/\/www.ceramicbasin.com\/wp-content\/uploads\/2024\/07\/buy-high-quality-wholesale-in-counter-basin-for-your-project-6-9x12.webp 9w, https:\/\/www.ceramicbasin.com\/wp-content\/uploads\/2024\/07\/buy-high-quality-wholesale-in-counter-basin-for-your-project-6-285x393.webp 285w, https:\/\/www.ceramicbasin.com\/wp-content\/uploads\/2024\/07\/buy-high-quality-wholesale-in-counter-basin-for-your-project-6-479x660.webp 479w, https:\/\/www.ceramicbasin.com\/wp-content\/uploads\/2024\/07\/buy-high-quality-wholesale-in-counter-basin-for-your-project-6-109x150.webp 109w\" sizes=\"(max-width: 980px) 100vw, 980px\" \/><\/figure>\n<\/div>\n<\/div>\n\n\n\n<p><\/p>","protected":false},"excerpt":{"rendered":"<p>Willkommen zu kaufen Keramik Waschbecken von uns. Unser Gro\u00dfhandel in Counter-Becken ist aus hochwertigem Porzellan mit robusten und langlebigen Eigenschaften, widerstandsf\u00e4hig gegen hohe Temperaturen, Kratzer und Verschlei\u00df, so dass eine lange Lebensdauer des Produkts. Exquisite moderne Design-Stil, einfach und elegant, geeignet f\u00fcr B\u00e4der und Toiletten in verschiedenen Dekorationsstilen, die F\u00f6rderung der gesamten Geschmack des Raumes.<\/p>\n<table style=\"border-collapse: collapse; width: 311.02pt;\" border=\"0\" width=\"311\" cellspacing=\"0\" cellpadding=\"0\">\n<tbody>\n<tr style=\"height: 17.60pt;\">\n<td class=\"et3\" style=\"height: 17.60pt; width: 108.35pt;\" width=\"108\" height=\"17\">Hersteller<\/td>\n<td class=\"et3\" style=\"width: 202.95pt;\" width=\"202\">HanYu<\/td>\n<\/tr>\n<tr style=\"height: 17.60pt;\">\n<td class=\"et3\" style=\"height: 17.60pt;\" height=\"17\">Modell Nr.<\/td>\n<td class=\"et4\">HY-5401A<\/td>\n<\/tr>\n<tr style=\"height: 18.00pt;\">\n<td class=\"et3\" style=\"height: 18.00pt;\" height=\"18\">Typ<\/td>\n<td class=\"et5\" style=\"width: 202.95pt;\" width=\"202\">Drop-In-Becken<\/td>\n<\/tr>\n<tr style=\"height: 17.60pt;\">\n<td class=\"et3\" style=\"height: 17.60pt;\" height=\"17\">Form<\/td>\n<td class=\"et3\">Rechteckige Form<\/td>\n<\/tr>\n<tr style=\"height: 18.00pt;\">\n<td class=\"et4\" style=\"height: 18.00pt;\" height=\"18\">Farbe<\/td>\n<td class=\"et5\" style=\"width: 202.95pt;\" width=\"202\">Wei\u00df<\/td>\n<\/tr>\n<tr style=\"height: 18.00pt;\">\n<td class=\"et3\" style=\"height: 18.00pt;\" height=\"18\">Dimension<\/td>\n<td class=\"et5\" style=\"width: 202.95pt;\" width=\"202\">50.5*39*14<\/td>\n<\/tr>\n<tr style=\"height: 17.60pt;\">\n<td class=\"et3\" style=\"height: 17.60pt;\" height=\"17\">N.W \/SET<\/td>\n<td class=\"et3\">11KGS\/PCS<\/td>\n<\/tr>\n<tr style=\"height: 17.60pt;\">\n<td class=\"et3\" style=\"height: 17.60pt;\" height=\"17\">MOQ<\/td>\n<td class=\"et3\">20St\u00fcck<\/td>\n<\/tr>\n<tr style=\"height: 17.60pt;\">\n<td class=\"et3\" style=\"height: 17.60pt;\" height=\"17\">Benutzerdefinierte Option<\/td>\n<td class=\"et3\">Farbe\/Muster\/Gr\u00f6\u00dfe\/Logo\/Verpackung<\/td>\n<\/tr>\n<\/tbody>\n<\/table>","protected":false},"featured_media":4361,"comment_status":"closed","ping_status":"closed","template":"","meta":{"_acf_changed":false},"product_brand":[],"product_cat":[51],"product_tag":[],"class_list":{"0":"post-4354","1":"product","2":"type-product","3":"status-publish","4":"has-post-thumbnail","6":"product_cat-wholesale-drop-in-sinks","8":"first","9":"instock","10":"shipping-taxable","11":"product-type-simple"},"acf":[],"_links":{"self":[{"href":"https:\/\/www.ceramicbasin.com\/de\/wp-json\/wp\/v2\/product\/4354","targetHints":{"allow":["GET"]}}],"collection":[{"href":"https:\/\/www.ceramicbasin.com\/de\/wp-json\/wp\/v2\/product"}],"about":[{"href":"https:\/\/www.ceramicbasin.com\/de\/wp-json\/wp\/v2\/types\/product"}],"replies":[{"embeddable":true,"href":"https:\/\/www.ceramicbasin.com\/de\/wp-json\/wp\/v2\/comments?post=4354"}],"wp:featuredmedia":[{"embeddable":true,"href":"https:\/\/www.ceramicbasin.com\/de\/wp-json\/wp\/v2\/media\/4361"}],"wp:attachment":[{"href":"https:\/\/www.ceramicbasin.com\/de\/wp-json\/wp\/v2\/media?parent=4354"}],"wp:term":[{"taxonomy":"product_brand","embeddable":true,"href":"https:\/\/www.ceramicbasin.com\/de\/wp-json\/wp\/v2\/product_brand?post=4354"},{"taxonomy":"product_cat","embeddable":true,"href":"https:\/\/www.ceramicbasin.com\/de\/wp-json\/wp\/v2\/product_cat?post=4354"},{"taxonomy":"product_tag","embeddable":true,"href":"https:\/\/www.ceramicbasin.com\/de\/wp-json\/wp\/v2\/product_tag?post=4354"}],"curies":[{"name":"wp","href":"https:\/\/api.w.org\/{rel}","templated":true}]}}