{"id":4362,"date":"2024-07-26T07:16:14","date_gmt":"2024-07-26T07:16:14","guid":{"rendered":"https:\/\/www.ceramicbasin.com\/?post_type=product&#038;p=4362"},"modified":"2024-07-26T07:29:51","modified_gmt":"2024-07-26T07:29:51","slug":"wholesale-wash-basin-semi-recessed","status":"publish","type":"product","link":"https:\/\/www.ceramicbasin.com\/de\/produkt\/wholesale-wash-basin-semi-recessed\/","title":{"rendered":"Gro\u00dfhandel Waschbecken halb vertieftes Becken mit Wasserhahn-Loch"},"content":{"rendered":"<div class=\"wp-block-columns is-layout-flex wp-container-core-columns-is-layout-9d6595d7 wp-block-columns-is-layout-flex\">\n<div class=\"wp-block-column is-layout-flow wp-block-column-is-layout-flow\">\n<h2 class=\"wp-block-heading\">Premium Gro\u00dfhandel Waschbecken Merkmale:<\/h2>\n\n\n\n<ul class=\"wp-block-list\">\n<li><strong>Hochwertiges Material: <\/strong>Unser Halbeinbau-Waschbecken f\u00fcr den Gro\u00dfhandel ist aus hochwertiger Keramik gefertigt, die robust und langlebig ist und eine ausgezeichnete Kratz- und Verschlei\u00dffestigkeit aufweist, was eine langfristige Zuverl\u00e4ssigkeit gew\u00e4hrleistet.<\/li>\n\n\n\n<li><strong>Halb vertieftes Design: <\/strong>Das halb versenkte Design dieses Gro\u00dfhandelswaschbeckens spart Platz und ist einfach zu installieren. Es eignet sich f\u00fcr verschiedene Arbeitsplatten und Badezimmerlayouts und verbessert die Raumnutzung und \u00c4sthetik.<\/li>\n\n\n\n<li><strong>Reserviertes Wasserhahnloch: <\/strong>Dieses halb versenkte Waschbecken ist mit einem reservierten Wasserhahnloch ausgestattet, das es dem Benutzer erm\u00f6glicht, verschiedene Arten von Wasserh\u00e4hnen zu installieren, um den Bed\u00fcrfnissen der verschiedenen Kunden gerecht zu werden.<\/li>\n\n\n\n<li><strong>Leicht zu reinigen: <\/strong>Unsere Gro\u00dfhandels-Keramiksp\u00fcle hat eine glatte Glasur, die schmutz- und schimmelbest\u00e4ndig, leicht zu reinigen und zu pflegen ist und f\u00fcr Hygiene und Sauberkeit im t\u00e4glichen Gebrauch sorgt.<\/li>\n<\/ul>\n<\/div>\n\n\n\n<div class=\"wp-block-column is-layout-flow wp-block-column-is-layout-flow\">\n<figure class=\"wp-block-image size-full\"><img fetchpriority=\"high\" decoding=\"async\" width=\"682\" height=\"967\" src=\"https:\/\/www.ceramicbasin.com\/wp-content\/uploads\/2024\/07\/wholesale-wash-basin-semi-recessed-basin-with-faucet-hole-5.webp\" alt=\"gro\u00dfhandel-waschbecken-semi-einbau-waschbecken-mit-armatur-loch-5\" class=\"wp-image-4367\" srcset=\"https:\/\/www.ceramicbasin.com\/wp-content\/uploads\/2024\/07\/wholesale-wash-basin-semi-recessed-basin-with-faucet-hole-5.webp 682w, https:\/\/www.ceramicbasin.com\/wp-content\/uploads\/2024\/07\/wholesale-wash-basin-semi-recessed-basin-with-faucet-hole-5-212x300.webp 212w, https:\/\/www.ceramicbasin.com\/wp-content\/uploads\/2024\/07\/wholesale-wash-basin-semi-recessed-basin-with-faucet-hole-5-8x12.webp 8w, https:\/\/www.ceramicbasin.com\/wp-content\/uploads\/2024\/07\/wholesale-wash-basin-semi-recessed-basin-with-faucet-hole-5-285x404.webp 285w, https:\/\/www.ceramicbasin.com\/wp-content\/uploads\/2024\/07\/wholesale-wash-basin-semi-recessed-basin-with-faucet-hole-5-465x660.webp 465w, https:\/\/www.ceramicbasin.com\/wp-content\/uploads\/2024\/07\/wholesale-wash-basin-semi-recessed-basin-with-faucet-hole-5-106x150.webp 106w\" sizes=\"(max-width: 682px) 100vw, 682px\" \/><\/figure>\n<\/div>\n<\/div>\n\n\n\n<p><\/p>","protected":false},"excerpt":{"rendered":"<p>Dieses halb versenkte Waschbecken f\u00fcr den Gro\u00dfhandel besteht aus hochwertigem Keramikmaterial, das robust und langlebig ist und eine ausgezeichnete Kratz- und Verschlei\u00dffestigkeit aufweist, was eine langfristige Zuverl\u00e4ssigkeit gew\u00e4hrleistet. Das einzigartige halbversenkte Design spart Platz und ist einfach zu installieren. Es ist geeignet f\u00fcr verschiedene Arbeitsplatten und Bad Layouts, die Verbesserung der Raumnutzung und \u00c4sthetik.<\/p>\n<table style=\"border-collapse: collapse; width: 311.02pt;\" border=\"0\" width=\"311\" cellspacing=\"0\" cellpadding=\"0\">\n<tbody>\n<tr style=\"height: 17.60pt;\">\n<td class=\"et3\" style=\"height: 17.60pt; width: 108.35pt;\" width=\"108\" height=\"17\">Hersteller<\/td>\n<td class=\"et3\" style=\"width: 202.95pt;\" width=\"202\">HanYu<\/td>\n<\/tr>\n<tr style=\"height: 17.60pt;\">\n<td class=\"et3\" style=\"height: 17.60pt;\" height=\"17\">Modell Nr.<\/td>\n<td class=\"et4\">HY-5307<\/td>\n<\/tr>\n<tr style=\"height: 18.00pt;\">\n<td class=\"et3\" style=\"height: 18.00pt;\" height=\"18\">Typ<\/td>\n<td class=\"et5\" style=\"width: 202.95pt;\" width=\"202\">Halb vertieftes Waschbecken<\/td>\n<\/tr>\n<tr style=\"height: 17.60pt;\">\n<td class=\"et3\" style=\"height: 17.60pt;\" height=\"17\">Form<\/td>\n<td class=\"et3\">Rechteckige Form<\/td>\n<\/tr>\n<tr style=\"height: 18.00pt;\">\n<td class=\"et4\" style=\"height: 18.00pt;\" height=\"18\">Farbe<\/td>\n<td class=\"et5\" style=\"width: 202.95pt;\" width=\"202\">Wei\u00df<\/td>\n<\/tr>\n<tr style=\"height: 18.00pt;\">\n<td class=\"et3\" style=\"height: 18.00pt;\" height=\"18\">Dimension<\/td>\n<td class=\"et5\" style=\"width: 202.95pt;\" width=\"202\">40*40*14<\/td>\n<\/tr>\n<tr style=\"height: 17.60pt;\">\n<td class=\"et3\" style=\"height: 17.60pt;\" height=\"17\">N.W \/SET<\/td>\n<td class=\"et3\">8KGS\/PCS<\/td>\n<\/tr>\n<tr style=\"height: 17.60pt;\">\n<td class=\"et3\" style=\"height: 17.60pt;\" height=\"17\">MOQ<\/td>\n<td class=\"et3\">20St\u00fcck<\/td>\n<\/tr>\n<tr style=\"height: 17.60pt;\">\n<td class=\"et3\" style=\"height: 17.60pt;\" height=\"17\">Benutzerdefinierte Option<\/td>\n<td class=\"et3\">Farbe\/Muster\/Gr\u00f6\u00dfe\/Logo\/Verpackung<\/td>\n<\/tr>\n<\/tbody>\n<\/table>","protected":false},"featured_media":4368,"comment_status":"closed","ping_status":"closed","template":"","meta":{"_acf_changed":false},"product_brand":[],"product_cat":[58],"product_tag":[],"class_list":{"0":"post-4362","1":"product","2":"type-product","3":"status-publish","4":"has-post-thumbnail","6":"product_cat-wholesale-semi-recessed-sinks","8":"first","9":"instock","10":"shipping-taxable","11":"product-type-simple"},"acf":[],"_links":{"self":[{"href":"https:\/\/www.ceramicbasin.com\/de\/wp-json\/wp\/v2\/product\/4362","targetHints":{"allow":["GET"]}}],"collection":[{"href":"https:\/\/www.ceramicbasin.com\/de\/wp-json\/wp\/v2\/product"}],"about":[{"href":"https:\/\/www.ceramicbasin.com\/de\/wp-json\/wp\/v2\/types\/product"}],"replies":[{"embeddable":true,"href":"https:\/\/www.ceramicbasin.com\/de\/wp-json\/wp\/v2\/comments?post=4362"}],"wp:featuredmedia":[{"embeddable":true,"href":"https:\/\/www.ceramicbasin.com\/de\/wp-json\/wp\/v2\/media\/4368"}],"wp:attachment":[{"href":"https:\/\/www.ceramicbasin.com\/de\/wp-json\/wp\/v2\/media?parent=4362"}],"wp:term":[{"taxonomy":"product_brand","embeddable":true,"href":"https:\/\/www.ceramicbasin.com\/de\/wp-json\/wp\/v2\/product_brand?post=4362"},{"taxonomy":"product_cat","embeddable":true,"href":"https:\/\/www.ceramicbasin.com\/de\/wp-json\/wp\/v2\/product_cat?post=4362"},{"taxonomy":"product_tag","embeddable":true,"href":"https:\/\/www.ceramicbasin.com\/de\/wp-json\/wp\/v2\/product_tag?post=4362"}],"curies":[{"name":"wp","href":"https:\/\/api.w.org\/{rel}","templated":true}]}}