{"id":4369,"date":"2024-07-26T07:30:19","date_gmt":"2024-07-26T07:30:19","guid":{"rendered":"https:\/\/www.ceramicbasin.com\/?post_type=product&#038;p=4369"},"modified":"2024-11-04T08:00:54","modified_gmt":"2024-11-04T08:00:54","slug":"factory-supply-wash-basin","status":"publish","type":"product","link":"https:\/\/www.ceramicbasin.com\/de\/produkt\/factory-supply-wash-basin\/","title":{"rendered":"Factory Supply Waschbecken, Semi-Recessed Sinks Gro\u00dfhandel"},"content":{"rendered":"<div class=\"wp-block-columns is-layout-flex wp-container-core-columns-is-layout-9d6595d7 wp-block-columns-is-layout-flex\">\n<div class=\"wp-block-column is-layout-flow wp-block-column-is-layout-flow\">\n<h2 class=\"wp-block-heading\">Premium Factory Supply Waschtisch Merkmale:<\/h2>\n\n\n\n<ul class=\"wp-block-list\">\n<li><strong>Keramik von hervorragender Qualit\u00e4t: <\/strong>Unsere Fabrik liefert Waschbecken aus hochwertigem keramischen Material, robust, langlebig, kratzfest und verschlei\u00dffest, um lang anhaltende Zuverl\u00e4ssigkeit und Sch\u00f6nheit zu gew\u00e4hrleisten.<\/li>\n\n\n\n<li><strong>Halb vertieftes Design:<\/strong> Diese halb versenkten Waschbecken Gro\u00dfhandel spart eine Menge in Bezug auf Raum und ist ganz einfach zu installieren. Es ist geeignet f\u00fcr verschiedene Arbeitsplatten und Bad Layouts, f\u00f6rdert die Nutzung und Sch\u00f6nheit des Raumes.<\/li>\n\n\n\n<li><strong>Leicht zu reinigen: <\/strong>Die glatte und empfindliche Oberfl\u00e4che des Waschbeckens, das von der Fabrik geliefert wird, hinterl\u00e4sst keine Flecken und bildet keinen Schimmel, was die Reinigung sehr einfach macht. Es kann auch leicht wie neu gehalten werden und reduziert den Zeit- und Energieaufwand f\u00fcr die t\u00e4gliche Reinigung.<\/li>\n\n\n\n<li><strong>Vielf\u00e4ltige Spezifikationen: <\/strong>Wir bieten verschiedene Gr\u00f6\u00dfen und Design-Spezifikationen f\u00fcr Bad Waschbecken Gro\u00dfhandel, auf verschiedene Kundenanforderungen gerecht zu werden und kann in verschiedenen Haushalten und kommerziellen Projekten verwendet werden. Willkommen zu Anfrage und Anpassung.<\/li>\n<\/ul>\n<\/div>\n\n\n\n<div class=\"wp-block-column is-layout-flow wp-block-column-is-layout-flow\">\n<figure class=\"wp-block-image size-full\"><img fetchpriority=\"high\" decoding=\"async\" width=\"775\" height=\"946\" src=\"https:\/\/www.ceramicbasin.com\/wp-content\/uploads\/2024\/07\/factory-supply-wash-basin-semi-recessed-basin-wholesale-1.webp\" alt=\"werkseitig-versorgung-waschbecken-semi-einbau-waschbecken-gro\u00dfhandel-1\" class=\"wp-image-4370\" srcset=\"https:\/\/www.ceramicbasin.com\/wp-content\/uploads\/2024\/07\/factory-supply-wash-basin-semi-recessed-basin-wholesale-1.webp 775w, https:\/\/www.ceramicbasin.com\/wp-content\/uploads\/2024\/07\/factory-supply-wash-basin-semi-recessed-basin-wholesale-1-246x300.webp 246w, https:\/\/www.ceramicbasin.com\/wp-content\/uploads\/2024\/07\/factory-supply-wash-basin-semi-recessed-basin-wholesale-1-768x937.webp 768w, https:\/\/www.ceramicbasin.com\/wp-content\/uploads\/2024\/07\/factory-supply-wash-basin-semi-recessed-basin-wholesale-1-10x12.webp 10w, https:\/\/www.ceramicbasin.com\/wp-content\/uploads\/2024\/07\/factory-supply-wash-basin-semi-recessed-basin-wholesale-1-285x348.webp 285w, https:\/\/www.ceramicbasin.com\/wp-content\/uploads\/2024\/07\/factory-supply-wash-basin-semi-recessed-basin-wholesale-1-541x660.webp 541w, https:\/\/www.ceramicbasin.com\/wp-content\/uploads\/2024\/07\/factory-supply-wash-basin-semi-recessed-basin-wholesale-1-123x150.webp 123w\" sizes=\"(max-width: 775px) 100vw, 775px\" \/><\/figure>\n<\/div>\n<\/div>\n\n\n\n<p><\/p>","protected":false},"excerpt":{"rendered":"<p>Willkommen zu kaufen Bad Waschbecken. Unsere Fabrik Versorgung Waschbecken nimmt eine halb h\u00e4ngende Design, robust, langlebig, kratzfest, verschlei\u00dffest, lang anhaltende Zuverl\u00e4ssigkeit und Sch\u00f6nheit, passen zu verschiedenen Arbeitsplatten und Bad Layout.<\/p>\n<table style=\"border-collapse: collapse; width: 311.02pt;\" border=\"0\" width=\"311\" cellspacing=\"0\" cellpadding=\"0\">\n<tbody>\n<tr style=\"height: 17.60pt;\">\n<td class=\"et3\" style=\"height: 17.60pt; width: 108.35pt;\" width=\"108\" height=\"17\">Hersteller<\/td>\n<td class=\"et3\" style=\"width: 202.95pt;\" width=\"202\">HanYu<\/td>\n<\/tr>\n<tr style=\"height: 17.60pt;\">\n<td class=\"et3\" style=\"height: 17.60pt;\" height=\"17\">Modell Nr.<\/td>\n<td class=\"et4\">HY-5072<\/td>\n<\/tr>\n<tr style=\"height: 18.00pt;\">\n<td class=\"et3\" style=\"height: 18.00pt;\" height=\"18\">Typ<\/td>\n<td class=\"et5\" style=\"width: 202.95pt;\" width=\"202\">Halb vertieftes Waschbecken<\/td>\n<\/tr>\n<tr style=\"height: 17.60pt;\">\n<td class=\"et3\" style=\"height: 17.60pt;\" height=\"17\">Form<\/td>\n<td class=\"et3\">Rechteckige Form<\/td>\n<\/tr>\n<tr style=\"height: 18.00pt;\">\n<td class=\"et4\" style=\"height: 18.00pt;\" height=\"18\">Farbe<\/td>\n<td class=\"et5\" style=\"width: 202.95pt;\" width=\"202\">Wei\u00df<\/td>\n<\/tr>\n<tr style=\"height: 18.00pt;\">\n<td class=\"et3\" style=\"height: 18.00pt;\" height=\"18\">Dimension<\/td>\n<td class=\"et5\" style=\"width: 202.95pt;\" width=\"202\">60*50*20<\/td>\n<\/tr>\n<tr style=\"height: 17.60pt;\">\n<td class=\"et3\" style=\"height: 17.60pt;\" height=\"17\">N.W \/SET<\/td>\n<td class=\"et3\">14KGS\/PCS<\/td>\n<\/tr>\n<tr style=\"height: 17.60pt;\">\n<td class=\"et3\" style=\"height: 17.60pt;\" height=\"17\">MOQ<\/td>\n<td class=\"et3\">20St\u00fcck<\/td>\n<\/tr>\n<tr style=\"height: 17.60pt;\">\n<td class=\"et3\" style=\"height: 17.60pt;\" height=\"17\">Benutzerdefinierte Option<\/td>\n<td class=\"et3\">Farbe\/Muster\/Gr\u00f6\u00dfe\/Logo\/Verpackung<\/td>\n<\/tr>\n<\/tbody>\n<\/table>","protected":false},"featured_media":4373,"comment_status":"closed","ping_status":"closed","template":"","meta":{"_acf_changed":false},"product_brand":[],"product_cat":[58],"product_tag":[],"class_list":{"0":"post-4369","1":"product","2":"type-product","3":"status-publish","4":"has-post-thumbnail","6":"product_cat-wholesale-semi-recessed-sinks","8":"first","9":"instock","10":"shipping-taxable","11":"product-type-simple"},"acf":[],"_links":{"self":[{"href":"https:\/\/www.ceramicbasin.com\/de\/wp-json\/wp\/v2\/product\/4369","targetHints":{"allow":["GET"]}}],"collection":[{"href":"https:\/\/www.ceramicbasin.com\/de\/wp-json\/wp\/v2\/product"}],"about":[{"href":"https:\/\/www.ceramicbasin.com\/de\/wp-json\/wp\/v2\/types\/product"}],"replies":[{"embeddable":true,"href":"https:\/\/www.ceramicbasin.com\/de\/wp-json\/wp\/v2\/comments?post=4369"}],"wp:featuredmedia":[{"embeddable":true,"href":"https:\/\/www.ceramicbasin.com\/de\/wp-json\/wp\/v2\/media\/4373"}],"wp:attachment":[{"href":"https:\/\/www.ceramicbasin.com\/de\/wp-json\/wp\/v2\/media?parent=4369"}],"wp:term":[{"taxonomy":"product_brand","embeddable":true,"href":"https:\/\/www.ceramicbasin.com\/de\/wp-json\/wp\/v2\/product_brand?post=4369"},{"taxonomy":"product_cat","embeddable":true,"href":"https:\/\/www.ceramicbasin.com\/de\/wp-json\/wp\/v2\/product_cat?post=4369"},{"taxonomy":"product_tag","embeddable":true,"href":"https:\/\/www.ceramicbasin.com\/de\/wp-json\/wp\/v2\/product_tag?post=4369"}],"curies":[{"name":"wp","href":"https:\/\/api.w.org\/{rel}","templated":true}]}}