{"id":4397,"date":"2024-07-26T08:13:43","date_gmt":"2024-07-26T08:13:43","guid":{"rendered":"https:\/\/www.ceramicbasin.com\/?post_type=product&#038;p=4397"},"modified":"2024-12-06T09:22:48","modified_gmt":"2024-12-06T09:22:48","slug":"bulk-order-and-custom-glass-sinks","status":"publish","type":"product","link":"https:\/\/www.ceramicbasin.com\/de\/produkt\/bulk-order-and-custom-glass-sinks\/","title":{"rendered":"Gro\u00dfbestellung und kundenspezifische Glaswaschbecken mit verschiedenen Farben"},"content":{"rendered":"<div class=\"wp-block-columns is-layout-flex wp-container-core-columns-is-layout-9d6595d7 wp-block-columns-is-layout-flex\">\n<div class=\"wp-block-column is-layout-flow wp-block-column-is-layout-flow\">\n<h2 class=\"wp-block-heading\">Premium Custom Glass Sp\u00fclen Merkmale:<\/h2>\n\n\n\n<ul class=\"wp-block-list\">\n<li><strong>Modedesign: <\/strong>Unsere Glaswaschbecken haben ein modernes und modisches Design mit glatten Linien, das sich f\u00fcr verschiedene Badeinrichtungen eignet und die Sch\u00f6nheit und Qualit\u00e4t des Raumes insgesamt verbessert.<\/li>\n\n\n\n<li><strong>Hochwertiges Glasmaterial: <\/strong>Diese ma\u00dfgefertigten Glaswaschbecken in gro\u00dfen Mengen sind aus hochwertigem Glas mit hoher Transparenz und feiner Textur hergestellt, das ausgezeichnete visuelle Effekte und einen modernen Sinn hat und die Haltbarkeit und Sch\u00f6nheit des Produkts gew\u00e4hrleistet.<\/li>\n\n\n\n<li><strong>Mehrere Farboptionen: <\/strong>Unsere Glaswaschbecken f\u00fcr den Gro\u00dfhandel bieten eine breite Palette von Farboptionen, von klassisch transparent bis hin zu modischen Farben, um verschiedenen Einrichtungsstilen und pers\u00f6nlichen Vorlieben gerecht zu werden und dem Badezimmer einzigartige Farben und Pers\u00f6nlichkeit zu verleihen.<\/li>\n\n\n\n<li><strong>Ma\u00dfgeschneiderter Service:<\/strong> Support benutzerdefinierte Glas Waschbecken, flexibel auf die besonderen Bed\u00fcrfnisse der Kunden. Ob es Gr\u00f6\u00dfe, Form oder Farbe ist, kann die Anpassung nach ihren Bed\u00fcrfnissen durchgef\u00fchrt werden.<\/li>\n<\/ul>\n<\/div>\n\n\n\n<div class=\"wp-block-column is-layout-flow wp-block-column-is-layout-flow\">\n<figure class=\"wp-block-image size-full\"><img fetchpriority=\"high\" decoding=\"async\" width=\"975\" height=\"1301\" src=\"https:\/\/www.ceramicbasin.com\/wp-content\/uploads\/2024\/07\/bulk-order-and-custom-glass-sinks-with-various-colors-10.jpg\" alt=\"Bulk-Order-und-Custom-Glas-Sp\u00fclen-mit-verschiedenen-Farben-10\" class=\"wp-image-4407\" srcset=\"https:\/\/www.ceramicbasin.com\/wp-content\/uploads\/2024\/07\/bulk-order-and-custom-glass-sinks-with-various-colors-10.jpg 975w, https:\/\/www.ceramicbasin.com\/wp-content\/uploads\/2024\/07\/bulk-order-and-custom-glass-sinks-with-various-colors-10-225x300.jpg 225w, https:\/\/www.ceramicbasin.com\/wp-content\/uploads\/2024\/07\/bulk-order-and-custom-glass-sinks-with-various-colors-10-768x1025.jpg 768w, https:\/\/www.ceramicbasin.com\/wp-content\/uploads\/2024\/07\/bulk-order-and-custom-glass-sinks-with-various-colors-10-9x12.jpg 9w, https:\/\/www.ceramicbasin.com\/wp-content\/uploads\/2024\/07\/bulk-order-and-custom-glass-sinks-with-various-colors-10-285x380.jpg 285w, https:\/\/www.ceramicbasin.com\/wp-content\/uploads\/2024\/07\/bulk-order-and-custom-glass-sinks-with-various-colors-10-495x660.jpg 495w, https:\/\/www.ceramicbasin.com\/wp-content\/uploads\/2024\/07\/bulk-order-and-custom-glass-sinks-with-various-colors-10-112x150.jpg 112w\" sizes=\"(max-width: 975px) 100vw, 975px\" \/><\/figure>\n<\/div>\n<\/div>\n\n\n\n<p><\/p>","protected":false},"excerpt":{"rendered":"<p>Willkommen zu kaufen Fabrik Versorgung Glas Waschbecken. Unsere benutzerdefinierte Glaswaschbecken sind aus hochwertigem Glas mit hoher Transparenz und zarte Textur, ausgezeichnet in der visuellen Wirkung und voller Modernit\u00e4t gemacht. Es bietet eine breite Palette von Farben, von klassisch transparent zu modischen Farbe, um die Dekoration Stil Pr\u00e4ferenz in verschiedenen Aspekten zu erf\u00fcllen.<\/p>\n<table style=\"border-collapse: collapse; width: 311.02pt;\" border=\"0\" width=\"311\" cellspacing=\"0\" cellpadding=\"0\">\n<tbody>\n<tr style=\"height: 17.60pt;\">\n<td class=\"et3\" style=\"height: 17.60pt; width: 108.35pt;\" width=\"108\" height=\"17\">Hersteller<\/td>\n<td class=\"et3\" style=\"width: 202.95pt;\" width=\"202\">HanYu<\/td>\n<\/tr>\n<tr style=\"height: 17.60pt;\">\n<td class=\"et3\" style=\"height: 17.60pt;\" height=\"17\">Modell Nr.<\/td>\n<td class=\"et4\">HY-GL44AM<\/td>\n<\/tr>\n<tr style=\"height: 18.00pt;\">\n<td class=\"et3\" style=\"height: 18.00pt;\" height=\"18\">Typ<\/td>\n<td class=\"et5\" style=\"width: 202.95pt;\" width=\"202\">Glas-Waschtisch<\/td>\n<\/tr>\n<tr style=\"height: 17.60pt;\">\n<td class=\"et3\" style=\"height: 17.60pt;\" height=\"17\">Form<\/td>\n<td class=\"et3\">Runde Form<\/td>\n<\/tr>\n<tr style=\"height: 36.00pt;\">\n<td class=\"et4\" style=\"height: 36.00pt;\" height=\"36\">Farbe<\/td>\n<td class=\"et5\" style=\"width: 202.95pt;\" width=\"202\">schwarz\/wei\u00df\/blau\/grau\/rosa\/gr\u00fcn\/braun\/khaki<\/td>\n<\/tr>\n<tr style=\"height: 18.00pt;\">\n<td class=\"et3\" style=\"height: 18.00pt;\" height=\"18\">Dimension<\/td>\n<td class=\"et5\" style=\"width: 202.95pt;\" width=\"202\">44*44*11.5<\/td>\n<\/tr>\n<tr style=\"height: 17.60pt;\">\n<td class=\"et3\" style=\"height: 17.60pt;\" height=\"17\">N.W \/SET<\/td>\n<td class=\"et3\">7.5KGS\/PCS<\/td>\n<\/tr>\n<tr style=\"height: 17.60pt;\">\n<td class=\"et3\" style=\"height: 17.60pt;\" height=\"17\">MOQ<\/td>\n<td class=\"et3\">20St\u00fcck<\/td>\n<\/tr>\n<tr style=\"height: 17.60pt;\">\n<td class=\"et3\" style=\"height: 17.60pt;\" height=\"17\">Benutzerdefinierte Option<\/td>\n<td class=\"et3\">Farbe\/Muster\/Gr\u00f6\u00dfe\/Logo\/Verpackung<\/td>\n<\/tr>\n<\/tbody>\n<\/table>","protected":false},"featured_media":4426,"comment_status":"closed","ping_status":"closed","template":"","meta":{"_acf_changed":false},"product_brand":[],"product_cat":[52,50],"product_tag":[],"class_list":{"0":"post-4397","1":"product","2":"type-product","3":"status-publish","4":"has-post-thumbnail","6":"product_cat-wholesale-glass-vessel-sinks","7":"product_cat-wholesale-countertop-sinks","9":"first","10":"instock","11":"shipping-taxable","12":"product-type-simple"},"acf":[],"_links":{"self":[{"href":"https:\/\/www.ceramicbasin.com\/de\/wp-json\/wp\/v2\/product\/4397","targetHints":{"allow":["GET"]}}],"collection":[{"href":"https:\/\/www.ceramicbasin.com\/de\/wp-json\/wp\/v2\/product"}],"about":[{"href":"https:\/\/www.ceramicbasin.com\/de\/wp-json\/wp\/v2\/types\/product"}],"replies":[{"embeddable":true,"href":"https:\/\/www.ceramicbasin.com\/de\/wp-json\/wp\/v2\/comments?post=4397"}],"wp:featuredmedia":[{"embeddable":true,"href":"https:\/\/www.ceramicbasin.com\/de\/wp-json\/wp\/v2\/media\/4426"}],"wp:attachment":[{"href":"https:\/\/www.ceramicbasin.com\/de\/wp-json\/wp\/v2\/media?parent=4397"}],"wp:term":[{"taxonomy":"product_brand","embeddable":true,"href":"https:\/\/www.ceramicbasin.com\/de\/wp-json\/wp\/v2\/product_brand?post=4397"},{"taxonomy":"product_cat","embeddable":true,"href":"https:\/\/www.ceramicbasin.com\/de\/wp-json\/wp\/v2\/product_cat?post=4397"},{"taxonomy":"product_tag","embeddable":true,"href":"https:\/\/www.ceramicbasin.com\/de\/wp-json\/wp\/v2\/product_tag?post=4397"}],"curies":[{"name":"wp","href":"https:\/\/api.w.org\/{rel}","templated":true}]}}