{"id":4408,"date":"2024-07-26T08:26:55","date_gmt":"2024-07-26T08:26:55","guid":{"rendered":"https:\/\/www.ceramicbasin.com\/?post_type=product&#038;p=4408"},"modified":"2024-12-06T09:22:47","modified_gmt":"2024-12-06T09:22:47","slug":"wholesale-glass-vessel-sink","status":"publish","type":"product","link":"https:\/\/www.ceramicbasin.com\/de\/produkt\/wholesale-glass-vessel-sink\/","title":{"rendered":"Premium-Gro\u00dfhandel Glasgef\u00e4\u00df Waschbecken Schalen f\u00fcr B\u00e4der"},"content":{"rendered":"<div class=\"wp-block-columns is-layout-flex wp-container-core-columns-is-layout-9d6595d7 wp-block-columns-is-layout-flex\">\n<div class=\"wp-block-column is-layout-flow wp-block-column-is-layout-flow\">\n<h2 class=\"wp-block-heading\">Premium Gro\u00dfhandel Glas Gef\u00e4\u00df Waschbecken Merkmale:<\/h2>\n\n\n\n<ul class=\"wp-block-list\">\n<li><strong>Hochwertiges Glasmaterial:<\/strong> Unser Gro\u00dfhandel Glasgef\u00e4\u00df Waschbecken ist aus hochwertigem Glas Material, leicht im Gewicht, und mit hoher Transparenz und Glanz, zeigt High-End-visuelle Wirkung und modernen Sinn, die Gew\u00e4hrleistung der Haltbarkeit und Sch\u00f6nheit des Produkts.<\/li>\n\n\n\n<li><strong>Vielfalt der Farben: <\/strong>Verschiedene Farben sind f\u00fcr diese Glasschale Gef\u00e4\u00df Gro\u00dfhandel, beginnend mit klassischen transparent zu bunt und modisch, um verschiedene Bad Stile und pers\u00f6nlichen Vorlieben zu erf\u00fcllen.<\/li>\n\n\n\n<li><strong>Exquisites Design: <\/strong>Dieser Gro\u00dfhandel Glasgef\u00e4\u00df Waschbecken ist in einem modernen Stil gestaltet, mit sch\u00f6nen Linien und ordnungsgem\u00e4\u00dfe f\u00fcr alle Arten von Bad Layout, die F\u00f6rderung der Sch\u00f6nheit Grad der Raum als Ganzes.<\/li>\n\n\n\n<li><strong>Leicht zu reinigen: <\/strong>Mit seiner glatten Glasoberfl\u00e4che ist dieses Glasgef\u00e4\u00df im Gro\u00dfhandel resistent gegen Flecken und Schimmel, leicht zu reinigen und zu pflegen und gew\u00e4hrleistet Hygiene und Sauberkeit im t\u00e4glichen Gebrauch.<\/li>\n<\/ul>\n<\/div>\n\n\n\n<div class=\"wp-block-column is-layout-flow wp-block-column-is-layout-flow\">\n<figure class=\"wp-block-image size-full\"><img fetchpriority=\"high\" decoding=\"async\" width=\"975\" height=\"1300\" src=\"https:\/\/www.ceramicbasin.com\/wp-content\/uploads\/2024\/07\/premium-wholesale-glass-vessel-sink-bowls-for-bathrooms-9.webp\" alt=\"Premium-Gro\u00dfhandel-Glas-Waschtischbecken-f\u00fcr-Badezimmer-9\" class=\"wp-image-4417\" srcset=\"https:\/\/www.ceramicbasin.com\/wp-content\/uploads\/2024\/07\/premium-wholesale-glass-vessel-sink-bowls-for-bathrooms-9.webp 975w, https:\/\/www.ceramicbasin.com\/wp-content\/uploads\/2024\/07\/premium-wholesale-glass-vessel-sink-bowls-for-bathrooms-9-225x300.webp 225w, https:\/\/www.ceramicbasin.com\/wp-content\/uploads\/2024\/07\/premium-wholesale-glass-vessel-sink-bowls-for-bathrooms-9-768x1024.webp 768w, https:\/\/www.ceramicbasin.com\/wp-content\/uploads\/2024\/07\/premium-wholesale-glass-vessel-sink-bowls-for-bathrooms-9-9x12.webp 9w, https:\/\/www.ceramicbasin.com\/wp-content\/uploads\/2024\/07\/premium-wholesale-glass-vessel-sink-bowls-for-bathrooms-9-285x380.webp 285w, https:\/\/www.ceramicbasin.com\/wp-content\/uploads\/2024\/07\/premium-wholesale-glass-vessel-sink-bowls-for-bathrooms-9-495x660.webp 495w, https:\/\/www.ceramicbasin.com\/wp-content\/uploads\/2024\/07\/premium-wholesale-glass-vessel-sink-bowls-for-bathrooms-9-113x150.webp 113w\" sizes=\"(max-width: 975px) 100vw, 975px\" \/><\/figure>\n<\/div>\n<\/div>\n\n\n\n<p><\/p>","protected":false},"excerpt":{"rendered":"<p>Willkommen zum Kauf Gef\u00e4\u00df Waschbecken Gro\u00dfhandel. Dieser Gro\u00dfhandel Glasgef\u00e4\u00df Waschbecken ist von hochwertigen Glasmaterial, hohe Transparenz und Hochglanz, die hochwertige visuelle Effekte und einen modernen Sinn zeigt. Mit einem modernen modischen Design und reichlich Farbauswahl, hat es die erste Wahl f\u00fcr hochwertige Bad Waschbecken geworden.<\/p>\n<table style=\"border-collapse: collapse; width: 311.02pt;\" border=\"0\" width=\"311\" cellspacing=\"0\" cellpadding=\"0\">\n<tbody>\n<tr style=\"height: 17.60pt;\">\n<td class=\"et3\" style=\"height: 17.60pt; width: 108.35pt;\" width=\"108\" height=\"17\">Hersteller<\/td>\n<td class=\"et3\" style=\"width: 202.95pt;\" width=\"202\">HanYu<\/td>\n<\/tr>\n<tr style=\"height: 17.60pt;\">\n<td class=\"et3\" style=\"height: 17.60pt;\" height=\"17\">Modell Nr.<\/td>\n<td class=\"et4\">HY-GL37<\/td>\n<\/tr>\n<tr style=\"height: 18.00pt;\">\n<td class=\"et3\" style=\"height: 18.00pt;\" height=\"18\">Typ<\/td>\n<td class=\"et5\" style=\"width: 202.95pt;\" width=\"202\">Glas-Waschtisch<\/td>\n<\/tr>\n<tr style=\"height: 17.60pt;\">\n<td class=\"et3\" style=\"height: 17.60pt;\" height=\"17\">Form<\/td>\n<td class=\"et3\">Runde Form<\/td>\n<\/tr>\n<tr style=\"height: 36.00pt;\">\n<td class=\"et4\" style=\"height: 36.00pt;\" height=\"36\">Farbe<\/td>\n<td class=\"et5\" style=\"width: 202.95pt;\" width=\"202\">schwarz\/wei\u00df\/blau\/grau\/rosa\/gr\u00fcn\/braun\/khaki<\/td>\n<\/tr>\n<tr style=\"height: 18.00pt;\">\n<td class=\"et3\" style=\"height: 18.00pt;\" height=\"18\">Dimension<\/td>\n<td class=\"et5\" style=\"width: 202.95pt;\" width=\"202\">46*46*12.5<\/td>\n<\/tr>\n<tr style=\"height: 17.60pt;\">\n<td class=\"et3\" style=\"height: 17.60pt;\" height=\"17\">N.W \/SET<\/td>\n<td class=\"et3\">8KGS\/PCS<\/td>\n<\/tr>\n<tr style=\"height: 17.60pt;\">\n<td class=\"et3\" style=\"height: 17.60pt;\" height=\"17\">MOQ<\/td>\n<td class=\"et3\">20St\u00fcck<\/td>\n<\/tr>\n<tr style=\"height: 17.60pt;\">\n<td class=\"et3\" style=\"height: 17.60pt;\" height=\"17\">Benutzerdefinierte Option<\/td>\n<td class=\"et3\">Farbe\/Muster\/Gr\u00f6\u00dfe\/Logo\/Verpackung<\/td>\n<\/tr>\n<\/tbody>\n<\/table>","protected":false},"featured_media":4425,"comment_status":"closed","ping_status":"closed","template":"","meta":{"_acf_changed":false},"product_brand":[],"product_cat":[52,50],"product_tag":[],"class_list":{"0":"post-4408","1":"product","2":"type-product","3":"status-publish","4":"has-post-thumbnail","6":"product_cat-wholesale-glass-vessel-sinks","7":"product_cat-wholesale-countertop-sinks","9":"first","10":"instock","11":"shipping-taxable","12":"product-type-simple"},"acf":[],"_links":{"self":[{"href":"https:\/\/www.ceramicbasin.com\/de\/wp-json\/wp\/v2\/product\/4408","targetHints":{"allow":["GET"]}}],"collection":[{"href":"https:\/\/www.ceramicbasin.com\/de\/wp-json\/wp\/v2\/product"}],"about":[{"href":"https:\/\/www.ceramicbasin.com\/de\/wp-json\/wp\/v2\/types\/product"}],"replies":[{"embeddable":true,"href":"https:\/\/www.ceramicbasin.com\/de\/wp-json\/wp\/v2\/comments?post=4408"}],"wp:featuredmedia":[{"embeddable":true,"href":"https:\/\/www.ceramicbasin.com\/de\/wp-json\/wp\/v2\/media\/4425"}],"wp:attachment":[{"href":"https:\/\/www.ceramicbasin.com\/de\/wp-json\/wp\/v2\/media?parent=4408"}],"wp:term":[{"taxonomy":"product_brand","embeddable":true,"href":"https:\/\/www.ceramicbasin.com\/de\/wp-json\/wp\/v2\/product_brand?post=4408"},{"taxonomy":"product_cat","embeddable":true,"href":"https:\/\/www.ceramicbasin.com\/de\/wp-json\/wp\/v2\/product_cat?post=4408"},{"taxonomy":"product_tag","embeddable":true,"href":"https:\/\/www.ceramicbasin.com\/de\/wp-json\/wp\/v2\/product_tag?post=4408"}],"curies":[{"name":"wp","href":"https:\/\/api.w.org\/{rel}","templated":true}]}}