{"id":4637,"date":"2024-08-07T05:50:22","date_gmt":"2024-08-07T05:50:22","guid":{"rendered":"https:\/\/www.ceramicbasin.com\/?post_type=product&#038;p=4637"},"modified":"2024-11-04T07:32:37","modified_gmt":"2024-11-04T07:32:37","slug":"bathroom-sink-wholesale-countertop","status":"publish","type":"product","link":"https:\/\/www.ceramicbasin.com\/de\/produkt\/bathroom-sink-wholesale-countertop\/","title":{"rendered":"Porzellan Bad Waschbecken Gro\u00dfhandel, Countertop Runde Waschbecken"},"content":{"rendered":"<div class=\"wp-block-columns is-layout-flex wp-container-core-columns-is-layout-9d6595d7 wp-block-columns-is-layout-flex\">\n<div class=\"wp-block-column is-layout-flow wp-block-column-is-layout-flow\">\n<h2 class=\"wp-block-heading\">Premium Bad Waschbecken Gro\u00dfhandel Merkmale:<\/h2>\n\n\n\n<ul class=\"wp-block-list\">\n<li><strong>Einfaches Design: <\/strong>Unsere Keramik Waschbecken Gro\u00dfhandel verwendet klare Linien und modernes Design Sprache f\u00fcr Eleganz und Sch\u00f6nheit.<\/li>\n\n\n\n<li><strong>Leicht zu reinigende Glasur:<\/strong> Dieses Gro\u00dfhandelssp\u00fclbecken verwendet eine helle Glasur, die leicht zu reinigen ist, keine Wasserflecken und Schmutz hinterl\u00e4sst und leicht zu reinigen ist.<\/li>\n\n\n\n<li><strong>Ausgezeichnetes Material: <\/strong>Unsere Badezimmerwaschbecken f\u00fcr den Gro\u00dfhandel sind aus hochwertigen keramischen Materialien hergestellt, die eine ausgezeichnete Haltbarkeit und Kratzfestigkeit gew\u00e4hrleisten und auch nach langem Gebrauch in gutem Zustand bleiben.<\/li>\n\n\n\n<li><strong>Kosteneinsparungen: <\/strong>Unsere Keramik Waschbecken Gro\u00dfhandel ist ideal f\u00fcr Spezialit\u00e4ten Projekte und Bad Renovierungen. Gro\u00dfhandel Bad Waschbecken Preis ist vern\u00fcnftig, und schnelle Lieferung, die Produktqualit\u00e4t zur gleichen Zeit zu gew\u00e4hrleisten, um die Bed\u00fcrfnisse der gro\u00dfen Auftr\u00e4ge zu erf\u00fcllen.<\/li>\n<\/ul>\n<\/div>\n\n\n\n<div class=\"wp-block-column is-layout-flow wp-block-column-is-layout-flow\">\n<figure class=\"wp-block-image size-full\"><img fetchpriority=\"high\" decoding=\"async\" width=\"750\" height=\"750\" src=\"https:\/\/www.ceramicbasin.com\/wp-content\/uploads\/2024\/08\/Porcelain-Bathroom-Sink-Wholesale-Countertop-Round-Sinks-1.webp\" alt=\"Porzellan Bad Waschbecken Gro\u00dfhandel Arbeitsplatte Runde Waschbecken-1\" class=\"wp-image-4638\" srcset=\"https:\/\/www.ceramicbasin.com\/wp-content\/uploads\/2024\/08\/Porcelain-Bathroom-Sink-Wholesale-Countertop-Round-Sinks-1.webp 750w, https:\/\/www.ceramicbasin.com\/wp-content\/uploads\/2024\/08\/Porcelain-Bathroom-Sink-Wholesale-Countertop-Round-Sinks-1-300x300.webp 300w, https:\/\/www.ceramicbasin.com\/wp-content\/uploads\/2024\/08\/Porcelain-Bathroom-Sink-Wholesale-Countertop-Round-Sinks-1-150x150.webp 150w, https:\/\/www.ceramicbasin.com\/wp-content\/uploads\/2024\/08\/Porcelain-Bathroom-Sink-Wholesale-Countertop-Round-Sinks-1-12x12.webp 12w, https:\/\/www.ceramicbasin.com\/wp-content\/uploads\/2024\/08\/Porcelain-Bathroom-Sink-Wholesale-Countertop-Round-Sinks-1-285x285.webp 285w, https:\/\/www.ceramicbasin.com\/wp-content\/uploads\/2024\/08\/Porcelain-Bathroom-Sink-Wholesale-Countertop-Round-Sinks-1-270x270.webp 270w, https:\/\/www.ceramicbasin.com\/wp-content\/uploads\/2024\/08\/Porcelain-Bathroom-Sink-Wholesale-Countertop-Round-Sinks-1-540x540.webp 540w, https:\/\/www.ceramicbasin.com\/wp-content\/uploads\/2024\/08\/Porcelain-Bathroom-Sink-Wholesale-Countertop-Round-Sinks-1-660x660.webp 660w\" sizes=\"(max-width: 750px) 100vw, 750px\" \/><\/figure>\n<\/div>\n<\/div>","protected":false},"excerpt":{"rendered":"<p>Willkommen zum Kauf oder benutzerdefinierte Bad Waschbecken Gro\u00dfhandel von Waschbecken Hersteller. Diese runde Porzellan Arbeitsplatte Waschbecken Gro\u00dfhandel kombiniert eine einfache Design-\u00c4sthetik mit einer praktischen Funktion und ist aus hochwertigen Keramik, langlebig und leicht zu reinigen. Es ist die erste Wahl f\u00fcr ein einfaches Badezimmer.<\/p>\n<table style=\"border-collapse: collapse; width: 311.02pt;\" border=\"0\" width=\"311\" cellspacing=\"0\" cellpadding=\"0\">\n<tbody>\n<tr style=\"height: 17.60pt;\">\n<td class=\"et3\" style=\"height: 17.60pt; width: 108.35pt;\" width=\"108\" height=\"17\">Hersteller<\/td>\n<td class=\"et3\" style=\"width: 202.95pt;\" width=\"202\">HanYu<\/td>\n<\/tr>\n<tr style=\"height: 17.60pt;\">\n<td class=\"et3\" style=\"height: 17.60pt;\" height=\"17\">Modell Nr.<\/td>\n<td class=\"et4\">HY-404<\/td>\n<\/tr>\n<tr style=\"height: 18.00pt;\">\n<td class=\"et3\" style=\"height: 18.00pt;\" height=\"18\">Typ<\/td>\n<td class=\"et5\" style=\"width: 202.95pt;\" width=\"202\">Aufsatzwaschbecken<\/td>\n<\/tr>\n<tr style=\"height: 17.60pt;\">\n<td class=\"et3\" style=\"height: 17.60pt;\" height=\"17\">Form<\/td>\n<td class=\"et3\">Runde Form<\/td>\n<\/tr>\n<tr style=\"height: 18.00pt;\">\n<td class=\"et4\" style=\"height: 18.00pt;\" height=\"18\">Farbe<\/td>\n<td class=\"et5\" style=\"width: 202.95pt;\" width=\"202\">Wei\u00df<\/td>\n<\/tr>\n<tr style=\"height: 18.00pt;\">\n<td class=\"et3\" style=\"height: 18.00pt;\" height=\"18\">Dimension<\/td>\n<td class=\"et5\" style=\"width: 202.95pt;\" width=\"202\">46*46*16.5<\/td>\n<\/tr>\n<tr style=\"height: 17.60pt;\">\n<td class=\"et3\" style=\"height: 17.60pt;\" height=\"17\">N.W \/SET<\/td>\n<td class=\"et3\">13KGS\/PCS<\/td>\n<\/tr>\n<tr style=\"height: 17.60pt;\">\n<td class=\"et3\" style=\"height: 17.60pt;\" height=\"17\">MOQ<\/td>\n<td class=\"et3\">20St\u00fcck<\/td>\n<\/tr>\n<tr style=\"height: 17.60pt;\">\n<td class=\"et3\" style=\"height: 17.60pt;\" height=\"17\">Benutzerdefinierte Option<\/td>\n<td class=\"et3\">Farbe\/Muster\/Gr\u00f6\u00dfe\/Logo\/Verpackung<\/td>\n<\/tr>\n<\/tbody>\n<\/table>","protected":false},"featured_media":4641,"comment_status":"closed","ping_status":"closed","template":"","meta":{"_acf_changed":false},"product_brand":[],"product_cat":[50],"product_tag":[],"class_list":{"0":"post-4637","1":"product","2":"type-product","3":"status-publish","4":"has-post-thumbnail","6":"product_cat-wholesale-countertop-sinks","8":"first","9":"instock","10":"shipping-taxable","11":"product-type-simple"},"acf":[],"_links":{"self":[{"href":"https:\/\/www.ceramicbasin.com\/de\/wp-json\/wp\/v2\/product\/4637","targetHints":{"allow":["GET"]}}],"collection":[{"href":"https:\/\/www.ceramicbasin.com\/de\/wp-json\/wp\/v2\/product"}],"about":[{"href":"https:\/\/www.ceramicbasin.com\/de\/wp-json\/wp\/v2\/types\/product"}],"replies":[{"embeddable":true,"href":"https:\/\/www.ceramicbasin.com\/de\/wp-json\/wp\/v2\/comments?post=4637"}],"wp:featuredmedia":[{"embeddable":true,"href":"https:\/\/www.ceramicbasin.com\/de\/wp-json\/wp\/v2\/media\/4641"}],"wp:attachment":[{"href":"https:\/\/www.ceramicbasin.com\/de\/wp-json\/wp\/v2\/media?parent=4637"}],"wp:term":[{"taxonomy":"product_brand","embeddable":true,"href":"https:\/\/www.ceramicbasin.com\/de\/wp-json\/wp\/v2\/product_brand?post=4637"},{"taxonomy":"product_cat","embeddable":true,"href":"https:\/\/www.ceramicbasin.com\/de\/wp-json\/wp\/v2\/product_cat?post=4637"},{"taxonomy":"product_tag","embeddable":true,"href":"https:\/\/www.ceramicbasin.com\/de\/wp-json\/wp\/v2\/product_tag?post=4637"}],"curies":[{"name":"wp","href":"https:\/\/api.w.org\/{rel}","templated":true}]}}