{"id":4671,"date":"2024-08-12T07:41:23","date_gmt":"2024-08-12T07:41:23","guid":{"rendered":"https:\/\/www.ceramicbasin.com\/?post_type=product&#038;p=4671"},"modified":"2024-11-04T07:25:21","modified_gmt":"2024-11-04T07:25:21","slug":"factory-wholesale-ceramic-washbasin","status":"publish","type":"product","link":"https:\/\/www.ceramicbasin.com\/de\/produkt\/factory-wholesale-ceramic-washbasin\/","title":{"rendered":"Fabrik Gro\u00dfhandel keramischen Waschbecken, \u00fcber Z\u00e4hler Waschbecken"},"content":{"rendered":"<div class=\"wp-block-columns is-layout-flex wp-container-core-columns-is-layout-9d6595d7 wp-block-columns-is-layout-flex\">\n<div class=\"wp-block-column is-layout-flow wp-block-column-is-layout-flow\">\n<h2 class=\"wp-block-heading\">Premium-Gro\u00dfhandel Keramik-Waschtisch Merkmale:<\/h2>\n\n\n\n<ul class=\"wp-block-list\">\n<li><strong>Einzigartiges Design:<\/strong> Diese Keramikwaschbecken aus dem Gro\u00dfhandel mit einer k\u00fcnstlerischen Schalenform und einem quadratischen Abfluss verleihen dem Badezimmer eine unvergleichliche Eleganz.<\/li>\n\n\n\n<li><strong>Easy-Clean-Glasur: <\/strong>Die Glasur des Gro\u00dfhandels f\u00fcr Aufsatzsp\u00fclen ist leicht zu reinigen und hinterl\u00e4sst keine Fingerabdr\u00fccke, Schmutz oder Wasserflecken.<\/li>\n\n\n\n<li><strong>Ausgezeichnete Langlebigkeit: <\/strong>Unsere Gro\u00dfhandels-Keramikwaschbecken werden aus erstklassigen Keramikmaterialien hergestellt, die sich durch eine hervorragende Kratzfestigkeit und Haltbarkeit auszeichnen. Dank ihrer hervorragenden chemischen Best\u00e4ndigkeit sind sie mit jeder Art von Reinigungsmittel abwaschbar.<\/li>\n\n\n\n<li><strong>Schnelle Lieferung: <\/strong>Unsere Waschbecken im Gro\u00dfhandel eignen sich perfekt f\u00fcr professionelle Projekte und Badrenovierungen, Wasserflecken oder eine schnelle Lieferung zu vern\u00fcnftigen Preisen, die Ihre Projektanforderungen bei Gro\u00dfbestellungen sofort erf\u00fcllen k\u00f6nnen.<\/li>\n<\/ul>\n<\/div>\n\n\n\n<div class=\"wp-block-column is-layout-flow wp-block-column-is-layout-flow\">\n<figure class=\"wp-block-image size-full\"><img fetchpriority=\"high\" decoding=\"async\" width=\"750\" height=\"750\" src=\"https:\/\/www.ceramicbasin.com\/wp-content\/uploads\/2024\/08\/Factory-Supply-Wholesale-Ceramic-Washbasin-Above-Counter-Sink-1.webp\" alt=\"Fabrikversorgung Gro\u00dfhandel Keramik Waschbecken, \u00fcber Z\u00e4hler Waschbecken-1\" class=\"wp-image-4672\" srcset=\"https:\/\/www.ceramicbasin.com\/wp-content\/uploads\/2024\/08\/Factory-Supply-Wholesale-Ceramic-Washbasin-Above-Counter-Sink-1.webp 750w, https:\/\/www.ceramicbasin.com\/wp-content\/uploads\/2024\/08\/Factory-Supply-Wholesale-Ceramic-Washbasin-Above-Counter-Sink-1-300x300.webp 300w, https:\/\/www.ceramicbasin.com\/wp-content\/uploads\/2024\/08\/Factory-Supply-Wholesale-Ceramic-Washbasin-Above-Counter-Sink-1-150x150.webp 150w, https:\/\/www.ceramicbasin.com\/wp-content\/uploads\/2024\/08\/Factory-Supply-Wholesale-Ceramic-Washbasin-Above-Counter-Sink-1-12x12.webp 12w, https:\/\/www.ceramicbasin.com\/wp-content\/uploads\/2024\/08\/Factory-Supply-Wholesale-Ceramic-Washbasin-Above-Counter-Sink-1-285x285.webp 285w, https:\/\/www.ceramicbasin.com\/wp-content\/uploads\/2024\/08\/Factory-Supply-Wholesale-Ceramic-Washbasin-Above-Counter-Sink-1-270x270.webp 270w, https:\/\/www.ceramicbasin.com\/wp-content\/uploads\/2024\/08\/Factory-Supply-Wholesale-Ceramic-Washbasin-Above-Counter-Sink-1-540x540.webp 540w, https:\/\/www.ceramicbasin.com\/wp-content\/uploads\/2024\/08\/Factory-Supply-Wholesale-Ceramic-Washbasin-Above-Counter-Sink-1-660x660.webp 660w\" sizes=\"(max-width: 750px) 100vw, 750px\" \/><\/figure>\n<\/div>\n<\/div>","protected":false},"excerpt":{"rendered":"<p>Willkommen zum Kauf \u00fcber-Z\u00e4hler Waschbecken Gro\u00dfhandel. Unsere sch\u00fcsself\u00f6rmigen Gro\u00dfhandels-Keramik-Waschbecken mit leicht zu reinigender Glasur sind leicht zu reinigen, ohne Fingerabdr\u00fccke, Schmutz oder Wasserflecken auf der Oberfl\u00e4che zu hinterlassen. Sie sind aus hochwertiger Keramik gefertigt und zeichnen sich durch erstklassige Kratzfestigkeit und Haltbarkeit aus. Dank ihrer hervorragenden chemischen Best\u00e4ndigkeit k\u00f6nnen sie mit jedem chemischen Reinigungsmittel gereinigt werden.<\/p>\n<table style=\"border-collapse: collapse; width: 311.02pt;\" border=\"0\" width=\"311\" cellspacing=\"0\" cellpadding=\"0\">\n<tbody>\n<tr style=\"height: 17.60pt;\">\n<td class=\"et3\" style=\"height: 17.60pt; width: 108.35pt;\" width=\"108\" height=\"17\">Hersteller<\/td>\n<td class=\"et3\" style=\"width: 202.95pt;\" width=\"202\">HanYu<\/td>\n<\/tr>\n<tr style=\"height: 17.60pt;\">\n<td class=\"et3\" style=\"height: 17.60pt;\" height=\"17\">Modell Nr.<\/td>\n<td class=\"et4\">HY-8002<\/td>\n<\/tr>\n<tr style=\"height: 18.00pt;\">\n<td class=\"et3\" style=\"height: 18.00pt;\" height=\"18\">Typ<\/td>\n<td class=\"et5\" style=\"width: 202.95pt;\" width=\"202\">Aufsatzwaschbecken<\/td>\n<\/tr>\n<tr style=\"height: 17.60pt;\">\n<td class=\"et3\" style=\"height: 17.60pt;\" height=\"17\">Form<\/td>\n<td class=\"et3\">Runde Form<\/td>\n<\/tr>\n<tr style=\"height: 18.00pt;\">\n<td class=\"et4\" style=\"height: 18.00pt;\" height=\"18\">Farbe<\/td>\n<td class=\"et5\" style=\"width: 202.95pt;\" width=\"202\">Wei\u00df<\/td>\n<\/tr>\n<tr style=\"height: 18.00pt;\">\n<td class=\"et3\" style=\"height: 18.00pt;\" height=\"18\">Dimension<\/td>\n<td class=\"et5\" style=\"width: 202.95pt;\" width=\"202\">40*40*13<\/td>\n<\/tr>\n<tr style=\"height: 17.60pt;\">\n<td class=\"et3\" style=\"height: 17.60pt;\" height=\"17\">N.W \/SET<\/td>\n<td class=\"et3\">8KGS\/PCS<\/td>\n<\/tr>\n<tr style=\"height: 17.60pt;\">\n<td class=\"et3\" style=\"height: 17.60pt;\" height=\"17\">MOQ<\/td>\n<td class=\"et3\">20St\u00fcck<\/td>\n<\/tr>\n<tr style=\"height: 17.60pt;\">\n<td class=\"et3\" style=\"height: 17.60pt;\" height=\"17\">Benutzerdefinierte Option<\/td>\n<td class=\"et3\">Farbe\/Muster\/Gr\u00f6\u00dfe\/Logo\/Verpackung<\/td>\n<\/tr>\n<\/tbody>\n<\/table>","protected":false},"featured_media":4675,"comment_status":"closed","ping_status":"closed","template":"","meta":{"_acf_changed":false},"product_brand":[],"product_cat":[50],"product_tag":[],"class_list":{"0":"post-4671","1":"product","2":"type-product","3":"status-publish","4":"has-post-thumbnail","6":"product_cat-wholesale-countertop-sinks","8":"first","9":"instock","10":"shipping-taxable","11":"product-type-simple"},"acf":[],"_links":{"self":[{"href":"https:\/\/www.ceramicbasin.com\/de\/wp-json\/wp\/v2\/product\/4671","targetHints":{"allow":["GET"]}}],"collection":[{"href":"https:\/\/www.ceramicbasin.com\/de\/wp-json\/wp\/v2\/product"}],"about":[{"href":"https:\/\/www.ceramicbasin.com\/de\/wp-json\/wp\/v2\/types\/product"}],"replies":[{"embeddable":true,"href":"https:\/\/www.ceramicbasin.com\/de\/wp-json\/wp\/v2\/comments?post=4671"}],"wp:featuredmedia":[{"embeddable":true,"href":"https:\/\/www.ceramicbasin.com\/de\/wp-json\/wp\/v2\/media\/4675"}],"wp:attachment":[{"href":"https:\/\/www.ceramicbasin.com\/de\/wp-json\/wp\/v2\/media?parent=4671"}],"wp:term":[{"taxonomy":"product_brand","embeddable":true,"href":"https:\/\/www.ceramicbasin.com\/de\/wp-json\/wp\/v2\/product_brand?post=4671"},{"taxonomy":"product_cat","embeddable":true,"href":"https:\/\/www.ceramicbasin.com\/de\/wp-json\/wp\/v2\/product_cat?post=4671"},{"taxonomy":"product_tag","embeddable":true,"href":"https:\/\/www.ceramicbasin.com\/de\/wp-json\/wp\/v2\/product_tag?post=4671"}],"curies":[{"name":"wp","href":"https:\/\/api.w.org\/{rel}","templated":true}]}}