{"id":4692,"date":"2024-08-12T08:33:13","date_gmt":"2024-08-12T08:33:13","guid":{"rendered":"https:\/\/www.ceramicbasin.com\/?post_type=product&#038;p=4692"},"modified":"2024-11-04T07:03:31","modified_gmt":"2024-11-04T07:03:31","slug":"countertop-washbasins-wholesale","status":"publish","type":"product","link":"https:\/\/www.ceramicbasin.com\/de\/produkt\/countertop-washbasins-wholesale\/","title":{"rendered":"Aufsatzwaschbecken Gro\u00dfhandel, Exquisite und langlebige Waschbecken"},"content":{"rendered":"<div class=\"wp-block-columns is-layout-flex wp-container-core-columns-is-layout-9d6595d7 wp-block-columns-is-layout-flex\">\n<div class=\"wp-block-column is-layout-flow wp-block-column-is-layout-flow\">\n<h2 class=\"wp-block-heading\">Premium Aufsatzwaschbecken Gro\u00dfhandel Merkmale:<\/h2>\n\n\n\n<ul class=\"wp-block-list\">\n<li><strong>Edles Design: <\/strong>Die Arbeitsplatte Waschbecken Gro\u00dfhandel zeigt eine runde Form. F\u00fcr das Innendesign ist es eine exquisite Ziegelschnitt-Textur, die die traditionelle glatte Innenwand bricht und eine einzigartige visuelle Hierarchie hinzuf\u00fcgt, um es viel eleganter und luxuri\u00f6ser zu machen.<\/li>\n\n\n\n<li><strong>Glasur: <\/strong>Die Oberfl\u00e4che dieses Gro\u00dfhandelssp\u00fclbeckens wird bei hoher Temperatur glasiert, um eine glatte Oberfl\u00e4che, eine einfache Reinigung und eine hervorragende Antifouling- und Antifoulingleistung zu gew\u00e4hrleisten. Die glatte Verglasung reduziert die Ansammlung von Wasserflecken und Schmutz; es kann seine Helligkeit f\u00fcr eine lange Zeit auch bei h\u00e4ufigem Gebrauch zu halten.<\/li>\n\n\n\n<li><strong>Farben:<\/strong> Bei diesen Aufsatzwaschbecken gibt es im Gro\u00dfhandel verschiedene Farboptionen, die sich leicht in verschiedene Themen der Badgestaltung einf\u00fcgen lassen. Ob es einfach und modern im Stil, oder retro und klassisch im Stil ist, kann es perfekt durch ma\u00dfgeschneiderte Farben integriert werden.<\/li>\n\n\n\n<li><strong>Langlebig:<\/strong> Unsere Gef\u00e4\u00dfsp\u00fclen f\u00fcr den Gro\u00dfhandel bestehen aus hochwertigen Keramikmaterialien. Die Struktur ist robust, mit ausgezeichneter Verschlei\u00df- und Rissfestigkeit. Das Brennen bei hoher Temperatur macht es langlebig und nicht leicht zu verformen. Es kann mit verschiedenen Arten von Herausforderungen im t\u00e4glichen Gebrauch zu bew\u00e4ltigen; daher kann eine lange und zuverl\u00e4ssige Lebensdauer garantiert werden, und es kann weithin f\u00fcr kommerzielle und Heimdekoration verwendet werden.<\/li>\n<\/ul>\n<\/div>\n\n\n\n<div class=\"wp-block-column is-layout-flow wp-block-column-is-layout-flow\">\n<figure class=\"wp-block-image size-full\"><img fetchpriority=\"high\" decoding=\"async\" width=\"750\" height=\"750\" src=\"https:\/\/www.ceramicbasin.com\/wp-content\/uploads\/2024\/08\/HY-8037.webp\" alt=\"Aufsatzwaschbecken Gro\u00dfhandel, Exquisite und langlebige Waschbecken-1\" class=\"wp-image-4679\" srcset=\"https:\/\/www.ceramicbasin.com\/wp-content\/uploads\/2024\/08\/HY-8037.webp 750w, https:\/\/www.ceramicbasin.com\/wp-content\/uploads\/2024\/08\/HY-8037-300x300.webp 300w, https:\/\/www.ceramicbasin.com\/wp-content\/uploads\/2024\/08\/HY-8037-150x150.webp 150w, https:\/\/www.ceramicbasin.com\/wp-content\/uploads\/2024\/08\/HY-8037-12x12.webp 12w, https:\/\/www.ceramicbasin.com\/wp-content\/uploads\/2024\/08\/HY-8037-285x285.webp 285w, https:\/\/www.ceramicbasin.com\/wp-content\/uploads\/2024\/08\/HY-8037-270x270.webp 270w, https:\/\/www.ceramicbasin.com\/wp-content\/uploads\/2024\/08\/HY-8037-540x540.webp 540w, https:\/\/www.ceramicbasin.com\/wp-content\/uploads\/2024\/08\/HY-8037-660x660.webp 660w\" sizes=\"(max-width: 750px) 100vw, 750px\" \/><\/figure>\n<\/div>\n<\/div>\n\n\n\n<p><\/p>","protected":false},"excerpt":{"rendered":"<p>Willkommen bei Anfrage Gro\u00dfhandel Gef\u00e4\u00df Waschbecken. Unsere Arbeitsplatte Waschbecken Gro\u00dfhandel sind wundersch\u00f6n mit Mauerwerk geschnitten Textur und glatte Glasur Oberfl\u00e4che, die Raffinesse ausstrahlt, das Hinzuf\u00fcgen von St\u00e4rke und Haltbarkeit f\u00fcr jeden Luxus-Badezimmer konzipiert. Erh\u00e4ltlich in der Farbanpassung, mit hochwertigen keramischen Material verarbeitet, ist es solide und langlebig und sehr geeignet f\u00fcr Wohn-und Gewerbefl\u00e4chen.<\/p>\n<table style=\"border-collapse: collapse; width: 311.02pt;\" border=\"0\" width=\"311\" cellspacing=\"0\" cellpadding=\"0\">\n<tbody>\n<tr style=\"height: 17.60pt;\">\n<td class=\"et3\" style=\"height: 17.60pt; width: 108.35pt;\" width=\"108\" height=\"17\">Hersteller<\/td>\n<td class=\"et3\" style=\"width: 202.95pt;\" width=\"202\">HanYu<\/td>\n<\/tr>\n<tr style=\"height: 17.60pt;\">\n<td class=\"et3\" style=\"height: 17.60pt;\" height=\"17\">Modell Nr.<\/td>\n<td class=\"et4\">HY-8037<\/td>\n<\/tr>\n<tr style=\"height: 18.00pt;\">\n<td class=\"et3\" style=\"height: 18.00pt;\" height=\"18\">Typ<\/td>\n<td class=\"et5\" style=\"width: 202.95pt;\" width=\"202\">Aufsatzwaschbecken<\/td>\n<\/tr>\n<tr style=\"height: 17.60pt;\">\n<td class=\"et3\" style=\"height: 17.60pt;\" height=\"17\">Form<\/td>\n<td class=\"et3\">Runde Form<\/td>\n<\/tr>\n<tr style=\"height: 18.00pt;\">\n<td class=\"et4\" style=\"height: 18.00pt;\" height=\"18\">Farbe<\/td>\n<td class=\"et5\" style=\"width: 202.95pt;\" width=\"202\">Wei\u00df<\/td>\n<\/tr>\n<tr style=\"height: 18.00pt;\">\n<td class=\"et3\" style=\"height: 18.00pt;\" height=\"18\">Dimension<\/td>\n<td class=\"et5\" style=\"width: 202.95pt;\" width=\"202\">40.5*40.5*14.5<\/td>\n<\/tr>\n<tr style=\"height: 17.60pt;\">\n<td class=\"et3\" style=\"height: 17.60pt;\" height=\"17\">N.W \/SET<\/td>\n<td class=\"et3\">8KGS\/PCS<\/td>\n<\/tr>\n<tr style=\"height: 17.60pt;\">\n<td class=\"et3\" style=\"height: 17.60pt;\" height=\"17\">MOQ<\/td>\n<td class=\"et3\">20St\u00fcck<\/td>\n<\/tr>\n<tr style=\"height: 17.60pt;\">\n<td class=\"et3\" style=\"height: 17.60pt;\" height=\"17\">Benutzerdefinierte Option<\/td>\n<td class=\"et3\">Farbe\/Muster\/Gr\u00f6\u00dfe\/Logo\/Verpackung<\/td>\n<\/tr>\n<\/tbody>\n<\/table>","protected":false},"featured_media":4682,"comment_status":"closed","ping_status":"closed","template":"","meta":{"_acf_changed":false},"product_brand":[],"product_cat":[50],"product_tag":[],"class_list":{"0":"post-4692","1":"product","2":"type-product","3":"status-publish","4":"has-post-thumbnail","6":"product_cat-wholesale-countertop-sinks","8":"first","9":"instock","10":"shipping-taxable","11":"product-type-simple"},"acf":[],"_links":{"self":[{"href":"https:\/\/www.ceramicbasin.com\/de\/wp-json\/wp\/v2\/product\/4692","targetHints":{"allow":["GET"]}}],"collection":[{"href":"https:\/\/www.ceramicbasin.com\/de\/wp-json\/wp\/v2\/product"}],"about":[{"href":"https:\/\/www.ceramicbasin.com\/de\/wp-json\/wp\/v2\/types\/product"}],"replies":[{"embeddable":true,"href":"https:\/\/www.ceramicbasin.com\/de\/wp-json\/wp\/v2\/comments?post=4692"}],"wp:featuredmedia":[{"embeddable":true,"href":"https:\/\/www.ceramicbasin.com\/de\/wp-json\/wp\/v2\/media\/4682"}],"wp:attachment":[{"href":"https:\/\/www.ceramicbasin.com\/de\/wp-json\/wp\/v2\/media?parent=4692"}],"wp:term":[{"taxonomy":"product_brand","embeddable":true,"href":"https:\/\/www.ceramicbasin.com\/de\/wp-json\/wp\/v2\/product_brand?post=4692"},{"taxonomy":"product_cat","embeddable":true,"href":"https:\/\/www.ceramicbasin.com\/de\/wp-json\/wp\/v2\/product_cat?post=4692"},{"taxonomy":"product_tag","embeddable":true,"href":"https:\/\/www.ceramicbasin.com\/de\/wp-json\/wp\/v2\/product_tag?post=4692"}],"curies":[{"name":"wp","href":"https:\/\/api.w.org\/{rel}","templated":true}]}}