{"id":4730,"date":"2024-08-14T08:25:59","date_gmt":"2024-08-14T08:25:59","guid":{"rendered":"https:\/\/www.ceramicbasin.com\/?post_type=product&#038;p=4730"},"modified":"2024-10-17T08:16:28","modified_gmt":"2024-10-17T08:16:28","slug":"wholesale-ceramic-bathroom-basins","status":"publish","type":"product","link":"https:\/\/www.ceramicbasin.com\/de\/produkt\/wholesale-ceramic-bathroom-basins\/","title":{"rendered":"Sleek Gro\u00dfhandel keramischen Bad Becken, Rechteck Arbeitsplatte Waschbecken"},"content":{"rendered":"<div class=\"wp-block-columns is-layout-flex wp-container-core-columns-is-layout-9d6595d7 wp-block-columns-is-layout-flex\">\n<div class=\"wp-block-column is-layout-flow wp-block-column-is-layout-flow\">\n<h2 class=\"wp-block-heading\">Premium-Gro\u00dfhandel keramischen Bad Becken Merkmale<\/h2>\n\n\n\n<ul class=\"wp-block-list\">\n<li><strong>Einfaches und modernes quadratisches Design: <\/strong>Unsere Gro\u00dfhandel Keramik Bad Becken nehmen quadratische Form, einfache und glatte Linien, Hervorhebung der Mode Sinn der modernen Bad-Design, geeignet f\u00fcr verschiedene Innenarchitektur Stile, vor allem Bad R\u00e4ume verfolgen minimalistischen und modernen Stil.<\/li>\n\n\n\n<li><strong>Hochwertiges keramisches Material: <\/strong>Diese Bad Waschbecken Gro\u00dfhandel sind aus hochwertiger Keramik bei hoher Temperatur gebrannt, mit glatten und zarten Oberfl\u00e4che, hervorragende Haltbarkeit und Fleckenbest\u00e4ndigkeit. Es ist nicht nur kratzfest und verschlei\u00dffest, sondern auch leicht widersteht Schmutz und Wasserflecken im t\u00e4glichen Gebrauch, um sicherzustellen, dass es so gut wie neu f\u00fcr eine lange Zeit bleibt.<\/li>\n\n\n\n<li><strong>Praktisches Design f\u00fcr die Installation der Arbeitsplatte: <\/strong>Unsere quadratischen Gro\u00dfhandels-Keramik-Badewannen sind nicht nur sch\u00f6n im Design, sondern auch einfach und bequem zu installieren, geeignet f\u00fcr verschiedene Arbeitsplattenmaterialien. Seine gro\u00dfe Wasserkapazit\u00e4t bietet den Nutzern auch eine bessere Nutzungserfahrung, die sowohl praktisch als auch sch\u00f6n ist.<\/li>\n\n\n\n<li><strong>Gro\u00dfhandel und kundenspezifische Dienstleistungen:<\/strong> Wir bieten ma\u00dfgeschneiderte Dienstleistungen f\u00fcr Bad Waschbecken Gro\u00dfhandel, und Kunden k\u00f6nnen Gr\u00f6\u00dfe, Farbe und Oberfl\u00e4chenbehandlung nach ihren Bed\u00fcrfnissen zu w\u00e4hlen. Egal, ob es sich um Heimdekoration oder kommerzielle Projekte handelt, wir k\u00f6nnen ma\u00dfgeschneiderte Arbeitsplattenbecken herstellen, die spezifische Designanforderungen erf\u00fcllen.<\/li>\n<\/ul>\n<\/div>\n\n\n\n<div class=\"wp-block-column is-layout-flow wp-block-column-is-layout-flow\">\n<figure class=\"wp-block-image size-full\"><img fetchpriority=\"high\" decoding=\"async\" width=\"980\" height=\"1345\" src=\"https:\/\/www.ceramicbasin.com\/wp-content\/uploads\/2024\/08\/Ceramic-basin-manufacturercounter-top-rectangle-basin.webp\" alt=\"Gro\u00dfhandel keramischen Bad Becken, Arbeitsplatte Rechteck Waschbecken\" class=\"wp-image-4732\" srcset=\"https:\/\/www.ceramicbasin.com\/wp-content\/uploads\/2024\/08\/Ceramic-basin-manufacturercounter-top-rectangle-basin.webp 980w, https:\/\/www.ceramicbasin.com\/wp-content\/uploads\/2024\/08\/Ceramic-basin-manufacturercounter-top-rectangle-basin-219x300.webp 219w, https:\/\/www.ceramicbasin.com\/wp-content\/uploads\/2024\/08\/Ceramic-basin-manufacturercounter-top-rectangle-basin-768x1054.webp 768w, https:\/\/www.ceramicbasin.com\/wp-content\/uploads\/2024\/08\/Ceramic-basin-manufacturercounter-top-rectangle-basin-9x12.webp 9w, https:\/\/www.ceramicbasin.com\/wp-content\/uploads\/2024\/08\/Ceramic-basin-manufacturercounter-top-rectangle-basin-285x391.webp 285w, https:\/\/www.ceramicbasin.com\/wp-content\/uploads\/2024\/08\/Ceramic-basin-manufacturercounter-top-rectangle-basin-481x660.webp 481w, https:\/\/www.ceramicbasin.com\/wp-content\/uploads\/2024\/08\/Ceramic-basin-manufacturercounter-top-rectangle-basin-109x150.webp 109w\" sizes=\"(max-width: 980px) 100vw, 980px\" \/><\/figure>\n<\/div>\n<\/div>","protected":false},"excerpt":{"rendered":"<p>Willkommen zum Kauf Bad Arbeitsplatte Waschbecken. Dieses quadratische Gro\u00dfhandel Keramik Bad Waschbecken hat ein einfaches und stilvolles Design und ist aus hochwertigen keramischen Materialien hergestellt. Die Oberfl\u00e4che ist glatt, langlebig und leicht zu reinigen. Es ist einfach auf der Arbeitsplatte zu installieren und eignet sich f\u00fcr verschiedene Stilanforderungen moderner B\u00e4der. Es ist eine ideale Wahl f\u00fcr private und gewerbliche Projekte.<\/p>\n<table style=\"border-collapse: collapse; width: 358.52pt;\" border=\"0\" width=\"478\" cellspacing=\"0\" cellpadding=\"0\">\n<tbody>\n<tr style=\"height: 17.25pt;\">\n<td class=\"et3\" style=\"height: 17.25pt; width: 125.00pt;\" width=\"166\" height=\"23\">Hersteller<\/td>\n<td class=\"et3\" style=\"width: 234.15pt;\" width=\"312\">HanYu<\/td>\n<\/tr>\n<tr style=\"height: 17.25pt;\">\n<td class=\"et3\" style=\"height: 17.25pt;\" height=\"23\">Modell Nr.<\/td>\n<td class=\"et4\">HY-8244<\/td>\n<\/tr>\n<tr style=\"height: 17.25pt;\">\n<td class=\"et3\" style=\"height: 17.25pt;\" height=\"23\">Typ<\/td>\n<td class=\"et5\" style=\"width: 234.15pt;\" width=\"312\">Aufsatzwaschbecken<\/td>\n<\/tr>\n<tr style=\"height: 18.00pt;\">\n<td class=\"et3\" style=\"height: 18.00pt;\" height=\"24\">Form<\/td>\n<td class=\"et3\">Rechteckige Form<\/td>\n<\/tr>\n<tr style=\"height: 34.50pt;\">\n<td class=\"et4\" style=\"height: 34.50pt;\" height=\"46\">Farbe<\/td>\n<td class=\"et5\" style=\"width: 234.15pt;\" width=\"312\">schwarz\/wei\u00df\/blau\/grau\/rosa\/gr\u00fcn\/braun\/khaki<\/td>\n<\/tr>\n<tr style=\"height: 18.00pt;\">\n<td class=\"et3\" style=\"height: 18.00pt;\" height=\"24\">Dimension<\/td>\n<td class=\"et5\" style=\"width: 234.15pt;\" width=\"312\">51*41*17.5<\/td>\n<\/tr>\n<tr style=\"height: 17.25pt;\">\n<td class=\"et3\" style=\"height: 17.25pt;\" height=\"23\">N.W \/SET<\/td>\n<td class=\"et3\">12KGS\/PCS<\/td>\n<\/tr>\n<tr style=\"height: 17.25pt;\">\n<td class=\"et3\" style=\"height: 17.25pt;\" height=\"23\">MOQ<\/td>\n<td class=\"et3\">20St\u00fcck<\/td>\n<\/tr>\n<tr style=\"height: 17.25pt;\">\n<td class=\"et3\" style=\"height: 17.25pt;\" height=\"23\">Benutzerdefinierte Option<\/td>\n<td class=\"et3\">Farbe\/Muster\/Gr\u00f6\u00dfe\/Logo\/Verpackung<\/td>\n<\/tr>\n<\/tbody>\n<\/table>","protected":false},"featured_media":4734,"comment_status":"closed","ping_status":"closed","template":"","meta":{"_acf_changed":false},"product_brand":[],"product_cat":[50],"product_tag":[],"class_list":{"0":"post-4730","1":"product","2":"type-product","3":"status-publish","4":"has-post-thumbnail","6":"product_cat-wholesale-countertop-sinks","8":"first","9":"instock","10":"shipping-taxable","11":"product-type-simple"},"acf":[],"_links":{"self":[{"href":"https:\/\/www.ceramicbasin.com\/de\/wp-json\/wp\/v2\/product\/4730","targetHints":{"allow":["GET"]}}],"collection":[{"href":"https:\/\/www.ceramicbasin.com\/de\/wp-json\/wp\/v2\/product"}],"about":[{"href":"https:\/\/www.ceramicbasin.com\/de\/wp-json\/wp\/v2\/types\/product"}],"replies":[{"embeddable":true,"href":"https:\/\/www.ceramicbasin.com\/de\/wp-json\/wp\/v2\/comments?post=4730"}],"wp:featuredmedia":[{"embeddable":true,"href":"https:\/\/www.ceramicbasin.com\/de\/wp-json\/wp\/v2\/media\/4734"}],"wp:attachment":[{"href":"https:\/\/www.ceramicbasin.com\/de\/wp-json\/wp\/v2\/media?parent=4730"}],"wp:term":[{"taxonomy":"product_brand","embeddable":true,"href":"https:\/\/www.ceramicbasin.com\/de\/wp-json\/wp\/v2\/product_brand?post=4730"},{"taxonomy":"product_cat","embeddable":true,"href":"https:\/\/www.ceramicbasin.com\/de\/wp-json\/wp\/v2\/product_cat?post=4730"},{"taxonomy":"product_tag","embeddable":true,"href":"https:\/\/www.ceramicbasin.com\/de\/wp-json\/wp\/v2\/product_tag?post=4730"}],"curies":[{"name":"wp","href":"https:\/\/api.w.org\/{rel}","templated":true}]}}