{"id":4749,"date":"2024-08-17T06:42:46","date_gmt":"2024-08-17T06:42:46","guid":{"rendered":"https:\/\/www.ceramicbasin.com\/?post_type=product&#038;p=4749"},"modified":"2024-11-04T09:01:25","modified_gmt":"2024-11-04T09:01:25","slug":"porcelain-wall-hung-basin-wholesale","status":"publish","type":"product","link":"https:\/\/www.ceramicbasin.com\/de\/produkt\/porcelain-wall-hung-basin-wholesale\/","title":{"rendered":"Porzellan-Wandwaschbecken Gro\u00dfhandel, schmale Waschbecken f\u00fcr das Bad"},"content":{"rendered":"<div class=\"wp-block-columns is-layout-flex wp-container-core-columns-is-layout-9d6595d7 wp-block-columns-is-layout-flex\">\n<div class=\"wp-block-column is-layout-flow wp-block-column-is-layout-flow\">\n<h2 class=\"wp-block-heading\">Premium-Porzellan-Wandwaschbecken Gro\u00dfhandel Merkmale<\/h2>\n\n\n\n<ul class=\"wp-block-list\">\n<li><strong>Schmales und kompaktes Design: <\/strong>Dieser wandh\u00e4ngende Waschbecken-Gro\u00dfhandel hat ein schmales Design f\u00fcr kleine B\u00e4der oder R\u00e4ume, um weiteren Platz zu sparen, und eignet sich f\u00fcr Badezimmer in modernen Wohnh\u00e4usern, Hotels und Gesch\u00e4ftsr\u00e4umen.<\/li>\n\n\n\n<li><strong>Hochwertiges keramisches Material: <\/strong>Diese schmalen Waschbecken im Gro\u00dfhandel werden aus hochwertigen keramischen Materialien hergestellt, die bei hohen Temperaturen gebrannt werden, um sicherzustellen, dass die Produkte eine ausgezeichnete Haltbarkeit haben, und die Oberfl\u00e4che ist glatt und zart, bewuchshemmend und kratzfest. Dies stellt sicher, dass es nach langem Gebrauch sauber und hell bleibt, leicht zu reinigen und zu pflegen.<\/li>\n\n\n\n<li><strong>Ausf\u00fchrung f\u00fcr Wandmontage: <\/strong>es spart effektiv Bodenfl\u00e4che und ist einfach zu installieren. Gleichzeitig erzeugt dieses wandh\u00e4ngende Waschbecken im Gro\u00dfhandel einen einfachen und gro\u00dfz\u00fcgigen visuellen Effekt, der das Badezimmer ger\u00e4umiger und aufger\u00e4umter erscheinen l\u00e4sst. Die H\u00f6he kann frei eingestellt werden, um den Nutzungskomfort bei Bedarf zu erh\u00f6hen.<\/li>\n\n\n\n<li><strong>Gro\u00dfhandel und Personalisierung: <\/strong>Diese Bad Waschbecken Gro\u00dfhandel sind flexibel auf Gro\u00dfhandel Service und Anpassung. Es unterst\u00fctzt mehrere Gr\u00f6\u00dfe Anpassungen, Farbe und Stil, um verschiedene Projekt-Design-Bed\u00fcrfnisse zu erf\u00fcllen und k\u00f6nnen verschiedene Inneneinrichtung Stile erf\u00fcllen.<\/li>\n<\/ul>\n<\/div>\n\n\n\n<div class=\"wp-block-column is-layout-flow wp-block-column-is-layout-flow\">\n<figure class=\"wp-block-image size-full\"><img fetchpriority=\"high\" decoding=\"async\" width=\"573\" height=\"800\" src=\"https:\/\/www.ceramicbasin.com\/wp-content\/uploads\/2024\/08\/Porcelain-washbasin-factory-wall-hung-wash-basin.7.webp\" alt=\"Porzellan-Wandwaschbecken Gro\u00dfhandel, schmale Waschbecken f\u00fcr das Bad\" class=\"wp-image-4755\" srcset=\"https:\/\/www.ceramicbasin.com\/wp-content\/uploads\/2024\/08\/Porcelain-washbasin-factory-wall-hung-wash-basin.7.webp 573w, https:\/\/www.ceramicbasin.com\/wp-content\/uploads\/2024\/08\/Porcelain-washbasin-factory-wall-hung-wash-basin.7-215x300.webp 215w, https:\/\/www.ceramicbasin.com\/wp-content\/uploads\/2024\/08\/Porcelain-washbasin-factory-wall-hung-wash-basin.7-9x12.webp 9w, https:\/\/www.ceramicbasin.com\/wp-content\/uploads\/2024\/08\/Porcelain-washbasin-factory-wall-hung-wash-basin.7-285x398.webp 285w, https:\/\/www.ceramicbasin.com\/wp-content\/uploads\/2024\/08\/Porcelain-washbasin-factory-wall-hung-wash-basin.7-473x660.webp 473w, https:\/\/www.ceramicbasin.com\/wp-content\/uploads\/2024\/08\/Porcelain-washbasin-factory-wall-hung-wash-basin.7-107x150.webp 107w\" sizes=\"(max-width: 573px) 100vw, 573px\" \/><\/figure>\n<\/div>\n<\/div>","protected":false},"excerpt":{"rendered":"<p>Willkommen zum Kauf von kleinen Bad Waschbecken Gro\u00dfhandel. Dieses wandh\u00e4ngende Waschbecken Gro\u00dfhandel ist mit Kompaktheit entworfen, um kleinen Raum zu sparen, ist aus hochwertigem keramischen Material, das langlebig und leicht zu reinigen ist gemacht. Seine Installation Methode an der Wand verbessert die Raumnutzung des Badezimmers, und es ist geeignet f\u00fcr verschiedene Stile der modernen B\u00e4der.<\/p>\n<table style=\"border-collapse: collapse; width: 358.52pt;\" border=\"0\" width=\"478\" cellspacing=\"0\" cellpadding=\"0\">\n<tbody>\n<tr style=\"height: 17.25pt;\">\n<td class=\"et3\" style=\"height: 17.25pt; width: 125.00pt;\" width=\"166\" height=\"23\">Hersteller<\/td>\n<td class=\"et3\" style=\"width: 234.15pt;\" width=\"312\">HanYu<\/td>\n<\/tr>\n<tr style=\"height: 17.25pt;\">\n<td class=\"et3\" style=\"height: 17.25pt;\" height=\"23\">Modell Nr.<\/td>\n<td class=\"et4\">HY-3043L<\/td>\n<\/tr>\n<tr style=\"height: 17.25pt;\">\n<td class=\"et3\" style=\"height: 17.25pt;\" height=\"23\">Typ<\/td>\n<td class=\"et5\" style=\"width: 234.15pt;\" width=\"312\">Wandmontierte Waschbecken<\/td>\n<\/tr>\n<tr style=\"height: 18.00pt;\">\n<td class=\"et3\" style=\"height: 18.00pt;\" height=\"24\">Form<\/td>\n<td class=\"et3\">Rechteckige Form<\/td>\n<\/tr>\n<tr style=\"height: 34.50pt;\">\n<td class=\"et4\" style=\"height: 34.50pt;\" height=\"46\">Farbe<\/td>\n<td class=\"et5\" style=\"width: 234.15pt;\" width=\"312\">schwarz\/wei\u00df\/blau\/grau\/rosa\/gr\u00fcn\/braun\/khaki<\/td>\n<\/tr>\n<tr style=\"height: 18.00pt;\">\n<td class=\"et3\" style=\"height: 18.00pt;\" height=\"24\">Dimension<\/td>\n<td class=\"et5\" style=\"width: 234.15pt;\" width=\"312\">45.5*25*12<\/td>\n<\/tr>\n<tr style=\"height: 17.25pt;\">\n<td class=\"et3\" style=\"height: 17.25pt;\" height=\"23\">N.W \/SET<\/td>\n<td class=\"et3\">7KGS\/PCS<\/td>\n<\/tr>\n<tr style=\"height: 17.25pt;\">\n<td class=\"et3\" style=\"height: 17.25pt;\" height=\"23\">MOQ<\/td>\n<td class=\"et3\">20St\u00fcck<\/td>\n<\/tr>\n<tr style=\"height: 17.25pt;\">\n<td class=\"et3\" style=\"height: 17.25pt;\" height=\"23\">Benutzerdefinierte Option<\/td>\n<td class=\"et3\">Farbe\/Muster\/Gr\u00f6\u00dfe\/Logo\/Verpackung<\/td>\n<\/tr>\n<\/tbody>\n<\/table>","protected":false},"featured_media":4752,"comment_status":"closed","ping_status":"closed","template":"","meta":{"_acf_changed":false},"product_brand":[],"product_cat":[56],"product_tag":[],"class_list":{"0":"post-4749","1":"product","2":"type-product","3":"status-publish","4":"has-post-thumbnail","6":"product_cat-wholesale-small-bathroom-sinks","8":"first","9":"instock","10":"shipping-taxable","11":"product-type-simple"},"acf":[],"_links":{"self":[{"href":"https:\/\/www.ceramicbasin.com\/de\/wp-json\/wp\/v2\/product\/4749","targetHints":{"allow":["GET"]}}],"collection":[{"href":"https:\/\/www.ceramicbasin.com\/de\/wp-json\/wp\/v2\/product"}],"about":[{"href":"https:\/\/www.ceramicbasin.com\/de\/wp-json\/wp\/v2\/types\/product"}],"replies":[{"embeddable":true,"href":"https:\/\/www.ceramicbasin.com\/de\/wp-json\/wp\/v2\/comments?post=4749"}],"wp:featuredmedia":[{"embeddable":true,"href":"https:\/\/www.ceramicbasin.com\/de\/wp-json\/wp\/v2\/media\/4752"}],"wp:attachment":[{"href":"https:\/\/www.ceramicbasin.com\/de\/wp-json\/wp\/v2\/media?parent=4749"}],"wp:term":[{"taxonomy":"product_brand","embeddable":true,"href":"https:\/\/www.ceramicbasin.com\/de\/wp-json\/wp\/v2\/product_brand?post=4749"},{"taxonomy":"product_cat","embeddable":true,"href":"https:\/\/www.ceramicbasin.com\/de\/wp-json\/wp\/v2\/product_cat?post=4749"},{"taxonomy":"product_tag","embeddable":true,"href":"https:\/\/www.ceramicbasin.com\/de\/wp-json\/wp\/v2\/product_tag?post=4749"}],"curies":[{"name":"wp","href":"https:\/\/api.w.org\/{rel}","templated":true}]}}