{"id":4757,"date":"2024-08-17T07:17:37","date_gmt":"2024-08-17T07:17:37","guid":{"rendered":"https:\/\/www.ceramicbasin.com\/?post_type=product&#038;p=4757"},"modified":"2025-09-11T03:02:14","modified_gmt":"2025-09-11T03:02:14","slug":"corner-wall-hang-basin-wholesale","status":"publish","type":"product","link":"https:\/\/www.ceramicbasin.com\/de\/produkt\/corner-wall-hang-basin-wholesale\/","title":{"rendered":"Qualit\u00e4t Ecke Wand h\u00e4ngen Waschbecken Gro\u00dfhandel, benutzerdefinierte Ecke Waschbecken"},"content":{"rendered":"<div class=\"wp-block-columns is-layout-flex wp-container-core-columns-is-layout-9d6595d7 wp-block-columns-is-layout-flex\">\n<div class=\"wp-block-column is-layout-flow wp-block-column-is-layout-flow\">\n<h2 class=\"wp-block-heading\">Premium Corner Wall Hang Basin Gro\u00dfhandel Merkmale<\/h2>\n\n\n\n<ul class=\"wp-block-list\">\n<li><strong>Platzsparendes Eckdesign:<\/strong> Dieses Wandwaschbecken im Gro\u00dfhandel ist f\u00fcr kleine B\u00e4der oder kompakte R\u00e4ume konzipiert, nutzt die Eckposition voll aus und verbessert die Effizienz der Raumnutzung. Es ist sehr geeignet f\u00fcr Orte wie Wohnungen, Hotels und Gesch\u00e4ftsgeb\u00e4ude, die Platz sparen m\u00fcssen.<\/li>\n\n\n\n<li><strong>Bei hohen Temperaturen gebrannte keramische Erzeugnisse:<\/strong> Unser individuelles Eckwaschbecken ist aus hochwertiger Keramik gefertigt, die bei hohen Temperaturen gebrannt wird und eine glatte und elegante Oberfl\u00e4che aufweist. Sie ist kratzfest, schmutzabweisend und langlebig, so dass sie auch nach l\u00e4ngerem Gebrauch ihren Glanz nicht verliert und leicht zu reinigen und zu pflegen ist.<\/li>\n\n\n\n<li><strong>Wandmontierte Installation:<\/strong> Das wandmontierte Design dieses Eckwaschbeckens spart nicht nur Bodenfl\u00e4che, sondern verbessert auch die optische Gro\u00dfz\u00fcgigkeit des Badezimmers. Es ist einfach und sch\u00f6n, leicht zu installieren und passt sich an unterschiedliche H\u00f6henanforderungen an, wodurch der Handwaschbereich praktischer und modischer wird.<\/li>\n\n\n\n<li><strong>Unterst\u00fctzung ma\u00dfgeschneiderter Dienste: <\/strong>Wir bieten kundenspezifische Dienstleistungen f\u00fcr Eckwaschbecken in einer Vielzahl von Gr\u00f6\u00dfen, Farben und Formen an, die je nach den verschiedenen Projektanforderungen ma\u00dfgeschneidert werden k\u00f6nnen, um die individuellen Designanforderungen von Heimdekorationen, Hotelprojekten oder gewerblichen Projekten zu erf\u00fcllen.<\/li>\n<\/ul>\n<\/div>\n\n\n\n<div class=\"wp-block-column is-layout-flow wp-block-column-is-layout-flow\">\n<figure class=\"wp-block-image size-full\"><img fetchpriority=\"high\" decoding=\"async\" width=\"573\" height=\"800\" src=\"https:\/\/www.ceramicbasin.com\/wp-content\/uploads\/2024\/08\/Wholesale-wash-basin-supplier-wall-hanging-ceramic-basin.webp\" alt=\"Factory Supply Ecke Wand h\u00e4ngen Waschbecken Gro\u00dfhandel f\u00fcr Bad\" class=\"wp-image-4765\" srcset=\"https:\/\/www.ceramicbasin.com\/wp-content\/uploads\/2024\/08\/Wholesale-wash-basin-supplier-wall-hanging-ceramic-basin.webp 573w, https:\/\/www.ceramicbasin.com\/wp-content\/uploads\/2024\/08\/Wholesale-wash-basin-supplier-wall-hanging-ceramic-basin-215x300.webp 215w, https:\/\/www.ceramicbasin.com\/wp-content\/uploads\/2024\/08\/Wholesale-wash-basin-supplier-wall-hanging-ceramic-basin-9x12.webp 9w, https:\/\/www.ceramicbasin.com\/wp-content\/uploads\/2024\/08\/Wholesale-wash-basin-supplier-wall-hanging-ceramic-basin-285x398.webp 285w, https:\/\/www.ceramicbasin.com\/wp-content\/uploads\/2024\/08\/Wholesale-wash-basin-supplier-wall-hanging-ceramic-basin-473x660.webp 473w, https:\/\/www.ceramicbasin.com\/wp-content\/uploads\/2024\/08\/Wholesale-wash-basin-supplier-wall-hanging-ceramic-basin-107x150.webp 107w\" sizes=\"(max-width: 573px) 100vw, 573px\" \/><\/figure>\n<\/div>\n<\/div>","protected":false},"excerpt":{"rendered":"<p>Willkommen in benutzerdefinierte Ecke Waschbecken. Die Ecke Wand h\u00e4ngen Waschbecken Gro\u00dfhandel ist eine platzsparende Ecke Design und ist aus hochwertigem keramischem Material mit hoher Haltbarkeit und Fleckenbest\u00e4ndigkeit gemacht. Das wandh\u00e4ngende Design spart nicht nur Platz, sondern wertet auch das Gesamtbild des Badezimmers auf. Es ist anpassbar und kann in verschiedenen privaten und kommerziellen Umgebungen verwendet werden.<\/p>\n<table style=\"border-collapse: collapse; width: 358.52pt;\" border=\"0\" width=\"478\" cellspacing=\"0\" cellpadding=\"0\">\n<tbody>\n<tr style=\"height: 17.25pt;\">\n<td class=\"et3\" style=\"height: 17.25pt; width: 125.00pt;\" width=\"166\" height=\"23\">Hersteller<\/td>\n<td class=\"et3\" style=\"width: 234.15pt;\" width=\"312\">HanYu<\/td>\n<\/tr>\n<tr style=\"height: 17.25pt;\">\n<td class=\"et3\" style=\"height: 17.25pt;\" height=\"23\">Modell Nr.<\/td>\n<td class=\"et4\">HY-3042<\/td>\n<\/tr>\n<tr style=\"height: 17.25pt;\">\n<td class=\"et3\" style=\"height: 17.25pt;\" height=\"23\">Typ<\/td>\n<td class=\"et5\" style=\"width: 234.15pt;\" width=\"312\">Wandh\u00e4ngende Sp\u00fclbecken, kleine Becken<\/td>\n<\/tr>\n<tr style=\"height: 18.00pt;\">\n<td class=\"et3\" style=\"height: 18.00pt;\" height=\"24\">Form<\/td>\n<td class=\"et3\">Runde Form<\/td>\n<\/tr>\n<tr style=\"height: 34.50pt;\">\n<td class=\"et4\" style=\"height: 34.50pt;\" height=\"46\">Farbe<\/td>\n<td class=\"et5\" style=\"width: 234.15pt;\" width=\"312\">schwarz\/wei\u00df\/blau\/grau\/rosa\/gr\u00fcn\/braun\/khaki<\/td>\n<\/tr>\n<tr style=\"height: 18.00pt;\">\n<td class=\"et3\" style=\"height: 18.00pt;\" height=\"24\">Dimension<\/td>\n<td class=\"et5\" style=\"width: 234.15pt;\" width=\"312\">31*43*12.5<\/td>\n<\/tr>\n<tr style=\"height: 17.25pt;\">\n<td class=\"et3\" style=\"height: 17.25pt;\" height=\"23\">N.W \/SET<\/td>\n<td class=\"et3\">7KGS\/PCS<\/td>\n<\/tr>\n<tr style=\"height: 17.25pt;\">\n<td class=\"et3\" style=\"height: 17.25pt;\" height=\"23\">MOQ<\/td>\n<td class=\"et3\">20St\u00fcck<\/td>\n<\/tr>\n<tr style=\"height: 17.25pt;\">\n<td class=\"et3\" style=\"height: 17.25pt;\" height=\"23\">Benutzerdefinierte Option<\/td>\n<td class=\"et3\">Farbe\/Muster\/Gr\u00f6\u00dfe\/Logo\/Verpackung<\/td>\n<\/tr>\n<\/tbody>\n<\/table>","protected":false},"featured_media":4761,"comment_status":"closed","ping_status":"closed","template":"","meta":{"_acf_changed":false},"product_brand":[],"product_cat":[56,57],"product_tag":[],"class_list":{"0":"post-4757","1":"product","2":"type-product","3":"status-publish","4":"has-post-thumbnail","6":"product_cat-wholesale-small-bathroom-sinks","7":"product_cat-wholesale-wall-mounted-sinks","9":"first","10":"instock","11":"shipping-taxable","12":"product-type-simple"},"acf":[],"_links":{"self":[{"href":"https:\/\/www.ceramicbasin.com\/de\/wp-json\/wp\/v2\/product\/4757","targetHints":{"allow":["GET"]}}],"collection":[{"href":"https:\/\/www.ceramicbasin.com\/de\/wp-json\/wp\/v2\/product"}],"about":[{"href":"https:\/\/www.ceramicbasin.com\/de\/wp-json\/wp\/v2\/types\/product"}],"replies":[{"embeddable":true,"href":"https:\/\/www.ceramicbasin.com\/de\/wp-json\/wp\/v2\/comments?post=4757"}],"wp:featuredmedia":[{"embeddable":true,"href":"https:\/\/www.ceramicbasin.com\/de\/wp-json\/wp\/v2\/media\/4761"}],"wp:attachment":[{"href":"https:\/\/www.ceramicbasin.com\/de\/wp-json\/wp\/v2\/media?parent=4757"}],"wp:term":[{"taxonomy":"product_brand","embeddable":true,"href":"https:\/\/www.ceramicbasin.com\/de\/wp-json\/wp\/v2\/product_brand?post=4757"},{"taxonomy":"product_cat","embeddable":true,"href":"https:\/\/www.ceramicbasin.com\/de\/wp-json\/wp\/v2\/product_cat?post=4757"},{"taxonomy":"product_tag","embeddable":true,"href":"https:\/\/www.ceramicbasin.com\/de\/wp-json\/wp\/v2\/product_tag?post=4757"}],"curies":[{"name":"wp","href":"https:\/\/api.w.org\/{rel}","templated":true}]}}