{"id":4813,"date":"2024-08-17T08:33:37","date_gmt":"2024-08-17T08:33:37","guid":{"rendered":"https:\/\/www.ceramicbasin.com\/?post_type=product&#038;p=4813"},"modified":"2024-11-25T01:47:49","modified_gmt":"2024-11-25T01:47:49","slug":"wholesale-ceramic-vanity-sinks","status":"publish","type":"product","link":"https:\/\/www.ceramicbasin.com\/de\/produkt\/wholesale-ceramic-vanity-sinks\/","title":{"rendered":"Fabrik Gro\u00dfhandel Keramik Eitelkeit Waschbecken, Countertop Basins"},"content":{"rendered":"<div class=\"wp-block-columns is-layout-flex wp-container-core-columns-is-layout-9d6595d7 wp-block-columns-is-layout-flex\">\n<div class=\"wp-block-column is-layout-flow wp-block-column-is-layout-flow\">\n<h2 class=\"wp-block-heading\">Premium Gro\u00dfhandel keramische Eitelkeit Waschbecken Eigenschaften:<\/h2>\n\n\n\n<ul class=\"wp-block-list\">\n<li><strong>Direktverkauf ab Werk: <\/strong>Diese Gro\u00dfhandel Keramik Eitelkeit Waschbecken von HanYu ist eine Fabrik direkten Verkauf, ohne Zwischenh\u00e4ndler Preisunterschiede. Kaufen Bad Waschbecken in loser Sch\u00fcttung wird sicherstellen, dass Sie qualitativ hochwertige Bad Waschbecken in loser Sch\u00fcttung mit dem besten Preis zu bekommen.<\/li>\n\n\n\n<li><strong>Hochwertige Keramik: <\/strong>Die von HanYu hergestellten Arbeitsplattenbecken f\u00fcr den Gro\u00dfhandel sind von hoher Qualit\u00e4t. Das Rohmaterial wird bei hoher Temperatur gebrannt und hat eine harte Textur und eine glatte Oberfl\u00e4che, die das Anhaften von Schmutz wirksam verhindert.<\/li>\n\n\n\n<li><strong>Vielf\u00e4ltige Auswahl: <\/strong>Wir haben verschiedene Arten von Gro\u00dfhandel Keramik Eitelkeit Waschbecken in variablen Gr\u00f6\u00dfen und Farben perfekt mit verschiedenen Moden von B\u00e4dern f\u00fcr die einfache Integration in verschiedene Dekoration Designs zu erf\u00fcllen.<\/li>\n\n\n\n<li><strong>Gro\u00dfhandelsrabatt: <\/strong>Wir bieten einen Gro\u00dfhandelsrabatt f\u00fcr Aufsatzwaschbecken und kundenspezifische Badezimmerwaschbecken an, um den Bed\u00fcrfnissen kommerzieller Projekte oder gro\u00df angelegter Wohndekorationen gerecht zu werden.<\/li>\n<\/ul>\n<\/div>\n\n\n\n<div class=\"wp-block-column is-layout-flow wp-block-column-is-layout-flow\">\n<figure class=\"wp-block-image size-full\"><img fetchpriority=\"high\" decoding=\"async\" width=\"619\" height=\"800\" src=\"https:\/\/www.ceramicbasin.com\/wp-content\/uploads\/2024\/08\/Wholesale-ceramic-washbasin-countertop-sinks-.webp\" alt=\"Fabrik Gro\u00dfhandel Keramik Eitelkeit Waschbecken, Countertop Basins\" class=\"wp-image-4821\" srcset=\"https:\/\/www.ceramicbasin.com\/wp-content\/uploads\/2024\/08\/Wholesale-ceramic-washbasin-countertop-sinks-.webp 619w, https:\/\/www.ceramicbasin.com\/wp-content\/uploads\/2024\/08\/Wholesale-ceramic-washbasin-countertop-sinks--232x300.webp 232w, https:\/\/www.ceramicbasin.com\/wp-content\/uploads\/2024\/08\/Wholesale-ceramic-washbasin-countertop-sinks--9x12.webp 9w, https:\/\/www.ceramicbasin.com\/wp-content\/uploads\/2024\/08\/Wholesale-ceramic-washbasin-countertop-sinks--285x368.webp 285w, https:\/\/www.ceramicbasin.com\/wp-content\/uploads\/2024\/08\/Wholesale-ceramic-washbasin-countertop-sinks--511x660.webp 511w, https:\/\/www.ceramicbasin.com\/wp-content\/uploads\/2024\/08\/Wholesale-ceramic-washbasin-countertop-sinks--116x150.webp 116w\" sizes=\"(max-width: 619px) 100vw, 619px\" \/><\/figure>\n<\/div>\n<\/div>","protected":false},"excerpt":{"rendered":"<p>Willkommen im Gro\u00dfhandel Arbeitsplatte Waschbecken kaufen. Diese Gro\u00dfhandel Keramik Eitelkeit Waschbecken sind direkt von unserer Fabrik, die stark spart Ihre Einkaufskosten geliefert. Wir bieten Gro\u00dfhandel Rabatte auf die Bed\u00fcrfnisse der kommerziellen Projekte oder gro\u00dfe Wohn-Renovierungen passen.<\/p>\n<table style=\"border-collapse: collapse; width: 358.52pt;\" border=\"0\" width=\"478\" cellspacing=\"0\" cellpadding=\"0\">\n<tbody>\n<tr style=\"height: 17.25pt;\">\n<td class=\"et3\" style=\"height: 17.25pt; width: 125.00pt;\" width=\"166\" height=\"23\">Hersteller<\/td>\n<td class=\"et3\" style=\"width: 234.15pt;\" width=\"312\">HanYu<\/td>\n<\/tr>\n<tr style=\"height: 17.25pt;\">\n<td class=\"et3\" style=\"height: 17.25pt;\" height=\"23\">Modell Nr.<\/td>\n<td class=\"et4\">HY-8018<\/td>\n<\/tr>\n<tr style=\"height: 17.25pt;\">\n<td class=\"et3\" style=\"height: 17.25pt;\" height=\"23\">Typ<\/td>\n<td class=\"et5\" style=\"width: 234.15pt;\" width=\"312\">Aufsatzwaschbecken<\/td>\n<\/tr>\n<tr style=\"height: 18.00pt;\">\n<td class=\"et3\" style=\"height: 18.00pt;\" height=\"24\">Form<\/td>\n<td class=\"et3\">Rechteckige Form<\/td>\n<\/tr>\n<tr style=\"height: 34.50pt;\">\n<td class=\"et4\" style=\"height: 34.50pt;\" height=\"46\">Farbe<\/td>\n<td class=\"et5\" style=\"width: 234.15pt;\" width=\"312\">schwarz\/wei\u00df\/blau\/grau\/rosa\/gr\u00fcn\/braun\/khaki<\/td>\n<\/tr>\n<tr style=\"height: 18.00pt;\">\n<td class=\"et3\" style=\"height: 18.00pt;\" height=\"24\">Dimension<\/td>\n<td class=\"et5\" style=\"width: 234.15pt;\" width=\"312\">50*40*14.5<\/td>\n<\/tr>\n<tr style=\"height: 17.25pt;\">\n<td class=\"et3\" style=\"height: 17.25pt;\" height=\"23\">N.W \/SET<\/td>\n<td class=\"et3\">10KGS\/PCS<\/td>\n<\/tr>\n<tr style=\"height: 17.25pt;\">\n<td class=\"et3\" style=\"height: 17.25pt;\" height=\"23\">MOQ<\/td>\n<td class=\"et3\">20St\u00fcck<\/td>\n<\/tr>\n<tr style=\"height: 17.25pt;\">\n<td class=\"et3\" style=\"height: 17.25pt;\" height=\"23\">Benutzerdefinierte Option<\/td>\n<td class=\"et3\">Farbe\/Muster\/Gr\u00f6\u00dfe\/Logo\/Verpackung<\/td>\n<\/tr>\n<\/tbody>\n<\/table>","protected":false},"featured_media":4815,"comment_status":"closed","ping_status":"closed","template":"","meta":{"_acf_changed":false},"product_brand":[],"product_cat":[50],"product_tag":[],"class_list":{"0":"post-4813","1":"product","2":"type-product","3":"status-publish","4":"has-post-thumbnail","6":"product_cat-wholesale-countertop-sinks","8":"first","9":"instock","10":"shipping-taxable","11":"product-type-simple"},"acf":[],"_links":{"self":[{"href":"https:\/\/www.ceramicbasin.com\/de\/wp-json\/wp\/v2\/product\/4813","targetHints":{"allow":["GET"]}}],"collection":[{"href":"https:\/\/www.ceramicbasin.com\/de\/wp-json\/wp\/v2\/product"}],"about":[{"href":"https:\/\/www.ceramicbasin.com\/de\/wp-json\/wp\/v2\/types\/product"}],"replies":[{"embeddable":true,"href":"https:\/\/www.ceramicbasin.com\/de\/wp-json\/wp\/v2\/comments?post=4813"}],"wp:featuredmedia":[{"embeddable":true,"href":"https:\/\/www.ceramicbasin.com\/de\/wp-json\/wp\/v2\/media\/4815"}],"wp:attachment":[{"href":"https:\/\/www.ceramicbasin.com\/de\/wp-json\/wp\/v2\/media?parent=4813"}],"wp:term":[{"taxonomy":"product_brand","embeddable":true,"href":"https:\/\/www.ceramicbasin.com\/de\/wp-json\/wp\/v2\/product_brand?post=4813"},{"taxonomy":"product_cat","embeddable":true,"href":"https:\/\/www.ceramicbasin.com\/de\/wp-json\/wp\/v2\/product_cat?post=4813"},{"taxonomy":"product_tag","embeddable":true,"href":"https:\/\/www.ceramicbasin.com\/de\/wp-json\/wp\/v2\/product_tag?post=4813"}],"curies":[{"name":"wp","href":"https:\/\/api.w.org\/{rel}","templated":true}]}}