{"id":4838,"date":"2024-08-19T06:35:44","date_gmt":"2024-08-19T06:35:44","guid":{"rendered":"https:\/\/www.ceramicbasin.com\/?post_type=product&#038;p=4838"},"modified":"2024-11-04T08:49:36","modified_gmt":"2024-11-04T08:49:36","slug":"porcelain-bathroom-sinks-wholesale","status":"publish","type":"product","link":"https:\/\/www.ceramicbasin.com\/de\/produkt\/porcelain-bathroom-sinks-wholesale\/","title":{"rendered":"Porzellan Bad Waschbecken Gro\u00dfhandel, Countertop Runde Waschbecken"},"content":{"rendered":"<div class=\"wp-block-columns is-layout-flex wp-container-core-columns-is-layout-9d6595d7 wp-block-columns-is-layout-flex\">\n<div class=\"wp-block-column is-layout-flow wp-block-column-is-layout-flow\">\n<h2 class=\"wp-block-heading\">Premium Porzellan Bad Waschbecken Gro\u00dfhandel Eigenschaften:<\/h2>\n\n\n\n<ul class=\"wp-block-list\">\n<li><strong>Klassisches rundes Design: <\/strong>Die Form dieser Waschbecken aus Porzellan f\u00fcr den Gro\u00dfhandel ist einfach und elegant gestaltet. Die abgerundeten Linien verleihen dem Badezimmer eine harmonische Atmosph\u00e4re und passen perfekt zu jedem Einrichtungsstil im Badezimmer, von moderner Schlichtheit bis hin zu traditionellem Stil.<\/li>\n\n\n\n<li><strong>Hochwertiges Porzellanmaterial: <\/strong>Die Qualit\u00e4t des Porzellans, aus dem unsere runden Waschbecken im Gro\u00dfhandel bestehen, ist hervorragend. Bei hohen Temperaturen gebrannt, ist die Oberfl\u00e4che des Produkts glatt und zart, mit ausgezeichneter Best\u00e4ndigkeit gegen Verschlei\u00df und Flecken. Es minimiert die H\u00e4ufigkeit der Reinigung, weil es nicht viel Flecken auf seiner Oberfl\u00e4che verbraucht.<\/li>\n\n\n\n<li><strong>Platzsparendes Design: <\/strong>Diese Porzellan Bad Waschbecken Gro\u00dfhandel sind nicht nur optisch exquisit und sch\u00f6n, sondern auch voll nutzt die Arbeitsplatte Raum. Die Installation kann f\u00fcr B\u00e4der jeder Gr\u00f6\u00dfe erfolgen, vor allem in einem begrenzten Bereich. Es verbessert die Raumnutzung ohne Kompromisse bei den praktischen Funktionen.<\/li>\n\n\n\n<li><strong>Gro\u00dfhandel und kundenspezifische Dienstleistungen: <\/strong>Wir Gro\u00dfeinkaufspreis und kundenspezifischen Service f\u00fcr Gro\u00dfhandel Arbeitsplatte runde Becken, in der Lage, auf die konkreten Anforderungen der Kunden eingerichtet werden, um den Stil und die funktionalen Bed\u00fcrfnisse der verschiedenen Projekte passen.<\/li>\n<\/ul>\n<\/div>\n\n\n\n<div class=\"wp-block-column is-layout-flow wp-block-column-is-layout-flow\">\n<figure class=\"wp-block-image size-full\"><img fetchpriority=\"high\" decoding=\"async\" width=\"800\" height=\"800\" src=\"https:\/\/www.ceramicbasin.com\/wp-content\/uploads\/2024\/08\/White-Washroom-Ceramic-Sinkcustom-sink-countertopporcelain-bathroom-sink-6.webp\" alt=\"Porzellan Bad Waschbecken Gro\u00dfhandel, Countertop Runde Waschbecken\" class=\"wp-image-4844\" srcset=\"https:\/\/www.ceramicbasin.com\/wp-content\/uploads\/2024\/08\/White-Washroom-Ceramic-Sinkcustom-sink-countertopporcelain-bathroom-sink-6.webp 800w, https:\/\/www.ceramicbasin.com\/wp-content\/uploads\/2024\/08\/White-Washroom-Ceramic-Sinkcustom-sink-countertopporcelain-bathroom-sink-6-300x300.webp 300w, https:\/\/www.ceramicbasin.com\/wp-content\/uploads\/2024\/08\/White-Washroom-Ceramic-Sinkcustom-sink-countertopporcelain-bathroom-sink-6-150x150.webp 150w, https:\/\/www.ceramicbasin.com\/wp-content\/uploads\/2024\/08\/White-Washroom-Ceramic-Sinkcustom-sink-countertopporcelain-bathroom-sink-6-768x768.webp 768w, https:\/\/www.ceramicbasin.com\/wp-content\/uploads\/2024\/08\/White-Washroom-Ceramic-Sinkcustom-sink-countertopporcelain-bathroom-sink-6-12x12.webp 12w, https:\/\/www.ceramicbasin.com\/wp-content\/uploads\/2024\/08\/White-Washroom-Ceramic-Sinkcustom-sink-countertopporcelain-bathroom-sink-6-285x285.webp 285w, https:\/\/www.ceramicbasin.com\/wp-content\/uploads\/2024\/08\/White-Washroom-Ceramic-Sinkcustom-sink-countertopporcelain-bathroom-sink-6-270x270.webp 270w, https:\/\/www.ceramicbasin.com\/wp-content\/uploads\/2024\/08\/White-Washroom-Ceramic-Sinkcustom-sink-countertopporcelain-bathroom-sink-6-540x540.webp 540w, https:\/\/www.ceramicbasin.com\/wp-content\/uploads\/2024\/08\/White-Washroom-Ceramic-Sinkcustom-sink-countertopporcelain-bathroom-sink-6-660x660.webp 660w\" sizes=\"(max-width: 800px) 100vw, 800px\" \/><\/figure>\n<\/div>\n<\/div>","protected":false},"excerpt":{"rendered":"<p>Willkommen im Gro\u00dfhandel Arbeitsplatte runde Waschbecken zu kaufen. Unsere Porzellan Bad Waschbecken Gro\u00dfhandel passen viele Arten von Bad Stile mit seiner einfachen und atmosph\u00e4rischen Design, aus hochwertigem Porzellan Material mit einer glatten Oberfl\u00e4che, verschlei\u00dffest und leicht zu reinigen.<\/p>\n<table style=\"border-collapse: collapse; width: 358.52pt;\" border=\"0\" width=\"478\" cellspacing=\"0\" cellpadding=\"0\">\n<tbody>\n<tr style=\"height: 17.25pt;\">\n<td class=\"et3\" style=\"height: 17.25pt; width: 125.00pt;\" width=\"166\" height=\"23\">Hersteller<\/td>\n<td class=\"et3\" style=\"width: 234.15pt;\" width=\"312\">HanYu<\/td>\n<\/tr>\n<tr style=\"height: 17.25pt;\">\n<td class=\"et3\" style=\"height: 17.25pt;\" height=\"23\">Modell Nr.<\/td>\n<td class=\"et4\">HY-8070<\/td>\n<\/tr>\n<tr style=\"height: 17.25pt;\">\n<td class=\"et3\" style=\"height: 17.25pt;\" height=\"23\">Typ<\/td>\n<td class=\"et5\" style=\"width: 234.15pt;\" width=\"312\">Aufsatzwaschbecken<\/td>\n<\/tr>\n<tr style=\"height: 18.00pt;\">\n<td class=\"et3\" style=\"height: 18.00pt;\" height=\"24\">Form<\/td>\n<td class=\"et3\">Runde Form<\/td>\n<\/tr>\n<tr style=\"height: 34.50pt;\">\n<td class=\"et4\" style=\"height: 34.50pt;\" height=\"46\">Farbe<\/td>\n<td class=\"et5\" style=\"width: 234.15pt;\" width=\"312\">schwarz\/wei\u00df\/blau\/grau\/rosa\/gr\u00fcn\/braun\/khaki<\/td>\n<\/tr>\n<tr style=\"height: 18.00pt;\">\n<td class=\"et3\" style=\"height: 18.00pt;\" height=\"24\">Dimension<\/td>\n<td class=\"et5\" style=\"width: 234.15pt;\" width=\"312\">36*36*11.5<\/td>\n<\/tr>\n<tr style=\"height: 17.25pt;\">\n<td class=\"et3\" style=\"height: 17.25pt;\" height=\"23\">N.W \/SET<\/td>\n<td class=\"et3\">10KGS\/PCS<\/td>\n<\/tr>\n<tr style=\"height: 17.25pt;\">\n<td class=\"et3\" style=\"height: 17.25pt;\" height=\"23\">MOQ<\/td>\n<td class=\"et3\">20St\u00fcck<\/td>\n<\/tr>\n<tr style=\"height: 17.25pt;\">\n<td class=\"et3\" style=\"height: 17.25pt;\" height=\"23\">Benutzerdefinierte Option<\/td>\n<td class=\"et3\">Farbe\/Muster\/Gr\u00f6\u00dfe\/Logo\/Verpackung<\/td>\n<\/tr>\n<\/tbody>\n<\/table>","protected":false},"featured_media":4839,"comment_status":"closed","ping_status":"closed","template":"","meta":{"_acf_changed":false},"product_brand":[],"product_cat":[50],"product_tag":[],"class_list":{"0":"post-4838","1":"product","2":"type-product","3":"status-publish","4":"has-post-thumbnail","6":"product_cat-wholesale-countertop-sinks","8":"first","9":"instock","10":"shipping-taxable","11":"product-type-simple"},"acf":[],"_links":{"self":[{"href":"https:\/\/www.ceramicbasin.com\/de\/wp-json\/wp\/v2\/product\/4838","targetHints":{"allow":["GET"]}}],"collection":[{"href":"https:\/\/www.ceramicbasin.com\/de\/wp-json\/wp\/v2\/product"}],"about":[{"href":"https:\/\/www.ceramicbasin.com\/de\/wp-json\/wp\/v2\/types\/product"}],"replies":[{"embeddable":true,"href":"https:\/\/www.ceramicbasin.com\/de\/wp-json\/wp\/v2\/comments?post=4838"}],"wp:featuredmedia":[{"embeddable":true,"href":"https:\/\/www.ceramicbasin.com\/de\/wp-json\/wp\/v2\/media\/4839"}],"wp:attachment":[{"href":"https:\/\/www.ceramicbasin.com\/de\/wp-json\/wp\/v2\/media?parent=4838"}],"wp:term":[{"taxonomy":"product_brand","embeddable":true,"href":"https:\/\/www.ceramicbasin.com\/de\/wp-json\/wp\/v2\/product_brand?post=4838"},{"taxonomy":"product_cat","embeddable":true,"href":"https:\/\/www.ceramicbasin.com\/de\/wp-json\/wp\/v2\/product_cat?post=4838"},{"taxonomy":"product_tag","embeddable":true,"href":"https:\/\/www.ceramicbasin.com\/de\/wp-json\/wp\/v2\/product_tag?post=4838"}],"curies":[{"name":"wp","href":"https:\/\/api.w.org\/{rel}","templated":true}]}}