{"id":4857,"date":"2024-08-21T02:58:59","date_gmt":"2024-08-21T02:58:59","guid":{"rendered":"https:\/\/www.ceramicbasin.com\/?post_type=product&#038;p=4857"},"modified":"2024-11-04T08:37:13","modified_gmt":"2024-11-04T08:37:13","slug":"new-style-custom-wash-basins","status":"publish","type":"product","link":"https:\/\/www.ceramicbasin.com\/de\/produkt\/new-style-custom-wash-basins\/","title":{"rendered":"Neue Stil benutzerdefinierte Waschbecken, runde Gro\u00dfhandel Arbeitsplatte keramische Waschbecken"},"content":{"rendered":"<div class=\"wp-block-columns is-layout-flex wp-container-core-columns-is-layout-9d6595d7 wp-block-columns-is-layout-flex\">\n<div class=\"wp-block-column is-layout-flow wp-block-column-is-layout-flow\">\n<h2 class=\"wp-block-heading\">Premium Custom Waschtische Merkmale:<\/h2>\n\n\n\n<ul class=\"wp-block-list\">\n<li><strong>Einfaches, elegantes Design: <\/strong>Unsere ma\u00dfgeschneiderten Waschbecken haben einfache Linien und elegante Formen. Exquisit im Aussehen, k\u00f6nnte es sicherlich in den minimalistischen Design-Stil der modernen Bad Raum passen. In der Zwischenzeit zeigen sie Ihren hohen Geschmack und k\u00f6nnen dem ganzen Raum Raffinesse verleihen.<\/li>\n\n\n\n<li><strong>Ausf\u00fchrung der Wasserhahn\u00f6ffnung: <\/strong>Alle Gro\u00dfhandelssp\u00fclbecken haben Wasserhahnl\u00f6cher. Unter dieser vern\u00fcnftigen Design, zum Zeitpunkt der Installation, Wasserh\u00e4hne k\u00f6nnen direkt von den Nutzern ohne zus\u00e4tzliche Bohrungen angepasst werden, die die Bequemlichkeit und Effizienz der Installation zu erh\u00f6hen und die Anforderungen der verschiedenen Bad-Arbeitsplatten erf\u00fcllen w\u00fcrde.<\/li>\n\n\n\n<li><strong>Hochwertiges keramisches Material: <\/strong>Unsere ma\u00dfgefertigten Waschbecken werden aus hochwertigen keramischen Materialien hergestellt, die eine glatte und zarte Oberfl\u00e4che haben und sehr verschlei\u00df- und schmutzresistent sind. Auch nach sehr langer Nutzung bleiben sie unversehrt und sind im t\u00e4glichen Leben sehr leicht sauber zu halten.<\/li>\n\n\n\n<li><strong>Verschiedene Gr\u00f6\u00dfen, Farben und Stile:<\/strong> Diese Gro\u00dfhandel Gef\u00e4\u00df Waschbecken kann in anpassbare Form als pro die Anforderungen der verschiedenen Projekte angeboten werden. Ob es sich um Wohn-Dekoration oder kommerzielle Projekte, k\u00f6nnen sie leicht zu verschiedenen Bad Stile anzupassen.<\/li>\n<\/ul>\n<\/div>\n\n\n\n<div class=\"wp-block-column is-layout-flow wp-block-column-is-layout-flow\">\n<figure class=\"wp-block-image size-full\"><img fetchpriority=\"high\" decoding=\"async\" width=\"800\" height=\"800\" src=\"https:\/\/www.ceramicbasin.com\/wp-content\/uploads\/2024\/08\/bathroom-porcelain-sinkceramic-laundry-basinceramic-basin-6.webp\" alt=\"New Style Custom Waschbecken, runde Aufsatzwaschbecken aus Keramik\" class=\"wp-image-4863\" srcset=\"https:\/\/www.ceramicbasin.com\/wp-content\/uploads\/2024\/08\/bathroom-porcelain-sinkceramic-laundry-basinceramic-basin-6.webp 800w, https:\/\/www.ceramicbasin.com\/wp-content\/uploads\/2024\/08\/bathroom-porcelain-sinkceramic-laundry-basinceramic-basin-6-300x300.webp 300w, https:\/\/www.ceramicbasin.com\/wp-content\/uploads\/2024\/08\/bathroom-porcelain-sinkceramic-laundry-basinceramic-basin-6-150x150.webp 150w, https:\/\/www.ceramicbasin.com\/wp-content\/uploads\/2024\/08\/bathroom-porcelain-sinkceramic-laundry-basinceramic-basin-6-768x768.webp 768w, https:\/\/www.ceramicbasin.com\/wp-content\/uploads\/2024\/08\/bathroom-porcelain-sinkceramic-laundry-basinceramic-basin-6-12x12.webp 12w, https:\/\/www.ceramicbasin.com\/wp-content\/uploads\/2024\/08\/bathroom-porcelain-sinkceramic-laundry-basinceramic-basin-6-285x285.webp 285w, https:\/\/www.ceramicbasin.com\/wp-content\/uploads\/2024\/08\/bathroom-porcelain-sinkceramic-laundry-basinceramic-basin-6-270x270.webp 270w, https:\/\/www.ceramicbasin.com\/wp-content\/uploads\/2024\/08\/bathroom-porcelain-sinkceramic-laundry-basinceramic-basin-6-540x540.webp 540w, https:\/\/www.ceramicbasin.com\/wp-content\/uploads\/2024\/08\/bathroom-porcelain-sinkceramic-laundry-basinceramic-basin-6-660x660.webp 660w\" sizes=\"(max-width: 800px) 100vw, 800px\" \/><\/figure>\n<\/div>\n<\/div>","protected":false},"excerpt":{"rendered":"<p>Willkommen bei Anfrage f\u00fcr Gro\u00dfhandel Gef\u00e4\u00df Waschbecken. Unsere keramische benutzerdefinierte Waschbecken mit Wasserhahn Loch, einfache und elegante Design passen eine Vielzahl von modernen Bad Dekoration Stile, sind glatt ausgekleidet. Die hochwertigen keramischen Materialien in diesem Produkt verwendet haben gro\u00dfe Haltbarkeit und sind leicht zu reinigen.<\/p>\n<table style=\"border-collapse: collapse; width: 358.52pt;\" border=\"0\" width=\"478\" cellspacing=\"0\" cellpadding=\"0\">\n<tbody>\n<tr style=\"height: 17.25pt;\">\n<td class=\"et3\" style=\"height: 17.25pt; width: 125.00pt;\" width=\"166\" height=\"23\">Hersteller<\/td>\n<td class=\"et3\" style=\"width: 234.15pt;\" width=\"312\">HanYu<\/td>\n<\/tr>\n<tr style=\"height: 17.25pt;\">\n<td class=\"et3\" style=\"height: 17.25pt;\" height=\"23\">Modell Nr.<\/td>\n<td class=\"et4\">HY-8121<\/td>\n<\/tr>\n<tr style=\"height: 17.25pt;\">\n<td class=\"et3\" style=\"height: 17.25pt;\" height=\"23\">Typ<\/td>\n<td class=\"et5\" style=\"width: 234.15pt;\" width=\"312\">Aufsatzwaschbecken<\/td>\n<\/tr>\n<tr style=\"height: 18.00pt;\">\n<td class=\"et3\" style=\"height: 18.00pt;\" height=\"24\">Form<\/td>\n<td class=\"et3\">Runde Form<\/td>\n<\/tr>\n<tr style=\"height: 34.50pt;\">\n<td class=\"et4\" style=\"height: 34.50pt;\" height=\"46\">Farbe<\/td>\n<td class=\"et5\" style=\"width: 234.15pt;\" width=\"312\">schwarz\/wei\u00df\/blau\/grau\/rosa\/gr\u00fcn\/braun\/khaki<\/td>\n<\/tr>\n<tr style=\"height: 18.00pt;\">\n<td class=\"et3\" style=\"height: 18.00pt;\" height=\"24\">Dimension<\/td>\n<td class=\"et5\" style=\"width: 234.15pt;\" width=\"312\">40*40*13.5<\/td>\n<\/tr>\n<tr style=\"height: 17.25pt;\">\n<td class=\"et3\" style=\"height: 17.25pt;\" height=\"23\">N.W \/SET<\/td>\n<td class=\"et3\">15KGS\/PCS<\/td>\n<\/tr>\n<tr style=\"height: 17.25pt;\">\n<td class=\"et3\" style=\"height: 17.25pt;\" height=\"23\">MOQ<\/td>\n<td class=\"et3\">20St\u00fcck<\/td>\n<\/tr>\n<tr style=\"height: 17.25pt;\">\n<td class=\"et3\" style=\"height: 17.25pt;\" height=\"23\">Benutzerdefinierte Option<\/td>\n<td class=\"et3\">Farbe\/Muster\/Gr\u00f6\u00dfe\/Logo\/Verpackung<\/td>\n<\/tr>\n<\/tbody>\n<\/table>","protected":false},"featured_media":4858,"comment_status":"closed","ping_status":"closed","template":"","meta":{"_acf_changed":false},"product_brand":[],"product_cat":[50],"product_tag":[],"class_list":{"0":"post-4857","1":"product","2":"type-product","3":"status-publish","4":"has-post-thumbnail","6":"product_cat-wholesale-countertop-sinks","8":"first","9":"instock","10":"shipping-taxable","11":"product-type-simple"},"acf":[],"_links":{"self":[{"href":"https:\/\/www.ceramicbasin.com\/de\/wp-json\/wp\/v2\/product\/4857","targetHints":{"allow":["GET"]}}],"collection":[{"href":"https:\/\/www.ceramicbasin.com\/de\/wp-json\/wp\/v2\/product"}],"about":[{"href":"https:\/\/www.ceramicbasin.com\/de\/wp-json\/wp\/v2\/types\/product"}],"replies":[{"embeddable":true,"href":"https:\/\/www.ceramicbasin.com\/de\/wp-json\/wp\/v2\/comments?post=4857"}],"wp:featuredmedia":[{"embeddable":true,"href":"https:\/\/www.ceramicbasin.com\/de\/wp-json\/wp\/v2\/media\/4858"}],"wp:attachment":[{"href":"https:\/\/www.ceramicbasin.com\/de\/wp-json\/wp\/v2\/media?parent=4857"}],"wp:term":[{"taxonomy":"product_brand","embeddable":true,"href":"https:\/\/www.ceramicbasin.com\/de\/wp-json\/wp\/v2\/product_brand?post=4857"},{"taxonomy":"product_cat","embeddable":true,"href":"https:\/\/www.ceramicbasin.com\/de\/wp-json\/wp\/v2\/product_cat?post=4857"},{"taxonomy":"product_tag","embeddable":true,"href":"https:\/\/www.ceramicbasin.com\/de\/wp-json\/wp\/v2\/product_tag?post=4857"}],"curies":[{"name":"wp","href":"https:\/\/api.w.org\/{rel}","templated":true}]}}