{"id":4869,"date":"2024-08-22T06:40:29","date_gmt":"2024-08-22T06:40:29","guid":{"rendered":"https:\/\/www.ceramicbasin.com\/?post_type=product&#038;p=4869"},"modified":"2024-10-17T07:25:30","modified_gmt":"2024-10-17T07:25:30","slug":"bulk-customized-bathroom-sinks","status":"publish","type":"product","link":"https:\/\/www.ceramicbasin.com\/de\/produkt\/bulk-customized-bathroom-sinks\/","title":{"rendered":"Bulk Customized Badezimmer Waschbecken, Luxus Countertop Basins Gro\u00dfhandel"},"content":{"rendered":"<div class=\"wp-block-columns is-layout-flex wp-container-core-columns-is-layout-9d6595d7 wp-block-columns-is-layout-flex\">\n<div class=\"wp-block-column is-layout-flow wp-block-column-is-layout-flow\">\n<h2 class=\"wp-block-heading\">Premium Bulk Customized Badezimmer Waschbecken Merkmale:<\/h2>\n\n\n\n<ul class=\"wp-block-list\">\n<li><strong>Elegantes rundes Design: <\/strong>Dieses gro\u00dfe ma\u00dfgeschneiderte Waschbecken hat ein klassisches rundes Design mit glatten Linien und einer einfachen und eleganten Form, die sich f\u00fcr eine Vielzahl von modernen Badezimmern eignet. Sein elegantes Aussehen f\u00fcgt nicht nur Sch\u00f6nheit in den Raum.<\/li>\n\n\n\n<li><strong>Einzigartige kantige Oberfl\u00e4che: <\/strong>Die Oberfl\u00e4che unserer Arbeitsplattenbecken im Gro\u00dfhandel hat ein einzigartiges, eckiges Design, das die Monotonie der traditionellen glatten Oberfl\u00e4che durchbricht, die visuelle Schichtung und den dreidimensionalen Effekt verst\u00e4rkt und die Raffinesse der gesamten Dekoration erh\u00f6ht.<\/li>\n\n\n\n<li><strong>Hochwertige keramische Materialien: <\/strong>Unsere massgefertigten Waschbecken werden aus ausgew\u00e4hlten hochwertigen Keramikmaterialien hergestellt. Nach dem Brennen bei hoher Temperatur haben sie eine ausgezeichnete Verschlei\u00dffestigkeit und Fleckenbest\u00e4ndigkeit und k\u00f6nnen auch nach langem Gebrauch einen neuen Glanz behalten. Die keramische Oberfl\u00e4che ist glatt und leicht zu reinigen und zu pflegen.<\/li>\n\n\n\n<li><strong>Ma\u00dfgeschneiderte L\u00f6sungen: <\/strong>Wir bieten flexible Anpassungsdienste f\u00fcr Aufsatzwaschbecken im Gro\u00dfhandel und k\u00f6nnen die Gr\u00f6\u00dfe, Farbe und Oberfl\u00e4chenbehandlung des Aufsatzwaschbeckens entsprechend den Kundenbed\u00fcrfnissen anpassen. Ob es sich um eine Luxusresidenz, ein Hotelbad oder ein kommerzielles Projekt handelt, wir k\u00f6nnen personalisierte Anpassungsl\u00f6sungen anbieten.<\/li>\n<\/ul>\n<\/div>\n\n\n\n<div class=\"wp-block-column is-layout-flow wp-block-column-is-layout-flow\">\n<figure class=\"wp-block-image size-full\"><img fetchpriority=\"high\" decoding=\"async\" width=\"800\" height=\"800\" src=\"https:\/\/www.ceramicbasin.com\/wp-content\/uploads\/2024\/08\/wholesale-wash-basincustom-ceramic-sink-bathroom-countertop-5.webp\" alt=\"Bulk Customized Badezimmer Waschbecken, Luxus-Arbeitsplatte Basins-1\" class=\"wp-image-4874\" srcset=\"https:\/\/www.ceramicbasin.com\/wp-content\/uploads\/2024\/08\/wholesale-wash-basincustom-ceramic-sink-bathroom-countertop-5.webp 800w, https:\/\/www.ceramicbasin.com\/wp-content\/uploads\/2024\/08\/wholesale-wash-basincustom-ceramic-sink-bathroom-countertop-5-300x300.webp 300w, https:\/\/www.ceramicbasin.com\/wp-content\/uploads\/2024\/08\/wholesale-wash-basincustom-ceramic-sink-bathroom-countertop-5-150x150.webp 150w, https:\/\/www.ceramicbasin.com\/wp-content\/uploads\/2024\/08\/wholesale-wash-basincustom-ceramic-sink-bathroom-countertop-5-768x768.webp 768w, https:\/\/www.ceramicbasin.com\/wp-content\/uploads\/2024\/08\/wholesale-wash-basincustom-ceramic-sink-bathroom-countertop-5-12x12.webp 12w, https:\/\/www.ceramicbasin.com\/wp-content\/uploads\/2024\/08\/wholesale-wash-basincustom-ceramic-sink-bathroom-countertop-5-285x285.webp 285w, https:\/\/www.ceramicbasin.com\/wp-content\/uploads\/2024\/08\/wholesale-wash-basincustom-ceramic-sink-bathroom-countertop-5-270x270.webp 270w, https:\/\/www.ceramicbasin.com\/wp-content\/uploads\/2024\/08\/wholesale-wash-basincustom-ceramic-sink-bathroom-countertop-5-540x540.webp 540w, https:\/\/www.ceramicbasin.com\/wp-content\/uploads\/2024\/08\/wholesale-wash-basincustom-ceramic-sink-bathroom-countertop-5-660x660.webp 660w\" sizes=\"(max-width: 800px) 100vw, 800px\" \/><\/figure>\n<\/div>\n<\/div>","protected":false},"excerpt":{"rendered":"<p>Willkommen zum Kauf von Aufsatzwaschbecken im Gro\u00dfhandel. Diese runde Masse ma\u00dfgeschneiderte Bad Waschbecken zeichnet sich durch seine einfache und elegante Form und einzigartige eckige Oberfl\u00e4che Design, zeigt luxuri\u00f6se Textur und pers\u00f6nlichen Stil. Hergestellt aus High-End-Premium-Keramik, hat es ausgezeichnete Verschlei\u00df und Flecken Widerstand und ist leicht zu reinigen.<\/p>\n<table style=\"border-collapse: collapse; width: 358.52pt;\" border=\"0\" width=\"478\" cellspacing=\"0\" cellpadding=\"0\">\n<tbody>\n<tr style=\"height: 17.25pt;\">\n<td class=\"et3\" style=\"height: 17.25pt; width: 125.00pt;\" width=\"166\" height=\"23\">Hersteller<\/td>\n<td class=\"et3\" style=\"width: 234.15pt;\" width=\"312\">HanYu<\/td>\n<\/tr>\n<tr style=\"height: 17.25pt;\">\n<td class=\"et3\" style=\"height: 17.25pt;\" height=\"23\">Modell Nr.<\/td>\n<td class=\"et4\">HY-8176<\/td>\n<\/tr>\n<tr style=\"height: 17.25pt;\">\n<td class=\"et3\" style=\"height: 17.25pt;\" height=\"23\">Typ<\/td>\n<td class=\"et5\" style=\"width: 234.15pt;\" width=\"312\">Aufsatzwaschbecken<\/td>\n<\/tr>\n<tr style=\"height: 18.00pt;\">\n<td class=\"et3\" style=\"height: 18.00pt;\" height=\"24\">Form<\/td>\n<td class=\"et3\">Runde Form<\/td>\n<\/tr>\n<tr style=\"height: 34.50pt;\">\n<td class=\"et4\" style=\"height: 34.50pt;\" height=\"46\">Farbe<\/td>\n<td class=\"et5\" style=\"width: 234.15pt;\" width=\"312\">schwarz\/wei\u00df\/blau\/grau\/rosa\/gr\u00fcn\/braun\/khaki<\/td>\n<\/tr>\n<tr style=\"height: 18.00pt;\">\n<td class=\"et3\" style=\"height: 18.00pt;\" height=\"24\">Dimension<\/td>\n<td class=\"et5\" style=\"width: 234.15pt;\" width=\"312\">41.5*41.5*14<\/td>\n<\/tr>\n<tr style=\"height: 17.25pt;\">\n<td class=\"et3\" style=\"height: 17.25pt;\" height=\"23\">N.W \/SET<\/td>\n<td class=\"et3\">15KGS\/PCS<\/td>\n<\/tr>\n<tr style=\"height: 17.25pt;\">\n<td class=\"et3\" style=\"height: 17.25pt;\" height=\"23\">MOQ<\/td>\n<td class=\"et3\">20St\u00fcck<\/td>\n<\/tr>\n<tr style=\"height: 17.25pt;\">\n<td class=\"et3\" style=\"height: 17.25pt;\" height=\"23\">Benutzerdefinierte Option<\/td>\n<td class=\"et3\">Farbe\/Muster\/Gr\u00f6\u00dfe\/Logo\/Verpackung<\/td>\n<\/tr>\n<\/tbody>\n<\/table>","protected":false},"featured_media":4870,"comment_status":"closed","ping_status":"closed","template":"","meta":{"_acf_changed":false},"product_brand":[],"product_cat":[50],"product_tag":[],"class_list":{"0":"post-4869","1":"product","2":"type-product","3":"status-publish","4":"has-post-thumbnail","6":"product_cat-wholesale-countertop-sinks","8":"first","9":"instock","10":"shipping-taxable","11":"product-type-simple"},"acf":[],"_links":{"self":[{"href":"https:\/\/www.ceramicbasin.com\/de\/wp-json\/wp\/v2\/product\/4869","targetHints":{"allow":["GET"]}}],"collection":[{"href":"https:\/\/www.ceramicbasin.com\/de\/wp-json\/wp\/v2\/product"}],"about":[{"href":"https:\/\/www.ceramicbasin.com\/de\/wp-json\/wp\/v2\/types\/product"}],"replies":[{"embeddable":true,"href":"https:\/\/www.ceramicbasin.com\/de\/wp-json\/wp\/v2\/comments?post=4869"}],"wp:featuredmedia":[{"embeddable":true,"href":"https:\/\/www.ceramicbasin.com\/de\/wp-json\/wp\/v2\/media\/4870"}],"wp:attachment":[{"href":"https:\/\/www.ceramicbasin.com\/de\/wp-json\/wp\/v2\/media?parent=4869"}],"wp:term":[{"taxonomy":"product_brand","embeddable":true,"href":"https:\/\/www.ceramicbasin.com\/de\/wp-json\/wp\/v2\/product_brand?post=4869"},{"taxonomy":"product_cat","embeddable":true,"href":"https:\/\/www.ceramicbasin.com\/de\/wp-json\/wp\/v2\/product_cat?post=4869"},{"taxonomy":"product_tag","embeddable":true,"href":"https:\/\/www.ceramicbasin.com\/de\/wp-json\/wp\/v2\/product_tag?post=4869"}],"curies":[{"name":"wp","href":"https:\/\/api.w.org\/{rel}","templated":true}]}}