{"id":4952,"date":"2024-08-28T08:55:10","date_gmt":"2024-08-28T08:55:10","guid":{"rendered":"https:\/\/www.ceramicbasin.com\/?post_type=product&#038;p=4952"},"modified":"2024-12-06T09:23:35","modified_gmt":"2024-12-06T09:23:35","slug":"ceramic-bathroom-sink-wholesale","status":"publish","type":"product","link":"https:\/\/www.ceramicbasin.com\/de\/produkt\/ceramic-bathroom-sink-wholesale\/","title":{"rendered":"Bunte keramische Badezimmer Waschbecken Gro\u00dfhandel, Countertop Basins"},"content":{"rendered":"<div class=\"wp-block-columns is-layout-flex wp-container-core-columns-is-layout-9d6595d7 wp-block-columns-is-layout-flex\">\n<div class=\"wp-block-column is-layout-flow wp-block-column-is-layout-flow\">\n<h2 class=\"wp-block-heading\">Premium-Keramik-Badewanne Gro\u00dfhandel Waschbecken:<\/h2>\n\n\n\n<ul class=\"wp-block-list\">\n<li><strong>Farbenfroh: <\/strong>Die Marmorfarbe dieser keramischen Waschbecken Gro\u00dfhandel wird durch Wasser-Transferdruck auf der Grundlage eines gew\u00f6hnlichen hellen wei\u00dfen Becken, die sch\u00f6n und langlebig ist gemacht. Wir bieten mehr als 100 Farben und Muster zur Auswahl, und alle Waschbecken Gro\u00dfhandel Modelle k\u00f6nnen in Farbe und Textur angepasst werden.<\/li>\n\n\n\n<li><strong>\u00dcberlegene Langlebigkeit:<\/strong> Unsere Gro\u00dfhandels-Keramiksp\u00fclen sind aus hochwertigem Keramikmaterial hergestellt, das eine ausgezeichnete Kratzfestigkeit und Haltbarkeit aufweist. Es hat eine ausgezeichnete chemische Best\u00e4ndigkeit und kann mit jedem Reinigungsmittel gereinigt werden.<\/li>\n\n\n\n<li><strong>Sch\u00f6ne Oberfl\u00e4che: <\/strong>Die Oberfl\u00e4che unserer Keramik Waschbecken Gro\u00dfhandel ist glatt und es k\u00f6nnte matt und gl\u00e4nzend folgen ben\u00f6tigt. Ber\u00fchren Sie es und f\u00fchlen Sie es, es ist seidig und exquisit.<\/li>\n\n\n\n<li><strong>Schnelle Lieferung:<\/strong> Mit schneller Lieferung und erschwinglichen Preisen sind unsere Gro\u00dfhandels-Badewannen ideal f\u00fcr professionelle Projekte und Badrenovierungen. Benutzerdefinierte Arbeitsplatte Waschbecken sind f\u00fcr Ihr Projekt willkommen.<\/li>\n<\/ul>\n<\/div>\n\n\n\n<div class=\"wp-block-column is-layout-flow wp-block-column-is-layout-flow\">\n<figure class=\"wp-block-image size-full\"><img fetchpriority=\"high\" decoding=\"async\" width=\"913\" height=\"1214\" src=\"https:\/\/www.ceramicbasin.com\/wp-content\/uploads\/2024\/08\/Colorful-Ceramic-Bathroom-Sink-lavabo-wash-basin-6.webp\" alt=\"Bunte keramische Badezimmer Waschbecken Gro\u00dfhandel, Countertop Basins-1\" class=\"wp-image-4953\" srcset=\"https:\/\/www.ceramicbasin.com\/wp-content\/uploads\/2024\/08\/Colorful-Ceramic-Bathroom-Sink-lavabo-wash-basin-6.webp 913w, https:\/\/www.ceramicbasin.com\/wp-content\/uploads\/2024\/08\/Colorful-Ceramic-Bathroom-Sink-lavabo-wash-basin-6-226x300.webp 226w, https:\/\/www.ceramicbasin.com\/wp-content\/uploads\/2024\/08\/Colorful-Ceramic-Bathroom-Sink-lavabo-wash-basin-6-768x1021.webp 768w, https:\/\/www.ceramicbasin.com\/wp-content\/uploads\/2024\/08\/Colorful-Ceramic-Bathroom-Sink-lavabo-wash-basin-6-9x12.webp 9w, https:\/\/www.ceramicbasin.com\/wp-content\/uploads\/2024\/08\/Colorful-Ceramic-Bathroom-Sink-lavabo-wash-basin-6-285x379.webp 285w, https:\/\/www.ceramicbasin.com\/wp-content\/uploads\/2024\/08\/Colorful-Ceramic-Bathroom-Sink-lavabo-wash-basin-6-496x660.webp 496w, https:\/\/www.ceramicbasin.com\/wp-content\/uploads\/2024\/08\/Colorful-Ceramic-Bathroom-Sink-lavabo-wash-basin-6-113x150.webp 113w\" sizes=\"(max-width: 913px) 100vw, 913px\" \/><\/figure>\n<\/div>\n<\/div>","protected":false},"excerpt":{"rendered":"<p>Diese farbenfrohen keramischen Waschbecken im Gro\u00dfhandel verwenden hochwertige keramische Materialien, kombiniert mit modischen Farben und modernen Designs, die nicht nur langlebig, sondern auch leicht zu reinigen sind. Ob es sich um Heimdekoration oder kommerzielle Projekte, sind diese Arbeitsplatte Becken ideal. Willkommen im Gro\u00dfhandel zu bestellen!<\/p>\n<table style=\"border-collapse: collapse; width: 358.52pt;\" border=\"0\" width=\"478\" cellspacing=\"0\" cellpadding=\"0\">\n<tbody>\n<tr style=\"height: 17.25pt;\">\n<td class=\"et3\" style=\"height: 17.25pt; width: 125.00pt;\" width=\"166\" height=\"23\">Hersteller<\/td>\n<td class=\"et3\" style=\"width: 234.15pt;\" width=\"312\">HanYu<\/td>\n<\/tr>\n<tr style=\"height: 17.25pt;\">\n<td class=\"et3\" style=\"height: 17.25pt;\" height=\"23\">Modell Nr.<\/td>\n<td class=\"et4\">HY-8024D115<\/td>\n<\/tr>\n<tr style=\"height: 17.25pt;\">\n<td class=\"et3\" style=\"height: 17.25pt;\" height=\"23\">Typ<\/td>\n<td class=\"et5\" style=\"width: 234.15pt;\" width=\"312\">Marmorsp\u00fcle, Aufsatzsp\u00fcle<\/td>\n<\/tr>\n<tr style=\"height: 18.00pt;\">\n<td class=\"et3\" style=\"height: 18.00pt;\" height=\"24\">Form<\/td>\n<td class=\"et3\">Rechteckige Form<\/td>\n<\/tr>\n<tr style=\"height: 34.50pt;\">\n<td class=\"et4\" style=\"height: 34.50pt;\" height=\"46\">Farbe<\/td>\n<td class=\"et5\" style=\"width: 234.15pt;\" width=\"312\">Gr\u00fcn<\/td>\n<\/tr>\n<tr style=\"height: 18.00pt;\">\n<td class=\"et3\" style=\"height: 18.00pt;\" height=\"24\">Dimension<\/td>\n<td class=\"et5\" style=\"width: 234.15pt;\" width=\"312\">50*38.5*13<\/td>\n<\/tr>\n<tr style=\"height: 17.25pt;\">\n<td class=\"et3\" style=\"height: 17.25pt;\" height=\"23\">N.W \/SET<\/td>\n<td class=\"et3\">12KGS\/PCS<\/td>\n<\/tr>\n<tr style=\"height: 17.25pt;\">\n<td class=\"et3\" style=\"height: 17.25pt;\" height=\"23\">MOQ<\/td>\n<td class=\"et3\">20St\u00fcck<\/td>\n<\/tr>\n<tr style=\"height: 17.25pt;\">\n<td class=\"et3\" style=\"height: 17.25pt;\" height=\"23\">Benutzerdefinierte Option<\/td>\n<td class=\"et3\">Farbe\/Muster\/Gr\u00f6\u00dfe\/Logo\/Verpackung<\/td>\n<\/tr>\n<\/tbody>\n<\/table>","protected":false},"featured_media":4954,"comment_status":"closed","ping_status":"closed","template":"","meta":{"_acf_changed":false},"product_brand":[],"product_cat":[54,50],"product_tag":[],"class_list":{"0":"post-4952","1":"product","2":"type-product","3":"status-publish","4":"has-post-thumbnail","6":"product_cat-wholesale-marble-sinks","7":"product_cat-wholesale-countertop-sinks","9":"first","10":"instock","11":"shipping-taxable","12":"product-type-simple"},"acf":[],"_links":{"self":[{"href":"https:\/\/www.ceramicbasin.com\/de\/wp-json\/wp\/v2\/product\/4952","targetHints":{"allow":["GET"]}}],"collection":[{"href":"https:\/\/www.ceramicbasin.com\/de\/wp-json\/wp\/v2\/product"}],"about":[{"href":"https:\/\/www.ceramicbasin.com\/de\/wp-json\/wp\/v2\/types\/product"}],"replies":[{"embeddable":true,"href":"https:\/\/www.ceramicbasin.com\/de\/wp-json\/wp\/v2\/comments?post=4952"}],"wp:featuredmedia":[{"embeddable":true,"href":"https:\/\/www.ceramicbasin.com\/de\/wp-json\/wp\/v2\/media\/4954"}],"wp:attachment":[{"href":"https:\/\/www.ceramicbasin.com\/de\/wp-json\/wp\/v2\/media?parent=4952"}],"wp:term":[{"taxonomy":"product_brand","embeddable":true,"href":"https:\/\/www.ceramicbasin.com\/de\/wp-json\/wp\/v2\/product_brand?post=4952"},{"taxonomy":"product_cat","embeddable":true,"href":"https:\/\/www.ceramicbasin.com\/de\/wp-json\/wp\/v2\/product_cat?post=4952"},{"taxonomy":"product_tag","embeddable":true,"href":"https:\/\/www.ceramicbasin.com\/de\/wp-json\/wp\/v2\/product_tag?post=4952"}],"curies":[{"name":"wp","href":"https:\/\/api.w.org\/{rel}","templated":true}]}}