{"id":4989,"date":"2024-09-03T01:07:05","date_gmt":"2024-09-03T01:07:05","guid":{"rendered":"https:\/\/www.ceramicbasin.com\/?post_type=product&#038;p=4989"},"modified":"2024-09-03T01:16:38","modified_gmt":"2024-09-03T01:16:38","slug":"small-bathroom-sinks-wholesale","status":"publish","type":"product","link":"https:\/\/www.ceramicbasin.com\/de\/produkt\/small-bathroom-sinks-wholesale\/","title":{"rendered":"Kleine Badezimmer Waschbecken Gro\u00dfhandel, Tiny Wall Hung Wash Basins"},"content":{"rendered":"<div class=\"wp-block-columns is-layout-flex wp-container-core-columns-is-layout-9d6595d7 wp-block-columns-is-layout-flex\">\n<div class=\"wp-block-column is-layout-flow wp-block-column-is-layout-flow\">\n<h2 class=\"wp-block-heading\">Premium Small Bathroom Sinks Wholesale Eigenschaften:<\/h2>\n\n\n\n<ul class=\"wp-block-list\">\n<li><strong>Raumoptimiertes Design:<\/strong> Unser kleines Waschbecken im Gro\u00dfhandel ist f\u00fcr winzige B\u00e4der konzipiert. Es spart effektiv Platz und ist ideal f\u00fcr kleine Wohnungen oder Hotelzimmer.<\/li>\n\n\n\n<li><strong>Hochwertige keramische Materialien: <\/strong>Wir verwenden hochwertige keramische Rohstoffe, die bei einer hohen Temperatur von 1280 Grad gebrannt werden, um sicherzustellen, dass unsere kleinen wandh\u00e4ngenden Waschbecken langlebig, glatt, leicht zu reinigen, dauerhaft und sch\u00f6n sind.<\/li>\n\n\n\n<li><strong>Wandmontierte Installation: <\/strong>Diese wandmontierten kleinen Waschbecken im Gro\u00dfhandel werden an der Wand befestigt, was nicht nur Platz spart, sondern auch die Bodenreinigung erleichtert und die allgemeine Sauberkeit des Badezimmers verbessert.<\/li>\n\n\n\n<li><strong>Gro\u00dfer Vorteil: <\/strong>Als professioneller Hersteller von Keramikwaschbecken kann Hanyu winzige Badezimmerwaschbecken im Gro\u00dfhandel zu \u00e4u\u00dferst wettbewerbsf\u00e4higen Preisen anbieten, die f\u00fcr den gro\u00dfen Renovierungsbedarf von Hotels, Wohnungen und Wohnprojekten geeignet sind.<\/li>\n<\/ul>\n<\/div>\n\n\n\n<div class=\"wp-block-column is-layout-flow wp-block-column-is-layout-flow\">\n<figure class=\"wp-block-image size-full\"><img fetchpriority=\"high\" decoding=\"async\" width=\"800\" height=\"800\" src=\"https:\/\/www.ceramicbasin.com\/wp-content\/uploads\/2024\/09\/Modern-Style-Lavatory-Small-Size-Ceramic-Hand-Wash-Basin-Wall-Hung-Mounted-Rectangular-Bathroom-Sink-6.webp\" alt=\"Kleine Badezimmer Waschbecken Gro\u00dfhandel, Tiny Wall Hung Wash Basins-1\" class=\"wp-image-4984\" srcset=\"https:\/\/www.ceramicbasin.com\/wp-content\/uploads\/2024\/09\/Modern-Style-Lavatory-Small-Size-Ceramic-Hand-Wash-Basin-Wall-Hung-Mounted-Rectangular-Bathroom-Sink-6.webp 800w, https:\/\/www.ceramicbasin.com\/wp-content\/uploads\/2024\/09\/Modern-Style-Lavatory-Small-Size-Ceramic-Hand-Wash-Basin-Wall-Hung-Mounted-Rectangular-Bathroom-Sink-6-300x300.webp 300w, https:\/\/www.ceramicbasin.com\/wp-content\/uploads\/2024\/09\/Modern-Style-Lavatory-Small-Size-Ceramic-Hand-Wash-Basin-Wall-Hung-Mounted-Rectangular-Bathroom-Sink-6-150x150.webp 150w, https:\/\/www.ceramicbasin.com\/wp-content\/uploads\/2024\/09\/Modern-Style-Lavatory-Small-Size-Ceramic-Hand-Wash-Basin-Wall-Hung-Mounted-Rectangular-Bathroom-Sink-6-768x768.webp 768w, https:\/\/www.ceramicbasin.com\/wp-content\/uploads\/2024\/09\/Modern-Style-Lavatory-Small-Size-Ceramic-Hand-Wash-Basin-Wall-Hung-Mounted-Rectangular-Bathroom-Sink-6-12x12.webp 12w, https:\/\/www.ceramicbasin.com\/wp-content\/uploads\/2024\/09\/Modern-Style-Lavatory-Small-Size-Ceramic-Hand-Wash-Basin-Wall-Hung-Mounted-Rectangular-Bathroom-Sink-6-285x285.webp 285w, https:\/\/www.ceramicbasin.com\/wp-content\/uploads\/2024\/09\/Modern-Style-Lavatory-Small-Size-Ceramic-Hand-Wash-Basin-Wall-Hung-Mounted-Rectangular-Bathroom-Sink-6-270x270.webp 270w, https:\/\/www.ceramicbasin.com\/wp-content\/uploads\/2024\/09\/Modern-Style-Lavatory-Small-Size-Ceramic-Hand-Wash-Basin-Wall-Hung-Mounted-Rectangular-Bathroom-Sink-6-540x540.webp 540w, https:\/\/www.ceramicbasin.com\/wp-content\/uploads\/2024\/09\/Modern-Style-Lavatory-Small-Size-Ceramic-Hand-Wash-Basin-Wall-Hung-Mounted-Rectangular-Bathroom-Sink-6-660x660.webp 660w\" sizes=\"(max-width: 800px) 100vw, 800px\" \/><\/figure>\n<\/div>\n<\/div>","protected":false},"excerpt":{"rendered":"<p>Unsere Fabrik liefert wandmontierte kleine Bad Waschbecken Gro\u00dfhandel Designs f\u00fcr Badezimmer, diese Wand-Becken verwenden ausgew\u00e4hlte Materialien und Pr\u00e4zision Produktionsprozesse, um sicherzustellen, dass die Becken sind solide gebaut, glatt, und leicht zu reinigen.Wir haben einen gro\u00dfen Bestand, um Ihre dringende Auftr\u00e4ge oder gro\u00dfvolumige Bed\u00fcrfnisse zu erf\u00fcllen.<\/p>\n<table style=\"border-collapse: collapse; width: 358.52pt;\" border=\"0\" width=\"478\" cellspacing=\"0\" cellpadding=\"0\">\n<tbody>\n<tr style=\"height: 17.25pt;\">\n<td class=\"et3\" style=\"height: 17.25pt; width: 125.00pt;\" width=\"166\" height=\"23\">Hersteller<\/td>\n<td class=\"et3\" style=\"width: 234.15pt;\" width=\"312\">HanYu<\/td>\n<\/tr>\n<tr style=\"height: 17.25pt;\">\n<td class=\"et3\" style=\"height: 17.25pt;\" height=\"23\">Modell Nr.<\/td>\n<td class=\"et4\">HY-3053AL<\/td>\n<\/tr>\n<tr style=\"height: 17.25pt;\">\n<td class=\"et3\" style=\"height: 17.25pt;\" height=\"23\">Typ<\/td>\n<td class=\"et5\" style=\"width: 234.15pt;\" width=\"312\">Wandmontierte Waschbecken<\/td>\n<\/tr>\n<tr style=\"height: 18.00pt;\">\n<td class=\"et3\" style=\"height: 18.00pt;\" height=\"24\">Form<\/td>\n<td class=\"et3\">Rechteckige Form<\/td>\n<\/tr>\n<tr style=\"height: 34.50pt;\">\n<td class=\"et4\" style=\"height: 34.50pt;\" height=\"46\">Farbe<\/td>\n<td class=\"et5\" style=\"width: 234.15pt;\" width=\"312\">schwarz\/wei\u00df\/blau\/grau\/rosa\/gr\u00fcn\/braun\/khaki<\/td>\n<\/tr>\n<tr style=\"height: 18.00pt;\">\n<td class=\"et3\" style=\"height: 18.00pt;\" height=\"24\">Dimension<\/td>\n<td class=\"et5\" style=\"width: 234.15pt;\" width=\"312\">40*22*11<\/td>\n<\/tr>\n<tr style=\"height: 17.25pt;\">\n<td class=\"et3\" style=\"height: 17.25pt;\" height=\"23\">N.W \/SET<\/td>\n<td class=\"et3\">8KGS\/PCS<\/td>\n<\/tr>\n<tr style=\"height: 17.25pt;\">\n<td class=\"et3\" style=\"height: 17.25pt;\" height=\"23\">MOQ<\/td>\n<td class=\"et3\">20St\u00fcck<\/td>\n<\/tr>\n<tr style=\"height: 17.25pt;\">\n<td class=\"et3\" style=\"height: 17.25pt;\" height=\"23\">Benutzerdefinierte Option<\/td>\n<td class=\"et3\">Farbe\/Muster\/Gr\u00f6\u00dfe\/Logo\/Verpackung<\/td>\n<\/tr>\n<\/tbody>\n<\/table>","protected":false},"featured_media":4982,"comment_status":"closed","ping_status":"closed","template":"","meta":{"_acf_changed":false},"product_brand":[],"product_cat":[56],"product_tag":[],"class_list":{"0":"post-4989","1":"product","2":"type-product","3":"status-publish","4":"has-post-thumbnail","6":"product_cat-wholesale-small-bathroom-sinks","8":"first","9":"instock","10":"shipping-taxable","11":"product-type-simple"},"acf":[],"_links":{"self":[{"href":"https:\/\/www.ceramicbasin.com\/de\/wp-json\/wp\/v2\/product\/4989","targetHints":{"allow":["GET"]}}],"collection":[{"href":"https:\/\/www.ceramicbasin.com\/de\/wp-json\/wp\/v2\/product"}],"about":[{"href":"https:\/\/www.ceramicbasin.com\/de\/wp-json\/wp\/v2\/types\/product"}],"replies":[{"embeddable":true,"href":"https:\/\/www.ceramicbasin.com\/de\/wp-json\/wp\/v2\/comments?post=4989"}],"wp:featuredmedia":[{"embeddable":true,"href":"https:\/\/www.ceramicbasin.com\/de\/wp-json\/wp\/v2\/media\/4982"}],"wp:attachment":[{"href":"https:\/\/www.ceramicbasin.com\/de\/wp-json\/wp\/v2\/media?parent=4989"}],"wp:term":[{"taxonomy":"product_brand","embeddable":true,"href":"https:\/\/www.ceramicbasin.com\/de\/wp-json\/wp\/v2\/product_brand?post=4989"},{"taxonomy":"product_cat","embeddable":true,"href":"https:\/\/www.ceramicbasin.com\/de\/wp-json\/wp\/v2\/product_cat?post=4989"},{"taxonomy":"product_tag","embeddable":true,"href":"https:\/\/www.ceramicbasin.com\/de\/wp-json\/wp\/v2\/product_tag?post=4989"}],"curies":[{"name":"wp","href":"https:\/\/api.w.org\/{rel}","templated":true}]}}