{"id":5000,"date":"2024-09-05T01:47:37","date_gmt":"2024-09-05T01:47:37","guid":{"rendered":"https:\/\/www.ceramicbasin.com\/?post_type=product&#038;p=5000"},"modified":"2024-09-05T01:47:39","modified_gmt":"2024-09-05T01:47:39","slug":"mini-bathroom-sink-wholesale","status":"publish","type":"product","link":"https:\/\/www.ceramicbasin.com\/de\/produkt\/mini-bathroom-sink-wholesale\/","title":{"rendered":"Hei\u00dfer Verkauf Mini Badezimmer Waschbecken Gro\u00dfhandel, Tiny Wall Hung Basin"},"content":{"rendered":"<div class=\"wp-block-columns is-layout-flex wp-container-core-columns-is-layout-9d6595d7 wp-block-columns-is-layout-flex\">\n<div class=\"wp-block-column is-layout-flow wp-block-column-is-layout-flow\">\n<h2 class=\"wp-block-heading\">Premium Mini-Badezimmer Waschbecken Gro\u00dfhandel Merkmale:<\/h2>\n\n\n\n<ul class=\"wp-block-list\">\n<li><strong>Klassisches Design:\u00a0<\/strong>Unsere Fabrik liefern kleine wandh\u00e4ngende Waschbecken Gro\u00dfhandel verf\u00fcgen \u00fcber ein zeitloses klassisches Design mit sauberen, mit einer kleinen Wand-Installation, um die Nutzung der begrenzten Raum zu maximieren.<\/li>\n\n\n\n<li><strong>Wandmontierte Installation:\u00a0<\/strong>Das wandmontierte Design spart Platz und ist leicht zu reinigen. Dieses Mini-Waschbecken im Gro\u00dfhandel eignet sich besonders f\u00fcr moderne, kompakte B\u00e4der und unterstreicht die Sauberkeit und Modernit\u00e4t des gesamten Raums.<\/li>\n\n\n\n<li><strong>Leicht zu reinigende Glasurbehandlung:<\/strong>\u00a0Die Oberfl\u00e4che dieses winzigen wandh\u00e4ngenden Waschbeckens im Gro\u00dfhandel ist mit einer speziellen, leicht zu reinigenden Glasur versehen, die glatt und zart ist, so dass Flecken nicht so leicht anhaften und leicht zu reinigen sind.<\/li>\n\n\n\n<li><strong>Rabatt bei Gro\u00dfeinkauf:\u00a0<\/strong>Als professioneller Hersteller und Lieferant von Keramikwaschbecken bieten wir sehr wettbewerbsf\u00e4hige Preise f\u00fcr Mini-Badewaschbecken im Gro\u00dfhandel, die f\u00fcr gro\u00dfe Dekorationsprojekte wie Hotels, Wohnungen, B\u00fcros usw. geeignet sind.<\/li>\n<\/ul>\n<\/div>\n\n\n\n<div class=\"wp-block-column is-layout-flow wp-block-column-is-layout-flow\">\n<figure class=\"wp-block-image size-full\"><img fetchpriority=\"high\" decoding=\"async\" width=\"1784\" height=\"1784\" src=\"https:\/\/www.ceramicbasin.com\/wp-content\/uploads\/2024\/09\/Hot-sale-Mini-bathroom-porcelain-sink-wall-hung-wash-basin-with-faucet-5.webp\" alt=\"Hei\u00dfer Verkauf Mini-Badezimmer Waschbecken Gro\u00dfhandel, Tiny Wall Hung Basin-1\" class=\"wp-image-5005\" srcset=\"https:\/\/www.ceramicbasin.com\/wp-content\/uploads\/2024\/09\/Hot-sale-Mini-bathroom-porcelain-sink-wall-hung-wash-basin-with-faucet-5.webp 1784w, https:\/\/www.ceramicbasin.com\/wp-content\/uploads\/2024\/09\/Hot-sale-Mini-bathroom-porcelain-sink-wall-hung-wash-basin-with-faucet-5-300x300.webp 300w, https:\/\/www.ceramicbasin.com\/wp-content\/uploads\/2024\/09\/Hot-sale-Mini-bathroom-porcelain-sink-wall-hung-wash-basin-with-faucet-5-150x150.webp 150w, https:\/\/www.ceramicbasin.com\/wp-content\/uploads\/2024\/09\/Hot-sale-Mini-bathroom-porcelain-sink-wall-hung-wash-basin-with-faucet-5-768x768.webp 768w, https:\/\/www.ceramicbasin.com\/wp-content\/uploads\/2024\/09\/Hot-sale-Mini-bathroom-porcelain-sink-wall-hung-wash-basin-with-faucet-5-12x12.webp 12w, https:\/\/www.ceramicbasin.com\/wp-content\/uploads\/2024\/09\/Hot-sale-Mini-bathroom-porcelain-sink-wall-hung-wash-basin-with-faucet-5-285x285.webp 285w, https:\/\/www.ceramicbasin.com\/wp-content\/uploads\/2024\/09\/Hot-sale-Mini-bathroom-porcelain-sink-wall-hung-wash-basin-with-faucet-5-1600x1600.webp 1600w, https:\/\/www.ceramicbasin.com\/wp-content\/uploads\/2024\/09\/Hot-sale-Mini-bathroom-porcelain-sink-wall-hung-wash-basin-with-faucet-5-270x270.webp 270w, https:\/\/www.ceramicbasin.com\/wp-content\/uploads\/2024\/09\/Hot-sale-Mini-bathroom-porcelain-sink-wall-hung-wash-basin-with-faucet-5-540x540.webp 540w, https:\/\/www.ceramicbasin.com\/wp-content\/uploads\/2024\/09\/Hot-sale-Mini-bathroom-porcelain-sink-wall-hung-wash-basin-with-faucet-5-660x660.webp 660w\" sizes=\"(max-width: 1784px) 100vw, 1784px\" \/><\/figure>\n<\/div>\n<\/div>","protected":false},"excerpt":{"rendered":"<p>Dieses keramische wandh\u00e4ngende Mini-Badewaschbecken im Gro\u00dfhandel ist f\u00fcr kleine B\u00e4der konzipiert, die praktisch und sch\u00f6n sein wollen. Die Auswahl der \u00fcberlegenen keramischen Materialien sorgt daf\u00fcr, dass unsere Wand h\u00e4ngen Waschbecken hat ausgezeichnete Haltbarkeit und Sch\u00f6nheit. Das wandh\u00e4ngende Design spart nicht nur Platz, sondern erleichtert auch die Bodenreinigung.<\/p>\n<table style=\"border-collapse: collapse; width: 311.02pt;\" border=\"0\" width=\"311\" cellspacing=\"0\" cellpadding=\"0\">\n<tbody>\n<tr style=\"height: 17.60pt;\">\n<td class=\"et3\" style=\"height: 17.60pt; width: 108.35pt;\" width=\"108\" height=\"17\">Hersteller<\/td>\n<td class=\"et3\" style=\"width: 202.95pt;\" width=\"202\">HanYu<\/td>\n<\/tr>\n<tr style=\"height: 17.60pt;\">\n<td class=\"et3\" style=\"height: 17.60pt;\" height=\"17\">Modell Nr.<\/td>\n<td class=\"et4\">HY3106<\/td>\n<\/tr>\n<tr style=\"height: 17.60pt;\">\n<td class=\"et3\" style=\"height: 17.60pt;\" height=\"17\">Typ<\/td>\n<td class=\"et3\">Wandbefestigtes Becken<\/td>\n<\/tr>\n<tr style=\"height: 17.60pt;\">\n<td class=\"et3\" style=\"height: 17.60pt;\" height=\"17\">Form<\/td>\n<td class=\"et3\">Runde Form<\/td>\n<\/tr>\n<tr style=\"height: 17.60pt;\">\n<td class=\"et4\" style=\"height: 17.60pt;\" height=\"17\">Farbe<\/td>\n<td class=\"et3\">Wei\u00df<\/td>\n<\/tr>\n<tr style=\"height: 18.00pt;\">\n<td class=\"et3\" style=\"height: 18.00pt;\" height=\"18\">Dimension<\/td>\n<td class=\"et6\" style=\"width: 202.95pt;\" width=\"202\">37.5*31*16<\/td>\n<\/tr>\n<tr style=\"height: 17.60pt;\">\n<td class=\"et3\" style=\"height: 17.60pt;\" height=\"17\">N.W \/SET<\/td>\n<td class=\"et3\">6.5KGS\/PCS<\/td>\n<\/tr>\n<tr style=\"height: 17.60pt;\">\n<td class=\"et3\" style=\"height: 17.60pt;\" height=\"17\">MOQ<\/td>\n<td class=\"et3\">20St\u00fcck<\/td>\n<\/tr>\n<tr style=\"height: 17.60pt;\">\n<td class=\"et3\" style=\"height: 17.60pt;\" height=\"17\">Benutzerdefinierte Option<\/td>\n<td class=\"et3\">Farbe\/Muster\/Gr\u00f6\u00dfe\/Logo\/Verpackung<\/td>\n<\/tr>\n<\/tbody>\n<\/table>\n<p>&nbsp;<\/p>","protected":false},"featured_media":5002,"comment_status":"closed","ping_status":"closed","template":"","meta":{"_acf_changed":false},"product_brand":[],"product_cat":[56],"product_tag":[],"class_list":{"0":"post-5000","1":"product","2":"type-product","3":"status-publish","4":"has-post-thumbnail","6":"product_cat-wholesale-small-bathroom-sinks","8":"first","9":"instock","10":"shipping-taxable","11":"product-type-simple"},"acf":[],"_links":{"self":[{"href":"https:\/\/www.ceramicbasin.com\/de\/wp-json\/wp\/v2\/product\/5000","targetHints":{"allow":["GET"]}}],"collection":[{"href":"https:\/\/www.ceramicbasin.com\/de\/wp-json\/wp\/v2\/product"}],"about":[{"href":"https:\/\/www.ceramicbasin.com\/de\/wp-json\/wp\/v2\/types\/product"}],"replies":[{"embeddable":true,"href":"https:\/\/www.ceramicbasin.com\/de\/wp-json\/wp\/v2\/comments?post=5000"}],"wp:featuredmedia":[{"embeddable":true,"href":"https:\/\/www.ceramicbasin.com\/de\/wp-json\/wp\/v2\/media\/5002"}],"wp:attachment":[{"href":"https:\/\/www.ceramicbasin.com\/de\/wp-json\/wp\/v2\/media?parent=5000"}],"wp:term":[{"taxonomy":"product_brand","embeddable":true,"href":"https:\/\/www.ceramicbasin.com\/de\/wp-json\/wp\/v2\/product_brand?post=5000"},{"taxonomy":"product_cat","embeddable":true,"href":"https:\/\/www.ceramicbasin.com\/de\/wp-json\/wp\/v2\/product_cat?post=5000"},{"taxonomy":"product_tag","embeddable":true,"href":"https:\/\/www.ceramicbasin.com\/de\/wp-json\/wp\/v2\/product_tag?post=5000"}],"curies":[{"name":"wp","href":"https:\/\/api.w.org\/{rel}","templated":true}]}}