{"id":5007,"date":"2024-09-05T01:56:30","date_gmt":"2024-09-05T01:56:30","guid":{"rendered":"https:\/\/www.ceramicbasin.com\/?post_type=product&#038;p=5007"},"modified":"2024-09-05T01:56:32","modified_gmt":"2024-09-05T01:56:32","slug":"tiny-bathroom-basins-wholesale","status":"publish","type":"product","link":"https:\/\/www.ceramicbasin.com\/de\/produkt\/tiny-bathroom-basins-wholesale\/","title":{"rendered":"Wandh\u00e4ngende winzige Badezimmerwaschbecken Gro\u00dfhandel mit Handtuchablage"},"content":{"rendered":"<div class=\"wp-block-columns is-layout-flex wp-container-core-columns-is-layout-9d6595d7 wp-block-columns-is-layout-flex\">\n<div class=\"wp-block-column is-layout-flow wp-block-column-is-layout-flow\">\n<div class=\"wp-block-columns is-layout-flex wp-container-core-columns-is-layout-9d6595d7 wp-block-columns-is-layout-flex\">\n<div class=\"wp-block-column is-layout-flow wp-block-column-is-layout-flow\" style=\"flex-basis:100%\">\n<div class=\"wp-block-columns is-layout-flex wp-container-core-columns-is-layout-9d6595d7 wp-block-columns-is-layout-flex\">\n<div class=\"wp-block-column is-layout-flow wp-block-column-is-layout-flow\">\n<h2 class=\"wp-block-heading\">Premium Tiny Badezimmer Waschbecken Gro\u00dfhandel Features:<\/h2>\n\n\n\n<ul class=\"wp-block-list\">\n<li><strong>Spezielles Design der Handtuchablage:\u00a0<\/strong>Diese an der Wand befestigten kleinen Waschbecken im Gro\u00dfhandel verf\u00fcgen \u00fcber eine elegante Handtuchablage und glatte Linien, die dem Raum ein weiches und modernes Gef\u00fchl verleihen, andere Halterungen einsparen und das Badezimmer trocken und sauber machen.<\/li>\n\n\n\n<li><strong>Hochwertige Waschbecken:\u00a0<\/strong>Unsere wandmontierten Waschbecken im Gro\u00dfhandel verwenden hochwertige Materialien und kombinieren exquisite Handwerkskunst, um sicherzustellen, dass die Struktur des Waschbeckens stabil ist, die Oberfl\u00e4che glatt und zart ist, leicht zu reinigen und zu pflegen und langlebig.<\/li>\n\n\n\n<li><strong>Preisvorteil im Gro\u00dfhandel:\u00a0<\/strong>Als Hersteller von keramischen Waschbecken bietet HanYu sehr wettbewerbsf\u00e4hige Gro\u00dfhandelspreise f\u00fcr wandmontierte winzige Waschbecken im Gro\u00dfhandel, Gro\u00dfeink\u00e4ufe genie\u00dfen mehr Rabatte, so dass hochwertige Bad-Accessoires Ihre ideale Wahl unter Kostenkontrolle.<\/li>\n\n\n\n<li><strong>Ma\u00dfgeschneiderter High-End-Service:\u00a0<\/strong>Wir bieten einen ma\u00dfgeschneiderten Service f\u00fcr wandmontierte Waschbecken, um sicherzustellen, dass jedes Waschbecken Ihrem Badezimmerdesign und Ihren Platzanforderungen entspricht und einen exklusiven Stil schafft.<\/li>\n<\/ul>\n<\/div>\n\n\n\n<div class=\"wp-block-column is-layout-flow wp-block-column-is-layout-flow\">\n<figure class=\"wp-block-image size-full\"><img fetchpriority=\"high\" decoding=\"async\" width=\"800\" height=\"800\" src=\"https:\/\/www.ceramicbasin.com\/wp-content\/uploads\/2024\/09\/Hot-sale-Porcelain-Sink-Quality-White-Bathroom-Wash-Basin-For-Sale-Ceramic-European-Hand-Wash-Basin-With-Towel-Shelf-5.webp\" alt=\"Wandh\u00e4ngende winzige Badezimmerwaschbecken Gro\u00dfhandel mit Handtuchablage-1\" class=\"wp-image-5012\" srcset=\"https:\/\/www.ceramicbasin.com\/wp-content\/uploads\/2024\/09\/Hot-sale-Porcelain-Sink-Quality-White-Bathroom-Wash-Basin-For-Sale-Ceramic-European-Hand-Wash-Basin-With-Towel-Shelf-5.webp 800w, https:\/\/www.ceramicbasin.com\/wp-content\/uploads\/2024\/09\/Hot-sale-Porcelain-Sink-Quality-White-Bathroom-Wash-Basin-For-Sale-Ceramic-European-Hand-Wash-Basin-With-Towel-Shelf-5-300x300.webp 300w, https:\/\/www.ceramicbasin.com\/wp-content\/uploads\/2024\/09\/Hot-sale-Porcelain-Sink-Quality-White-Bathroom-Wash-Basin-For-Sale-Ceramic-European-Hand-Wash-Basin-With-Towel-Shelf-5-150x150.webp 150w, https:\/\/www.ceramicbasin.com\/wp-content\/uploads\/2024\/09\/Hot-sale-Porcelain-Sink-Quality-White-Bathroom-Wash-Basin-For-Sale-Ceramic-European-Hand-Wash-Basin-With-Towel-Shelf-5-768x768.webp 768w, https:\/\/www.ceramicbasin.com\/wp-content\/uploads\/2024\/09\/Hot-sale-Porcelain-Sink-Quality-White-Bathroom-Wash-Basin-For-Sale-Ceramic-European-Hand-Wash-Basin-With-Towel-Shelf-5-12x12.webp 12w, https:\/\/www.ceramicbasin.com\/wp-content\/uploads\/2024\/09\/Hot-sale-Porcelain-Sink-Quality-White-Bathroom-Wash-Basin-For-Sale-Ceramic-European-Hand-Wash-Basin-With-Towel-Shelf-5-285x285.webp 285w, https:\/\/www.ceramicbasin.com\/wp-content\/uploads\/2024\/09\/Hot-sale-Porcelain-Sink-Quality-White-Bathroom-Wash-Basin-For-Sale-Ceramic-European-Hand-Wash-Basin-With-Towel-Shelf-5-270x270.webp 270w, https:\/\/www.ceramicbasin.com\/wp-content\/uploads\/2024\/09\/Hot-sale-Porcelain-Sink-Quality-White-Bathroom-Wash-Basin-For-Sale-Ceramic-European-Hand-Wash-Basin-With-Towel-Shelf-5-540x540.webp 540w, https:\/\/www.ceramicbasin.com\/wp-content\/uploads\/2024\/09\/Hot-sale-Porcelain-Sink-Quality-White-Bathroom-Wash-Basin-For-Sale-Ceramic-European-Hand-Wash-Basin-With-Towel-Shelf-5-660x660.webp 660w\" sizes=\"(max-width: 800px) 100vw, 800px\" \/><\/figure>\n<\/div>\n<\/div>\n<\/div>\n<\/div>\n<\/div>\n<\/div>","protected":false},"excerpt":{"rendered":"<p>Unsere wandmontierten kleinen Badezimmerbecken im Gro\u00dfhandel verwenden hochwertige Materialien und exquisite Handwerkskunst, um die Langlebigkeit und Reinigungsfreundlichkeit des Waschbeckens zu gew\u00e4hrleisten. Wir bieten auch kundenspezifische Dienstleistungen an, so dass Sie die Produktdetails entsprechend den Projektanforderungen anpassen k\u00f6nnen, um eine perfekte \u00dcbereinstimmung im Design zu erreichen.<\/p>\n<table style=\"border-collapse: collapse; width: 311.02pt;\" border=\"0\" width=\"311\" cellspacing=\"0\" cellpadding=\"0\">\n<tbody>\n<tr style=\"height: 17.60pt;\">\n<td class=\"et3\" style=\"height: 17.60pt; width: 108.35pt;\" width=\"108\" height=\"17\">Hersteller<\/td>\n<td class=\"et3\" style=\"width: 202.95pt;\" width=\"202\">HanYu<\/td>\n<\/tr>\n<tr style=\"height: 17.60pt;\">\n<td class=\"et3\" style=\"height: 17.60pt;\" height=\"17\">Modell Nr.<\/td>\n<td class=\"et4\">HY3117<\/td>\n<\/tr>\n<tr style=\"height: 17.60pt;\">\n<td class=\"et3\" style=\"height: 17.60pt;\" height=\"17\">Typ<\/td>\n<td class=\"et3\">Wandbefestigtes Becken<\/td>\n<\/tr>\n<tr style=\"height: 17.60pt;\">\n<td class=\"et3\" style=\"height: 17.60pt;\" height=\"17\">Form<\/td>\n<td class=\"et3\">Rechteckige Form<\/td>\n<\/tr>\n<tr style=\"height: 17.60pt;\">\n<td class=\"et4\" style=\"height: 17.60pt;\" height=\"17\">Farbe<\/td>\n<td class=\"et3\">Wei\u00df<\/td>\n<\/tr>\n<tr style=\"height: 18.00pt;\">\n<td class=\"et3\" style=\"height: 18.00pt;\" height=\"18\">Dimension<\/td>\n<td class=\"et6\" style=\"width: 202.95pt;\" width=\"202\">39.5*20*29.5<\/td>\n<\/tr>\n<tr style=\"height: 17.60pt;\">\n<td class=\"et3\" style=\"height: 17.60pt;\" height=\"17\">N.W \/SET<\/td>\n<td class=\"et3\">9.5KGS\/PCS<\/td>\n<\/tr>\n<tr style=\"height: 17.60pt;\">\n<td class=\"et3\" style=\"height: 17.60pt;\" height=\"17\">MOQ<\/td>\n<td class=\"et3\">20St\u00fcck<\/td>\n<\/tr>\n<tr style=\"height: 17.60pt;\">\n<td class=\"et3\" style=\"height: 17.60pt;\" height=\"17\">Benutzerdefinierte Option<\/td>\n<td class=\"et3\">Farbe\/Muster\/Gr\u00f6\u00dfe\/Logo\/Verpackung<\/td>\n<\/tr>\n<\/tbody>\n<\/table>","protected":false},"featured_media":5008,"comment_status":"closed","ping_status":"closed","template":"","meta":{"_acf_changed":false},"product_brand":[],"product_cat":[57],"product_tag":[],"class_list":{"0":"post-5007","1":"product","2":"type-product","3":"status-publish","4":"has-post-thumbnail","6":"product_cat-wholesale-wall-mounted-sinks","8":"first","9":"instock","10":"shipping-taxable","11":"product-type-simple"},"acf":[],"_links":{"self":[{"href":"https:\/\/www.ceramicbasin.com\/de\/wp-json\/wp\/v2\/product\/5007","targetHints":{"allow":["GET"]}}],"collection":[{"href":"https:\/\/www.ceramicbasin.com\/de\/wp-json\/wp\/v2\/product"}],"about":[{"href":"https:\/\/www.ceramicbasin.com\/de\/wp-json\/wp\/v2\/types\/product"}],"replies":[{"embeddable":true,"href":"https:\/\/www.ceramicbasin.com\/de\/wp-json\/wp\/v2\/comments?post=5007"}],"wp:featuredmedia":[{"embeddable":true,"href":"https:\/\/www.ceramicbasin.com\/de\/wp-json\/wp\/v2\/media\/5008"}],"wp:attachment":[{"href":"https:\/\/www.ceramicbasin.com\/de\/wp-json\/wp\/v2\/media?parent=5007"}],"wp:term":[{"taxonomy":"product_brand","embeddable":true,"href":"https:\/\/www.ceramicbasin.com\/de\/wp-json\/wp\/v2\/product_brand?post=5007"},{"taxonomy":"product_cat","embeddable":true,"href":"https:\/\/www.ceramicbasin.com\/de\/wp-json\/wp\/v2\/product_cat?post=5007"},{"taxonomy":"product_tag","embeddable":true,"href":"https:\/\/www.ceramicbasin.com\/de\/wp-json\/wp\/v2\/product_tag?post=5007"}],"curies":[{"name":"wp","href":"https:\/\/api.w.org\/{rel}","templated":true}]}}