{"id":5020,"date":"2024-09-09T02:25:18","date_gmt":"2024-09-09T02:25:18","guid":{"rendered":"https:\/\/www.ceramicbasin.com\/?post_type=product&#038;p=5020"},"modified":"2024-09-09T10:06:29","modified_gmt":"2024-09-09T10:06:29","slug":"wholesale-countertop-bathroom-sink","status":"publish","type":"product","link":"https:\/\/www.ceramicbasin.com\/de\/produkt\/wholesale-countertop-bathroom-sink\/","title":{"rendered":"Gro\u00dfhandel Countertop Badezimmer Waschbecken, Premium und langlebig"},"content":{"rendered":"<div class=\"wp-block-columns is-layout-flex wp-container-core-columns-is-layout-9d6595d7 wp-block-columns-is-layout-flex\">\n<div class=\"wp-block-column is-layout-flow wp-block-column-is-layout-flow\">\n<h2 class=\"wp-block-heading\">Premium-Gro\u00dfhandel Countertop Badezimmer Waschbecken Features:<\/h2>\n\n\n\n<ul class=\"wp-block-list\">\n<li><strong>Hochwertiges Material, langlebig: <\/strong>Dieser Gro\u00dfhandel Arbeitsplatte Waschbecken ist von h\u00f6chster Qualit\u00e4t Keramik, die hervorragende Best\u00e4ndigkeit gegen Abrieb und Schmutz bietet gemacht. Es ist nicht leicht, Kratzer oder Verf\u00e4rbungen erscheinen, die die lang anhaltende Lebensdauer des Waschbeckens gew\u00e4hrleistet.<\/li>\n\n\n\n<li><strong>Ausgezeichnete Handwerkskunst, hohe Sto\u00dffestigkeit\uff1a<\/strong> Dieses Waschbecken in loser Sch\u00fcttung ist handwerklich gut verarbeitet und verf\u00fcgt \u00fcber eine ausgezeichnete Sto\u00dffestigkeit. Egal, ob es im t\u00e4glichen Gebrauch oder bei hohen Wassertemperaturen angesto\u00dfen wird, es wird keine Sch\u00e4den am Waschbecken verursachen und seine langfristige Stabilit\u00e4t und Sicherheit gew\u00e4hrleisten.<\/li>\n\n\n\n<li><strong>Leicht zu reinigen<\/strong>: Die glatte Oberfl\u00e4che des Waschbeckens f\u00fcr Gro\u00dfhandel Arbeitsplatte Waschbecken verhindert effektiv die Ansammlung von Schmutz, so dass die t\u00e4gliche Reinigung einfach und bequem. Es gibt keine Notwendigkeit f\u00fcr komplizierte Reinigungsverfahren, wischen Sie einfach mit einem feuchten Tuch, einfach, um die Sauberkeit des Badezimmers zu halten, um eine hygienische Umgebung zu gew\u00e4hrleisten.<\/li>\n\n\n\n<li><strong>Modernes Design, sch\u00f6n und elegant<\/strong>Gro\u00dfhandel Arbeitsplatte Waschbecken, Der Design-Stil des Waschbeckens ist modern und einfach, die perfekt mit allen Arten von Bad Dekoration Stile passen. Egal, welchen Stil des Badezimmers, f\u00fcgen Sie ein Gef\u00fchl von High-End und Geschmack.<\/li>\n<\/ul>\n<\/div>\n\n\n\n<div class=\"wp-block-column is-layout-flow wp-block-column-is-layout-flow\">\n<figure class=\"wp-block-image size-full\"><img fetchpriority=\"high\" decoding=\"async\" width=\"750\" height=\"750\" src=\"https:\/\/www.ceramicbasin.com\/wp-content\/uploads\/2024\/09\/Wholesale-Countertop-Bathroom-Sink-Premium-and-Durable-1.webp\" alt=\"Gro\u00dfhandel Countertop Badezimmer Waschbecken, Premium und langlebig 1\" class=\"wp-image-5021\" srcset=\"https:\/\/www.ceramicbasin.com\/wp-content\/uploads\/2024\/09\/Wholesale-Countertop-Bathroom-Sink-Premium-and-Durable-1.webp 750w, https:\/\/www.ceramicbasin.com\/wp-content\/uploads\/2024\/09\/Wholesale-Countertop-Bathroom-Sink-Premium-and-Durable-1-300x300.webp 300w, https:\/\/www.ceramicbasin.com\/wp-content\/uploads\/2024\/09\/Wholesale-Countertop-Bathroom-Sink-Premium-and-Durable-1-150x150.webp 150w, https:\/\/www.ceramicbasin.com\/wp-content\/uploads\/2024\/09\/Wholesale-Countertop-Bathroom-Sink-Premium-and-Durable-1-12x12.webp 12w, https:\/\/www.ceramicbasin.com\/wp-content\/uploads\/2024\/09\/Wholesale-Countertop-Bathroom-Sink-Premium-and-Durable-1-285x285.webp 285w, https:\/\/www.ceramicbasin.com\/wp-content\/uploads\/2024\/09\/Wholesale-Countertop-Bathroom-Sink-Premium-and-Durable-1-270x270.webp 270w, https:\/\/www.ceramicbasin.com\/wp-content\/uploads\/2024\/09\/Wholesale-Countertop-Bathroom-Sink-Premium-and-Durable-1-540x540.webp 540w, https:\/\/www.ceramicbasin.com\/wp-content\/uploads\/2024\/09\/Wholesale-Countertop-Bathroom-Sink-Premium-and-Durable-1-660x660.webp 660w\" sizes=\"(max-width: 750px) 100vw, 750px\" \/><\/figure>\n<\/div>\n<\/div>","protected":false},"excerpt":{"rendered":"<p>Willkommen im Gro\u00dfhandel Bad Waschbecken zu kaufen. Unser Gro\u00dfhandel Arbeitsplatte Bad Waschbecken ist aus hochwertiger Keramik, die ausgezeichnete Haltbarkeit und Verschlei\u00dffestigkeit hat gemacht. Das Design ist sch\u00f6n und das Material ist leicht zu reinigen, die f\u00fcr eine Vielzahl von Bad Dekoration Stile geeignet ist.<\/p>\n<table style=\"border-collapse: collapse; width: 311.02pt;\" border=\"0\" width=\"311\" cellspacing=\"0\" cellpadding=\"0\">\n<tbody>\n<tr style=\"height: 17.60pt;\">\n<td class=\"et3\" style=\"height: 17.60pt; width: 108.35pt;\" width=\"108\" height=\"17\">Hersteller<\/td>\n<td class=\"et3\" style=\"width: 202.95pt;\" width=\"202\">HanYu<\/td>\n<\/tr>\n<tr style=\"height: 17.60pt;\">\n<td class=\"et3\" style=\"height: 17.60pt;\" height=\"17\">Modell Nr.<\/td>\n<td class=\"et4\">HY-8063<\/td>\n<\/tr>\n<tr style=\"height: 18.00pt;\">\n<td class=\"et3\" style=\"height: 18.00pt;\" height=\"18\">Typ<\/td>\n<td class=\"et5\" style=\"width: 202.95pt;\" width=\"202\">Aufsatzwaschbecken<\/td>\n<\/tr>\n<tr style=\"height: 17.60pt;\">\n<td class=\"et3\" style=\"height: 17.60pt;\" height=\"17\">Form<\/td>\n<td class=\"et3\">Runde Form<\/td>\n<\/tr>\n<tr style=\"height: 18.00pt;\">\n<td class=\"et4\" style=\"height: 18.00pt;\" height=\"18\">Farbe<\/td>\n<td class=\"et5\" style=\"width: 202.95pt;\" width=\"202\">Wei\u00df<\/td>\n<\/tr>\n<tr style=\"height: 18.00pt;\">\n<td class=\"et3\" style=\"height: 18.00pt;\" height=\"18\">Dimension<\/td>\n<td class=\"et5\" style=\"width: 202.95pt;\" width=\"202\">46.5*46.5*14<\/td>\n<\/tr>\n<tr style=\"height: 17.60pt;\">\n<td class=\"et3\" style=\"height: 17.60pt;\" height=\"17\">N.W \/SET<\/td>\n<td class=\"et3\">9KGS\/PCS<\/td>\n<\/tr>\n<tr style=\"height: 17.60pt;\">\n<td class=\"et3\" style=\"height: 17.60pt;\" height=\"17\">MOQ<\/td>\n<td class=\"et3\">20St\u00fcck<\/td>\n<\/tr>\n<tr style=\"height: 17.60pt;\">\n<td class=\"et3\" style=\"height: 17.60pt;\" height=\"17\">Benutzerdefinierte Option<\/td>\n<td class=\"et3\">Farbe\/Muster\/Gr\u00f6\u00dfe\/Logo\/Verpackung<\/td>\n<\/tr>\n<\/tbody>\n<\/table>","protected":false},"featured_media":5024,"comment_status":"closed","ping_status":"closed","template":"","meta":{"_acf_changed":false},"product_brand":[],"product_cat":[50],"product_tag":[],"class_list":{"0":"post-5020","1":"product","2":"type-product","3":"status-publish","4":"has-post-thumbnail","6":"product_cat-wholesale-countertop-sinks","8":"first","9":"instock","10":"shipping-taxable","11":"product-type-simple"},"acf":[],"_links":{"self":[{"href":"https:\/\/www.ceramicbasin.com\/de\/wp-json\/wp\/v2\/product\/5020","targetHints":{"allow":["GET"]}}],"collection":[{"href":"https:\/\/www.ceramicbasin.com\/de\/wp-json\/wp\/v2\/product"}],"about":[{"href":"https:\/\/www.ceramicbasin.com\/de\/wp-json\/wp\/v2\/types\/product"}],"replies":[{"embeddable":true,"href":"https:\/\/www.ceramicbasin.com\/de\/wp-json\/wp\/v2\/comments?post=5020"}],"wp:featuredmedia":[{"embeddable":true,"href":"https:\/\/www.ceramicbasin.com\/de\/wp-json\/wp\/v2\/media\/5024"}],"wp:attachment":[{"href":"https:\/\/www.ceramicbasin.com\/de\/wp-json\/wp\/v2\/media?parent=5020"}],"wp:term":[{"taxonomy":"product_brand","embeddable":true,"href":"https:\/\/www.ceramicbasin.com\/de\/wp-json\/wp\/v2\/product_brand?post=5020"},{"taxonomy":"product_cat","embeddable":true,"href":"https:\/\/www.ceramicbasin.com\/de\/wp-json\/wp\/v2\/product_cat?post=5020"},{"taxonomy":"product_tag","embeddable":true,"href":"https:\/\/www.ceramicbasin.com\/de\/wp-json\/wp\/v2\/product_tag?post=5020"}],"curies":[{"name":"wp","href":"https:\/\/api.w.org\/{rel}","templated":true}]}}