{"id":5027,"date":"2024-09-09T03:55:19","date_gmt":"2024-09-09T03:55:19","guid":{"rendered":"https:\/\/www.ceramicbasin.com\/?post_type=product&#038;p=5027"},"modified":"2024-09-09T10:07:44","modified_gmt":"2024-09-09T10:07:44","slug":"factory-supply-countertop-sink","status":"publish","type":"product","link":"https:\/\/www.ceramicbasin.com\/de\/produkt\/factory-supply-countertop-sink\/","title":{"rendered":"Factory Supply Aufsatzwaschbecken mit speziellem runden Design"},"content":{"rendered":"<div class=\"wp-block-columns is-layout-flex wp-container-core-columns-is-layout-9d6595d7 wp-block-columns-is-layout-flex\">\n<div class=\"wp-block-column is-layout-flow wp-block-column-is-layout-flow\">\n<h2 class=\"wp-block-heading\">Premium Factory Supply Arbeitsplatte Waschbecken Merkmale:<\/h2>\n\n\n\n<ul class=\"wp-block-list\">\n<li><strong>Einzigartiges rundes Design, das den individuellen Charme unterstreicht:<\/strong> Unsere fabrikm\u00e4\u00dfig hergestellten Aufsatzwaschbecken haben ein stromlinienf\u00f6rmiges, rundes Design mit sch\u00f6nen Linien und einzigartigen Formen. Ein solches Design verbessert nicht nur die allgemeine Sch\u00f6nheit des Badezimmers, sondern verleiht dem Raum auch Weichheit und W\u00e4rme.<\/li>\n\n\n\n<li><strong>Einfache t\u00e4gliche Wartung: <\/strong>Mit R\u00fccksicht auf die tats\u00e4chlichen Bed\u00fcrfnisse der Benutzer wurde die Oberfl\u00e4che des Waschbeckens in gro\u00dfen Mengen speziell behandelt, so dass es nicht leicht zu verschmutzen ist. Die t\u00e4gliche Reinigung erfordert nur ein einfaches Abwischen, um die Sauberkeit wiederherzustellen, was viel Zeit und Energie bei der Wartung spart.<\/li>\n\n\n\n<li><strong>Vielf\u00e4ltige Anpassungsdienste:<\/strong> Um den unterschiedlichen Bed\u00fcrfnissen der verschiedenen Kunden gerecht zu werden, bieten wir einen umfassenden Anpassungsservice an. Ob es Farbe oder Gr\u00f6\u00dfe ist, k\u00f6nnen wir es nach Ihren Anforderungen anpassen, um es vollst\u00e4ndig an Ihr Nutzungsszenario anzupassen, wirklich ma\u00dfgeschneidert.<\/li>\n\n\n\n<li><strong>Werksdirektlieferung, hohe Kostenleistung: <\/strong>Als Hersteller von Aufsatzwaschbecken mit jahrelanger Erfahrung k\u00f6nnen wir sicherstellen, dass der Preis der von uns angebotenen Waschbecken der wettbewerbsf\u00e4higste auf dem Markt ist. Unabh\u00e4ngig von der Gr\u00f6\u00dfe der Bestellung, k\u00f6nnen wir eine rechtzeitige Lieferung garantieren.<\/li>\n<\/ul>\n<\/div>\n\n\n\n<div class=\"wp-block-column is-layout-flow wp-block-column-is-layout-flow\">\n<figure class=\"wp-block-image size-full\"><img fetchpriority=\"high\" decoding=\"async\" width=\"750\" height=\"750\" src=\"https:\/\/www.ceramicbasin.com\/wp-content\/uploads\/2024\/09\/Factory-Supply-Countertop-Sink-With-Special-Round-Design-1.webp\" alt=\"Factory Supply Aufsatzwaschbecken mit speziellem runden Design 1\" class=\"wp-image-5028\" srcset=\"https:\/\/www.ceramicbasin.com\/wp-content\/uploads\/2024\/09\/Factory-Supply-Countertop-Sink-With-Special-Round-Design-1.webp 750w, https:\/\/www.ceramicbasin.com\/wp-content\/uploads\/2024\/09\/Factory-Supply-Countertop-Sink-With-Special-Round-Design-1-300x300.webp 300w, https:\/\/www.ceramicbasin.com\/wp-content\/uploads\/2024\/09\/Factory-Supply-Countertop-Sink-With-Special-Round-Design-1-150x150.webp 150w, https:\/\/www.ceramicbasin.com\/wp-content\/uploads\/2024\/09\/Factory-Supply-Countertop-Sink-With-Special-Round-Design-1-12x12.webp 12w, https:\/\/www.ceramicbasin.com\/wp-content\/uploads\/2024\/09\/Factory-Supply-Countertop-Sink-With-Special-Round-Design-1-285x285.webp 285w, https:\/\/www.ceramicbasin.com\/wp-content\/uploads\/2024\/09\/Factory-Supply-Countertop-Sink-With-Special-Round-Design-1-270x270.webp 270w, https:\/\/www.ceramicbasin.com\/wp-content\/uploads\/2024\/09\/Factory-Supply-Countertop-Sink-With-Special-Round-Design-1-540x540.webp 540w, https:\/\/www.ceramicbasin.com\/wp-content\/uploads\/2024\/09\/Factory-Supply-Countertop-Sink-With-Special-Round-Design-1-660x660.webp 660w\" sizes=\"(max-width: 750px) 100vw, 750px\" \/><\/figure>\n<\/div>\n<\/div>","protected":false},"excerpt":{"rendered":"<p>Willkommen im Gro\u00dfhandel Keramiksp\u00fclen zu kaufen. Unsere Fabrik Versorgung Arbeitsplatte Waschbecken hat ein einzigartiges rundes Design, das \u00e4sthetisch ansprechend und solide gebaut f\u00fcr einfache Installation und Wartung ist. Unsere Liebe zum Detail und Anpassungsleistungen sorgen daf\u00fcr, dass das Produkt passt perfekt in eine Vielzahl von Bad-Umgebungen.<\/p>\n<table style=\"border-collapse: collapse; width: 311.02pt;\" border=\"0\" width=\"311\" cellspacing=\"0\" cellpadding=\"0\">\n<tbody>\n<tr style=\"height: 17.60pt;\">\n<td class=\"et3\" style=\"height: 17.60pt; width: 108.35pt;\" width=\"108\" height=\"17\">Hersteller<\/td>\n<td class=\"et3\" style=\"width: 202.95pt;\" width=\"202\">HanYu<\/td>\n<\/tr>\n<tr style=\"height: 17.60pt;\">\n<td class=\"et3\" style=\"height: 17.60pt;\" height=\"17\">Modell Nr.<\/td>\n<td class=\"et4\">HY-8070<\/td>\n<\/tr>\n<tr style=\"height: 18.00pt;\">\n<td class=\"et3\" style=\"height: 18.00pt;\" height=\"18\">Typ<\/td>\n<td class=\"et5\" style=\"width: 202.95pt;\" width=\"202\">Aufsatzwaschbecken<\/td>\n<\/tr>\n<tr style=\"height: 17.60pt;\">\n<td class=\"et3\" style=\"height: 17.60pt;\" height=\"17\">Form<\/td>\n<td class=\"et3\">Runde Form<\/td>\n<\/tr>\n<tr style=\"height: 18.00pt;\">\n<td class=\"et4\" style=\"height: 18.00pt;\" height=\"18\">Farbe<\/td>\n<td class=\"et5\" style=\"width: 202.95pt;\" width=\"202\">Wei\u00df<\/td>\n<\/tr>\n<tr style=\"height: 18.00pt;\">\n<td class=\"et3\" style=\"height: 18.00pt;\" height=\"18\">Dimension<\/td>\n<td class=\"et5\" style=\"width: 202.95pt;\" width=\"202\">36*36*11.5<\/td>\n<\/tr>\n<tr style=\"height: 17.60pt;\">\n<td class=\"et3\" style=\"height: 17.60pt;\" height=\"17\">N.W \/SET<\/td>\n<td class=\"et3\">8.5KGS\/PCS<\/td>\n<\/tr>\n<tr style=\"height: 17.60pt;\">\n<td class=\"et3\" style=\"height: 17.60pt;\" height=\"17\">MOQ<\/td>\n<td class=\"et3\">20St\u00fcck<\/td>\n<\/tr>\n<tr style=\"height: 17.60pt;\">\n<td class=\"et3\" style=\"height: 17.60pt;\" height=\"17\">Benutzerdefinierte Option<\/td>\n<td class=\"et3\">Farbe\/Muster\/Gr\u00f6\u00dfe\/Logo\/Verpackung<\/td>\n<\/tr>\n<\/tbody>\n<\/table>","protected":false},"featured_media":5032,"comment_status":"closed","ping_status":"closed","template":"","meta":{"_acf_changed":false},"product_brand":[],"product_cat":[50],"product_tag":[],"class_list":{"0":"post-5027","1":"product","2":"type-product","3":"status-publish","4":"has-post-thumbnail","6":"product_cat-wholesale-countertop-sinks","8":"first","9":"instock","10":"shipping-taxable","11":"product-type-simple"},"acf":[],"_links":{"self":[{"href":"https:\/\/www.ceramicbasin.com\/de\/wp-json\/wp\/v2\/product\/5027","targetHints":{"allow":["GET"]}}],"collection":[{"href":"https:\/\/www.ceramicbasin.com\/de\/wp-json\/wp\/v2\/product"}],"about":[{"href":"https:\/\/www.ceramicbasin.com\/de\/wp-json\/wp\/v2\/types\/product"}],"replies":[{"embeddable":true,"href":"https:\/\/www.ceramicbasin.com\/de\/wp-json\/wp\/v2\/comments?post=5027"}],"wp:featuredmedia":[{"embeddable":true,"href":"https:\/\/www.ceramicbasin.com\/de\/wp-json\/wp\/v2\/media\/5032"}],"wp:attachment":[{"href":"https:\/\/www.ceramicbasin.com\/de\/wp-json\/wp\/v2\/media?parent=5027"}],"wp:term":[{"taxonomy":"product_brand","embeddable":true,"href":"https:\/\/www.ceramicbasin.com\/de\/wp-json\/wp\/v2\/product_brand?post=5027"},{"taxonomy":"product_cat","embeddable":true,"href":"https:\/\/www.ceramicbasin.com\/de\/wp-json\/wp\/v2\/product_cat?post=5027"},{"taxonomy":"product_tag","embeddable":true,"href":"https:\/\/www.ceramicbasin.com\/de\/wp-json\/wp\/v2\/product_tag?post=5027"}],"curies":[{"name":"wp","href":"https:\/\/api.w.org\/{rel}","templated":true}]}}