{"id":5034,"date":"2024-09-09T06:44:59","date_gmt":"2024-09-09T06:44:59","guid":{"rendered":"https:\/\/www.ceramicbasin.com\/?post_type=product&#038;p=5034"},"modified":"2024-11-21T08:16:58","modified_gmt":"2024-11-21T08:16:58","slug":"customized-above-counter-sink","status":"publish","type":"product","link":"https:\/\/www.ceramicbasin.com\/de\/produkt\/customized-above-counter-sink\/","title":{"rendered":"Customized Above Counter Waschbecken Gro\u00dfhandel, Hot Selling Basins"},"content":{"rendered":"<div class=\"wp-block-columns is-layout-flex wp-container-core-columns-is-layout-9d6595d7 wp-block-columns-is-layout-flex\">\n<div class=\"wp-block-column is-layout-flow wp-block-column-is-layout-flow\">\n<h2 class=\"wp-block-heading\">Premium Customized Above Counter Sink Merkmale:<\/h2>\n\n\n\n<ul class=\"wp-block-list\">\n<li><strong>Einzigartiges rundes Design, stilvoll und sch\u00f6n: <\/strong>Dieses ma\u00dfgeschneiderte Aufsatzwaschbecken nimmt das beliebte runde Design an. Seine glatten Linien und eleganten Kurven k\u00f6nnen jedem Badezimmer ein Gef\u00fchl von Modernit\u00e4t und Kunst verleihen. Das runde Design kann auch den Raum effektiv nutzen und eignet sich f\u00fcr B\u00e4der verschiedener Art und wird zu einem Highlight der Inneneinrichtung.<\/li>\n\n\n\n<li><strong>Verkaufsstarke Produkte, weithin gelobt: <\/strong>Gro\u00dfhandel Waschbecken in loser Sch\u00fcttung, aufgrund der ausgezeichneten Design-Konzept und hervorragende Qualit\u00e4t, dieses Becken hat sich zu einem Hot-Selling-Produkt auf dem Markt. Fares gut auf dem internationalen Markt, dieses Produkt gewann weit verbreitetes Lob und hohe Bewertung, sobald sie auf den Markt.<\/li>\n\n\n\n<li><strong>Leicht zu installieren und zu reinigen: <\/strong>Bei der Gestaltung dieser ma\u00dfgeschneiderten Sp\u00fcle \u00fcber der Theke haben wir an das gesamte Benutzererlebnis gedacht. Wir haben daf\u00fcr gesorgt, dass die Installation auch von Laien leicht durchgef\u00fchrt werden kann. Dar\u00fcber hinaus ist die Oberfl\u00e4che des Beckens dank einer speziellen Behandlung sehr glatt, so dass es jeden Tag sehr einfach und effizient zu reinigen ist.<\/li>\n\n\n\n<li><strong>Umfangreiche Anpassungen, hohe Kosten f\u00fcr die Leistung: <\/strong>Als professioneller Fabriklieferant f\u00fcr Gro\u00dfhandel \u00fcber Z\u00e4hler Waschbecken, bieten wir Massenanpassung Dienstleistungen, um Ihre verschiedenen Bed\u00fcrfnisse f\u00fcr Menge und Design zu erf\u00fcllen. Stellen Sie sicher, dass Sie hochwertige Produkte zum wettbewerbsf\u00e4higsten Preis erhalten, um die Kosteneffizienz zu maximieren.<\/li>\n<\/ul>\n<\/div>\n\n\n\n<div class=\"wp-block-column is-layout-flow wp-block-column-is-layout-flow\">\n<figure class=\"wp-block-image size-full is-resized\"><img fetchpriority=\"high\" decoding=\"async\" width=\"750\" height=\"750\" src=\"https:\/\/www.ceramicbasin.com\/wp-content\/uploads\/2024\/09\/Wholesale-Customized-Above-Counter-Sink-\uff0cRound-Hot-Selling-1.webp\" alt=\"Gro\u00dfhandel Customized Above Counter Sink \uff0cRound Hot Selling 1\" class=\"wp-image-5035\" style=\"width:409px;height:auto\" srcset=\"https:\/\/www.ceramicbasin.com\/wp-content\/uploads\/2024\/09\/Wholesale-Customized-Above-Counter-Sink-\uff0cRound-Hot-Selling-1.webp 750w, https:\/\/www.ceramicbasin.com\/wp-content\/uploads\/2024\/09\/Wholesale-Customized-Above-Counter-Sink-\uff0cRound-Hot-Selling-1-300x300.webp 300w, https:\/\/www.ceramicbasin.com\/wp-content\/uploads\/2024\/09\/Wholesale-Customized-Above-Counter-Sink-\uff0cRound-Hot-Selling-1-150x150.webp 150w, https:\/\/www.ceramicbasin.com\/wp-content\/uploads\/2024\/09\/Wholesale-Customized-Above-Counter-Sink-\uff0cRound-Hot-Selling-1-12x12.webp 12w, https:\/\/www.ceramicbasin.com\/wp-content\/uploads\/2024\/09\/Wholesale-Customized-Above-Counter-Sink-\uff0cRound-Hot-Selling-1-285x285.webp 285w, https:\/\/www.ceramicbasin.com\/wp-content\/uploads\/2024\/09\/Wholesale-Customized-Above-Counter-Sink-\uff0cRound-Hot-Selling-1-270x270.webp 270w, https:\/\/www.ceramicbasin.com\/wp-content\/uploads\/2024\/09\/Wholesale-Customized-Above-Counter-Sink-\uff0cRound-Hot-Selling-1-540x540.webp 540w, https:\/\/www.ceramicbasin.com\/wp-content\/uploads\/2024\/09\/Wholesale-Customized-Above-Counter-Sink-\uff0cRound-Hot-Selling-1-660x660.webp 660w\" sizes=\"(max-width: 750px) 100vw, 750px\" \/><\/figure>\n<\/div>\n<\/div>","protected":false},"excerpt":{"rendered":"<p>Willkommen im Gro\u00dfhandel Keramik Waschbecken zu kaufen. Unsere ma\u00dfgeschneiderte \u00fcber Z\u00e4hler Waschbecken ist auf dem Markt f\u00fcr seine einzigartige runde Design und stabile Struktur beliebt. Es ist nicht nur sch\u00f6n, sondern auch sehr einfach zu installieren und zu pflegen. Unser Unternehmen besteht auf der Garantie von qualitativ hochwertigen Produkten und bietet ma\u00dfgeschneiderte Dienstleistungen, so dass unsere Produkte perfekt zu allen Arten von Badezimmern passen. Als das meistverkaufte Produkt gewinnt es das Vertrauen und das Lob unz\u00e4hliger Benutzer. Daher ist es die ideale Wahl, wenn es darum geht, den Raum im Badezimmer aufzuwerten.<\/p>\n<table style=\"border-collapse: collapse; width: 311.02pt;\" border=\"0\" width=\"311\" cellspacing=\"0\" cellpadding=\"0\">\n<tbody>\n<tr style=\"height: 17.60pt;\">\n<td class=\"et3\" style=\"height: 17.60pt; width: 108.35pt;\" width=\"108\" height=\"17\">Hersteller<\/td>\n<td class=\"et3\" style=\"width: 202.95pt;\" width=\"202\">HanYu<\/td>\n<\/tr>\n<tr style=\"height: 17.60pt;\">\n<td class=\"et3\" style=\"height: 17.60pt;\" height=\"17\">Modell Nr.<\/td>\n<td class=\"et4\">HY-8070H<\/td>\n<\/tr>\n<tr style=\"height: 18.00pt;\">\n<td class=\"et3\" style=\"height: 18.00pt;\" height=\"18\">Typ<\/td>\n<td class=\"et5\" style=\"width: 202.95pt;\" width=\"202\">Aufsatzwaschbecken<\/td>\n<\/tr>\n<tr style=\"height: 17.60pt;\">\n<td class=\"et3\" style=\"height: 17.60pt;\" height=\"17\">Form<\/td>\n<td class=\"et3\">Runde Form<\/td>\n<\/tr>\n<tr style=\"height: 18.00pt;\">\n<td class=\"et4\" style=\"height: 18.00pt;\" height=\"18\">Farbe<\/td>\n<td class=\"et5\" style=\"width: 202.95pt;\" width=\"202\">Wei\u00df<\/td>\n<\/tr>\n<tr style=\"height: 18.00pt;\">\n<td class=\"et3\" style=\"height: 18.00pt;\" height=\"18\">Dimension<\/td>\n<td class=\"et5\" style=\"width: 202.95pt;\" width=\"202\">35.5*35.5*11.5<\/td>\n<\/tr>\n<tr style=\"height: 17.60pt;\">\n<td class=\"et3\" style=\"height: 17.60pt;\" height=\"17\">N.W \/SET<\/td>\n<td class=\"et3\">9.5KGS\/PCS<\/td>\n<\/tr>\n<tr style=\"height: 17.60pt;\">\n<td class=\"et3\" style=\"height: 17.60pt;\" height=\"17\">MOQ<\/td>\n<td class=\"et3\">20St\u00fcck<\/td>\n<\/tr>\n<tr style=\"height: 17.60pt;\">\n<td class=\"et3\" style=\"height: 17.60pt;\" height=\"17\">Benutzerdefinierte Option<\/td>\n<td class=\"et3\">Farbe\/Muster\/Gr\u00f6\u00dfe\/Logo\/Verpackung<\/td>\n<\/tr>\n<\/tbody>\n<\/table>","protected":false},"featured_media":5039,"comment_status":"closed","ping_status":"closed","template":"","meta":{"_acf_changed":false},"product_brand":[],"product_cat":[50],"product_tag":[],"class_list":{"0":"post-5034","1":"product","2":"type-product","3":"status-publish","4":"has-post-thumbnail","6":"product_cat-wholesale-countertop-sinks","8":"first","9":"instock","10":"shipping-taxable","11":"product-type-simple"},"acf":[],"_links":{"self":[{"href":"https:\/\/www.ceramicbasin.com\/de\/wp-json\/wp\/v2\/product\/5034","targetHints":{"allow":["GET"]}}],"collection":[{"href":"https:\/\/www.ceramicbasin.com\/de\/wp-json\/wp\/v2\/product"}],"about":[{"href":"https:\/\/www.ceramicbasin.com\/de\/wp-json\/wp\/v2\/types\/product"}],"replies":[{"embeddable":true,"href":"https:\/\/www.ceramicbasin.com\/de\/wp-json\/wp\/v2\/comments?post=5034"}],"wp:featuredmedia":[{"embeddable":true,"href":"https:\/\/www.ceramicbasin.com\/de\/wp-json\/wp\/v2\/media\/5039"}],"wp:attachment":[{"href":"https:\/\/www.ceramicbasin.com\/de\/wp-json\/wp\/v2\/media?parent=5034"}],"wp:term":[{"taxonomy":"product_brand","embeddable":true,"href":"https:\/\/www.ceramicbasin.com\/de\/wp-json\/wp\/v2\/product_brand?post=5034"},{"taxonomy":"product_cat","embeddable":true,"href":"https:\/\/www.ceramicbasin.com\/de\/wp-json\/wp\/v2\/product_cat?post=5034"},{"taxonomy":"product_tag","embeddable":true,"href":"https:\/\/www.ceramicbasin.com\/de\/wp-json\/wp\/v2\/product_tag?post=5034"}],"curies":[{"name":"wp","href":"https:\/\/api.w.org\/{rel}","templated":true}]}}