{"id":5063,"date":"2024-09-09T07:44:55","date_gmt":"2024-09-09T07:44:55","guid":{"rendered":"https:\/\/www.ceramicbasin.com\/?post_type=product&#038;p=5063"},"modified":"2024-11-21T08:24:37","modified_gmt":"2024-11-21T08:24:37","slug":"bulk-ceramic-countertop-sinks","status":"publish","type":"product","link":"https:\/\/www.ceramicbasin.com\/de\/produkt\/bulk-ceramic-countertop-sinks\/","title":{"rendered":"Keramische Arbeitsplattensp\u00fclen, hochwertige Becken im neuen Stil"},"content":{"rendered":"<div class=\"wp-block-columns is-layout-flex wp-container-core-columns-is-layout-9d6595d7 wp-block-columns-is-layout-flex\">\n<div class=\"wp-block-column is-layout-flow wp-block-column-is-layout-flow\">\n<h2 class=\"wp-block-heading\">Premium Bulk-Keramik-Sp\u00fclbecken Merkmale:<\/h2>\n\n\n\n<ul class=\"wp-block-list\">\n<li><strong>Keramisches Material, ausgezeichnete Qualit\u00e4t:<\/strong> Unsere gro\u00dfvolumigen Keramiksp\u00fclen sind von hoher Qualit\u00e4t und zeichnen sich durch hohe Festigkeit und Verschlei\u00dffestigkeit aus. Die Oberfl\u00e4che ist glatt und zart in der Struktur, die Farbe ist langlebig, es ist nicht leicht verblasst, und es k\u00f6nnte Sch\u00f6nheit f\u00fcr eine lange Zeit zu halten.<\/li>\n\n\n\n<li><strong>Neues Design, f\u00fchrend im Trend:<\/strong> Indem wir die neuesten Designkonzepte und die Marktnachfrage nach keramischen Aufsatzwaschbecken im Gro\u00dfhandel kombinieren, haben wir eine Reihe von neuen Stilen auf den Markt gebracht. Diese Entw\u00fcrfe halten nicht nur mit den Modetrends Schritt, sondern ber\u00fccksichtigen auch die Kombination von Funktionalit\u00e4t und \u00c4sthetik, die moderne Baddekoration mit hohen Anforderungen erf\u00fcllen k\u00f6nnen.<\/li>\n\n\n\n<li><strong>Leicht zu installieren und einfach zu reinigen: <\/strong>Unsere gro\u00dfen Keramiksp\u00fclen sind einfach und elegant im Design. Es ist einfach und schnell zu installieren. Die Oberfl\u00e4che des Beckens wurde speziell behandelt, so dass Flecken nicht so leicht anhaften k\u00f6nnen. Bei der t\u00e4glichen Reinigung ist sie sehr bequem und muss nur abgewischt werden, um sie wieder sauber zu machen, was die Wartungsarbeiten f\u00fcr den Benutzer reduziert.<\/li>\n\n\n\n<li><strong>Schnelle Lieferung:<\/strong> Wir verf\u00fcgen \u00fcber ein effizientes Produktions- und Logistiksystem, das eine schnelle Reaktion und rechtzeitige Lieferung der Bestellungen gew\u00e4hrleistet. Ganz gleich, ob Sie gro\u00dfe Mengen abnehmen oder kleine Mengen anpassen m\u00fcssen, wir k\u00f6nnen die Produktion und Lieferung innerhalb der vereinbarten Zeit abschlie\u00dfen, um sicherzustellen, dass Sie die gew\u00fcnschten Produkte p\u00fcnktlich erhalten k\u00f6nnen.<\/li>\n<\/ul>\n<\/div>\n\n\n\n<div class=\"wp-block-column is-layout-flow wp-block-column-is-layout-flow\">\n<figure class=\"wp-block-image size-full\"><img fetchpriority=\"high\" decoding=\"async\" width=\"750\" height=\"750\" src=\"https:\/\/www.ceramicbasin.com\/wp-content\/uploads\/2024\/09\/Bulk-Ceramic-Countertop-Sinks-New-Style-High-Grade-1.webp\" alt=\"Bulk Keramik-Arbeitsplatte Waschbecken, New Style High Grade 1\" class=\"wp-image-5064\" srcset=\"https:\/\/www.ceramicbasin.com\/wp-content\/uploads\/2024\/09\/Bulk-Ceramic-Countertop-Sinks-New-Style-High-Grade-1.webp 750w, https:\/\/www.ceramicbasin.com\/wp-content\/uploads\/2024\/09\/Bulk-Ceramic-Countertop-Sinks-New-Style-High-Grade-1-300x300.webp 300w, https:\/\/www.ceramicbasin.com\/wp-content\/uploads\/2024\/09\/Bulk-Ceramic-Countertop-Sinks-New-Style-High-Grade-1-150x150.webp 150w, https:\/\/www.ceramicbasin.com\/wp-content\/uploads\/2024\/09\/Bulk-Ceramic-Countertop-Sinks-New-Style-High-Grade-1-12x12.webp 12w, https:\/\/www.ceramicbasin.com\/wp-content\/uploads\/2024\/09\/Bulk-Ceramic-Countertop-Sinks-New-Style-High-Grade-1-285x285.webp 285w, https:\/\/www.ceramicbasin.com\/wp-content\/uploads\/2024\/09\/Bulk-Ceramic-Countertop-Sinks-New-Style-High-Grade-1-270x270.webp 270w, https:\/\/www.ceramicbasin.com\/wp-content\/uploads\/2024\/09\/Bulk-Ceramic-Countertop-Sinks-New-Style-High-Grade-1-540x540.webp 540w, https:\/\/www.ceramicbasin.com\/wp-content\/uploads\/2024\/09\/Bulk-Ceramic-Countertop-Sinks-New-Style-High-Grade-1-660x660.webp 660w\" sizes=\"(max-width: 750px) 100vw, 750px\" \/><\/figure>\n<\/div>\n<\/div>","protected":false},"excerpt":{"rendered":"<p>Willkommen im Gro\u00dfhandel Badezimmer Waschbecken zu kaufen. Unsere in gro\u00dfen Mengen gelieferten keramischen Waschbecken bestehen aus hochwertigen keramischen Materialien, die die Festigkeit und Haltbarkeit unserer Produkte mit einer glatten und zarten Oberfl\u00e4che gew\u00e4hrleisten, die leicht zu installieren und zu reinigen ist. Durch die Kombination von modischer \u00c4sthetik und Praktikabilit\u00e4t in diesem neuen Design, kann es perfekt zu den verschiedenen Stilen von Badezimmern passen und das luxuri\u00f6se Gef\u00fchl verst\u00e4rken.<\/p>\n<table style=\"border-collapse: collapse; width: 311.02pt;\" border=\"0\" width=\"311\" cellspacing=\"0\" cellpadding=\"0\">\n<tbody>\n<tr style=\"height: 17.60pt;\">\n<td class=\"et3\" style=\"height: 17.60pt; width: 108.35pt;\" width=\"108\" height=\"17\">Hersteller<\/td>\n<td class=\"et3\" style=\"width: 202.95pt;\" width=\"202\">HanYu<\/td>\n<\/tr>\n<tr style=\"height: 17.60pt;\">\n<td class=\"et3\" style=\"height: 17.60pt;\" height=\"17\">Modell Nr.<\/td>\n<td class=\"et4\">HY-8121<\/td>\n<\/tr>\n<tr style=\"height: 18.00pt;\">\n<td class=\"et3\" style=\"height: 18.00pt;\" height=\"18\">Typ<\/td>\n<td class=\"et5\" style=\"width: 202.95pt;\" width=\"202\">Aufsatzwaschbecken<\/td>\n<\/tr>\n<tr style=\"height: 17.60pt;\">\n<td class=\"et3\" style=\"height: 17.60pt;\" height=\"17\">Form<\/td>\n<td class=\"et3\">Runde Form<\/td>\n<\/tr>\n<tr style=\"height: 18.00pt;\">\n<td class=\"et4\" style=\"height: 18.00pt;\" height=\"18\">Farbe<\/td>\n<td class=\"et5\" style=\"width: 202.95pt;\" width=\"202\">Wei\u00df<\/td>\n<\/tr>\n<tr style=\"height: 18.00pt;\">\n<td class=\"et3\" style=\"height: 18.00pt;\" height=\"18\">Dimension<\/td>\n<td class=\"et5\" style=\"width: 202.95pt;\" width=\"202\">40*40*13.5<\/td>\n<\/tr>\n<tr style=\"height: 17.60pt;\">\n<td class=\"et3\" style=\"height: 17.60pt;\" height=\"17\">N.W \/SET<\/td>\n<td class=\"et3\">10KGS\/PCS<\/td>\n<\/tr>\n<tr style=\"height: 17.60pt;\">\n<td class=\"et3\" style=\"height: 17.60pt;\" height=\"17\">MOQ<\/td>\n<td class=\"et3\">20St\u00fcck<\/td>\n<\/tr>\n<tr style=\"height: 17.60pt;\">\n<td class=\"et3\" style=\"height: 17.60pt;\" height=\"17\">Benutzerdefinierte Option<\/td>\n<td class=\"et3\">Farbe\/Muster\/Gr\u00f6\u00dfe\/Logo\/Verpackung<\/td>\n<\/tr>\n<\/tbody>\n<\/table>","protected":false},"featured_media":5066,"comment_status":"closed","ping_status":"closed","template":"","meta":{"_acf_changed":false},"product_brand":[],"product_cat":[50],"product_tag":[],"class_list":{"0":"post-5063","1":"product","2":"type-product","3":"status-publish","4":"has-post-thumbnail","6":"product_cat-wholesale-countertop-sinks","8":"first","9":"instock","10":"shipping-taxable","11":"product-type-simple"},"acf":[],"_links":{"self":[{"href":"https:\/\/www.ceramicbasin.com\/de\/wp-json\/wp\/v2\/product\/5063","targetHints":{"allow":["GET"]}}],"collection":[{"href":"https:\/\/www.ceramicbasin.com\/de\/wp-json\/wp\/v2\/product"}],"about":[{"href":"https:\/\/www.ceramicbasin.com\/de\/wp-json\/wp\/v2\/types\/product"}],"replies":[{"embeddable":true,"href":"https:\/\/www.ceramicbasin.com\/de\/wp-json\/wp\/v2\/comments?post=5063"}],"wp:featuredmedia":[{"embeddable":true,"href":"https:\/\/www.ceramicbasin.com\/de\/wp-json\/wp\/v2\/media\/5066"}],"wp:attachment":[{"href":"https:\/\/www.ceramicbasin.com\/de\/wp-json\/wp\/v2\/media?parent=5063"}],"wp:term":[{"taxonomy":"product_brand","embeddable":true,"href":"https:\/\/www.ceramicbasin.com\/de\/wp-json\/wp\/v2\/product_brand?post=5063"},{"taxonomy":"product_cat","embeddable":true,"href":"https:\/\/www.ceramicbasin.com\/de\/wp-json\/wp\/v2\/product_cat?post=5063"},{"taxonomy":"product_tag","embeddable":true,"href":"https:\/\/www.ceramicbasin.com\/de\/wp-json\/wp\/v2\/product_tag?post=5063"}],"curies":[{"name":"wp","href":"https:\/\/api.w.org\/{rel}","templated":true}]}}