{"id":5077,"date":"2024-09-09T09:25:13","date_gmt":"2024-09-09T09:25:13","guid":{"rendered":"https:\/\/www.ceramicbasin.com\/?post_type=product&#038;p=5077"},"modified":"2024-09-11T02:06:44","modified_gmt":"2024-09-11T02:06:44","slug":"countertop-sinks-in-bulk","status":"publish","type":"product","link":"https:\/\/www.ceramicbasin.com\/de\/produkt\/countertop-sinks-in-bulk\/","title":{"rendered":"Aufsatzwaschbecken in loser Sch\u00fcttung, runde Mini-Becken"},"content":{"rendered":"<div class=\"wp-block-columns is-layout-flex wp-container-core-columns-is-layout-9d6595d7 wp-block-columns-is-layout-flex\">\n<div class=\"wp-block-column is-layout-flow wp-block-column-is-layout-flow\">\n<h2 class=\"wp-block-heading\">Premium-Arbeitsplattensp\u00fclen in loser Sch\u00fcttung Merkmale:<\/h2>\n\n\n\n<ul class=\"wp-block-list\">\n<li><strong>Kompakte Bauweise, flexible Anpassung:<\/strong> Unsere Arbeitsplatte Waschbecken in loser Sch\u00fcttung mit seiner kompakten Gr\u00f6\u00dfe und rundes Design, unsere Mini Runde Arbeitsplatte Waschbecken passt perfekt in jeden Raum. Sein modernes Aussehen kann auch den gesamten Dekorationsstil verbessern und Designprobleme f\u00fcr kleine R\u00e4ume l\u00f6sen. <\/li>\n\n\n\n<li><strong>Hochwertige Materialien<\/strong>: Unsere Aufsatzwaschbecken im Gro\u00dfhandel sind aus hochwertigen keramischen Materialien hergestellt, die eine ausgezeichnete Haltbarkeit und Fleckenbest\u00e4ndigkeit aufweisen. Selbst bei h\u00e4ufigem Gebrauch kann es so hell wie neu bleiben. Gleichzeitig ist es leicht zu reinigen, was die Wartungsarbeiten reduziert.<\/li>\n\n\n\n<li><strong>Kundenspezifische Verpackung:<\/strong> Wir bieten ma\u00dfgeschneiderte Verpackungsl\u00f6sungen f\u00fcr Waschbecken in loser Sch\u00fcttung und k\u00f6nnen einzigartige Verpackungen entwerfen, die den Bed\u00fcrfnissen der Kunden entsprechen, wie z. B. dem Markenimage, den Produktanforderungen und der Marktpositionierung.<\/li>\n\n\n\n<li><strong>Rabatte bei Gro\u00dfeink\u00e4ufen, Kosteneinsparungen:<\/strong>  Unsere Arbeitsplattensp\u00fclen in gro\u00dfen Mengen bieten wettbewerbsf\u00e4hige Rabatte f\u00fcr Gro\u00dfeink\u00e4ufe und helfen Ihnen, Ihre Kosten erheblich zu senken.<\/li>\n<\/ul>\n<\/div>\n\n\n\n<div class=\"wp-block-column is-layout-flow wp-block-column-is-layout-flow\">\n<figure class=\"wp-block-image size-full\"><img fetchpriority=\"high\" decoding=\"async\" width=\"750\" height=\"750\" src=\"https:\/\/www.ceramicbasin.com\/wp-content\/uploads\/2024\/09\/Mini-Size-Round-Shape-Countertop-Sinks-In-Bulk\uff0cCustomized-Packaging-1.webp\" alt=\"Mini Gr\u00f6\u00dfe Runde Form Arbeitsplatte Waschbecken In Bulk, kundenspezifische Verpackung 1\" class=\"wp-image-5078\" srcset=\"https:\/\/www.ceramicbasin.com\/wp-content\/uploads\/2024\/09\/Mini-Size-Round-Shape-Countertop-Sinks-In-Bulk\uff0cCustomized-Packaging-1.webp 750w, https:\/\/www.ceramicbasin.com\/wp-content\/uploads\/2024\/09\/Mini-Size-Round-Shape-Countertop-Sinks-In-Bulk\uff0cCustomized-Packaging-1-300x300.webp 300w, https:\/\/www.ceramicbasin.com\/wp-content\/uploads\/2024\/09\/Mini-Size-Round-Shape-Countertop-Sinks-In-Bulk\uff0cCustomized-Packaging-1-150x150.webp 150w, https:\/\/www.ceramicbasin.com\/wp-content\/uploads\/2024\/09\/Mini-Size-Round-Shape-Countertop-Sinks-In-Bulk\uff0cCustomized-Packaging-1-12x12.webp 12w, https:\/\/www.ceramicbasin.com\/wp-content\/uploads\/2024\/09\/Mini-Size-Round-Shape-Countertop-Sinks-In-Bulk\uff0cCustomized-Packaging-1-285x285.webp 285w, https:\/\/www.ceramicbasin.com\/wp-content\/uploads\/2024\/09\/Mini-Size-Round-Shape-Countertop-Sinks-In-Bulk\uff0cCustomized-Packaging-1-270x270.webp 270w, https:\/\/www.ceramicbasin.com\/wp-content\/uploads\/2024\/09\/Mini-Size-Round-Shape-Countertop-Sinks-In-Bulk\uff0cCustomized-Packaging-1-540x540.webp 540w, https:\/\/www.ceramicbasin.com\/wp-content\/uploads\/2024\/09\/Mini-Size-Round-Shape-Countertop-Sinks-In-Bulk\uff0cCustomized-Packaging-1-660x660.webp 660w\" sizes=\"(max-width: 750px) 100vw, 750px\" \/><\/figure>\n<\/div>\n<\/div>","protected":false},"excerpt":{"rendered":"<p>Unsere runden Mini-Sp\u00fclbecken in Gro\u00dfpackungen haben ein kompaktes und modernes Design, das in jeden Raum passt, sei es f\u00fcr den privaten oder gewerblichen Gebrauch. Sie sind aus hochwertigen Materialien gefertigt, langlebig und leicht zu pflegen. Wir bieten Ihnen einen individuellen Verpackungsservice, um Ihren Bed\u00fcrfnissen gerecht zu werden, und Sie k\u00f6nnen bei Gro\u00dfeink\u00e4ufen von Vorzugspreisen profitieren, was ideal f\u00fcr Gro\u00dfeink\u00e4ufe ist.<\/p>\n<table style=\"border-collapse: collapse; width: 311.02pt;\" border=\"0\" width=\"311\" cellspacing=\"0\" cellpadding=\"0\">\n<tbody>\n<tr style=\"height: 17.60pt;\">\n<td class=\"et3\" style=\"height: 17.60pt; width: 108.35pt;\" width=\"108\" height=\"17\">Hersteller<\/td>\n<td class=\"et3\" style=\"width: 202.95pt;\" width=\"202\">HanYu<\/td>\n<\/tr>\n<tr style=\"height: 17.60pt;\">\n<td class=\"et3\" style=\"height: 17.60pt;\" height=\"17\">Modell Nr.<\/td>\n<td class=\"et4\">HY-8200<\/td>\n<\/tr>\n<tr style=\"height: 18.00pt;\">\n<td class=\"et3\" style=\"height: 18.00pt;\" height=\"18\">Typ<\/td>\n<td class=\"et5\" style=\"width: 202.95pt;\" width=\"202\">Aufsatzwaschbecken<\/td>\n<\/tr>\n<tr style=\"height: 17.60pt;\">\n<td class=\"et3\" style=\"height: 17.60pt;\" height=\"17\">Form<\/td>\n<td class=\"et3\">Runde Form<\/td>\n<\/tr>\n<tr style=\"height: 18.00pt;\">\n<td class=\"et4\" style=\"height: 18.00pt;\" height=\"18\">Farbe<\/td>\n<td class=\"et5\" style=\"width: 202.95pt;\" width=\"202\">Wei\u00df<\/td>\n<\/tr>\n<tr style=\"height: 18.00pt;\">\n<td class=\"et3\" style=\"height: 18.00pt;\" height=\"18\">Dimension<\/td>\n<td class=\"et5\" style=\"width: 202.95pt;\" width=\"202\">20*20*9<\/td>\n<\/tr>\n<tr style=\"height: 17.60pt;\">\n<td class=\"et3\" style=\"height: 17.60pt;\" height=\"17\">N.W \/SET<\/td>\n<td class=\"et3\">5KGS\/PCS<\/td>\n<\/tr>\n<tr style=\"height: 17.60pt;\">\n<td class=\"et3\" style=\"height: 17.60pt;\" height=\"17\">MOQ<\/td>\n<td class=\"et3\">20St\u00fcck<\/td>\n<\/tr>\n<tr style=\"height: 17.60pt;\">\n<td class=\"et3\" style=\"height: 17.60pt;\" height=\"17\">Benutzerdefinierte Option<\/td>\n<td class=\"et3\">Farbe\/Muster\/Gr\u00f6\u00dfe\/Logo\/Verpackung<\/td>\n<\/tr>\n<\/tbody>\n<\/table>","protected":false},"featured_media":5080,"comment_status":"closed","ping_status":"closed","template":"","meta":{"_acf_changed":false},"product_brand":[],"product_cat":[56,50],"product_tag":[],"class_list":{"0":"post-5077","1":"product","2":"type-product","3":"status-publish","4":"has-post-thumbnail","6":"product_cat-wholesale-small-bathroom-sinks","7":"product_cat-wholesale-countertop-sinks","9":"first","10":"instock","11":"shipping-taxable","12":"product-type-simple"},"acf":[],"_links":{"self":[{"href":"https:\/\/www.ceramicbasin.com\/de\/wp-json\/wp\/v2\/product\/5077","targetHints":{"allow":["GET"]}}],"collection":[{"href":"https:\/\/www.ceramicbasin.com\/de\/wp-json\/wp\/v2\/product"}],"about":[{"href":"https:\/\/www.ceramicbasin.com\/de\/wp-json\/wp\/v2\/types\/product"}],"replies":[{"embeddable":true,"href":"https:\/\/www.ceramicbasin.com\/de\/wp-json\/wp\/v2\/comments?post=5077"}],"wp:featuredmedia":[{"embeddable":true,"href":"https:\/\/www.ceramicbasin.com\/de\/wp-json\/wp\/v2\/media\/5080"}],"wp:attachment":[{"href":"https:\/\/www.ceramicbasin.com\/de\/wp-json\/wp\/v2\/media?parent=5077"}],"wp:term":[{"taxonomy":"product_brand","embeddable":true,"href":"https:\/\/www.ceramicbasin.com\/de\/wp-json\/wp\/v2\/product_brand?post=5077"},{"taxonomy":"product_cat","embeddable":true,"href":"https:\/\/www.ceramicbasin.com\/de\/wp-json\/wp\/v2\/product_cat?post=5077"},{"taxonomy":"product_tag","embeddable":true,"href":"https:\/\/www.ceramicbasin.com\/de\/wp-json\/wp\/v2\/product_tag?post=5077"}],"curies":[{"name":"wp","href":"https:\/\/api.w.org\/{rel}","templated":true}]}}