{"id":5105,"date":"2024-09-13T03:47:56","date_gmt":"2024-09-13T03:47:56","guid":{"rendered":"https:\/\/www.ceramicbasin.com\/?post_type=product&#038;p=5105"},"modified":"2024-09-13T03:48:08","modified_gmt":"2024-09-13T03:48:08","slug":"gold-washbasin-wholesale","status":"publish","type":"product","link":"https:\/\/www.ceramicbasin.com\/de\/produkt\/gold-washbasin-wholesale\/","title":{"rendered":"Luxuri\u00f6ses galvanisiertes Gold Waschbecken Gro\u00dfhandel f\u00fcr Badezimmer"},"content":{"rendered":"<div class=\"wp-block-columns is-layout-flex wp-container-core-columns-is-layout-9d6595d7 wp-block-columns-is-layout-flex\">\n<div class=\"wp-block-column is-layout-flow wp-block-column-is-layout-flow\">\n<h2 class=\"wp-block-heading\">Premium Gold Waschbecken Gro\u00dfhandel Eigenschaften:<\/h2>\n\n\n\n<ul class=\"wp-block-list\">\n<li><strong>Luxuri\u00f6se Farbabstimmung:\u00a0<\/strong>Diese galvanische Gold Waschbecken Gro\u00dfhandel nimmt eine klassische Farbabstimmung von Gold und Wei\u00df, das Gold Teil ist gl\u00e4nzend, und der wei\u00dfe Teil ist rein und elegant, wodurch eine luxuri\u00f6se und elegante Atmosph\u00e4re.<\/li>\n\n\n\n<li><strong>Modernes Design: <\/strong>Das elegante wei\u00df-goldene Design dieses Gro\u00dfhandelswaschbeckens mit Krokodillinien und die geschickte Kombination von Gold und Wei\u00df unterstreicht den Gesamtstil des Badezimmers.<\/li>\n\n\n\n<li><strong>Erf\u00fcllen Sie individuelle Anforderungen:<\/strong>\u00a0Wir sind ein professioneller Hersteller von Waschbecken f\u00fcr Badezimmer und bieten Dienstleistungen f\u00fcr Gro\u00dfhandel Waschbecken, und kann die Gr\u00f6\u00dfe und Farben nach Ihren spezifischen Bed\u00fcrfnissen anzupassen.<\/li>\n\n\n\n<li><strong>Stabile Versorgung:\u00a0<\/strong>Als Hersteller von keramischen Waschbecken bietet HanYu seinen Kunden wettbewerbsf\u00e4hige Preise und eine schnelle Lieferung f\u00fcr dieses galvanisch vergoldete Waschbecken im Gro\u00dfhandel, das f\u00fcr gro\u00dfe Projekte wie Hotels und gewerbliche Geb\u00e4ude geeignet ist.<\/li>\n<\/ul>\n<\/div>\n\n\n\n<div class=\"wp-block-column is-layout-flow wp-block-column-is-layout-flow\">\n<figure class=\"wp-block-image size-full\"><img fetchpriority=\"high\" decoding=\"async\" width=\"623\" height=\"801\" src=\"https:\/\/www.ceramicbasin.com\/wp-content\/uploads\/2024\/09\/Ceramic-basin-factory-gold-color-porcelain-hand-washing-basin-5.webp\" alt=\"Luxuri\u00f6ses galvanisiertes Goldwaschbecken Gro\u00dfhandel f\u00fcr Badezimmer-1\" class=\"wp-image-5047\" srcset=\"https:\/\/www.ceramicbasin.com\/wp-content\/uploads\/2024\/09\/Ceramic-basin-factory-gold-color-porcelain-hand-washing-basin-5.webp 623w, https:\/\/www.ceramicbasin.com\/wp-content\/uploads\/2024\/09\/Ceramic-basin-factory-gold-color-porcelain-hand-washing-basin-5-233x300.webp 233w, https:\/\/www.ceramicbasin.com\/wp-content\/uploads\/2024\/09\/Ceramic-basin-factory-gold-color-porcelain-hand-washing-basin-5-9x12.webp 9w, https:\/\/www.ceramicbasin.com\/wp-content\/uploads\/2024\/09\/Ceramic-basin-factory-gold-color-porcelain-hand-washing-basin-5-285x366.webp 285w, https:\/\/www.ceramicbasin.com\/wp-content\/uploads\/2024\/09\/Ceramic-basin-factory-gold-color-porcelain-hand-washing-basin-5-513x660.webp 513w, https:\/\/www.ceramicbasin.com\/wp-content\/uploads\/2024\/09\/Ceramic-basin-factory-gold-color-porcelain-hand-washing-basin-5-117x150.webp 117w\" sizes=\"(max-width: 623px) 100vw, 623px\" \/><\/figure>\n<\/div>\n<\/div>","protected":false},"excerpt":{"rendered":"<p>Unsere galvanisierte Gold Waschbecken Gro\u00dfhandel nimmt die klassische Farbabstimmung von Gold und Wei\u00df, die Schaffung eines luxuri\u00f6sen und eleganten Atmosph\u00e4re. Wir k\u00f6nnen Anpassungsleistungen f\u00fcr Gro\u00dfhandel Bad Waschbecken bieten und k\u00f6nnen die Gr\u00f6\u00dfe und Farben nach Ihren spezifischen Bed\u00fcrfnissen anpassen.<\/p>\n<table style=\"border-collapse: collapse; width: 358.52pt;\" border=\"0\" width=\"478\" cellspacing=\"0\" cellpadding=\"0\">\n<tbody>\n<tr style=\"height: 17.25pt;\">\n<td class=\"et3\" style=\"height: 17.25pt; width: 125.00pt;\" width=\"166\" height=\"23\">Hersteller<\/td>\n<td class=\"et3\" style=\"width: 234.15pt;\" width=\"312\">HanYu<\/td>\n<\/tr>\n<tr style=\"height: 17.25pt;\">\n<td class=\"et3\" style=\"height: 17.25pt;\" height=\"23\">Modell Nr.<\/td>\n<td class=\"et4\">HY-8018GY<\/td>\n<\/tr>\n<tr style=\"height: 17.25pt;\">\n<td class=\"et3\" style=\"height: 17.25pt;\" height=\"23\">Typ<\/td>\n<td class=\"et5\" style=\"width: 234.15pt;\" width=\"312\">Galvanisierte Sp\u00fclbecken<\/td>\n<\/tr>\n<tr style=\"height: 18.00pt;\">\n<td class=\"et3\" style=\"height: 18.00pt;\" height=\"24\">Form<\/td>\n<td class=\"et3\">Rechteckige Form<\/td>\n<\/tr>\n<tr style=\"height: 34.50pt;\">\n<td class=\"et4\" style=\"height: 34.50pt;\" height=\"46\">Farbe<\/td>\n<td class=\"et5\" style=\"width: 234.15pt;\" width=\"312\">Gold\/Silber+Wei\u00df<\/td>\n<\/tr>\n<tr style=\"height: 18.00pt;\">\n<td class=\"et3\" style=\"height: 18.00pt;\" height=\"24\">Dimension<\/td>\n<td class=\"et5\" style=\"width: 234.15pt;\" width=\"312\">50*40*14.5<\/td>\n<\/tr>\n<tr style=\"height: 17.25pt;\">\n<td class=\"et3\" style=\"height: 17.25pt;\" height=\"23\">N.W \/SET<\/td>\n<td class=\"et3\">11KGS\/PCS<\/td>\n<\/tr>\n<tr style=\"height: 17.25pt;\">\n<td class=\"et3\" style=\"height: 17.25pt;\" height=\"23\">MOQ<\/td>\n<td class=\"et3\">20St\u00fcck<\/td>\n<\/tr>\n<tr style=\"height: 17.25pt;\">\n<td class=\"et3\" style=\"height: 17.25pt;\" height=\"23\">Benutzerdefinierte Option<\/td>\n<td class=\"et3\">Farbe\/Muster\/Gr\u00f6\u00dfe\/Logo\/Verpackung<\/td>\n<\/tr>\n<\/tbody>\n<\/table>","protected":false},"featured_media":5046,"comment_status":"closed","ping_status":"closed","template":"","meta":{"_acf_changed":false},"product_brand":[],"product_cat":[53,50],"product_tag":[],"class_list":{"0":"post-5105","1":"product","2":"type-product","3":"status-publish","4":"has-post-thumbnail","6":"product_cat-electroplated-bathroom-sinks","7":"product_cat-wholesale-countertop-sinks","9":"first","10":"instock","11":"shipping-taxable","12":"product-type-simple"},"acf":[],"_links":{"self":[{"href":"https:\/\/www.ceramicbasin.com\/de\/wp-json\/wp\/v2\/product\/5105","targetHints":{"allow":["GET"]}}],"collection":[{"href":"https:\/\/www.ceramicbasin.com\/de\/wp-json\/wp\/v2\/product"}],"about":[{"href":"https:\/\/www.ceramicbasin.com\/de\/wp-json\/wp\/v2\/types\/product"}],"replies":[{"embeddable":true,"href":"https:\/\/www.ceramicbasin.com\/de\/wp-json\/wp\/v2\/comments?post=5105"}],"wp:featuredmedia":[{"embeddable":true,"href":"https:\/\/www.ceramicbasin.com\/de\/wp-json\/wp\/v2\/media\/5046"}],"wp:attachment":[{"href":"https:\/\/www.ceramicbasin.com\/de\/wp-json\/wp\/v2\/media?parent=5105"}],"wp:term":[{"taxonomy":"product_brand","embeddable":true,"href":"https:\/\/www.ceramicbasin.com\/de\/wp-json\/wp\/v2\/product_brand?post=5105"},{"taxonomy":"product_cat","embeddable":true,"href":"https:\/\/www.ceramicbasin.com\/de\/wp-json\/wp\/v2\/product_cat?post=5105"},{"taxonomy":"product_tag","embeddable":true,"href":"https:\/\/www.ceramicbasin.com\/de\/wp-json\/wp\/v2\/product_tag?post=5105"}],"curies":[{"name":"wp","href":"https:\/\/api.w.org\/{rel}","templated":true}]}}