{"id":5112,"date":"2024-09-25T03:54:43","date_gmt":"2024-09-25T03:54:43","guid":{"rendered":"https:\/\/www.ceramicbasin.com\/?post_type=product&#038;p=5112"},"modified":"2024-09-25T03:54:46","modified_gmt":"2024-09-25T03:54:46","slug":"custom-porcelain-sinks","status":"publish","type":"product","link":"https:\/\/www.ceramicbasin.com\/de\/produkt\/custom-porcelain-sinks\/","title":{"rendered":"Gro\u00dfhandel und benutzerdefinierte Porzellan Waschbecken, In Counter Basins Bulk"},"content":{"rendered":"<div class=\"wp-block-columns is-layout-flex wp-container-core-columns-is-layout-9d6595d7 wp-block-columns-is-layout-flex\">\n<div class=\"wp-block-column is-layout-flow wp-block-column-is-layout-flow\">\n<h2 class=\"wp-block-heading\">Premium Custom Porzellan-Sp\u00fclbecken Merkmale:<\/h2>\n\n\n\n<ul class=\"wp-block-list\">\n<li><strong>Direkte Lieferung ab Werk:&nbsp;<\/strong>Unsere ma\u00dfgefertigten Porzellanwaschbecken werden direkt von der Fabrik geliefert, wodurch der Zwischenh\u00e4ndler entf\u00e4llt und Sie ein qualitativ hochwertiges Waschbecken zum g\u00fcnstigsten Preis erhalten. Bei Gro\u00dfeink\u00e4ufen von Waschbecken k\u00f6nnen Sie zus\u00e4tzliche Rabatte erhalten, die Ihnen helfen, Kosten zu sparen und Ihre Gewinnspanne zu erh\u00f6hen.<\/li>\n\n\n\n<li><strong>Exquisites Design:&nbsp;<\/strong>Dieses Gro\u00dfhandelswaschbecken hat ein stilvolles und modernes Design, einfach und elegant, geeignet f\u00fcr Badezimmer und Toiletten verschiedener Dekorationsstile, und verbessert den Gesamtgeschmack des Raumes.<\/li>\n\n\n\n<li><strong>Qualit\u00e4tssicherung:&nbsp;<\/strong>Unsere fortschrittlichen Produktionsanlagen und unser strenges Qualit\u00e4tskontrollsystem stellen sicher, dass jedes Porzellanwaschbecken, das unser Werk verl\u00e4sst, hohen Standards entspricht. Ob es um Haltbarkeit oder \u00c4sthetik geht, es kann die hohen Anforderungen der Kunden erf\u00fcllen.<\/li>\n\n\n\n<li><strong>Einfach zu installieren:&nbsp;<\/strong>Unser Gro\u00dfhandel Keramikbecken ist f\u00fcr das mittlere Becken konzipiert, und der Installationsprozess ist einfach und schnell. Es ist geeignet f\u00fcr verschiedene Arbeitsplattenmaterialien, einfach zu installieren und geeignet f\u00fcr verschiedene kommerzielle Projekte oder H\u00e4ndler.<\/li>\n<\/ul>\n<\/div>\n\n\n\n<div class=\"wp-block-column is-layout-flow wp-block-column-is-layout-flow\">\n<figure class=\"wp-block-image size-full\"><img fetchpriority=\"high\" decoding=\"async\" width=\"640\" height=\"800\" src=\"https:\/\/www.ceramicbasin.com\/wp-content\/uploads\/2024\/09\/Ceramic-basin-supplieroval-shape-drop-in-washbasin-1.webp\" alt=\"Gro\u00dfhandel und benutzerdefinierte Porzellan Waschbecken, In Counter Basins Bulk-1\" class=\"wp-image-5118\" srcset=\"https:\/\/www.ceramicbasin.com\/wp-content\/uploads\/2024\/09\/Ceramic-basin-supplieroval-shape-drop-in-washbasin-1.webp 640w, https:\/\/www.ceramicbasin.com\/wp-content\/uploads\/2024\/09\/Ceramic-basin-supplieroval-shape-drop-in-washbasin-1-240x300.webp 240w, https:\/\/www.ceramicbasin.com\/wp-content\/uploads\/2024\/09\/Ceramic-basin-supplieroval-shape-drop-in-washbasin-1-10x12.webp 10w, https:\/\/www.ceramicbasin.com\/wp-content\/uploads\/2024\/09\/Ceramic-basin-supplieroval-shape-drop-in-washbasin-1-285x356.webp 285w, https:\/\/www.ceramicbasin.com\/wp-content\/uploads\/2024\/09\/Ceramic-basin-supplieroval-shape-drop-in-washbasin-1-528x660.webp 528w, https:\/\/www.ceramicbasin.com\/wp-content\/uploads\/2024\/09\/Ceramic-basin-supplieroval-shape-drop-in-washbasin-1-120x150.webp 120w\" sizes=\"(max-width: 640px) 100vw, 640px\" \/><\/figure>\n<\/div>\n<\/div>","protected":false},"excerpt":{"rendered":"<p>Unser Gro\u00dfhandel benutzerdefinierte Porzellanwaschbecken haben stilvolle und moderne Design-Stile, einfach und elegant, geeignet f\u00fcr B\u00e4der und Toiletten von verschiedenen Dekorationsstilen. Unsere fortschrittliche Produktionsanlagen und strenge Qualit\u00e4tskontrolle sorgen daf\u00fcr, dass jede benutzerdefinierte Porzellan Waschbecken aus der Fabrik versandt erf\u00fcllt hohe Standards.<\/p>\n<table style=\"border-collapse: collapse; width: 358.52pt;\" border=\"0\" width=\"478\" cellspacing=\"0\" cellpadding=\"0\">\n<tbody>\n<tr style=\"height: 17.25pt;\">\n<td class=\"et3\" style=\"height: 17.25pt; width: 125.00pt;\" width=\"166\" height=\"23\">Hersteller<\/td>\n<td class=\"et3\" style=\"width: 234.15pt;\" width=\"312\">HanYu<\/td>\n<\/tr>\n<tr style=\"height: 17.25pt;\">\n<td class=\"et3\" style=\"height: 17.25pt;\" height=\"23\">Modell Nr.<\/td>\n<td class=\"et4\">HY-5006C<\/td>\n<\/tr>\n<tr style=\"height: 17.25pt;\">\n<td class=\"et3\" style=\"height: 17.25pt;\" height=\"23\">Typ<\/td>\n<td class=\"et5\" style=\"width: 234.15pt;\" width=\"312\">In Sp\u00fclbecken<\/td>\n<\/tr>\n<tr style=\"height: 18.00pt;\">\n<td class=\"et3\" style=\"height: 18.00pt;\" height=\"24\">Form<\/td>\n<td class=\"et3\">Ovale Form<\/td>\n<\/tr>\n<tr style=\"height: 34.50pt;\">\n<td class=\"et4\" style=\"height: 34.50pt;\" height=\"46\">Farbe<\/td>\n<td class=\"et5\" style=\"width: 234.15pt;\" width=\"312\">schwarz\/wei\u00df\/blau\/grau\/rosa\/gr\u00fcn\/braun\/khaki<\/td>\n<\/tr>\n<tr style=\"height: 18.00pt;\">\n<td class=\"et3\" style=\"height: 18.00pt;\" height=\"24\">Dimension<\/td>\n<td class=\"et5\" style=\"width: 234.15pt;\" width=\"312\">60.5*40.5*18.5<\/td>\n<\/tr>\n<tr style=\"height: 17.25pt;\">\n<td class=\"et3\" style=\"height: 17.25pt;\" height=\"23\">N.W \/SET<\/td>\n<td class=\"et3\">8KGS\/PCS<\/td>\n<\/tr>\n<tr style=\"height: 17.25pt;\">\n<td class=\"et3\" style=\"height: 17.25pt;\" height=\"23\">MOQ<\/td>\n<td class=\"et3\">20St\u00fcck<\/td>\n<\/tr>\n<tr style=\"height: 17.25pt;\">\n<td class=\"et3\" style=\"height: 17.25pt;\" height=\"23\">Benutzerdefinierte Option<\/td>\n<td class=\"et3\">Farbe\/Muster\/Gr\u00f6\u00dfe\/Logo\/Verpackung<\/td>\n<\/tr>\n<\/tbody>\n<\/table>","protected":false},"featured_media":5119,"comment_status":"closed","ping_status":"closed","template":"","meta":{"_acf_changed":false},"product_brand":[],"product_cat":[51],"product_tag":[],"class_list":{"0":"post-5112","1":"product","2":"type-product","3":"status-publish","4":"has-post-thumbnail","6":"product_cat-wholesale-drop-in-sinks","8":"first","9":"instock","10":"shipping-taxable","11":"product-type-simple"},"acf":[],"_links":{"self":[{"href":"https:\/\/www.ceramicbasin.com\/de\/wp-json\/wp\/v2\/product\/5112","targetHints":{"allow":["GET"]}}],"collection":[{"href":"https:\/\/www.ceramicbasin.com\/de\/wp-json\/wp\/v2\/product"}],"about":[{"href":"https:\/\/www.ceramicbasin.com\/de\/wp-json\/wp\/v2\/types\/product"}],"replies":[{"embeddable":true,"href":"https:\/\/www.ceramicbasin.com\/de\/wp-json\/wp\/v2\/comments?post=5112"}],"wp:featuredmedia":[{"embeddable":true,"href":"https:\/\/www.ceramicbasin.com\/de\/wp-json\/wp\/v2\/media\/5119"}],"wp:attachment":[{"href":"https:\/\/www.ceramicbasin.com\/de\/wp-json\/wp\/v2\/media?parent=5112"}],"wp:term":[{"taxonomy":"product_brand","embeddable":true,"href":"https:\/\/www.ceramicbasin.com\/de\/wp-json\/wp\/v2\/product_brand?post=5112"},{"taxonomy":"product_cat","embeddable":true,"href":"https:\/\/www.ceramicbasin.com\/de\/wp-json\/wp\/v2\/product_cat?post=5112"},{"taxonomy":"product_tag","embeddable":true,"href":"https:\/\/www.ceramicbasin.com\/de\/wp-json\/wp\/v2\/product_tag?post=5112"}],"curies":[{"name":"wp","href":"https:\/\/api.w.org\/{rel}","templated":true}]}}