{"id":5126,"date":"2024-09-19T08:16:55","date_gmt":"2024-09-19T08:16:55","guid":{"rendered":"https:\/\/www.ceramicbasin.com\/?post_type=product&#038;p=5126"},"modified":"2024-09-19T08:16:57","modified_gmt":"2024-09-19T08:16:57","slug":"wholesale-in-counter-wash-basin","status":"publish","type":"product","link":"https:\/\/www.ceramicbasin.com\/de\/produkt\/wholesale-in-counter-wash-basin\/","title":{"rendered":"Gro\u00dfhandel In Counter Waschbecken, Drop-in Keramik-Sp\u00fclen"},"content":{"rendered":"<div class=\"wp-block-columns is-layout-flex wp-container-core-columns-is-layout-9d6595d7 wp-block-columns-is-layout-flex\">\n<div class=\"wp-block-column is-layout-flow wp-block-column-is-layout-flow\">\n<h2 class=\"wp-block-heading\">Premium-Gro\u00dfhandel in Counter-Waschtisch Eigenschaften:<\/h2>\n\n\n\n<ul class=\"wp-block-list\">\n<li><strong>Direkte Lieferung ab Werk:\u00a0<\/strong>Als Bad Waschbecken Hersteller, wir Gro\u00dfhandel in Counter Waschbecken mit jahrelanger Erfahrung, k\u00f6nnen wir sicherstellen, dass der Preis der Gro\u00dfhandel Waschbecken bieten wir die wettbewerbsf\u00e4higsten auf dem Markt ist. Unabh\u00e4ngig von der Gr\u00f6\u00dfe der Bestellung, k\u00f6nnen wir rechtzeitige Lieferung garantieren.<\/li>\n\n\n\n<li><strong>Leicht zu pflegen:&nbsp;<\/strong>Die Oberfl\u00e4che dieses Gro\u00dfhandels-Keramikbeckens ist glatt und empfindlich, resistent gegen Flecken und Schimmel, leicht zu reinigen und einfach wie neu zu halten, was den Zeit- und Energieaufwand f\u00fcr die t\u00e4gliche Reinigung und Pflege reduziert.<\/li>\n\n\n\n<li><strong>Vielf\u00e4ltige Auswahl:<\/strong>\u00a0HanYu bietet eine Vielzahl von Stilen, Gr\u00f6\u00dfen und Farben von Gro\u00dfhandel in Thekenwaschbecken zur Auswahl, die die Bed\u00fcrfnisse verschiedener Badezimmerstile erf\u00fcllen und sich leicht in verschiedene Dekorationsdesigns integrieren lassen.<\/li>\n\n\n\n<li><strong>Schnelle Lieferf\u00e4higkeit:&nbsp;<\/strong>Mit einem starken Lager- und Logistiknetzwerk versprechen wir, schnell auf Gro\u00dfbestellungen von Waschbecken zu reagieren, eine p\u00fcnktliche Lieferung zu gew\u00e4hrleisten und Ihren Projektfortschritt zu unterst\u00fctzen.<\/li>\n<\/ul>\n<\/div>\n\n\n\n<div class=\"wp-block-column is-layout-flow wp-block-column-is-layout-flow\">\n<figure class=\"wp-block-image size-full\"><img fetchpriority=\"high\" decoding=\"async\" width=\"612\" height=\"800\" src=\"https:\/\/www.ceramicbasin.com\/wp-content\/uploads\/2024\/09\/Wholesale-manufacturerceramic-drop-in-sink-5.webp\" alt=\"Gro\u00dfhandel in Counter Waschbecken, Drop-in Keramik-Sp\u00fclen-1\" class=\"wp-image-5117\" srcset=\"https:\/\/www.ceramicbasin.com\/wp-content\/uploads\/2024\/09\/Wholesale-manufacturerceramic-drop-in-sink-5.webp 612w, https:\/\/www.ceramicbasin.com\/wp-content\/uploads\/2024\/09\/Wholesale-manufacturerceramic-drop-in-sink-5-230x300.webp 230w, https:\/\/www.ceramicbasin.com\/wp-content\/uploads\/2024\/09\/Wholesale-manufacturerceramic-drop-in-sink-5-9x12.webp 9w, https:\/\/www.ceramicbasin.com\/wp-content\/uploads\/2024\/09\/Wholesale-manufacturerceramic-drop-in-sink-5-285x373.webp 285w, https:\/\/www.ceramicbasin.com\/wp-content\/uploads\/2024\/09\/Wholesale-manufacturerceramic-drop-in-sink-5-505x660.webp 505w, https:\/\/www.ceramicbasin.com\/wp-content\/uploads\/2024\/09\/Wholesale-manufacturerceramic-drop-in-sink-5-115x150.webp 115w\" sizes=\"(max-width: 612px) 100vw, 612px\" \/><\/figure>\n<\/div>\n<\/div>\n\n\n\n<p><\/p>","protected":false},"excerpt":{"rendered":"<p>Die Oberfl\u00e4che dieses Gro\u00dfhandels in Z\u00e4hler Waschbecken ist glatt und zart, resistent gegen Flecken und Schimmel, leicht zu reinigen, und einfach zu halten sauber wie neu.Als Keramik-Sp\u00fcle Hersteller, bieten wir sehr wettbewerbsf\u00e4hige Gro\u00dfhandelspreise, unsere Fabrik mit einem starken Inventar und Logistik-Netzwerk, unabh\u00e4ngig von der Gr\u00f6\u00dfe der Bestellung, k\u00f6nnen wir garantieren, rechtzeitige Lieferung.<\/p>\n<table style=\"border-collapse: collapse; width: 358.52pt;\" border=\"0\" width=\"478\" cellspacing=\"0\" cellpadding=\"0\">\n<tbody>\n<tr style=\"height: 17.25pt;\">\n<td class=\"et3\" style=\"height: 17.25pt; width: 125.00pt;\" width=\"166\" height=\"23\">Hersteller<\/td>\n<td class=\"et3\" style=\"width: 234.15pt;\" width=\"312\">HanYu<\/td>\n<\/tr>\n<tr style=\"height: 17.25pt;\">\n<td class=\"et3\" style=\"height: 17.25pt;\" height=\"23\">Modell Nr.<\/td>\n<td class=\"et4\">HY-5009<\/td>\n<\/tr>\n<tr style=\"height: 17.25pt;\">\n<td class=\"et3\" style=\"height: 17.25pt;\" height=\"23\">Typ<\/td>\n<td class=\"et5\" style=\"width: 234.15pt;\" width=\"312\">Einfallende Waschbecken<\/td>\n<\/tr>\n<tr style=\"height: 18.00pt;\">\n<td class=\"et3\" style=\"height: 18.00pt;\" height=\"24\">Form<\/td>\n<td class=\"et3\">Runde Form<\/td>\n<\/tr>\n<tr style=\"height: 34.50pt;\">\n<td class=\"et4\" style=\"height: 34.50pt;\" height=\"46\">Farbe<\/td>\n<td class=\"et5\" style=\"width: 234.15pt;\" width=\"312\">schwarz\/wei\u00df\/blau\/grau\/rosa\/gr\u00fcn\/braun\/khaki<\/td>\n<\/tr>\n<tr style=\"height: 18.00pt;\">\n<td class=\"et3\" style=\"height: 18.00pt;\" height=\"24\">Dimension<\/td>\n<td class=\"et5\" style=\"width: 234.15pt;\" width=\"312\">40*40*11<\/td>\n<\/tr>\n<tr style=\"height: 17.25pt;\">\n<td class=\"et3\" style=\"height: 17.25pt;\" height=\"23\">N.W \/SET<\/td>\n<td class=\"et3\">8.5KGS\/PCS<\/td>\n<\/tr>\n<tr style=\"height: 17.25pt;\">\n<td class=\"et3\" style=\"height: 17.25pt;\" height=\"23\">MOQ<\/td>\n<td class=\"et3\">20St\u00fcck<\/td>\n<\/tr>\n<tr style=\"height: 17.25pt;\">\n<td class=\"et3\" style=\"height: 17.25pt;\" height=\"23\">Benutzerdefinierte Option<\/td>\n<td class=\"et3\">Farbe\/Muster\/Gr\u00f6\u00dfe\/Logo\/Verpackung<\/td>\n<\/tr>\n<\/tbody>\n<\/table>","protected":false},"featured_media":5116,"comment_status":"closed","ping_status":"closed","template":"","meta":{"_acf_changed":false},"product_brand":[],"product_cat":[51],"product_tag":[],"class_list":{"0":"post-5126","1":"product","2":"type-product","3":"status-publish","4":"has-post-thumbnail","6":"product_cat-wholesale-drop-in-sinks","8":"first","9":"instock","10":"shipping-taxable","11":"product-type-simple"},"acf":[],"_links":{"self":[{"href":"https:\/\/www.ceramicbasin.com\/de\/wp-json\/wp\/v2\/product\/5126","targetHints":{"allow":["GET"]}}],"collection":[{"href":"https:\/\/www.ceramicbasin.com\/de\/wp-json\/wp\/v2\/product"}],"about":[{"href":"https:\/\/www.ceramicbasin.com\/de\/wp-json\/wp\/v2\/types\/product"}],"replies":[{"embeddable":true,"href":"https:\/\/www.ceramicbasin.com\/de\/wp-json\/wp\/v2\/comments?post=5126"}],"wp:featuredmedia":[{"embeddable":true,"href":"https:\/\/www.ceramicbasin.com\/de\/wp-json\/wp\/v2\/media\/5116"}],"wp:attachment":[{"href":"https:\/\/www.ceramicbasin.com\/de\/wp-json\/wp\/v2\/media?parent=5126"}],"wp:term":[{"taxonomy":"product_brand","embeddable":true,"href":"https:\/\/www.ceramicbasin.com\/de\/wp-json\/wp\/v2\/product_brand?post=5126"},{"taxonomy":"product_cat","embeddable":true,"href":"https:\/\/www.ceramicbasin.com\/de\/wp-json\/wp\/v2\/product_cat?post=5126"},{"taxonomy":"product_tag","embeddable":true,"href":"https:\/\/www.ceramicbasin.com\/de\/wp-json\/wp\/v2\/product_tag?post=5126"}],"curies":[{"name":"wp","href":"https:\/\/api.w.org\/{rel}","templated":true}]}}