{"id":5127,"date":"2024-09-16T06:54:37","date_gmt":"2024-09-16T06:54:37","guid":{"rendered":"https:\/\/www.ceramicbasin.com\/?post_type=product&#038;p=5127"},"modified":"2024-09-19T08:43:04","modified_gmt":"2024-09-19T08:43:04","slug":"wall-hung-small-basin-wholesale","status":"publish","type":"product","link":"https:\/\/www.ceramicbasin.com\/de\/produkt\/wall-hung-small-basin-wholesale\/","title":{"rendered":"Solide Oberfl\u00e4che Wand geh\u00e4ngt kleine Becken Gro\u00dfhandel, Badezimmer Eitelkeit Waschbecken"},"content":{"rendered":"<div class=\"wp-block-columns is-layout-flex wp-container-core-columns-is-layout-9d6595d7 wp-block-columns-is-layout-flex\">\n<div class=\"wp-block-column is-layout-flow wp-block-column-is-layout-flow\">\n<h2 class=\"wp-block-heading\">Premium Wall Hung Small Basin Wholesale Merkmale:<\/h2>\n\n\n\n<ul class=\"wp-block-list\">\n<li><strong>Preisvorteil:<\/strong> Wir bieten Gro\u00dfbestellungen f\u00fcr diese wandh\u00e4ngenden kleinen Becken im Gro\u00dfhandel an, die nicht nur erschwinglich sind, sondern auch schnell geliefert werden k\u00f6nnen. Sie eignen sich f\u00fcr kommerzielle Projekte und gro\u00df angelegte Wohndekorationen und erf\u00fcllen die Anforderungen an hohe Effizienz und niedrige Kosten.<\/li>\n\n\n\n<li><strong>Wandmontierte Installation:\u00a0<\/strong>Das wandmontierte Design dieser winzigen Waschbecken f\u00fcr den Gro\u00dfhandel spart Platz und ist leicht zu reinigen. Dieses Mini-Badewaschbecken Gro\u00dfhandel ist besonders geeignet f\u00fcr moderne kompakte B\u00e4der, die Verbesserung der Sauberkeit und Modernit\u00e4t des gesamten Raumes.<\/li>\n\n\n\n<li><strong>Leicht zu reinigende Glasurbehandlung:<\/strong>\u00a0Die Oberfl\u00e4che dieser wandh\u00e4ngenden kleinen Waschbecken Gro\u00dfhandel nimmt spezielle easy-to-clean Glasur-Technologie, die glatt und zart ist, Flecken sind nicht leicht zu haften und leicht zu reinigen.<\/li>\n\n\n\n<li><strong>Rabatt bei Gro\u00dfeinkauf:\u00a0<\/strong>Als professioneller Hersteller und Lieferant von Keramikwaschbecken bieten wir sehr wettbewerbsf\u00e4hige Preise f\u00fcr Mini-Badewaschbecken im Gro\u00dfhandel, die sich f\u00fcr gro\u00dfe Dekorationsprojekte wie Hotels, Wohnungen, B\u00fcros usw. eignen.<\/li>\n<\/ul>\n<\/div>\n\n\n\n<div class=\"wp-block-column is-layout-flow wp-block-column-is-layout-flow\">\n<figure class=\"wp-block-image size-full\"><img fetchpriority=\"high\" decoding=\"async\" width=\"800\" height=\"800\" src=\"https:\/\/www.ceramicbasin.com\/wp-content\/uploads\/2024\/09\/wash-basin-sinkceramic-basinswall-hung-basin6.webp\" alt=\"Solide Oberfl\u00e4che Wand geh\u00e4ngt kleines Becken Gro\u00dfhandel, Eitelkeit Waschbecken-1\" class=\"wp-image-5133\" srcset=\"https:\/\/www.ceramicbasin.com\/wp-content\/uploads\/2024\/09\/wash-basin-sinkceramic-basinswall-hung-basin6.webp 800w, https:\/\/www.ceramicbasin.com\/wp-content\/uploads\/2024\/09\/wash-basin-sinkceramic-basinswall-hung-basin6-300x300.webp 300w, https:\/\/www.ceramicbasin.com\/wp-content\/uploads\/2024\/09\/wash-basin-sinkceramic-basinswall-hung-basin6-150x150.webp 150w, https:\/\/www.ceramicbasin.com\/wp-content\/uploads\/2024\/09\/wash-basin-sinkceramic-basinswall-hung-basin6-768x768.webp 768w, https:\/\/www.ceramicbasin.com\/wp-content\/uploads\/2024\/09\/wash-basin-sinkceramic-basinswall-hung-basin6-12x12.webp 12w, https:\/\/www.ceramicbasin.com\/wp-content\/uploads\/2024\/09\/wash-basin-sinkceramic-basinswall-hung-basin6-285x285.webp 285w, https:\/\/www.ceramicbasin.com\/wp-content\/uploads\/2024\/09\/wash-basin-sinkceramic-basinswall-hung-basin6-270x270.webp 270w, https:\/\/www.ceramicbasin.com\/wp-content\/uploads\/2024\/09\/wash-basin-sinkceramic-basinswall-hung-basin6-540x540.webp 540w, https:\/\/www.ceramicbasin.com\/wp-content\/uploads\/2024\/09\/wash-basin-sinkceramic-basinswall-hung-basin6-660x660.webp 660w\" sizes=\"(max-width: 800px) 100vw, 800px\" \/><\/figure>\n<\/div>\n<\/div>","protected":false},"excerpt":{"rendered":"<p>Willkommen zum Kauf von wandh\u00e4ngenden kleinen Waschbecken Gro\u00dfhandel. Das wandmontierte Design dieses Mini-Badewaschbeckens spart Platz und ist leicht zu reinigen. Seine spezielle, leicht zu reinigende Glasurbehandlung sorgt f\u00fcr eine glatte, fleckenunempfindliche Oberfl\u00e4che, die die Sauberkeit und Modernit\u00e4t Ihres Raums unterstreicht.<\/p>\n<table style=\"border-collapse: collapse; width: 311.02pt;\" border=\"0\" width=\"311\" cellspacing=\"0\" cellpadding=\"0\">\n<tbody>\n<tr style=\"height: 17.60pt;\">\n<td class=\"et3\" style=\"height: 17.60pt; width: 108.35pt;\" width=\"108\" height=\"17\">Hersteller<\/td>\n<td class=\"et3\" style=\"width: 202.95pt;\" width=\"202\">HanYu<\/td>\n<\/tr>\n<tr style=\"height: 17.60pt;\">\n<td class=\"et3\" style=\"height: 17.60pt;\" height=\"17\">Modell Nr.<\/td>\n<td class=\"et4\">HY3125<\/td>\n<\/tr>\n<tr style=\"height: 17.60pt;\">\n<td class=\"et3\" style=\"height: 17.60pt;\" height=\"17\">Typ<\/td>\n<td class=\"et3\">Kleine Waschbecken<\/td>\n<\/tr>\n<tr style=\"height: 17.60pt;\">\n<td class=\"et3\" style=\"height: 17.60pt;\" height=\"17\">Form<\/td>\n<td class=\"et3\">\u00a0Quadratische Form<\/td>\n<\/tr>\n<tr style=\"height: 17.60pt;\">\n<td class=\"et4\" style=\"height: 17.60pt;\" height=\"17\">Farbe<\/td>\n<td class=\"et3\">Wei\u00df<\/td>\n<\/tr>\n<tr style=\"height: 18.00pt;\">\n<td class=\"et3\" style=\"height: 18.00pt;\" height=\"18\">Dimension<\/td>\n<td class=\"et6\" style=\"width: 202.95pt;\" width=\"202\">28*28*10<\/td>\n<\/tr>\n<tr style=\"height: 17.60pt;\">\n<td class=\"et3\" style=\"height: 17.60pt;\" height=\"17\">N.W \/SET<\/td>\n<td class=\"et3\">5.5KGS\/PCS<\/td>\n<\/tr>\n<tr style=\"height: 17.60pt;\">\n<td class=\"et3\" style=\"height: 17.60pt;\" height=\"17\">MOQ<\/td>\n<td class=\"et3\">20St\u00fcck<\/td>\n<\/tr>\n<tr style=\"height: 17.60pt;\">\n<td class=\"et3\" style=\"height: 17.60pt;\" height=\"17\">Benutzerdefinierte Option<\/td>\n<td class=\"et3\">Farbe\/Muster\/Gr\u00f6\u00dfe\/Logo\/Verpackung<\/td>\n<\/tr>\n<\/tbody>\n<\/table>\n<p>&nbsp;<\/p>","protected":false},"featured_media":5131,"comment_status":"closed","ping_status":"closed","template":"","meta":{"_acf_changed":false},"product_brand":[],"product_cat":[56],"product_tag":[],"class_list":{"0":"post-5127","1":"product","2":"type-product","3":"status-publish","4":"has-post-thumbnail","6":"product_cat-wholesale-small-bathroom-sinks","8":"first","9":"instock","10":"shipping-taxable","11":"product-type-simple"},"acf":[],"_links":{"self":[{"href":"https:\/\/www.ceramicbasin.com\/de\/wp-json\/wp\/v2\/product\/5127","targetHints":{"allow":["GET"]}}],"collection":[{"href":"https:\/\/www.ceramicbasin.com\/de\/wp-json\/wp\/v2\/product"}],"about":[{"href":"https:\/\/www.ceramicbasin.com\/de\/wp-json\/wp\/v2\/types\/product"}],"replies":[{"embeddable":true,"href":"https:\/\/www.ceramicbasin.com\/de\/wp-json\/wp\/v2\/comments?post=5127"}],"wp:featuredmedia":[{"embeddable":true,"href":"https:\/\/www.ceramicbasin.com\/de\/wp-json\/wp\/v2\/media\/5131"}],"wp:attachment":[{"href":"https:\/\/www.ceramicbasin.com\/de\/wp-json\/wp\/v2\/media?parent=5127"}],"wp:term":[{"taxonomy":"product_brand","embeddable":true,"href":"https:\/\/www.ceramicbasin.com\/de\/wp-json\/wp\/v2\/product_brand?post=5127"},{"taxonomy":"product_cat","embeddable":true,"href":"https:\/\/www.ceramicbasin.com\/de\/wp-json\/wp\/v2\/product_cat?post=5127"},{"taxonomy":"product_tag","embeddable":true,"href":"https:\/\/www.ceramicbasin.com\/de\/wp-json\/wp\/v2\/product_tag?post=5127"}],"curies":[{"name":"wp","href":"https:\/\/api.w.org\/{rel}","templated":true}]}}