{"id":5136,"date":"2024-09-18T08:10:31","date_gmt":"2024-09-18T08:10:31","guid":{"rendered":"https:\/\/www.ceramicbasin.com\/?post_type=product&#038;p=5136"},"modified":"2024-09-19T08:37:51","modified_gmt":"2024-09-19T08:37:51","slug":"wall-mount-bathroom-sinks-wholesale","status":"publish","type":"product","link":"https:\/\/www.ceramicbasin.com\/de\/produkt\/wall-mount-bathroom-sinks-wholesale\/","title":{"rendered":"Winzige Wandmontage Badezimmer Waschbecken Gro\u00dfhandel, hochwertige Becken"},"content":{"rendered":"<div class=\"wp-block-columns is-layout-flex wp-container-core-columns-is-layout-9d6595d7 wp-block-columns-is-layout-flex\">\n<div class=\"wp-block-column is-layout-flow wp-block-column-is-layout-flow\">\n<div class=\"wp-block-columns is-layout-flex wp-container-core-columns-is-layout-9d6595d7 wp-block-columns-is-layout-flex\">\n<div class=\"wp-block-column is-layout-flow wp-block-column-is-layout-flow\" style=\"flex-basis:100%\">\n<div class=\"wp-block-columns is-layout-flex wp-container-core-columns-is-layout-9d6595d7 wp-block-columns-is-layout-flex\">\n<div class=\"wp-block-column is-layout-flow wp-block-column-is-layout-flow\">\n<h2 class=\"wp-block-heading\">Premium Wandmontage Badezimmer Waschbecken Gro\u00dfhandel Features:<\/h2>\n\n\n\n<ul class=\"wp-block-list\">\n<li><strong>Oben montierte Ausf\u00fchrung:<\/strong> Diese hochwertigen winzigen Waschbecken f\u00fcr die Wandmontage im Gro\u00dfhandel sind nicht nur platzsparend, sondern verleihen dem Badezimmer auch ein modernes Flair und passen zu verschiedenen Einrichtungsstilen.<\/li>\n\n\n\n<li><strong>Direktverkauf ab Werk:<\/strong>&nbsp;HanYu's Gro\u00dfhandel Keramik Waschbecken sind direkt von der Fabrik verkauft, die Beseitigung der Preisunterschied von Zwischenh\u00e4ndlern, und Gro\u00dfeinkauf Bad Waschbecken stellt sicher, dass Sie qualitativ hochwertige Bad Waschbecken in gro\u00dfen Mengen zu den niedrigsten Kosten zu kaufen.<\/li>\n\n\n\n<li><strong>Preisvorteil im Gro\u00dfhandel:\u00a0<\/strong>Als Hersteller von keramischen Waschbecken bieten wir sehr wettbewerbsf\u00e4hige Preise f\u00fcr winzige wandmontierte Waschbecken im Gro\u00dfhandel, Gro\u00dfeink\u00e4ufe genie\u00dfen mehr Rabatte, so dass hochwertige Bad-Accessoires Ihre ideale Wahl unter Kostenkontrolle.<\/li>\n\n\n\n<li> <strong>Erstklassige Qualit\u00e4t:<\/strong> Diese aus hochwertiger Keramik gefertigten Waschbecken f\u00fcr den Gro\u00dfhandel bieten Langlebigkeit, eine glatte Oberfl\u00e4che und Widerstandsf\u00e4higkeit gegen Flecken und Kratzer, was eine lang anhaltende Sch\u00f6nheit gew\u00e4hrleistet.<\/li>\n<\/ul>\n<\/div>\n\n\n\n<div class=\"wp-block-column is-layout-flow wp-block-column-is-layout-flow\">\n<figure class=\"wp-block-image size-full\"><img fetchpriority=\"high\" decoding=\"async\" width=\"800\" height=\"800\" src=\"https:\/\/www.ceramicbasin.com\/wp-content\/uploads\/2024\/09\/wall-mounted-wash-basin\uff0csink-ceramic\uff0cbathroom-vanity-sinks1.webp\" alt=\"Winzige Wandmontage Badezimmer Waschbecken Gro\u00dfhandel, hochwertige Becken-6\" class=\"wp-image-5137\" srcset=\"https:\/\/www.ceramicbasin.com\/wp-content\/uploads\/2024\/09\/wall-mounted-wash-basin\uff0csink-ceramic\uff0cbathroom-vanity-sinks1.webp 800w, https:\/\/www.ceramicbasin.com\/wp-content\/uploads\/2024\/09\/wall-mounted-wash-basin\uff0csink-ceramic\uff0cbathroom-vanity-sinks1-300x300.webp 300w, https:\/\/www.ceramicbasin.com\/wp-content\/uploads\/2024\/09\/wall-mounted-wash-basin\uff0csink-ceramic\uff0cbathroom-vanity-sinks1-150x150.webp 150w, https:\/\/www.ceramicbasin.com\/wp-content\/uploads\/2024\/09\/wall-mounted-wash-basin\uff0csink-ceramic\uff0cbathroom-vanity-sinks1-768x768.webp 768w, https:\/\/www.ceramicbasin.com\/wp-content\/uploads\/2024\/09\/wall-mounted-wash-basin\uff0csink-ceramic\uff0cbathroom-vanity-sinks1-12x12.webp 12w, https:\/\/www.ceramicbasin.com\/wp-content\/uploads\/2024\/09\/wall-mounted-wash-basin\uff0csink-ceramic\uff0cbathroom-vanity-sinks1-285x285.webp 285w, https:\/\/www.ceramicbasin.com\/wp-content\/uploads\/2024\/09\/wall-mounted-wash-basin\uff0csink-ceramic\uff0cbathroom-vanity-sinks1-270x270.webp 270w, https:\/\/www.ceramicbasin.com\/wp-content\/uploads\/2024\/09\/wall-mounted-wash-basin\uff0csink-ceramic\uff0cbathroom-vanity-sinks1-540x540.webp 540w, https:\/\/www.ceramicbasin.com\/wp-content\/uploads\/2024\/09\/wall-mounted-wash-basin\uff0csink-ceramic\uff0cbathroom-vanity-sinks1-660x660.webp 660w\" sizes=\"(max-width: 800px) 100vw, 800px\" \/><\/figure>\n<\/div>\n<\/div>\n<\/div>\n<\/div>\n<\/div>\n<\/div>\n\n\n\n<p><\/p>","protected":false},"excerpt":{"rendered":"<p>HanYu's winzige Wandmontage Badezimmer Waschbecken Gro\u00dfhandel ist stabil, platzsparend, und erg\u00e4nzt verschiedene Einrichtungsstile und verbessert die moderne \u00c4sthetik. Verkauft direkt von der Fabrik, diese Waschbecken beseitigen Zwischenh\u00e4ndler Kosten, so dass f\u00fcr wettbewerbsf\u00e4hige Gro\u00dfhandelspreise, vor allem f\u00fcr Gro\u00dfeink\u00e4ufe.\u00a0<\/p>\n<table style=\"border-collapse: collapse; width: 311.02pt;\" border=\"0\" width=\"311\" cellspacing=\"0\" cellpadding=\"0\">\n<tbody>\n<tr style=\"height: 17.60pt;\">\n<td class=\"et3\" style=\"height: 17.60pt; width: 108.35pt;\" width=\"108\" height=\"17\">Hersteller<\/td>\n<td class=\"et3\" style=\"width: 202.95pt;\" width=\"202\">HanYu<\/td>\n<\/tr>\n<tr style=\"height: 17.60pt;\">\n<td class=\"et3\" style=\"height: 17.60pt;\" height=\"17\">Modell Nr.<\/td>\n<td class=\"et4\">HY3108<\/td>\n<\/tr>\n<tr style=\"height: 17.60pt;\">\n<td class=\"et3\" style=\"height: 17.60pt;\" height=\"17\">Typ<\/td>\n<td class=\"et3\">Wandbefestigtes Becken<\/td>\n<\/tr>\n<tr style=\"height: 17.60pt;\">\n<td class=\"et3\" style=\"height: 17.60pt;\" height=\"17\">Form<\/td>\n<td class=\"et3\">Rechteckige Form<\/td>\n<\/tr>\n<tr style=\"height: 17.60pt;\">\n<td class=\"et4\" style=\"height: 17.60pt;\" height=\"17\">Farbe<\/td>\n<td class=\"et3\">Wei\u00df<\/td>\n<\/tr>\n<tr style=\"height: 18.00pt;\">\n<td class=\"et3\" style=\"height: 18.00pt;\" height=\"18\">Dimension<\/td>\n<td class=\"et6\" style=\"width: 202.95pt;\" width=\"202\">50.5*22*11<\/td>\n<\/tr>\n<tr style=\"height: 17.60pt;\">\n<td class=\"et3\" style=\"height: 17.60pt;\" height=\"17\">N.W \/SET<\/td>\n<td class=\"et3\">11KGS\/PCS<\/td>\n<\/tr>\n<tr style=\"height: 17.60pt;\">\n<td class=\"et3\" style=\"height: 17.60pt;\" height=\"17\">MOQ<\/td>\n<td class=\"et3\">20St\u00fcck<\/td>\n<\/tr>\n<tr style=\"height: 17.60pt;\">\n<td class=\"et3\" style=\"height: 17.60pt;\" height=\"17\">Benutzerdefinierte Option<\/td>\n<td class=\"et3\">Farbe\/Muster\/Gr\u00f6\u00dfe\/Logo\/Verpackung<\/td>\n<\/tr>\n<\/tbody>\n<\/table>","protected":false},"featured_media":5138,"comment_status":"closed","ping_status":"closed","template":"","meta":{"_acf_changed":false},"product_brand":[],"product_cat":[56],"product_tag":[],"class_list":{"0":"post-5136","1":"product","2":"type-product","3":"status-publish","4":"has-post-thumbnail","6":"product_cat-wholesale-small-bathroom-sinks","8":"first","9":"instock","10":"shipping-taxable","11":"product-type-simple"},"acf":[],"_links":{"self":[{"href":"https:\/\/www.ceramicbasin.com\/de\/wp-json\/wp\/v2\/product\/5136","targetHints":{"allow":["GET"]}}],"collection":[{"href":"https:\/\/www.ceramicbasin.com\/de\/wp-json\/wp\/v2\/product"}],"about":[{"href":"https:\/\/www.ceramicbasin.com\/de\/wp-json\/wp\/v2\/types\/product"}],"replies":[{"embeddable":true,"href":"https:\/\/www.ceramicbasin.com\/de\/wp-json\/wp\/v2\/comments?post=5136"}],"wp:featuredmedia":[{"embeddable":true,"href":"https:\/\/www.ceramicbasin.com\/de\/wp-json\/wp\/v2\/media\/5138"}],"wp:attachment":[{"href":"https:\/\/www.ceramicbasin.com\/de\/wp-json\/wp\/v2\/media?parent=5136"}],"wp:term":[{"taxonomy":"product_brand","embeddable":true,"href":"https:\/\/www.ceramicbasin.com\/de\/wp-json\/wp\/v2\/product_brand?post=5136"},{"taxonomy":"product_cat","embeddable":true,"href":"https:\/\/www.ceramicbasin.com\/de\/wp-json\/wp\/v2\/product_cat?post=5136"},{"taxonomy":"product_tag","embeddable":true,"href":"https:\/\/www.ceramicbasin.com\/de\/wp-json\/wp\/v2\/product_tag?post=5136"}],"curies":[{"name":"wp","href":"https:\/\/api.w.org\/{rel}","templated":true}]}}