{"id":5143,"date":"2024-09-18T08:36:41","date_gmt":"2024-09-18T08:36:41","guid":{"rendered":"https:\/\/www.ceramicbasin.com\/?post_type=product&#038;p=5143"},"modified":"2024-11-05T01:33:54","modified_gmt":"2024-11-05T01:33:54","slug":"wall-mounted-bathroom-sinks-wholesale","status":"publish","type":"product","link":"https:\/\/www.ceramicbasin.com\/de\/produkt\/wall-mounted-bathroom-sinks-wholesale\/","title":{"rendered":"Porzellan Wand Waschbecken Gro\u00dfhandel mit Wasserhahn"},"content":{"rendered":"<div class=\"wp-block-columns is-layout-flex wp-container-core-columns-is-layout-9d6595d7 wp-block-columns-is-layout-flex\">\n<div class=\"wp-block-column is-layout-flow wp-block-column-is-layout-flow\">\n<div class=\"wp-block-columns is-layout-flex wp-container-core-columns-is-layout-9d6595d7 wp-block-columns-is-layout-flex\">\n<div class=\"wp-block-column is-layout-flow wp-block-column-is-layout-flow\" style=\"flex-basis:100%\">\n<div class=\"wp-block-columns is-layout-flex wp-container-core-columns-is-layout-9d6595d7 wp-block-columns-is-layout-flex\">\n<div class=\"wp-block-column is-layout-flow wp-block-column-is-layout-flow\">\n<h2 class=\"wp-block-heading\">Premium Wand montierte Badezimmer Waschbecken Gro\u00dfhandel Features:<\/h2>\n\n\n\n<ul class=\"wp-block-list\">\n<li><strong>Modisches quadratisches Design: <\/strong>Alle diese wandmontierten Waschbecken im Gro\u00dfhandel haben ein quadratisches Aussehen. Es f\u00fcgt nicht nur eine einfache und elegante visuelle Wirkung auf das Bad, sondern macht auch vollen Gebrauch von den inneren Raum, erh\u00f6ht den Komfort der Nutzung, und ist geeignet f\u00fcr verschiedene High-End-Bad Dekoration Stile.<\/li>\n\n\n\n<li><strong>Hochwertige Keramik Material:<\/strong> Unsere ma\u00dfgefertigten Waschbecken f\u00fcr Badezimmer sind aus hochwertiger Keramik gefertigt, deren Oberfl\u00e4che glatt, zart, fleckenunempfindlich und langlebig ist. Die guten feuchtigkeitsdichten und antibakteriellen Eigenschaften halten das Badezimmer sauber und hygienisch.<\/li>\n\n\n\n<li><strong>Platzsparend an der Wand montiert: <\/strong>Diese Gro\u00dfhandel Badezimmer Gef\u00e4\u00df Waschbecken sind an der Wand montiert, die effektiv bei der Einsparung von Boden Platz funktioniert. Es ist sehr geeignet f\u00fcr kleine Haushalte oder Benutzer, die das Bad einfach halten wollen, erleichtern die t\u00e4gliche Reinigung, verbessern die Raumnutzung und schaffen einen leichten visuellen Effekt.<\/li>\n\n\n\n<li><strong>Gepaart mit hochwertigen Wasserh\u00e4hnen:<\/strong> Diese wandmontierten Waschbecken im Gro\u00dfhandel sind perfekt auf die hochwertigen Wasserh\u00e4hne abgestimmt und sorgen f\u00fcr ein angenehmes Wassererlebnis. Das Design des Wasserhahns ist exquisit und ergonomisch, bequem f\u00fcr den t\u00e4glichen Betrieb und f\u00fcgt allgemeine Sch\u00f6nheit zum Badezimmer.<\/li>\n<\/ul>\n<\/div>\n\n\n\n<div class=\"wp-block-column is-layout-flow wp-block-column-is-layout-flow\">\n<figure class=\"wp-block-image size-full\"><img fetchpriority=\"high\" decoding=\"async\" width=\"800\" height=\"800\" src=\"https:\/\/www.ceramicbasin.com\/wp-content\/uploads\/2024\/09\/ceramic-sink-bathroomwhite-basin-sinkwall-mounted-vanity6.webp\" alt=\"Porzellan Wand Waschbecken Gro\u00dfhandel mit Faucet-1\" class=\"wp-image-5149\" srcset=\"https:\/\/www.ceramicbasin.com\/wp-content\/uploads\/2024\/09\/ceramic-sink-bathroomwhite-basin-sinkwall-mounted-vanity6.webp 800w, https:\/\/www.ceramicbasin.com\/wp-content\/uploads\/2024\/09\/ceramic-sink-bathroomwhite-basin-sinkwall-mounted-vanity6-300x300.webp 300w, https:\/\/www.ceramicbasin.com\/wp-content\/uploads\/2024\/09\/ceramic-sink-bathroomwhite-basin-sinkwall-mounted-vanity6-150x150.webp 150w, https:\/\/www.ceramicbasin.com\/wp-content\/uploads\/2024\/09\/ceramic-sink-bathroomwhite-basin-sinkwall-mounted-vanity6-768x768.webp 768w, https:\/\/www.ceramicbasin.com\/wp-content\/uploads\/2024\/09\/ceramic-sink-bathroomwhite-basin-sinkwall-mounted-vanity6-12x12.webp 12w, https:\/\/www.ceramicbasin.com\/wp-content\/uploads\/2024\/09\/ceramic-sink-bathroomwhite-basin-sinkwall-mounted-vanity6-285x285.webp 285w, https:\/\/www.ceramicbasin.com\/wp-content\/uploads\/2024\/09\/ceramic-sink-bathroomwhite-basin-sinkwall-mounted-vanity6-270x270.webp 270w, https:\/\/www.ceramicbasin.com\/wp-content\/uploads\/2024\/09\/ceramic-sink-bathroomwhite-basin-sinkwall-mounted-vanity6-540x540.webp 540w, https:\/\/www.ceramicbasin.com\/wp-content\/uploads\/2024\/09\/ceramic-sink-bathroomwhite-basin-sinkwall-mounted-vanity6-660x660.webp 660w\" sizes=\"(max-width: 800px) 100vw, 800px\" \/><\/figure>\n<\/div>\n<\/div>\n<\/div>\n<\/div>\n<\/div>\n<\/div>","protected":false},"excerpt":{"rendered":"<p>Willkommen zum Kauf von wandh\u00e4ngenden Waschbecken. Unsere Keramik Wand Waschbecken Gro\u00dfhandel sind Markt Favorit aufgrund seiner Haltbarkeit, einheitliche Farbe, und einfache Wartung, bietet hervorragende Kosten Leistung. Das wandmontierte Design spart Platz und vereinfacht die Reinigung darunter, h\u00e4lt das Bad ordentlich und schafft eine erfrischende Umgebung.<\/p>\n<table style=\"border-collapse: collapse; width: 311.02pt;\" border=\"0\" width=\"311\" cellspacing=\"0\" cellpadding=\"0\">\n<tbody>\n<tr style=\"height: 17.60pt;\">\n<td class=\"et3\" style=\"height: 17.60pt; width: 108.35pt;\" width=\"108\" height=\"17\">Hersteller<\/td>\n<td class=\"et3\" style=\"width: 202.95pt;\" width=\"202\">HanYu<\/td>\n<\/tr>\n<tr style=\"height: 17.60pt;\">\n<td class=\"et3\" style=\"height: 17.60pt;\" height=\"17\">Modell Nr.<\/td>\n<td class=\"et4\">HY3122<\/td>\n<\/tr>\n<tr style=\"height: 17.60pt;\">\n<td class=\"et3\" style=\"height: 17.60pt;\" height=\"17\">Typ<\/td>\n<td class=\"et3\">Wandbefestigtes Becken<\/td>\n<\/tr>\n<tr style=\"height: 17.60pt;\">\n<td class=\"et3\" style=\"height: 17.60pt;\" height=\"17\">Form<\/td>\n<td class=\"et3\">Rechteckige Form<\/td>\n<\/tr>\n<tr style=\"height: 17.60pt;\">\n<td class=\"et4\" style=\"height: 17.60pt;\" height=\"17\">Farbe<\/td>\n<td class=\"et3\">Wei\u00df<\/td>\n<\/tr>\n<tr style=\"height: 18.00pt;\">\n<td class=\"et3\" style=\"height: 18.00pt;\" height=\"18\">Dimension<\/td>\n<td class=\"et6\" style=\"width: 202.95pt;\" width=\"202\">50*35*13<\/td>\n<\/tr>\n<tr style=\"height: 17.60pt;\">\n<td class=\"et3\" style=\"height: 17.60pt;\" height=\"17\">N.W \/SET<\/td>\n<td class=\"et3\">11.5KGS\/PCS<\/td>\n<\/tr>\n<tr style=\"height: 17.60pt;\">\n<td class=\"et3\" style=\"height: 17.60pt;\" height=\"17\">MOQ<\/td>\n<td class=\"et3\">20St\u00fcck<\/td>\n<\/tr>\n<tr style=\"height: 17.60pt;\">\n<td class=\"et3\" style=\"height: 17.60pt;\" height=\"17\">Benutzerdefinierte Option<\/td>\n<td class=\"et3\">Farbe\/Muster\/Gr\u00f6\u00dfe\/Logo\/Verpackung<\/td>\n<\/tr>\n<\/tbody>\n<\/table>","protected":false},"featured_media":5144,"comment_status":"closed","ping_status":"closed","template":"","meta":{"_acf_changed":false},"product_brand":[],"product_cat":[57],"product_tag":[],"class_list":{"0":"post-5143","1":"product","2":"type-product","3":"status-publish","4":"has-post-thumbnail","6":"product_cat-wholesale-wall-mounted-sinks","8":"first","9":"instock","10":"shipping-taxable","11":"product-type-simple"},"acf":[],"_links":{"self":[{"href":"https:\/\/www.ceramicbasin.com\/de\/wp-json\/wp\/v2\/product\/5143","targetHints":{"allow":["GET"]}}],"collection":[{"href":"https:\/\/www.ceramicbasin.com\/de\/wp-json\/wp\/v2\/product"}],"about":[{"href":"https:\/\/www.ceramicbasin.com\/de\/wp-json\/wp\/v2\/types\/product"}],"replies":[{"embeddable":true,"href":"https:\/\/www.ceramicbasin.com\/de\/wp-json\/wp\/v2\/comments?post=5143"}],"wp:featuredmedia":[{"embeddable":true,"href":"https:\/\/www.ceramicbasin.com\/de\/wp-json\/wp\/v2\/media\/5144"}],"wp:attachment":[{"href":"https:\/\/www.ceramicbasin.com\/de\/wp-json\/wp\/v2\/media?parent=5143"}],"wp:term":[{"taxonomy":"product_brand","embeddable":true,"href":"https:\/\/www.ceramicbasin.com\/de\/wp-json\/wp\/v2\/product_brand?post=5143"},{"taxonomy":"product_cat","embeddable":true,"href":"https:\/\/www.ceramicbasin.com\/de\/wp-json\/wp\/v2\/product_cat?post=5143"},{"taxonomy":"product_tag","embeddable":true,"href":"https:\/\/www.ceramicbasin.com\/de\/wp-json\/wp\/v2\/product_tag?post=5143"}],"curies":[{"name":"wp","href":"https:\/\/api.w.org\/{rel}","templated":true}]}}