{"id":5150,"date":"2024-09-18T09:09:38","date_gmt":"2024-09-18T09:09:38","guid":{"rendered":"https:\/\/www.ceramicbasin.com\/?post_type=product&#038;p=5150"},"modified":"2024-09-19T08:23:41","modified_gmt":"2024-09-19T08:23:41","slug":"tiniest-bathroom-sink-wholesale","status":"publish","type":"product","link":"https:\/\/www.ceramicbasin.com\/de\/produkt\/tiniest-bathroom-sink-wholesale\/","title":{"rendered":"Premium Tiniest Bathroom Sink Wholesale f\u00fcr kleine Badezimmer"},"content":{"rendered":"<div class=\"wp-block-columns is-layout-flex wp-container-core-columns-is-layout-9d6595d7 wp-block-columns-is-layout-flex\">\n<div class=\"wp-block-column is-layout-flow wp-block-column-is-layout-flow\">\n<div class=\"wp-block-columns is-layout-flex wp-container-core-columns-is-layout-9d6595d7 wp-block-columns-is-layout-flex\">\n<div class=\"wp-block-column is-layout-flow wp-block-column-is-layout-flow\" style=\"flex-basis:100%\">\n<div class=\"wp-block-columns is-layout-flex wp-container-core-columns-is-layout-9d6595d7 wp-block-columns-is-layout-flex\">\n<div class=\"wp-block-column is-layout-flow wp-block-column-is-layout-flow\">\n<h2 class=\"wp-block-heading\">Premium Tiniest Bathroom Sink Wholesale Eigenschaften:<\/h2>\n\n\n\n<ul class=\"wp-block-list\">\n<li><strong>Vielf\u00e4ltige Auswahl:<\/strong>\u00a0Wir bieten eine Vielzahl von Stilen, Gr\u00f6\u00dfen und Farben unserer kleinsten Bad Waschbecken Gro\u00dfhandel zur Auswahl, die die Bed\u00fcrfnisse der verschiedenen Bad Stile und leicht zu integrieren sie in verschiedenen Dekorationen Designs.<\/li>\n\n\n\n<li><strong>Elegantes Design:<\/strong> Unsere kleinen Waschbecken f\u00fcr den Gro\u00dfhandel verleihen jedem Badezimmer einen Hauch von Eleganz und Modernit\u00e4t und machen sie zu einem stilvollen Blickpunkt.<\/li>\n\n\n\n<li><strong>Preisvorteil im Gro\u00dfhandel:\u00a0<\/strong>Als Hersteller von keramischen Waschbecken bietet HanYu sehr wettbewerbsf\u00e4hige Gro\u00dfhandelspreise f\u00fcr wandmontierte kleinste Waschbecken im Gro\u00dfhandel, Gro\u00dfeink\u00e4ufe genie\u00dfen mehr Rabatte, so dass hochwertige Bad-Accessoires Ihre ideale Wahl unter Kostenkontrolle.<\/li>\n\n\n\n<li><strong>Wandmontierte Installation:<\/strong> Die Wandmontage unserer ma\u00dfgefertigten Waschbecken spart nicht nur Platz, sondern erleichtert auch die Reinigung des darunter liegenden Bodens, wodurch das Badezimmer aufger\u00e4umt bleibt und eine erfrischende Nutzungsumgebung entsteht.<\/li>\n<\/ul>\n<\/div>\n\n\n\n<div class=\"wp-block-column is-layout-flow wp-block-column-is-layout-flow\">\n<figure class=\"wp-block-image size-full\"><img fetchpriority=\"high\" decoding=\"async\" width=\"800\" height=\"800\" src=\"https:\/\/www.ceramicbasin.com\/wp-content\/uploads\/2024\/09\/washroom-sink\uff0cporcelain-sinks-for-bathroom\uff0cwall-hung-basin6.webp\" alt=\"Premium Tiniest Badezimmer Waschbecken Gro\u00dfhandel f\u00fcr kleine Badezimmer-1\" class=\"wp-image-5156\" srcset=\"https:\/\/www.ceramicbasin.com\/wp-content\/uploads\/2024\/09\/washroom-sink\uff0cporcelain-sinks-for-bathroom\uff0cwall-hung-basin6.webp 800w, https:\/\/www.ceramicbasin.com\/wp-content\/uploads\/2024\/09\/washroom-sink\uff0cporcelain-sinks-for-bathroom\uff0cwall-hung-basin6-300x300.webp 300w, https:\/\/www.ceramicbasin.com\/wp-content\/uploads\/2024\/09\/washroom-sink\uff0cporcelain-sinks-for-bathroom\uff0cwall-hung-basin6-150x150.webp 150w, https:\/\/www.ceramicbasin.com\/wp-content\/uploads\/2024\/09\/washroom-sink\uff0cporcelain-sinks-for-bathroom\uff0cwall-hung-basin6-768x768.webp 768w, https:\/\/www.ceramicbasin.com\/wp-content\/uploads\/2024\/09\/washroom-sink\uff0cporcelain-sinks-for-bathroom\uff0cwall-hung-basin6-12x12.webp 12w, https:\/\/www.ceramicbasin.com\/wp-content\/uploads\/2024\/09\/washroom-sink\uff0cporcelain-sinks-for-bathroom\uff0cwall-hung-basin6-285x285.webp 285w, https:\/\/www.ceramicbasin.com\/wp-content\/uploads\/2024\/09\/washroom-sink\uff0cporcelain-sinks-for-bathroom\uff0cwall-hung-basin6-270x270.webp 270w, https:\/\/www.ceramicbasin.com\/wp-content\/uploads\/2024\/09\/washroom-sink\uff0cporcelain-sinks-for-bathroom\uff0cwall-hung-basin6-540x540.webp 540w, https:\/\/www.ceramicbasin.com\/wp-content\/uploads\/2024\/09\/washroom-sink\uff0cporcelain-sinks-for-bathroom\uff0cwall-hung-basin6-660x660.webp 660w\" sizes=\"(max-width: 800px) 100vw, 800px\" \/><\/figure>\n<\/div>\n<\/div>\n<\/div>\n<\/div>\n<\/div>\n<\/div>","protected":false},"excerpt":{"rendered":"<p>Willkommen zu kaufen winzigen Bad Waschbecken. Wir bieten eine vielf\u00e4ltige Auswahl an kleinsten Badezimmer Waschbecken Gro\u00dfhandel in verschiedenen Stilen, Gr\u00f6\u00dfen und Farben zu verschiedenen Bad-Designs passen. Unsere Waschbecken f\u00fcgen Eleganz und Modernit\u00e4t hinzu und dienen als stilvoller Brennpunkt in jedem Raum.<\/p>\n<table style=\"border-collapse: collapse; width: 311.02pt;\" border=\"0\" width=\"311\" cellspacing=\"0\" cellpadding=\"0\">\n<tbody>\n<tr style=\"height: 17.60pt;\">\n<td class=\"et3\" style=\"height: 17.60pt; width: 108.35pt;\" width=\"108\" height=\"17\">Hersteller<\/td>\n<td class=\"et3\" style=\"width: 202.95pt;\" width=\"202\">HanYu<\/td>\n<\/tr>\n<tr style=\"height: 17.60pt;\">\n<td class=\"et3\" style=\"height: 17.60pt;\" height=\"17\">Modell Nr.<\/td>\n<td class=\"et4\">HY3124<\/td>\n<\/tr>\n<tr style=\"height: 17.60pt;\">\n<td class=\"et3\" style=\"height: 17.60pt;\" height=\"17\">Typ<\/td>\n<td class=\"et3\">Wandwaschbecken, kleines Waschbecken<\/td>\n<\/tr>\n<tr style=\"height: 17.60pt;\">\n<td class=\"et3\" style=\"height: 17.60pt;\" height=\"17\">Form<\/td>\n<td class=\"et3\">Rechteckige Form<\/td>\n<\/tr>\n<tr style=\"height: 17.60pt;\">\n<td class=\"et4\" style=\"height: 17.60pt;\" height=\"17\">Farbe<\/td>\n<td class=\"et3\">Wei\u00df<\/td>\n<\/tr>\n<tr style=\"height: 18.00pt;\">\n<td class=\"et3\" style=\"height: 18.00pt;\" height=\"18\">Dimension<\/td>\n<td class=\"et6\" style=\"width: 202.95pt;\" width=\"202\">46*28.5*14<\/td>\n<\/tr>\n<tr style=\"height: 17.60pt;\">\n<td class=\"et3\" style=\"height: 17.60pt;\" height=\"17\">\n<p>N.W \/SET<\/p>\n<\/td>\n<td class=\"et3\">12KGS\/PCS<\/td>\n<\/tr>\n<tr style=\"height: 17.60pt;\">\n<td class=\"et3\" style=\"height: 17.60pt;\" height=\"17\">MOQ<\/td>\n<td class=\"et3\">20St\u00fcck<\/td>\n<\/tr>\n<tr style=\"height: 17.60pt;\">\n<td class=\"et3\" style=\"height: 17.60pt;\" height=\"17\">Benutzerdefinierte Option<\/td>\n<td class=\"et3\">Farbe\/Muster\/Gr\u00f6\u00dfe\/Logo\/Verpackung<\/td>\n<\/tr>\n<\/tbody>\n<\/table>","protected":false},"featured_media":5152,"comment_status":"closed","ping_status":"closed","template":"","meta":{"_acf_changed":false},"product_brand":[],"product_cat":[56],"product_tag":[],"class_list":{"0":"post-5150","1":"product","2":"type-product","3":"status-publish","4":"has-post-thumbnail","6":"product_cat-wholesale-small-bathroom-sinks","8":"first","9":"instock","10":"shipping-taxable","11":"product-type-simple"},"acf":[],"_links":{"self":[{"href":"https:\/\/www.ceramicbasin.com\/de\/wp-json\/wp\/v2\/product\/5150","targetHints":{"allow":["GET"]}}],"collection":[{"href":"https:\/\/www.ceramicbasin.com\/de\/wp-json\/wp\/v2\/product"}],"about":[{"href":"https:\/\/www.ceramicbasin.com\/de\/wp-json\/wp\/v2\/types\/product"}],"replies":[{"embeddable":true,"href":"https:\/\/www.ceramicbasin.com\/de\/wp-json\/wp\/v2\/comments?post=5150"}],"wp:featuredmedia":[{"embeddable":true,"href":"https:\/\/www.ceramicbasin.com\/de\/wp-json\/wp\/v2\/media\/5152"}],"wp:attachment":[{"href":"https:\/\/www.ceramicbasin.com\/de\/wp-json\/wp\/v2\/media?parent=5150"}],"wp:term":[{"taxonomy":"product_brand","embeddable":true,"href":"https:\/\/www.ceramicbasin.com\/de\/wp-json\/wp\/v2\/product_brand?post=5150"},{"taxonomy":"product_cat","embeddable":true,"href":"https:\/\/www.ceramicbasin.com\/de\/wp-json\/wp\/v2\/product_cat?post=5150"},{"taxonomy":"product_tag","embeddable":true,"href":"https:\/\/www.ceramicbasin.com\/de\/wp-json\/wp\/v2\/product_tag?post=5150"}],"curies":[{"name":"wp","href":"https:\/\/api.w.org\/{rel}","templated":true}]}}