{"id":5184,"date":"2024-09-25T06:22:11","date_gmt":"2024-09-25T06:22:11","guid":{"rendered":"https:\/\/www.ceramicbasin.com\/?post_type=product&#038;p=5184"},"modified":"2024-09-25T08:33:51","modified_gmt":"2024-09-25T08:33:51","slug":"hotel-bathroom-sinks-wholesale","status":"publish","type":"product","link":"https:\/\/www.ceramicbasin.com\/de\/produkt\/hotel-bathroom-sinks-wholesale\/","title":{"rendered":"Luxus Hotel Badezimmer Waschbecken Gro\u00dfhandel, Marmor Farbe keramische rechteckige Waschbecken"},"content":{"rendered":"<div class=\"wp-block-columns is-layout-flex wp-container-core-columns-is-layout-9d6595d7 wp-block-columns-is-layout-flex\">\n<div class=\"wp-block-column is-layout-flow wp-block-column-is-layout-flow\">\n<h2 class=\"wp-block-heading\">Premium Hotel Badezimmer Waschbecken Gro\u00dfhandel Eigenschaften:<\/h2>\n\n\n\n<ul class=\"wp-block-list\">\n<li><strong>Breiter Anwendungsbereich: <\/strong>Unsere Hotel-Badewannen im Gro\u00dfhandel eignen sich f\u00fcr hochwertige B\u00e4der, wie z. B. in Einkaufszentren, Restaurantb\u00e4dern, Krankenh\u00e4usern und anderen Orten.<\/li>\n\n\n\n<li><strong>Farbenfroh: <\/strong>Diese Gro\u00dfhandel Marmor Farbe Becken wird durch Wasser-Transfer-Prozess auf der Grundlage einer gew\u00f6hnlichen hellen wei\u00dfen Becken, die sch\u00f6n und langlebig ist gemacht. Wir bieten mehr als 100 Farben und Muster zur Auswahl, und alle Waschbecken Gro\u00dfhandel Modelle k\u00f6nnen in Farbe und Textur angepasst werden.<\/li>\n\n\n\n<li><strong>Einfache Installation:<\/strong> Diese f\u00fcr die Montage \u00fcber der Theke konzipierten Waschbecken sind einfach zu installieren und bieten eine problemlose L\u00f6sung sowohl f\u00fcr Neubauten als auch f\u00fcr Badrenovierungen.<\/li>\n\n\n\n<li><strong>Anpassbare Optionen:<\/strong> Unsere Hotelwaschbecken f\u00fcr den Gro\u00dfhandel sind in verschiedenen Farben, Oberfl\u00e4chenausf\u00fchrungen und anpassbaren Verpackungen erh\u00e4ltlich, so dass Sie das Produkt an Ihre spezifischen Marken- und Marktanforderungen anpassen k\u00f6nnen.<\/li>\n<\/ul>\n<\/div>\n\n\n\n<div class=\"wp-block-column is-layout-flow wp-block-column-is-layout-flow\">\n<figure class=\"wp-block-image size-full\"><img fetchpriority=\"high\" decoding=\"async\" width=\"980\" height=\"1352\" src=\"https:\/\/www.ceramicbasin.com\/wp-content\/uploads\/2024\/09\/Ceramic-Rectangular-Design-Art-Sink-6.webp\" alt=\"Luxus Hotel Badezimmer Waschbecken Gro\u00dfhandel, Marmor Farbe keramische rechteckige Waschbecken-7\" class=\"wp-image-5185\" srcset=\"https:\/\/www.ceramicbasin.com\/wp-content\/uploads\/2024\/09\/Ceramic-Rectangular-Design-Art-Sink-6.webp 980w, https:\/\/www.ceramicbasin.com\/wp-content\/uploads\/2024\/09\/Ceramic-Rectangular-Design-Art-Sink-6-217x300.webp 217w, https:\/\/www.ceramicbasin.com\/wp-content\/uploads\/2024\/09\/Ceramic-Rectangular-Design-Art-Sink-6-768x1060.webp 768w, https:\/\/www.ceramicbasin.com\/wp-content\/uploads\/2024\/09\/Ceramic-Rectangular-Design-Art-Sink-6-9x12.webp 9w, https:\/\/www.ceramicbasin.com\/wp-content\/uploads\/2024\/09\/Ceramic-Rectangular-Design-Art-Sink-6-285x393.webp 285w, https:\/\/www.ceramicbasin.com\/wp-content\/uploads\/2024\/09\/Ceramic-Rectangular-Design-Art-Sink-6-478x660.webp 478w, https:\/\/www.ceramicbasin.com\/wp-content\/uploads\/2024\/09\/Ceramic-Rectangular-Design-Art-Sink-6-109x150.webp 109w\" sizes=\"(max-width: 980px) 100vw, 980px\" \/><\/figure>\n<\/div>\n<\/div>","protected":false},"excerpt":{"rendered":"<p>Willkommen bei Marmor Farbe Waschbecken kaufen. Unsere Hotel Badezimmer Waschbecken Gro\u00dfhandel sind geeignet f\u00fcr Hochgeschwindigkeits-Bahnh\u00f6fe, U-Bahn-Stationen, sowie Einkaufszentren, Restaurant B\u00e4der und Krankenh\u00e4user. Wir bieten mehr als 100 Farben und Muster zur Auswahl, und alle Waschbecken Gro\u00dfhandel Modelle k\u00f6nnen in Farbe und Textur angepasst werden.<\/p>\n<table style=\"border-collapse: collapse; width: 358.52pt;\" border=\"0\" width=\"478\" cellspacing=\"0\" cellpadding=\"0\">\n<tbody>\n<tr style=\"height: 17.25pt;\">\n<td class=\"et3\" style=\"height: 17.25pt; width: 125.00pt;\" width=\"166\" height=\"23\">Hersteller<\/td>\n<td class=\"et3\" style=\"width: 234.15pt;\" width=\"312\">HanYu<\/td>\n<\/tr>\n<tr style=\"height: 17.25pt;\">\n<td class=\"et3\" style=\"height: 17.25pt;\" height=\"23\">Modell Nr.<\/td>\n<td class=\"et4\">HY-8064-75D130<\/td>\n<\/tr>\n<tr style=\"height: 17.25pt;\">\n<td class=\"et3\" style=\"height: 17.25pt;\" height=\"23\">Typ<\/td>\n<td class=\"et5\" style=\"width: 234.15pt;\" width=\"312\">Marmorsp\u00fcle, Aufsatzsp\u00fcle<\/td>\n<\/tr>\n<tr style=\"height: 18.00pt;\">\n<td class=\"et3\" style=\"height: 18.00pt;\" height=\"24\">Form<\/td>\n<td class=\"et3\">Rechteckige Form<\/td>\n<\/tr>\n<tr style=\"height: 34.50pt;\">\n<td class=\"et4\" style=\"height: 34.50pt;\" height=\"46\">Farbe<\/td>\n<td class=\"et5\" style=\"width: 234.15pt;\" width=\"312\">Marmor Schwarz<\/td>\n<\/tr>\n<tr style=\"height: 18.00pt;\">\n<td class=\"et3\" style=\"height: 18.00pt;\" height=\"24\">Dimension<\/td>\n<td class=\"et5\" style=\"width: 234.15pt;\" width=\"312\">75*38*13<\/td>\n<\/tr>\n<tr style=\"height: 17.25pt;\">\n<td class=\"et3\" style=\"height: 17.25pt;\" height=\"23\">N.W \/SET<\/td>\n<td class=\"et3\">17KGS\/PCS<\/td>\n<\/tr>\n<tr style=\"height: 17.25pt;\">\n<td class=\"et3\" style=\"height: 17.25pt;\" height=\"23\">MOQ<\/td>\n<td class=\"et3\">20St\u00fcck<\/td>\n<\/tr>\n<tr style=\"height: 17.25pt;\">\n<td class=\"et3\" style=\"height: 17.25pt;\" height=\"23\">Benutzerdefinierte Option<\/td>\n<td class=\"et3\">Farbe\/Muster\/Gr\u00f6\u00dfe\/Logo\/Verpackung<\/td>\n<\/tr>\n<\/tbody>\n<\/table>","protected":false},"featured_media":5186,"comment_status":"closed","ping_status":"closed","template":"","meta":{"_acf_changed":false},"product_brand":[],"product_cat":[54,50],"product_tag":[],"class_list":{"0":"post-5184","1":"product","2":"type-product","3":"status-publish","4":"has-post-thumbnail","6":"product_cat-wholesale-marble-sinks","7":"product_cat-wholesale-countertop-sinks","9":"first","10":"instock","11":"shipping-taxable","12":"product-type-simple"},"acf":[],"_links":{"self":[{"href":"https:\/\/www.ceramicbasin.com\/de\/wp-json\/wp\/v2\/product\/5184","targetHints":{"allow":["GET"]}}],"collection":[{"href":"https:\/\/www.ceramicbasin.com\/de\/wp-json\/wp\/v2\/product"}],"about":[{"href":"https:\/\/www.ceramicbasin.com\/de\/wp-json\/wp\/v2\/types\/product"}],"replies":[{"embeddable":true,"href":"https:\/\/www.ceramicbasin.com\/de\/wp-json\/wp\/v2\/comments?post=5184"}],"wp:featuredmedia":[{"embeddable":true,"href":"https:\/\/www.ceramicbasin.com\/de\/wp-json\/wp\/v2\/media\/5186"}],"wp:attachment":[{"href":"https:\/\/www.ceramicbasin.com\/de\/wp-json\/wp\/v2\/media?parent=5184"}],"wp:term":[{"taxonomy":"product_brand","embeddable":true,"href":"https:\/\/www.ceramicbasin.com\/de\/wp-json\/wp\/v2\/product_brand?post=5184"},{"taxonomy":"product_cat","embeddable":true,"href":"https:\/\/www.ceramicbasin.com\/de\/wp-json\/wp\/v2\/product_cat?post=5184"},{"taxonomy":"product_tag","embeddable":true,"href":"https:\/\/www.ceramicbasin.com\/de\/wp-json\/wp\/v2\/product_tag?post=5184"}],"curies":[{"name":"wp","href":"https:\/\/api.w.org\/{rel}","templated":true}]}}