{"id":5204,"date":"2024-09-25T08:08:54","date_gmt":"2024-09-25T08:08:54","guid":{"rendered":"https:\/\/www.ceramicbasin.com\/?post_type=product&#038;p=5204"},"modified":"2025-08-15T03:29:36","modified_gmt":"2025-08-15T03:29:36","slug":"ceramic-vessel-sinks-wholesale","status":"publish","type":"product","link":"https:\/\/www.ceramicbasin.com\/de\/produkt\/ceramic-vessel-sinks-wholesale\/","title":{"rendered":"Keramische Gef\u00e4\u00df Waschbecken Gro\u00dfhandel, kleine Wand geh\u00e4ngt Waschbecken"},"content":{"rendered":"<div class=\"wp-block-columns is-layout-flex wp-container-core-columns-is-layout-9d6595d7 wp-block-columns-is-layout-flex\">\n<div class=\"wp-block-column is-layout-flow wp-block-column-is-layout-flow\">\n<h2 class=\"wp-block-heading\">Premium Keramik Gef\u00e4\u00df Waschbecken Gro\u00dfhandel Merkmale:<\/h2>\n\n\n\n<ul class=\"wp-block-list\">\n<li><strong>Preisvorteil:<\/strong> Wir bieten Gro\u00dfbestellungen f\u00fcr diese keramischen Gef\u00e4\u00dfsp\u00fclen im Gro\u00dfhandel an, die nicht nur erschwinglich sind, sondern auch schnell geliefert werden k\u00f6nnen. Sie eignen sich f\u00fcr kommerzielle Projekte und gro\u00df angelegte Wohndekorationen und erf\u00fcllen die Anforderungen an hohe Effizienz und niedrige Kosten.<\/li>\n\n\n\n<li><strong>Wandmontierte Installation:&nbsp;<\/strong>Das wandmontierte Design dieser winzigen Waschbecken f\u00fcr den Gro\u00dfhandel spart Platz und ist leicht zu reinigen. Dieses Mini-Badewaschbecken Gro\u00dfhandel ist besonders geeignet f\u00fcr moderne kompakte B\u00e4der, die Verbesserung der Sauberkeit und Modernit\u00e4t des gesamten Raumes.<\/li>\n\n\n\n<li><strong>Leicht zu reinigende Glasurbehandlung:<\/strong>\u00a0Die Oberfl\u00e4che dieser Wand h\u00e4ngenden Keramik Gef\u00e4\u00df Waschbecken Gro\u00dfhandel nimmt spezielle easy-to-clean Glasur Technologie, die glatt und zart ist, Flecken sind nicht leicht zu haften und leicht zu reinigen.<\/li>\n\n\n\n<li><strong>Elegantes Design:<\/strong> Unser wandh\u00e4ngendes Waschbecken aus dem Gro\u00dfhandel verleiht jedem Badezimmer einen Hauch von Eleganz und Modernit\u00e4t und macht es zu einem stilvollen Blickpunkt. Es gibt einen geraden Raum in der N\u00e4he des Wasserhahns, es k\u00f6nnte Shampoo oder Handy auf sie setzen.<\/li>\n<\/ul>\n<\/div>\n\n\n\n<div class=\"wp-block-column is-layout-flow wp-block-column-is-layout-flow\">\n<figure class=\"wp-block-image size-full\"><img fetchpriority=\"high\" decoding=\"async\" width=\"980\" height=\"1362\" src=\"https:\/\/www.ceramicbasin.com\/wp-content\/uploads\/2024\/09\/Rectangle-wall-hung-wash-basins-6.webp\" alt=\"Keramische Gef\u00e4\u00df Waschbecken Gro\u00dfhandel, kleine Wand geh\u00e4ngt Waschbecken-1\" class=\"wp-image-5205\" srcset=\"https:\/\/www.ceramicbasin.com\/wp-content\/uploads\/2024\/09\/Rectangle-wall-hung-wash-basins-6.webp 980w, https:\/\/www.ceramicbasin.com\/wp-content\/uploads\/2024\/09\/Rectangle-wall-hung-wash-basins-6-216x300.webp 216w, https:\/\/www.ceramicbasin.com\/wp-content\/uploads\/2024\/09\/Rectangle-wall-hung-wash-basins-6-768x1067.webp 768w, https:\/\/www.ceramicbasin.com\/wp-content\/uploads\/2024\/09\/Rectangle-wall-hung-wash-basins-6-9x12.webp 9w, https:\/\/www.ceramicbasin.com\/wp-content\/uploads\/2024\/09\/Rectangle-wall-hung-wash-basins-6-285x396.webp 285w, https:\/\/www.ceramicbasin.com\/wp-content\/uploads\/2024\/09\/Rectangle-wall-hung-wash-basins-6-475x660.webp 475w, https:\/\/www.ceramicbasin.com\/wp-content\/uploads\/2024\/09\/Rectangle-wall-hung-wash-basins-6-108x150.webp 108w\" sizes=\"(max-width: 980px) 100vw, 980px\" \/><\/figure>\n<\/div>\n<\/div>","protected":false},"excerpt":{"rendered":"<p>Unsere kleinen wandh\u00e4ngenden keramischen Gef\u00e4\u00df Waschbecken Gro\u00dfhandel sind entworfen, um Platz zu sparen. Diese kleinen Waschbecken f\u00fcr den Gro\u00dfhandel sind langlebig und leicht zu reinigen, mit einer glatten und empfindlichen Oberfl\u00e4che. Das kompakte Design ist nicht nur f\u00fcr kleine B\u00e4der geeignet, sondern verleiht jedem Raum einen modernen Touch. Ob f\u00fcr den Heimgebrauch oder kommerzielle Projekte, diese wandh\u00e4ngenden Waschbecken sind eine ideale Wahl.<\/p>\n<table style=\"border-collapse: collapse; width: 311.02pt;\" border=\"0\" width=\"311\" cellspacing=\"0\" cellpadding=\"0\">\n<tbody>\n<tr style=\"height: 17.60pt;\">\n<td class=\"et3\" style=\"height: 17.60pt; width: 108.35pt;\" width=\"108\" height=\"17\">Hersteller<\/td>\n<td class=\"et3\" style=\"width: 202.95pt;\" width=\"202\">HanYu<\/td>\n<\/tr>\n<tr style=\"height: 17.60pt;\">\n<td class=\"et3\" style=\"height: 17.60pt;\" height=\"17\">Modell Nr.<\/td>\n<td class=\"et4\">HY-3123<\/td>\n<\/tr>\n<tr style=\"height: 17.60pt;\">\n<td class=\"et3\" style=\"height: 17.60pt;\" height=\"17\">Typ<\/td>\n<td class=\"et3\">Kleine Waschbecken f\u00fcr das Badezimmer\/Wandwaschbecken<\/td>\n<\/tr>\n<tr style=\"height: 17.60pt;\">\n<td class=\"et3\" style=\"height: 17.60pt;\" height=\"17\">Form<\/td>\n<td class=\"et3\">\u00a0Quadratische Form<\/td>\n<\/tr>\n<tr style=\"height: 17.60pt;\">\n<td class=\"et4\" style=\"height: 17.60pt;\" height=\"17\">Farbe<\/td>\n<td class=\"et3\">Wei\u00df<\/td>\n<\/tr>\n<tr style=\"height: 18.00pt;\">\n<td class=\"et3\" style=\"height: 18.00pt;\" height=\"18\">Dimension<\/td>\n<td class=\"et6\" style=\"width: 202.95pt;\" width=\"202\">41.5*31*14<\/td>\n<\/tr>\n<tr style=\"height: 17.60pt;\">\n<td class=\"et3\" style=\"height: 17.60pt;\" height=\"17\">N.W \/SET<\/td>\n<td class=\"et3\">8KGS\/PCS<\/td>\n<\/tr>\n<tr style=\"height: 17.60pt;\">\n<td class=\"et3\" style=\"height: 17.60pt;\" height=\"17\">MOQ<\/td>\n<td class=\"et3\">20St\u00fcck<\/td>\n<\/tr>\n<tr style=\"height: 17.60pt;\">\n<td class=\"et3\" style=\"height: 17.60pt;\" height=\"17\">Benutzerdefinierte Option<\/td>\n<td class=\"et3\">Farbe\/Muster\/Gr\u00f6\u00dfe\/Logo\/Verpackung<\/td>\n<\/tr>\n<\/tbody>\n<\/table>\n<p>&nbsp;<\/p>","protected":false},"featured_media":5206,"comment_status":"closed","ping_status":"closed","template":"","meta":{"_acf_changed":false},"product_brand":[],"product_cat":[57],"product_tag":[],"class_list":{"0":"post-5204","1":"product","2":"type-product","3":"status-publish","4":"has-post-thumbnail","6":"product_cat-wholesale-wall-mounted-sinks","8":"first","9":"instock","10":"shipping-taxable","11":"product-type-simple"},"acf":[],"_links":{"self":[{"href":"https:\/\/www.ceramicbasin.com\/de\/wp-json\/wp\/v2\/product\/5204","targetHints":{"allow":["GET"]}}],"collection":[{"href":"https:\/\/www.ceramicbasin.com\/de\/wp-json\/wp\/v2\/product"}],"about":[{"href":"https:\/\/www.ceramicbasin.com\/de\/wp-json\/wp\/v2\/types\/product"}],"replies":[{"embeddable":true,"href":"https:\/\/www.ceramicbasin.com\/de\/wp-json\/wp\/v2\/comments?post=5204"}],"wp:featuredmedia":[{"embeddable":true,"href":"https:\/\/www.ceramicbasin.com\/de\/wp-json\/wp\/v2\/media\/5206"}],"wp:attachment":[{"href":"https:\/\/www.ceramicbasin.com\/de\/wp-json\/wp\/v2\/media?parent=5204"}],"wp:term":[{"taxonomy":"product_brand","embeddable":true,"href":"https:\/\/www.ceramicbasin.com\/de\/wp-json\/wp\/v2\/product_brand?post=5204"},{"taxonomy":"product_cat","embeddable":true,"href":"https:\/\/www.ceramicbasin.com\/de\/wp-json\/wp\/v2\/product_cat?post=5204"},{"taxonomy":"product_tag","embeddable":true,"href":"https:\/\/www.ceramicbasin.com\/de\/wp-json\/wp\/v2\/product_tag?post=5204"}],"curies":[{"name":"wp","href":"https:\/\/api.w.org\/{rel}","templated":true}]}}