{"id":5215,"date":"2024-09-25T08:55:58","date_gmt":"2024-09-25T08:55:58","guid":{"rendered":"https:\/\/www.ceramicbasin.com\/?post_type=product&#038;p=5215"},"modified":"2024-09-26T07:36:18","modified_gmt":"2024-09-26T07:36:18","slug":"wholesale-above-counter-basin","status":"publish","type":"product","link":"https:\/\/www.ceramicbasin.com\/de\/produkt\/wholesale-above-counter-basin\/","title":{"rendered":"Gro\u00dfhandel \u00fcber Z\u00e4hler Becken, Sch\u00fcssel Form keramische Kunst Becken"},"content":{"rendered":"<div class=\"wp-block-columns is-layout-flex wp-container-core-columns-is-layout-9d6595d7 wp-block-columns-is-layout-flex\">\n<div class=\"wp-block-column is-layout-flow wp-block-column-is-layout-flow\">\n<h2 class=\"wp-block-heading\">Premium-Gro\u00dfhandel \u00fcber Z\u00e4hler-Becken Eigenschaften:<\/h2>\n\n\n\n<ul class=\"wp-block-list\">\n<li><strong>Elegantes und einzigartiges Schalendesign:<\/strong> Dieses Gro\u00dfhandelswaschbecken \u00fcber der Theke verwendet eine zarte Schalenform, eine einzigartige k\u00fcnstlerische Atmosph\u00e4re, um das eint\u00f6nige Design des traditionellen Badezimmerbeckens zu durchbrechen. Seine runden und glatten Linien verleihen dem Badezimmer Eleganz und Stil.<\/li>\n\n\n\n<li><strong>Hochwertige keramische Materialien f\u00fcr lange Haltbarkeit: <\/strong>Unser Keramikgef\u00e4\u00df sinls Gro\u00dfhandel verwendet ausgew\u00e4hlte hochwertige Keramik, die bei hohen Temperaturen gebrannt wird, um eine ausgezeichnete H\u00e4rte und Haltbarkeit zu gew\u00e4hrleisten. Seine glatte Glasur ist nicht nur sch\u00f6n, sondern hat auch Anti-Fouling und Anti-Kratz-Eigenschaften, die effektiv widerstehen k\u00f6nnen t\u00e4glichen Verschlei\u00df.<\/li>\n\n\n\n<li><strong>Anpassung an verschiedene Stile: <\/strong>Um den Bed\u00fcrfnissen der verschiedenen Badezimmerausstattungsstile gerecht zu werden, ist das Gro\u00dfhandelsbecken \u00fcber der Theke in einer Vielzahl von Gr\u00f6\u00dfen und Farben erh\u00e4ltlich. Ob moderne Schlichtheit, europ\u00e4ischer Luxus oder individueller Stil, Sie k\u00f6nnen die richtigen Produkte finden.<\/li>\n\n\n\n<li><strong>Einfache Installation: <\/strong>Als ein Becken Design, unsere Keramikgef\u00e4\u00df sinls Gro\u00dfhandel Installationsprozess ist einfach und schnell, geeignet f\u00fcr eine Vielzahl von Oberfl\u00e4chenmaterialien und Layouts. Ob es sich um ein Haus, ein Hotel oder ein kommerzielles Badezimmer handelt, es kann leicht installiert und schnell in Gebrauch genommen werden.<\/li>\n<\/ul>\n<\/div>\n\n\n\n<div class=\"wp-block-column is-layout-flow wp-block-column-is-layout-flow\">\n<figure class=\"wp-block-image size-full\"><img fetchpriority=\"high\" decoding=\"async\" width=\"980\" height=\"1352\" src=\"https:\/\/www.ceramicbasin.com\/wp-content\/uploads\/2024\/09\/Bowl-Art-Table-Top-Wash-Basin-6.webp\" alt=\"Gro\u00dfhandel \u00fcber Z\u00e4hler-Becken, Sch\u00fcssel Form keramische Kunst-Becken-1\" class=\"wp-image-5237\" srcset=\"https:\/\/www.ceramicbasin.com\/wp-content\/uploads\/2024\/09\/Bowl-Art-Table-Top-Wash-Basin-6.webp 980w, https:\/\/www.ceramicbasin.com\/wp-content\/uploads\/2024\/09\/Bowl-Art-Table-Top-Wash-Basin-6-217x300.webp 217w, https:\/\/www.ceramicbasin.com\/wp-content\/uploads\/2024\/09\/Bowl-Art-Table-Top-Wash-Basin-6-768x1060.webp 768w, https:\/\/www.ceramicbasin.com\/wp-content\/uploads\/2024\/09\/Bowl-Art-Table-Top-Wash-Basin-6-9x12.webp 9w, https:\/\/www.ceramicbasin.com\/wp-content\/uploads\/2024\/09\/Bowl-Art-Table-Top-Wash-Basin-6-285x393.webp 285w, https:\/\/www.ceramicbasin.com\/wp-content\/uploads\/2024\/09\/Bowl-Art-Table-Top-Wash-Basin-6-478x660.webp 478w, https:\/\/www.ceramicbasin.com\/wp-content\/uploads\/2024\/09\/Bowl-Art-Table-Top-Wash-Basin-6-109x150.webp 109w\" sizes=\"(max-width: 980px) 100vw, 980px\" \/><\/figure>\n<\/div>\n<\/div>\n\n\n\n<p><\/p>","protected":false},"excerpt":{"rendered":"<p>Willkommen zum Kauf keramischen Gef\u00e4\u00df sinls Gro\u00dfhandel, unsere Gro\u00dfhandel \u00fcber Theke Becken, die k\u00fcnstlerische Sch\u00f6nheit mit praktischer Funktion kombiniert, mit einem eleganten schalenf\u00f6rmigen Design und hochwertige keramische Materialien, die schmutzabweisend, langlebig und leicht zu reinigen sind. Ideal f\u00fcr Familien, Hotels und Unternehmen.<\/p>\n<table style=\"border-collapse: collapse; width: 311.02pt;\" border=\"0\" width=\"311\" cellspacing=\"0\" cellpadding=\"0\">\n<tbody>\n<tr style=\"height: 17.60pt;\">\n<td class=\"et3\" style=\"height: 17.60pt; width: 108.35pt;\" width=\"108\" height=\"17\">Hersteller<\/td>\n<td class=\"et3\" style=\"width: 202.95pt;\" width=\"202\">HanYu<\/td>\n<\/tr>\n<tr style=\"height: 17.60pt;\">\n<td class=\"et3\" style=\"height: 17.60pt;\" height=\"17\">Modell Nr.<\/td>\n<td class=\"et4\">HY-8224<\/td>\n<\/tr>\n<tr style=\"height: 17.60pt;\">\n<td class=\"et3\" style=\"height: 17.60pt;\" height=\"17\">Typ<\/td>\n<td class=\"et3\">Arbeitsplatten-Sp\u00fclbecken<\/td>\n<\/tr>\n<tr style=\"height: 17.60pt;\">\n<td class=\"et3\" style=\"height: 17.60pt;\" height=\"17\">Form<\/td>\n<td class=\"et3\">\u00a0Quadratische Form<\/td>\n<\/tr>\n<tr style=\"height: 17.60pt;\">\n<td class=\"et4\" style=\"height: 17.60pt;\" height=\"17\">Farbe<\/td>\n<td class=\"et3\">Wei\u00df<\/td>\n<\/tr>\n<tr style=\"height: 18.00pt;\">\n<td class=\"et3\" style=\"height: 18.00pt;\" height=\"18\">Dimension<\/td>\n<td class=\"et6\" style=\"width: 202.95pt;\" width=\"202\">43*45.5*12.5<\/td>\n<\/tr>\n<tr style=\"height: 17.60pt;\">\n<td class=\"et3\" style=\"height: 17.60pt;\" height=\"17\">N.W \/SET<\/td>\n<td class=\"et3\">10KGS\/PCS<\/td>\n<\/tr>\n<tr style=\"height: 17.60pt;\">\n<td class=\"et3\" style=\"height: 17.60pt;\" height=\"17\">MOQ<\/td>\n<td class=\"et3\">20St\u00fcck<\/td>\n<\/tr>\n<tr style=\"height: 17.60pt;\">\n<td class=\"et3\" style=\"height: 17.60pt;\" height=\"17\">Benutzerdefinierte Option<\/td>\n<td class=\"et3\">Farbe\/Muster\/Gr\u00f6\u00dfe\/Logo\/Verpackung<\/td>\n<\/tr>\n<\/tbody>\n<\/table>\n<p>&nbsp;<\/p>","protected":false},"featured_media":5238,"comment_status":"closed","ping_status":"closed","template":"","meta":{"_acf_changed":false},"product_brand":[],"product_cat":[50],"product_tag":[],"class_list":{"0":"post-5215","1":"product","2":"type-product","3":"status-publish","4":"has-post-thumbnail","6":"product_cat-wholesale-countertop-sinks","8":"first","9":"instock","10":"shipping-taxable","11":"product-type-simple"},"acf":[],"_links":{"self":[{"href":"https:\/\/www.ceramicbasin.com\/de\/wp-json\/wp\/v2\/product\/5215","targetHints":{"allow":["GET"]}}],"collection":[{"href":"https:\/\/www.ceramicbasin.com\/de\/wp-json\/wp\/v2\/product"}],"about":[{"href":"https:\/\/www.ceramicbasin.com\/de\/wp-json\/wp\/v2\/types\/product"}],"replies":[{"embeddable":true,"href":"https:\/\/www.ceramicbasin.com\/de\/wp-json\/wp\/v2\/comments?post=5215"}],"wp:featuredmedia":[{"embeddable":true,"href":"https:\/\/www.ceramicbasin.com\/de\/wp-json\/wp\/v2\/media\/5238"}],"wp:attachment":[{"href":"https:\/\/www.ceramicbasin.com\/de\/wp-json\/wp\/v2\/media?parent=5215"}],"wp:term":[{"taxonomy":"product_brand","embeddable":true,"href":"https:\/\/www.ceramicbasin.com\/de\/wp-json\/wp\/v2\/product_brand?post=5215"},{"taxonomy":"product_cat","embeddable":true,"href":"https:\/\/www.ceramicbasin.com\/de\/wp-json\/wp\/v2\/product_cat?post=5215"},{"taxonomy":"product_tag","embeddable":true,"href":"https:\/\/www.ceramicbasin.com\/de\/wp-json\/wp\/v2\/product_tag?post=5215"}],"curies":[{"name":"wp","href":"https:\/\/api.w.org\/{rel}","templated":true}]}}