{"id":5225,"date":"2024-09-25T09:36:51","date_gmt":"2024-09-25T09:36:51","guid":{"rendered":"https:\/\/www.ceramicbasin.com\/?post_type=product&#038;p=5225"},"modified":"2024-09-26T03:50:24","modified_gmt":"2024-09-26T03:50:24","slug":"counter-top-sinks-wholesale","status":"publish","type":"product","link":"https:\/\/www.ceramicbasin.com\/de\/produkt\/counter-top-sinks-wholesale\/","title":{"rendered":"Neues Design Wei\u00dfes keramisches Waschbecken Gro\u00dfhandel f\u00fcr Badezimmer"},"content":{"rendered":"<div class=\"wp-block-columns is-layout-flex wp-container-core-columns-is-layout-9d6595d7 wp-block-columns-is-layout-flex\">\n<div class=\"wp-block-column is-layout-flow wp-block-column-is-layout-flow\">\n<h2 class=\"wp-block-heading\">Premium Counter Top Sp\u00fclen Gro\u00dfhandel Features:<\/h2>\n\n\n\n<ul class=\"wp-block-list\">\n<li><strong>Preisvorteil:<\/strong> Wir bieten Gro\u00dfbestellungen f\u00fcr diese keramischen Waschbecken im Gro\u00dfhandel an, die nicht nur erschwinglich sind, sondern auch schnell geliefert werden k\u00f6nnen. Sie eignen sich f\u00fcr kommerzielle Projekte und gro\u00df angelegte Wohndekorationen und erf\u00fcllen die Anforderungen an hohe Effizienz und niedrige Kosten.<\/li>\n\n\n\n<li><strong>Gro\u00dfe Produktionskapazit\u00e4t: <\/strong>Gro\u00dfes Lager, um diese Keramiksp\u00fclen Gro\u00dfhandel Produkte enthalten. W\u00e4hlen Sie die Artikel, die Sie interessiert sind, und fragen Sie uns, die meisten der wei\u00dfen Keramiksp\u00fclen Gro\u00dfhandel sind auf Lager, so dass die Versandzeit w\u00e4re viel k\u00fcrzer.<\/li>\n\n\n\n<li><strong>Sch\u00f6ne Oberfl\u00e4che: <\/strong>Die Oberfl\u00e4che unserer keramischen Arbeitsplatte Waschbecken Gro\u00dfhandel ist glatt und es k\u00f6nnte matt und gl\u00e4nzend sein folgen ben\u00f6tigt. Ber\u00fchren Sie es und f\u00fchlen Sie es, es ist seidig und exquisit.<\/li>\n\n\n\n<li><strong>Modedesign: <\/strong>Unser runder Aufsatzwaschtisch im Gro\u00dfhandel hat ein modernes und modisches Design mit glatten Linien und eignet sich f\u00fcr verschiedene Badezimmer-Layouts und verbessert die allgemeine Sch\u00f6nheit und Qualit\u00e4t des Raumes.<\/li>\n<\/ul>\n<\/div>\n\n\n\n<div class=\"wp-block-column is-layout-flow wp-block-column-is-layout-flow\">\n<figure class=\"wp-block-image size-full\"><img fetchpriority=\"high\" decoding=\"async\" width=\"827\" height=\"1200\" src=\"https:\/\/www.ceramicbasin.com\/wp-content\/uploads\/2024\/09\/Counter-Top-Hand-Wash-Basin-6-1.webp\" alt=\"Neues Design Wei\u00df Keramik Counter Top Waschbecken Gro\u00dfhandel f\u00fcr Badezimmer-1\" class=\"wp-image-5232\" srcset=\"https:\/\/www.ceramicbasin.com\/wp-content\/uploads\/2024\/09\/Counter-Top-Hand-Wash-Basin-6-1.webp 827w, https:\/\/www.ceramicbasin.com\/wp-content\/uploads\/2024\/09\/Counter-Top-Hand-Wash-Basin-6-1-207x300.webp 207w, https:\/\/www.ceramicbasin.com\/wp-content\/uploads\/2024\/09\/Counter-Top-Hand-Wash-Basin-6-1-768x1114.webp 768w, https:\/\/www.ceramicbasin.com\/wp-content\/uploads\/2024\/09\/Counter-Top-Hand-Wash-Basin-6-1-8x12.webp 8w, https:\/\/www.ceramicbasin.com\/wp-content\/uploads\/2024\/09\/Counter-Top-Hand-Wash-Basin-6-1-285x414.webp 285w, https:\/\/www.ceramicbasin.com\/wp-content\/uploads\/2024\/09\/Counter-Top-Hand-Wash-Basin-6-1-455x660.webp 455w, https:\/\/www.ceramicbasin.com\/wp-content\/uploads\/2024\/09\/Counter-Top-Hand-Wash-Basin-6-1-103x150.webp 103w\" sizes=\"(max-width: 827px) 100vw, 827px\" \/><figcaption class=\"wp-element-caption\">Neues Design Wei\u00df Keramik Counter Top Waschbecken Gro\u00dfhandel f\u00fcr Badezimmer-1<\/figcaption><\/figure>\n<\/div>\n<\/div>","protected":false},"excerpt":{"rendered":"<p>Willkommen zum Kauf von Porzellanwaschbecken. Unsere runde Form Keramik Z\u00e4hler oben Waschbecken Gro\u00dfhandel haben ein modernes und modisches Design mit glatten Linien, ber\u00fchren Sie es und f\u00fchlen Sie es, es ist seidig und exquisit. Die Oberfl\u00e4che ist glatt und es k\u00f6nnte matt und gl\u00e4nzend sein folgen ben\u00f6tigt.<\/p>\n<table style=\"border-collapse: collapse; width: 311.02pt;\" border=\"0\" width=\"311\" cellspacing=\"0\" cellpadding=\"0\">\n<tbody>\n<tr style=\"height: 17.60pt;\">\n<td class=\"et3\" style=\"height: 17.60pt; width: 108.35pt;\" width=\"108\" height=\"17\">Hersteller<\/td>\n<td class=\"et3\" style=\"width: 202.95pt;\" width=\"202\">HanYu<\/td>\n<\/tr>\n<tr style=\"height: 17.60pt;\">\n<td class=\"et3\" style=\"height: 17.60pt;\" height=\"17\">Modell Nr.<\/td>\n<td class=\"et4\">HY-8182<\/td>\n<\/tr>\n<tr style=\"height: 17.60pt;\">\n<td class=\"et3\" style=\"height: 17.60pt;\" height=\"17\">Typ<\/td>\n<td class=\"et3\">Arbeitsplatten-Sp\u00fclbecken<\/td>\n<\/tr>\n<tr style=\"height: 17.60pt;\">\n<td class=\"et3\" style=\"height: 17.60pt;\" height=\"17\">Form<\/td>\n<td class=\"et3\">\u00a0Runde Form<\/td>\n<\/tr>\n<tr style=\"height: 17.60pt;\">\n<td class=\"et4\" style=\"height: 17.60pt;\" height=\"17\">Farbe<\/td>\n<td class=\"et3\">Wei\u00df<\/td>\n<\/tr>\n<tr style=\"height: 18.00pt;\">\n<td class=\"et3\" style=\"height: 18.00pt;\" height=\"18\">Dimension<\/td>\n<td class=\"et6\" style=\"width: 202.95pt;\" width=\"202\">35*35*12<\/td>\n<\/tr>\n<tr style=\"height: 17.60pt;\">\n<td class=\"et3\" style=\"height: 17.60pt;\" height=\"17\">N.W \/SET<\/td>\n<td class=\"et3\">5.5KGS\/PCS<\/td>\n<\/tr>\n<tr style=\"height: 17.60pt;\">\n<td class=\"et3\" style=\"height: 17.60pt;\" height=\"17\">MOQ<\/td>\n<td class=\"et3\">20St\u00fcck<\/td>\n<\/tr>\n<tr style=\"height: 17.60pt;\">\n<td class=\"et3\" style=\"height: 17.60pt;\" height=\"17\">Benutzerdefinierte Option<\/td>\n<td class=\"et3\">Farbe\/Muster\/Gr\u00f6\u00dfe\/Logo\/Verpackung<\/td>\n<\/tr>\n<\/tbody>\n<\/table>\n<p>&nbsp;<\/p>","protected":false},"featured_media":5227,"comment_status":"closed","ping_status":"closed","template":"","meta":{"_acf_changed":false},"product_brand":[],"product_cat":[50],"product_tag":[],"class_list":{"0":"post-5225","1":"product","2":"type-product","3":"status-publish","4":"has-post-thumbnail","6":"product_cat-wholesale-countertop-sinks","8":"first","9":"instock","10":"shipping-taxable","11":"product-type-simple"},"acf":[],"_links":{"self":[{"href":"https:\/\/www.ceramicbasin.com\/de\/wp-json\/wp\/v2\/product\/5225","targetHints":{"allow":["GET"]}}],"collection":[{"href":"https:\/\/www.ceramicbasin.com\/de\/wp-json\/wp\/v2\/product"}],"about":[{"href":"https:\/\/www.ceramicbasin.com\/de\/wp-json\/wp\/v2\/types\/product"}],"replies":[{"embeddable":true,"href":"https:\/\/www.ceramicbasin.com\/de\/wp-json\/wp\/v2\/comments?post=5225"}],"wp:featuredmedia":[{"embeddable":true,"href":"https:\/\/www.ceramicbasin.com\/de\/wp-json\/wp\/v2\/media\/5227"}],"wp:attachment":[{"href":"https:\/\/www.ceramicbasin.com\/de\/wp-json\/wp\/v2\/media?parent=5225"}],"wp:term":[{"taxonomy":"product_brand","embeddable":true,"href":"https:\/\/www.ceramicbasin.com\/de\/wp-json\/wp\/v2\/product_brand?post=5225"},{"taxonomy":"product_cat","embeddable":true,"href":"https:\/\/www.ceramicbasin.com\/de\/wp-json\/wp\/v2\/product_cat?post=5225"},{"taxonomy":"product_tag","embeddable":true,"href":"https:\/\/www.ceramicbasin.com\/de\/wp-json\/wp\/v2\/product_tag?post=5225"}],"curies":[{"name":"wp","href":"https:\/\/api.w.org\/{rel}","templated":true}]}}