{"id":5260,"date":"2024-10-08T07:17:24","date_gmt":"2024-10-08T07:17:24","guid":{"rendered":"https:\/\/www.ceramicbasin.com\/?post_type=product&#038;p=5260"},"modified":"2024-10-08T07:17:27","modified_gmt":"2024-10-08T07:17:27","slug":"wholesale-vessel-sinks","status":"publish","type":"product","link":"https:\/\/www.ceramicbasin.com\/de\/produkt\/wholesale-vessel-sinks\/","title":{"rendered":"Kleine quadratische Gef\u00e4\u00dfwaschbecken im Gro\u00dfhandel, \u00fcber dem Z\u00e4hler Waschbecken"},"content":{"rendered":"<div class=\"wp-block-columns is-layout-flex wp-container-core-columns-is-layout-9d6595d7 wp-block-columns-is-layout-flex\">\n<div class=\"wp-block-column is-layout-flow wp-block-column-is-layout-flow\">\n<h2 class=\"wp-block-heading\">Premium Gro\u00dfhandel Gef\u00e4\u00df Waschbecken Merkmale:<\/h2>\n\n\n\n<ul class=\"wp-block-list\">\n<li><strong>Exquisites Design:<\/strong> Diese Gef\u00e4\u00dfwaschbecken f\u00fcr den Gro\u00dfhandel haben ein stromlinienf\u00f6rmiges Design, abgerundete Kanten und glatte Linien, die einen hohen \u00e4sthetischen Wert aufweisen und dem Badezimmer einen Hauch von Raffinesse und Eleganz verleihen.<\/li>\n\n\n\n<li><strong>Hochwertige Keramiken:<\/strong> Ausgew\u00e4hlte hochwertige keramische Rohstoffe, die bei hoher Temperatur gesintert werden, sorgen daf\u00fcr, dass unsere ma\u00dfgeschneiderten Gef\u00e4\u00dfsp\u00fclen im Gro\u00dfhandel eine solide Struktur, eine zarte und glatte Oberfl\u00e4che haben, leicht zu reinigen sind und lange halten.<\/li>\n\n\n\n<li><strong>Installation oben:<\/strong> Diese keramischen Gro\u00dfhandel Gef\u00e4\u00df Waschbecken nimmt eine Top-Installation Methode, die einfach zu installieren, stabil und zuverl\u00e4ssig ist, nicht nur platzsparend, sondern auch bequem f\u00fcr die t\u00e4gliche Wartung und Reinigung, und die Verbesserung der Benutzererfahrung.<\/li>\n\n\n\n<li><strong>Kosteneinsparungen beim Gro\u00dfeinkauf:<\/strong> Als Hersteller von Keramikbecken im Gro\u00dfhandel kann HanYu ma\u00dfgeschneiderte Gef\u00e4\u00dfwaschbecken im Gro\u00dfhandel mit wettbewerbsf\u00e4higen Einkaufspreisen anbieten, um Ihnen zu helfen, die Dekorationskosten effektiv zu kontrollieren, ohne die Qualit\u00e4t zu beeintr\u00e4chtigen.<\/li>\n<\/ul>\n<\/div>\n\n\n\n<div class=\"wp-block-column is-layout-flow wp-block-column-is-layout-flow\">\n<figure class=\"wp-block-image size-full\"><img fetchpriority=\"high\" decoding=\"async\" width=\"1000\" height=\"1000\" src=\"https:\/\/www.ceramicbasin.com\/wp-content\/uploads\/2024\/10\/Customized-Square-White-Bathroom-Single-Vessel-Sink-Ceramic-Above-Counter-Small-Wash-Basin-5.webp\" alt=\"Kleine quadratische Gro\u00dfhandel Gef\u00e4\u00df Waschbecken, \u00fcber Z\u00e4hler Waschbecken-1\" class=\"wp-image-5266\" srcset=\"https:\/\/www.ceramicbasin.com\/wp-content\/uploads\/2024\/10\/Customized-Square-White-Bathroom-Single-Vessel-Sink-Ceramic-Above-Counter-Small-Wash-Basin-5.webp 1000w, https:\/\/www.ceramicbasin.com\/wp-content\/uploads\/2024\/10\/Customized-Square-White-Bathroom-Single-Vessel-Sink-Ceramic-Above-Counter-Small-Wash-Basin-5-300x300.webp 300w, https:\/\/www.ceramicbasin.com\/wp-content\/uploads\/2024\/10\/Customized-Square-White-Bathroom-Single-Vessel-Sink-Ceramic-Above-Counter-Small-Wash-Basin-5-150x150.webp 150w, https:\/\/www.ceramicbasin.com\/wp-content\/uploads\/2024\/10\/Customized-Square-White-Bathroom-Single-Vessel-Sink-Ceramic-Above-Counter-Small-Wash-Basin-5-768x768.webp 768w, https:\/\/www.ceramicbasin.com\/wp-content\/uploads\/2024\/10\/Customized-Square-White-Bathroom-Single-Vessel-Sink-Ceramic-Above-Counter-Small-Wash-Basin-5-12x12.webp 12w, https:\/\/www.ceramicbasin.com\/wp-content\/uploads\/2024\/10\/Customized-Square-White-Bathroom-Single-Vessel-Sink-Ceramic-Above-Counter-Small-Wash-Basin-5-285x285.webp 285w, https:\/\/www.ceramicbasin.com\/wp-content\/uploads\/2024\/10\/Customized-Square-White-Bathroom-Single-Vessel-Sink-Ceramic-Above-Counter-Small-Wash-Basin-5-270x270.webp 270w, https:\/\/www.ceramicbasin.com\/wp-content\/uploads\/2024\/10\/Customized-Square-White-Bathroom-Single-Vessel-Sink-Ceramic-Above-Counter-Small-Wash-Basin-5-540x540.webp 540w, https:\/\/www.ceramicbasin.com\/wp-content\/uploads\/2024\/10\/Customized-Square-White-Bathroom-Single-Vessel-Sink-Ceramic-Above-Counter-Small-Wash-Basin-5-660x660.webp 660w\" sizes=\"(max-width: 1000px) 100vw, 1000px\" \/><\/figure>\n<\/div>\n<\/div>","protected":false},"excerpt":{"rendered":"<p>Willkommen im Gro\u00dfhandel Gef\u00e4\u00df Waschbecken zu kaufen. Diese keramischen Waschbecken Gro\u00dfhandel sind direkt von unserer Fabrik geliefert, stark reduziert Ihre Einkaufskosten. Unsere Gro\u00dfhandel Keramikbecken sind aus hochwertiger Keramik gefertigt und bei hohen Temperaturen gebrannt. Wir bieten Gro\u00dfhandelsrabatte auf dieses beliebte Design, um die Bed\u00fcrfnisse von kommerziellen Projekten oder gro\u00dfen privaten Renovierungen zu erf\u00fcllen.<\/p>\n<table style=\"border-collapse: collapse; width: 358.52pt;\" border=\"0\" width=\"478\" cellspacing=\"0\" cellpadding=\"0\">\n<tbody>\n<tr style=\"height: 17.25pt;\">\n<td class=\"et3\" style=\"height: 17.25pt; width: 125.00pt;\" width=\"166\" height=\"23\">Hersteller<\/td>\n<td class=\"et3\" style=\"width: 234.15pt;\" width=\"312\">HanYu<\/td>\n<\/tr>\n<tr style=\"height: 17.25pt;\">\n<td class=\"et3\" style=\"height: 17.25pt;\" height=\"23\">Modell Nr.<\/td>\n<td class=\"et4\">HY-8198<\/td>\n<\/tr>\n<tr style=\"height: 17.25pt;\">\n<td class=\"et3\" style=\"height: 17.25pt;\" height=\"23\">Typ<\/td>\n<td class=\"et5\" style=\"width: 234.15pt;\" width=\"312\">Aufsatzwaschbecken<\/td>\n<\/tr>\n<tr style=\"height: 18.00pt;\">\n<td class=\"et3\" style=\"height: 18.00pt;\" height=\"24\">Form<\/td>\n<td class=\"et3\">Quadratische Form<\/td>\n<\/tr>\n<tr style=\"height: 34.50pt;\">\n<td class=\"et4\" style=\"height: 34.50pt;\" height=\"46\">Farbe<\/td>\n<td class=\"et5\" style=\"width: 234.15pt;\" width=\"312\">schwarz\/wei\u00df\/blau\/grau\/rosa\/gr\u00fcn\/braun\/khaki<\/td>\n<\/tr>\n<tr style=\"height: 18.00pt;\">\n<td class=\"et3\" style=\"height: 18.00pt;\" height=\"24\">Dimension<\/td>\n<td class=\"et5\" style=\"width: 234.15pt;\" width=\"312\">37.5*37.5*13.5<\/td>\n<\/tr>\n<tr style=\"height: 17.25pt;\">\n<td class=\"et3\" style=\"height: 17.25pt;\" height=\"23\">N.W \/SET<\/td>\n<td class=\"et3\">7 KGS\/PCS<\/td>\n<\/tr>\n<tr style=\"height: 17.25pt;\">\n<td class=\"et3\" style=\"height: 17.25pt;\" height=\"23\">MOQ<\/td>\n<td class=\"et3\">20St\u00fcck<\/td>\n<\/tr>\n<tr style=\"height: 17.25pt;\">\n<td class=\"et3\" style=\"height: 17.25pt;\" height=\"23\">Benutzerdefinierte Option<\/td>\n<td class=\"et3\">Farbe\/Muster\/Gr\u00f6\u00dfe\/Logo\/Verpackung<\/td>\n<\/tr>\n<\/tbody>\n<\/table>\n<p>&nbsp;<\/p>","protected":false},"featured_media":5265,"comment_status":"closed","ping_status":"closed","template":"","meta":{"_acf_changed":false},"product_brand":[],"product_cat":[50,56],"product_tag":[],"class_list":{"0":"post-5260","1":"product","2":"type-product","3":"status-publish","4":"has-post-thumbnail","6":"product_cat-wholesale-countertop-sinks","7":"product_cat-wholesale-small-bathroom-sinks","9":"first","10":"instock","11":"shipping-taxable","12":"product-type-simple"},"acf":[],"_links":{"self":[{"href":"https:\/\/www.ceramicbasin.com\/de\/wp-json\/wp\/v2\/product\/5260","targetHints":{"allow":["GET"]}}],"collection":[{"href":"https:\/\/www.ceramicbasin.com\/de\/wp-json\/wp\/v2\/product"}],"about":[{"href":"https:\/\/www.ceramicbasin.com\/de\/wp-json\/wp\/v2\/types\/product"}],"replies":[{"embeddable":true,"href":"https:\/\/www.ceramicbasin.com\/de\/wp-json\/wp\/v2\/comments?post=5260"}],"wp:featuredmedia":[{"embeddable":true,"href":"https:\/\/www.ceramicbasin.com\/de\/wp-json\/wp\/v2\/media\/5265"}],"wp:attachment":[{"href":"https:\/\/www.ceramicbasin.com\/de\/wp-json\/wp\/v2\/media?parent=5260"}],"wp:term":[{"taxonomy":"product_brand","embeddable":true,"href":"https:\/\/www.ceramicbasin.com\/de\/wp-json\/wp\/v2\/product_brand?post=5260"},{"taxonomy":"product_cat","embeddable":true,"href":"https:\/\/www.ceramicbasin.com\/de\/wp-json\/wp\/v2\/product_cat?post=5260"},{"taxonomy":"product_tag","embeddable":true,"href":"https:\/\/www.ceramicbasin.com\/de\/wp-json\/wp\/v2\/product_tag?post=5260"}],"curies":[{"name":"wp","href":"https:\/\/api.w.org\/{rel}","templated":true}]}}