{"id":5268,"date":"2024-10-06T07:55:18","date_gmt":"2024-10-06T07:55:18","guid":{"rendered":"https:\/\/www.ceramicbasin.com\/?post_type=product&#038;p=5268"},"modified":"2024-10-06T07:55:20","modified_gmt":"2024-10-06T07:55:20","slug":"wholesale-vessel-sinks-2","status":"publish","type":"product","link":"https:\/\/www.ceramicbasin.com\/de\/produkt\/wholesale-vessel-sinks-2\/","title":{"rendered":"Sleek Gro\u00dfhandel Gef\u00e4\u00df Waschbecken, gl\u00e4nzend wei\u00df Arbeitsplatte Lavabo"},"content":{"rendered":"<div class=\"wp-block-columns is-layout-flex wp-container-core-columns-is-layout-9d6595d7 wp-block-columns-is-layout-flex\">\n<div class=\"wp-block-column is-layout-flow wp-block-column-is-layout-flow\">\n<h2 class=\"wp-block-heading\">Premium Gro\u00dfhandel Gef\u00e4\u00df Waschbecken Merkmale:<\/h2>\n\n\n\n<ul class=\"wp-block-list\">\n<li><strong>Modedesign:<\/strong> Unsere Porzellan-Gro\u00dfhandel Gef\u00e4\u00df Waschbecken haben ein modernes und modisches Design mit glatten Linien, sind geeignet f\u00fcr verschiedene Bad Layouts, und verbessern die allgemeine Sch\u00f6nheit und Grad des Raumes.<\/li>\n\n\n\n<li><strong>Direktverkauf ab Werk:<\/strong>&nbsp;HanYu's Gro\u00dfhandel Keramik Waschbecken sind direkt von der Fabrik verkauft, die Beseitigung der Preisunterschied von Zwischenh\u00e4ndlern, und Gro\u00dfeinkauf Bad Waschbecken stellt sicher, dass Sie qualitativ hochwertige Bad Waschbecken in gro\u00dfen Mengen zu den niedrigsten Kosten zu kaufen.<\/li>\n\n\n\n<li><strong>Hochwertiges keramisches Material:<\/strong>\u00a0Die HanYu-Gro\u00dfhandelssp\u00fclbecken werden aus hochwertigen keramischen Rohstoffen hergestellt, die bei hohen Temperaturen gebrannt werden. Sie haben eine feste Struktur und eine glatte Oberfl\u00e4che, die das Anhaften von Schmutz wirksam verhindert.<\/li>\n\n\n\n<li><strong>Rabatt bei Gro\u00dfeinkauf:<\/strong>\u00a0Wir bieten Gro\u00dfhandelsrabatte f\u00fcr benutzerdefinierte keramische Waschbecken bulk auf die Bed\u00fcrfnisse der kommerziellen Projekten oder gro\u00dfen Wohn-Dekoration zu erf\u00fcllen.<\/li>\n<\/ul>\n<\/div>\n\n\n\n<div class=\"wp-block-column is-layout-flow wp-block-column-is-layout-flow\">\n<figure class=\"wp-block-image size-full\"><img fetchpriority=\"high\" decoding=\"async\" width=\"1000\" height=\"1000\" src=\"https:\/\/www.ceramicbasin.com\/wp-content\/uploads\/2024\/10\/Modern-Washroom-Glossy-White-Lavabo-Ceramic-Wudu-Basin-Bathroom-Sinks-Countertop-Wash-Hand-Basin-5.webp\" alt=\"Sleek Gro\u00dfhandel Vessel Waschbecken, gl\u00e4nzend wei\u00df Arbeitsplatte Lavabo-1\" class=\"wp-image-5273\" srcset=\"https:\/\/www.ceramicbasin.com\/wp-content\/uploads\/2024\/10\/Modern-Washroom-Glossy-White-Lavabo-Ceramic-Wudu-Basin-Bathroom-Sinks-Countertop-Wash-Hand-Basin-5.webp 1000w, https:\/\/www.ceramicbasin.com\/wp-content\/uploads\/2024\/10\/Modern-Washroom-Glossy-White-Lavabo-Ceramic-Wudu-Basin-Bathroom-Sinks-Countertop-Wash-Hand-Basin-5-300x300.webp 300w, https:\/\/www.ceramicbasin.com\/wp-content\/uploads\/2024\/10\/Modern-Washroom-Glossy-White-Lavabo-Ceramic-Wudu-Basin-Bathroom-Sinks-Countertop-Wash-Hand-Basin-5-150x150.webp 150w, https:\/\/www.ceramicbasin.com\/wp-content\/uploads\/2024\/10\/Modern-Washroom-Glossy-White-Lavabo-Ceramic-Wudu-Basin-Bathroom-Sinks-Countertop-Wash-Hand-Basin-5-768x768.webp 768w, https:\/\/www.ceramicbasin.com\/wp-content\/uploads\/2024\/10\/Modern-Washroom-Glossy-White-Lavabo-Ceramic-Wudu-Basin-Bathroom-Sinks-Countertop-Wash-Hand-Basin-5-12x12.webp 12w, https:\/\/www.ceramicbasin.com\/wp-content\/uploads\/2024\/10\/Modern-Washroom-Glossy-White-Lavabo-Ceramic-Wudu-Basin-Bathroom-Sinks-Countertop-Wash-Hand-Basin-5-285x285.webp 285w, https:\/\/www.ceramicbasin.com\/wp-content\/uploads\/2024\/10\/Modern-Washroom-Glossy-White-Lavabo-Ceramic-Wudu-Basin-Bathroom-Sinks-Countertop-Wash-Hand-Basin-5-270x270.webp 270w, https:\/\/www.ceramicbasin.com\/wp-content\/uploads\/2024\/10\/Modern-Washroom-Glossy-White-Lavabo-Ceramic-Wudu-Basin-Bathroom-Sinks-Countertop-Wash-Hand-Basin-5-540x540.webp 540w, https:\/\/www.ceramicbasin.com\/wp-content\/uploads\/2024\/10\/Modern-Washroom-Glossy-White-Lavabo-Ceramic-Wudu-Basin-Bathroom-Sinks-Countertop-Wash-Hand-Basin-5-660x660.webp 660w\" sizes=\"(max-width: 1000px) 100vw, 1000px\" \/><\/figure>\n<\/div>\n<\/div>\n\n\n\n<p><\/p>","protected":false},"excerpt":{"rendered":"<p>Willkommen im Gro\u00dfhandel Gef\u00e4\u00df Waschbecken zu kaufen. Diese Gro\u00dfhandel Keramik Eitelkeit Waschbecken sind direkt von unserer Fabrik geliefert, stark reduziert Ihre Einkaufskosten. Unsere Gro\u00dfhandel Keramik Waschbecken sind aus hochwertiger Keramik gefertigt und bei hohen Temperaturen gebrannt.diese Gro\u00dfhandel Bad Waschbecken sind einfach zu installieren, bietet eine problemlose L\u00f6sung f\u00fcr beide Neubauten und Bad Renovierungen.<\/p>\n<table style=\"border-collapse: collapse; width: 358.52pt;\" border=\"0\" width=\"478\" cellspacing=\"0\" cellpadding=\"0\">\n<tbody>\n<tr style=\"height: 17.25pt;\">\n<td class=\"et3\" style=\"height: 17.25pt; width: 125.00pt;\" width=\"166\" height=\"23\">Hersteller<\/td>\n<td class=\"et3\" style=\"width: 234.15pt;\" width=\"312\">HanYu<\/td>\n<\/tr>\n<tr style=\"height: 17.25pt;\">\n<td class=\"et3\" style=\"height: 17.25pt;\" height=\"23\">Modell Nr.<\/td>\n<td class=\"et4\">HY-8201<\/td>\n<\/tr>\n<tr style=\"height: 17.25pt;\">\n<td class=\"et3\" style=\"height: 17.25pt;\" height=\"23\">Typ<\/td>\n<td class=\"et5\" style=\"width: 234.15pt;\" width=\"312\">Aufsatzwaschbecken<\/td>\n<\/tr>\n<tr style=\"height: 18.00pt;\">\n<td class=\"et3\" style=\"height: 18.00pt;\" height=\"24\">Form<\/td>\n<td class=\"et3\">Rechteckige Form<\/td>\n<\/tr>\n<tr style=\"height: 34.50pt;\">\n<td class=\"et4\" style=\"height: 34.50pt;\" height=\"46\">Farbe<\/td>\n<td class=\"et5\" style=\"width: 234.15pt;\" width=\"312\">schwarz\/wei\u00df\/blau\/grau\/rosa\/gr\u00fcn\/braun\/khaki<\/td>\n<\/tr>\n<tr style=\"height: 18.00pt;\">\n<td class=\"et3\" style=\"height: 18.00pt;\" height=\"24\">Dimension<\/td>\n<td class=\"et5\" style=\"width: 234.15pt;\" width=\"312\">50*38*13.5<\/td>\n<\/tr>\n<tr style=\"height: 17.25pt;\">\n<td class=\"et3\" style=\"height: 17.25pt;\" height=\"23\">N.W \/SET<\/td>\n<td class=\"et3\">10KGS\/PCS<\/td>\n<\/tr>\n<tr style=\"height: 17.25pt;\">\n<td class=\"et3\" style=\"height: 17.25pt;\" height=\"23\">MOQ<\/td>\n<td class=\"et3\">20St\u00fcck<\/td>\n<\/tr>\n<tr style=\"height: 17.25pt;\">\n<td class=\"et3\" style=\"height: 17.25pt;\" height=\"23\">Benutzerdefinierte Option<\/td>\n<td class=\"et3\">Farbe\/Muster\/Gr\u00f6\u00dfe\/Logo\/Verpackung<\/td>\n<\/tr>\n<\/tbody>\n<\/table>","protected":false},"featured_media":5269,"comment_status":"closed","ping_status":"closed","template":"","meta":{"_acf_changed":false},"product_brand":[],"product_cat":[50],"product_tag":[],"class_list":{"0":"post-5268","1":"product","2":"type-product","3":"status-publish","4":"has-post-thumbnail","6":"product_cat-wholesale-countertop-sinks","8":"first","9":"instock","10":"shipping-taxable","11":"product-type-simple"},"acf":[],"_links":{"self":[{"href":"https:\/\/www.ceramicbasin.com\/de\/wp-json\/wp\/v2\/product\/5268","targetHints":{"allow":["GET"]}}],"collection":[{"href":"https:\/\/www.ceramicbasin.com\/de\/wp-json\/wp\/v2\/product"}],"about":[{"href":"https:\/\/www.ceramicbasin.com\/de\/wp-json\/wp\/v2\/types\/product"}],"replies":[{"embeddable":true,"href":"https:\/\/www.ceramicbasin.com\/de\/wp-json\/wp\/v2\/comments?post=5268"}],"wp:featuredmedia":[{"embeddable":true,"href":"https:\/\/www.ceramicbasin.com\/de\/wp-json\/wp\/v2\/media\/5269"}],"wp:attachment":[{"href":"https:\/\/www.ceramicbasin.com\/de\/wp-json\/wp\/v2\/media?parent=5268"}],"wp:term":[{"taxonomy":"product_brand","embeddable":true,"href":"https:\/\/www.ceramicbasin.com\/de\/wp-json\/wp\/v2\/product_brand?post=5268"},{"taxonomy":"product_cat","embeddable":true,"href":"https:\/\/www.ceramicbasin.com\/de\/wp-json\/wp\/v2\/product_cat?post=5268"},{"taxonomy":"product_tag","embeddable":true,"href":"https:\/\/www.ceramicbasin.com\/de\/wp-json\/wp\/v2\/product_tag?post=5268"}],"curies":[{"name":"wp","href":"https:\/\/api.w.org\/{rel}","templated":true}]}}