{"id":5322,"date":"2024-10-11T02:57:34","date_gmt":"2024-10-11T02:57:34","guid":{"rendered":"https:\/\/www.ceramicbasin.com\/?post_type=product&#038;p=5322"},"modified":"2024-10-11T02:57:36","modified_gmt":"2024-10-11T02:57:36","slug":"semi-recessed-wholesale-sinks","status":"publish","type":"product","link":"https:\/\/www.ceramicbasin.com\/de\/produkt\/semi-recessed-wholesale-sinks\/","title":{"rendered":"Hochwertige halb eingelassene Gro\u00dfhandelssp\u00fclen, keramische Waschbecken Gro\u00dfhandel"},"content":{"rendered":"<div class=\"wp-block-columns is-layout-flex wp-container-core-columns-is-layout-9d6595d7 wp-block-columns-is-layout-flex\">\n<div class=\"wp-block-column is-layout-flow wp-block-column-is-layout-flow\">\n<h2 class=\"wp-block-heading\">Premium Semi-Recessed-Gro\u00dfhandelssp\u00fclen Merkmale:<\/h2>\n\n\n\n<ul class=\"wp-block-list\">\n<li><strong>Keramisches Material, ausgezeichnete Qualit\u00e4t:<\/strong>\u00a0Diese halbversenkten Gro\u00dfhandelssp\u00fclen sind aus hochwertigem keramischem Material hergestellt, das sich durch hohe Festigkeit und Verschlei\u00dffestigkeit auszeichnet. Die keramische Oberfl\u00e4che ist glatt und zart, die Farbe ist langlebig, es ist nicht leicht zu verblassen, und es kann seine Sch\u00f6nheit f\u00fcr eine lange Zeit zu halten.<\/li>\n\n\n\n<li><strong>Neues Design, f\u00fchrend im Trend:<\/strong>\u00a0Indem wir die neuesten Designkonzepte und die Marktnachfrage nach keramischen halbversenkten Waschbecken im Gro\u00dfhandel kombinieren, haben wir eine Reihe von neuen Stilen auf den Markt gebracht. Diese Entw\u00fcrfe halten nicht nur mit den Modetrends Schritt, sondern ber\u00fccksichtigen auch die Kombination von Funktionalit\u00e4t und \u00c4sthetik und k\u00f6nnen die hohen Anforderungen der modernen Baddekoration erf\u00fcllen.<\/li>\n\n\n\n<li><strong>Robust und langlebig:<\/strong>&nbsp;Unsere keramischen Gef\u00e4\u00dfsp\u00fclen werden aus hochwertigen keramischen Materialien hergestellt und bei hohen Temperaturen gebrannt, um sicherzustellen, dass das Produkt langlebig, schmutzabweisend und kratzfest ist. Die glatte Oberfl\u00e4che ist nicht nur leicht zu reinigen, sondern beh\u00e4lt auch die Sch\u00f6nheit und Helligkeit f\u00fcr eine lange Zeit.<\/li>\n\n\n\n<li><strong>Konkurrenzf\u00e4higer Preis:\u00a0<\/strong>Als f\u00fchrender Hersteller von Waschbecken f\u00fcr Badezimmer bietet Ihnen Hanyu qualitativ hochwertige halbversenkte Waschbecken im Gro\u00dfhandel zu den wettbewerbsf\u00e4higsten Preisen, um Ihre Gewinnspanne zu erh\u00f6hen.<\/li>\n<\/ul>\n<\/div>\n\n\n\n<div class=\"wp-block-column is-layout-flow wp-block-column-is-layout-flow\">\n<figure class=\"wp-block-image size-full\"><img fetchpriority=\"high\" decoding=\"async\" width=\"679\" height=\"931\" src=\"https:\/\/www.ceramicbasin.com\/wp-content\/uploads\/2024\/10\/Wholesale-basin-supplier-semi-counter-hand-washing-basin-1.webp\" alt=\"Hochwertige halb vertiefte Gro\u00dfhandelssp\u00fclen, keramische Waschbecken Gro\u00dfhandel-1\" class=\"wp-image-5295\" srcset=\"https:\/\/www.ceramicbasin.com\/wp-content\/uploads\/2024\/10\/Wholesale-basin-supplier-semi-counter-hand-washing-basin-1.webp 679w, https:\/\/www.ceramicbasin.com\/wp-content\/uploads\/2024\/10\/Wholesale-basin-supplier-semi-counter-hand-washing-basin-1-219x300.webp 219w, https:\/\/www.ceramicbasin.com\/wp-content\/uploads\/2024\/10\/Wholesale-basin-supplier-semi-counter-hand-washing-basin-1-9x12.webp 9w, https:\/\/www.ceramicbasin.com\/wp-content\/uploads\/2024\/10\/Wholesale-basin-supplier-semi-counter-hand-washing-basin-1-285x391.webp 285w, https:\/\/www.ceramicbasin.com\/wp-content\/uploads\/2024\/10\/Wholesale-basin-supplier-semi-counter-hand-washing-basin-1-481x660.webp 481w, https:\/\/www.ceramicbasin.com\/wp-content\/uploads\/2024\/10\/Wholesale-basin-supplier-semi-counter-hand-washing-basin-1-109x150.webp 109w\" sizes=\"(max-width: 679px) 100vw, 679px\" \/><figcaption class=\"wp-element-caption\">Hochwertige halb vertiefte Gro\u00dfhandelssp\u00fclen, keramische Waschbecken Gro\u00dfhandel-1<\/figcaption><\/figure>\n<\/div>\n<\/div>","protected":false},"excerpt":{"rendered":"<p>Diese halb eingelassenen Waschbecken f\u00fcr den Gro\u00dfhandel sind aus hochwertiger Keramik mit glatter Textur, ausgezeichneter Haltbarkeit und Fleckenbest\u00e4ndigkeit gefertigt. Das halb versenkte Design kombiniert Mode und Funktionalit\u00e4t, spart Platz und verbessert das moderne Gef\u00fchl des Badezimmers. Geeignet f\u00fcr alle Arten von High-End-Wohn-, Hotel-und kommerzielle Projekte, Gro\u00dfhandel Versorgung kann eine Vielzahl von Gr\u00f6\u00dfen und Farben nach Kundenwunsch bieten.<\/p>\n<table style=\"border-collapse: collapse; width: 358.52pt;\" border=\"0\" width=\"478\" cellspacing=\"0\" cellpadding=\"0\">\n<tbody>\n<tr style=\"height: 17.25pt;\">\n<td class=\"et3\" style=\"height: 17.25pt; width: 125.00pt;\" width=\"166\" height=\"23\">Hersteller<\/td>\n<td class=\"et3\" style=\"width: 234.15pt;\" width=\"312\">HanYu<\/td>\n<\/tr>\n<tr style=\"height: 17.25pt;\">\n<td class=\"et3\" style=\"height: 17.25pt;\" height=\"23\">Modell Nr.<\/td>\n<td class=\"et4\">HY-409<\/td>\n<\/tr>\n<tr style=\"height: 17.25pt;\">\n<td class=\"et3\" style=\"height: 17.25pt;\" height=\"23\">Typ<\/td>\n<td class=\"et5\" style=\"width: 234.15pt;\" width=\"312\">Halbeinbauwaschbecken<\/td>\n<\/tr>\n<tr style=\"height: 18.00pt;\">\n<td class=\"et3\" style=\"height: 18.00pt;\" height=\"24\">Form<\/td>\n<td class=\"et3\">Runde Form<\/td>\n<\/tr>\n<tr style=\"height: 34.50pt;\">\n<td class=\"et4\" style=\"height: 34.50pt;\" height=\"46\">Farbe<\/td>\n<td class=\"et5\" style=\"width: 234.15pt;\" width=\"312\">schwarz\/wei\u00df\/blau\/grau\/rosa\/gr\u00fcn\/braun\/khaki<\/td>\n<\/tr>\n<tr style=\"height: 18.00pt;\">\n<td class=\"et3\" style=\"height: 18.00pt;\" height=\"24\">Dimension<\/td>\n<td class=\"et5\" style=\"width: 234.15pt;\" width=\"312\">43.5*43.5*15.5<\/td>\n<\/tr>\n<tr style=\"height: 17.25pt;\">\n<td class=\"et3\" style=\"height: 17.25pt;\" height=\"23\">N.W \/SET<\/td>\n<td class=\"et3\">8KGS\/PCS<\/td>\n<\/tr>\n<tr style=\"height: 17.25pt;\">\n<td class=\"et3\" style=\"height: 17.25pt;\" height=\"23\">MOQ<\/td>\n<td class=\"et3\">20St\u00fcck<\/td>\n<\/tr>\n<tr style=\"height: 17.25pt;\">\n<td class=\"et3\" style=\"height: 17.25pt;\" height=\"23\">Benutzerdefinierte Option<\/td>\n<td class=\"et3\">Farbe\/Muster\/Gr\u00f6\u00dfe\/Logo\/Verpackung<\/td>\n<\/tr>\n<\/tbody>\n<\/table>","protected":false},"featured_media":5301,"comment_status":"closed","ping_status":"closed","template":"","meta":{"_acf_changed":false},"product_brand":[],"product_cat":[58],"product_tag":[],"class_list":{"0":"post-5322","1":"product","2":"type-product","3":"status-publish","4":"has-post-thumbnail","6":"product_cat-wholesale-semi-recessed-sinks","8":"first","9":"instock","10":"shipping-taxable","11":"product-type-simple"},"acf":[],"_links":{"self":[{"href":"https:\/\/www.ceramicbasin.com\/de\/wp-json\/wp\/v2\/product\/5322","targetHints":{"allow":["GET"]}}],"collection":[{"href":"https:\/\/www.ceramicbasin.com\/de\/wp-json\/wp\/v2\/product"}],"about":[{"href":"https:\/\/www.ceramicbasin.com\/de\/wp-json\/wp\/v2\/types\/product"}],"replies":[{"embeddable":true,"href":"https:\/\/www.ceramicbasin.com\/de\/wp-json\/wp\/v2\/comments?post=5322"}],"wp:featuredmedia":[{"embeddable":true,"href":"https:\/\/www.ceramicbasin.com\/de\/wp-json\/wp\/v2\/media\/5301"}],"wp:attachment":[{"href":"https:\/\/www.ceramicbasin.com\/de\/wp-json\/wp\/v2\/media?parent=5322"}],"wp:term":[{"taxonomy":"product_brand","embeddable":true,"href":"https:\/\/www.ceramicbasin.com\/de\/wp-json\/wp\/v2\/product_brand?post=5322"},{"taxonomy":"product_cat","embeddable":true,"href":"https:\/\/www.ceramicbasin.com\/de\/wp-json\/wp\/v2\/product_cat?post=5322"},{"taxonomy":"product_tag","embeddable":true,"href":"https:\/\/www.ceramicbasin.com\/de\/wp-json\/wp\/v2\/product_tag?post=5322"}],"curies":[{"name":"wp","href":"https:\/\/api.w.org\/{rel}","templated":true}]}}