{"id":5323,"date":"2024-10-11T02:49:19","date_gmt":"2024-10-11T02:49:19","guid":{"rendered":"https:\/\/www.ceramicbasin.com\/?post_type=product&#038;p=5323"},"modified":"2024-10-11T02:49:22","modified_gmt":"2024-10-11T02:49:22","slug":"semi-recessed-basins-wholesale","status":"publish","type":"product","link":"https:\/\/www.ceramicbasin.com\/de\/produkt\/semi-recessed-basins-wholesale\/","title":{"rendered":"Runde Form Semi-Recessed Basins Gro\u00dfhandel f\u00fcr Badezimmer"},"content":{"rendered":"<div class=\"wp-block-columns is-layout-flex wp-container-core-columns-is-layout-9d6595d7 wp-block-columns-is-layout-flex\">\n<div class=\"wp-block-column is-layout-flow wp-block-column-is-layout-flow\">\n<h2 class=\"wp-block-heading\">Premium Semi-Recessed Basins Gro\u00dfhandel Merkmale:<\/h2>\n\n\n\n<ul class=\"wp-block-list\">\n<li><strong>Modernes Design:\u00a0<\/strong>Diese halbversenkten Waschbecken f\u00fcr den Gro\u00dfhandel haben ein modernes und einfaches Design. Das glatte runde Design kann perfekt in verschiedene Badezimmerstile integriert werden und verleiht dem Badezimmer ein modernes und hochwertiges Gef\u00fchl.<\/li>\n\n\n\n<li><strong>Hochwertige Materialien:\u00a0<\/strong>Ausgew\u00e4hlte hochwertige keramische Materialien, die bei hohen Temperaturen gebrannt werden, sorgen daf\u00fcr, dass unser Gro\u00dfhandel Waschbecken f\u00fcr B\u00e4der ist langlebig, schmutzabweisend und kratzfest. Die glatte Oberfl\u00e4che unserer halb versenkten Waschbecken Gro\u00dfhandel ist nicht nur leicht zu reinigen, sondern h\u00e4lt auch sch\u00f6n und hell f\u00fcr eine lange Zeit.<\/li>\n\n\n\n<li><strong>G\u00fcnstiger Preis:\u00a0<\/strong>Als Gro\u00dfhandelsprodukt bietet HanYu einen sehr wettbewerbsf\u00e4higen Gro\u00dfhandelspreis f\u00fcr halbversenkte Waschbecken an, der sicherstellt, dass Sie in den Genuss hochwertiger Keramikbecken kommen und gleichzeitig die Kosten kontrollieren k\u00f6nnen.<\/li>\n\n\n\n<li><strong>Schnelle Lieferf\u00e4higkeit:\u00a0<\/strong>Mit einem starken Bestands- und Logistiknetzwerk versprechen wir, schnell auf Gro\u00dfeink\u00e4ufe von Waschbecken f\u00fcr Badezimmer zu reagieren, eine p\u00fcnktliche Lieferung zu gew\u00e4hrleisten und Ihr Projekt voranzubringen.<\/li>\n<\/ul>\n<\/div>\n\n\n\n<div class=\"wp-block-column is-layout-flow wp-block-column-is-layout-flow\">\n<figure class=\"wp-block-image size-full\"><img fetchpriority=\"high\" decoding=\"async\" width=\"679\" height=\"931\" src=\"https:\/\/www.ceramicbasin.com\/wp-content\/uploads\/2024\/10\/Bathroom-wash-basin-manufacturer-round-shape-semi-counter-sink-1.webp\" alt=\"Runde Form halb versenkte Becken Gro\u00dfhandel f\u00fcr Badezimmer-1\" class=\"wp-image-5302\" srcset=\"https:\/\/www.ceramicbasin.com\/wp-content\/uploads\/2024\/10\/Bathroom-wash-basin-manufacturer-round-shape-semi-counter-sink-1.webp 679w, https:\/\/www.ceramicbasin.com\/wp-content\/uploads\/2024\/10\/Bathroom-wash-basin-manufacturer-round-shape-semi-counter-sink-1-219x300.webp 219w, https:\/\/www.ceramicbasin.com\/wp-content\/uploads\/2024\/10\/Bathroom-wash-basin-manufacturer-round-shape-semi-counter-sink-1-9x12.webp 9w, https:\/\/www.ceramicbasin.com\/wp-content\/uploads\/2024\/10\/Bathroom-wash-basin-manufacturer-round-shape-semi-counter-sink-1-285x391.webp 285w, https:\/\/www.ceramicbasin.com\/wp-content\/uploads\/2024\/10\/Bathroom-wash-basin-manufacturer-round-shape-semi-counter-sink-1-481x660.webp 481w, https:\/\/www.ceramicbasin.com\/wp-content\/uploads\/2024\/10\/Bathroom-wash-basin-manufacturer-round-shape-semi-counter-sink-1-109x150.webp 109w\" sizes=\"(max-width: 679px) 100vw, 679px\" \/><figcaption class=\"wp-element-caption\">Runde Form halb versenkte Becken Gro\u00dfhandel f\u00fcr Badezimmer-1<\/figcaption><\/figure>\n<\/div>\n<\/div>","protected":false},"excerpt":{"rendered":"<p>Willkommen im Gro\u00dfhandel Waschbecken f\u00fcr Bad zu kaufen. Diese halbversenkten Waschbecken Gro\u00dfhandel nehmen moderne und einfache Design, mit stilvollen Auftritt, geeignet f\u00fcr verschiedene Badstile. Seine hochwertige Keramik-Material ist langlebig und leicht zu reinigen, so dass es eine ideale Wahl f\u00fcr Hotel, Wohn-und kommerzielle Projekte. Unterst\u00fctzen Sie ma\u00dfgeschneiderte Bad Waschbecken.<\/p>\n<table style=\"border-collapse: collapse; width: 358.52pt;\" border=\"0\" width=\"478\" cellspacing=\"0\" cellpadding=\"0\">\n<tbody>\n<tr style=\"height: 17.25pt;\">\n<td class=\"et3\" style=\"height: 17.25pt; width: 125.00pt;\" width=\"166\" height=\"23\">Hersteller<\/td>\n<td class=\"et3\" style=\"width: 234.15pt;\" width=\"312\">HanYu<\/td>\n<\/tr>\n<tr style=\"height: 17.25pt;\">\n<td class=\"et3\" style=\"height: 17.25pt;\" height=\"23\">Modell Nr.<\/td>\n<td class=\"et4\">HY-496<\/td>\n<\/tr>\n<tr style=\"height: 17.25pt;\">\n<td class=\"et3\" style=\"height: 17.25pt;\" height=\"23\">Typ<\/td>\n<td class=\"et5\" style=\"width: 234.15pt;\" width=\"312\">Halb versenkte Waschbecken<\/td>\n<\/tr>\n<tr style=\"height: 18.00pt;\">\n<td class=\"et3\" style=\"height: 18.00pt;\" height=\"24\">Form<\/td>\n<td class=\"et3\">Runde Form<\/td>\n<\/tr>\n<tr style=\"height: 34.50pt;\">\n<td class=\"et4\" style=\"height: 34.50pt;\" height=\"46\">Farbe<\/td>\n<td class=\"et5\" style=\"width: 234.15pt;\" width=\"312\">schwarz\/wei\u00df\/blau\/grau\/rosa\/gr\u00fcn\/braun\/khaki<\/td>\n<\/tr>\n<tr style=\"height: 18.00pt;\">\n<td class=\"et3\" style=\"height: 18.00pt;\" height=\"24\">Dimension<\/td>\n<td class=\"et5\" style=\"width: 234.15pt;\" width=\"312\">43*43*18<\/td>\n<\/tr>\n<tr style=\"height: 17.25pt;\">\n<td class=\"et3\" style=\"height: 17.25pt;\" height=\"23\">N.W \/SET<\/td>\n<td class=\"et3\">9KGS\/PCS<\/td>\n<\/tr>\n<tr style=\"height: 17.25pt;\">\n<td class=\"et3\" style=\"height: 17.25pt;\" height=\"23\">MOQ<\/td>\n<td class=\"et3\">20St\u00fcck<\/td>\n<\/tr>\n<tr style=\"height: 17.25pt;\">\n<td class=\"et3\" style=\"height: 17.25pt;\" height=\"23\">Benutzerdefinierte Option<\/td>\n<td class=\"et3\">Farbe\/Muster\/Gr\u00f6\u00dfe\/Logo\/Verpackung<\/td>\n<\/tr>\n<\/tbody>\n<\/table>","protected":false},"featured_media":5305,"comment_status":"closed","ping_status":"closed","template":"","meta":{"_acf_changed":false},"product_brand":[],"product_cat":[58],"product_tag":[],"class_list":{"0":"post-5323","1":"product","2":"type-product","3":"status-publish","4":"has-post-thumbnail","6":"product_cat-wholesale-semi-recessed-sinks","8":"first","9":"instock","10":"shipping-taxable","11":"product-type-simple"},"acf":[],"_links":{"self":[{"href":"https:\/\/www.ceramicbasin.com\/de\/wp-json\/wp\/v2\/product\/5323","targetHints":{"allow":["GET"]}}],"collection":[{"href":"https:\/\/www.ceramicbasin.com\/de\/wp-json\/wp\/v2\/product"}],"about":[{"href":"https:\/\/www.ceramicbasin.com\/de\/wp-json\/wp\/v2\/types\/product"}],"replies":[{"embeddable":true,"href":"https:\/\/www.ceramicbasin.com\/de\/wp-json\/wp\/v2\/comments?post=5323"}],"wp:featuredmedia":[{"embeddable":true,"href":"https:\/\/www.ceramicbasin.com\/de\/wp-json\/wp\/v2\/media\/5305"}],"wp:attachment":[{"href":"https:\/\/www.ceramicbasin.com\/de\/wp-json\/wp\/v2\/media?parent=5323"}],"wp:term":[{"taxonomy":"product_brand","embeddable":true,"href":"https:\/\/www.ceramicbasin.com\/de\/wp-json\/wp\/v2\/product_brand?post=5323"},{"taxonomy":"product_cat","embeddable":true,"href":"https:\/\/www.ceramicbasin.com\/de\/wp-json\/wp\/v2\/product_cat?post=5323"},{"taxonomy":"product_tag","embeddable":true,"href":"https:\/\/www.ceramicbasin.com\/de\/wp-json\/wp\/v2\/product_tag?post=5323"}],"curies":[{"name":"wp","href":"https:\/\/api.w.org\/{rel}","templated":true}]}}