{"id":5327,"date":"2024-10-25T01:38:19","date_gmt":"2024-10-25T01:38:19","guid":{"rendered":"https:\/\/www.ceramicbasin.com\/?post_type=product&#038;p=5327"},"modified":"2024-10-25T01:38:21","modified_gmt":"2024-10-25T01:38:21","slug":"wholesale-sink","status":"publish","type":"product","link":"https:\/\/www.ceramicbasin.com\/de\/produkt\/wholesale-sink\/","title":{"rendered":"Fabrik Gro\u00dfhandel Waschbecken, Semi vertieft benutzerdefinierte Waschbecken mit Top-Loch"},"content":{"rendered":"<div class=\"wp-block-columns is-layout-flex wp-container-core-columns-is-layout-9d6595d7 wp-block-columns-is-layout-flex\">\n<div class=\"wp-block-column is-layout-flow wp-block-column-is-layout-flow\">\n<h2 class=\"wp-block-heading\">Premium-Gro\u00dfhandel Waschbecken Merkmale:<\/h2>\n\n\n\n<ul class=\"wp-block-list\">\n<li><strong>Gro\u00dfe Produktionskapazit\u00e4t:\u00a0<\/strong>Gro\u00dfes Lager, um diese Keramik Gro\u00dfhandel Waschbecken enthalten. W\u00e4hlen Sie die Elemente, die Sie interessiert sind, und fragen Sie uns, meist der wei\u00dfen Keramik-Sp\u00fclen Gro\u00dfhandel sind auf Lager, so dass die Versandzeit w\u00e4re viel k\u00fcrzer.<\/li>\n\n\n\n<li><strong>Sch\u00f6ne Oberfl\u00e4che:\u00a0<\/strong>Die Oberfl\u00e4che unserer keramischen Halbeinbau-Waschtische ist glatt und kann je nach Bedarf matt oder gl\u00e4nzend sein. Ber\u00fchren Sie es und f\u00fchlen Sie es, es ist seidig und exquisit.<\/li>\n\n\n\n<li><strong>Kosteneinsparung:\u00a0<\/strong>Wir bieten Keramik-Gro\u00dfhandel Waschbecken und liefern direkt aus der Fabrik, um sicherzustellen, dass Sie qualitativ hochwertige Produkte zu den wettbewerbsf\u00e4higsten Preisen anbieten k\u00f6nnen. Gro\u00dfeink\u00e4ufe k\u00f6nnen zus\u00e4tzliche Rabatte genie\u00dfen und helfen Hotelbesitzer sparen Dekoration Kosten.<\/li>\n\n\n\n<li><strong>Gesundheit und Sicherheit:<\/strong>\u00a0Unsere keramischen Halbeinbau-Waschbecken f\u00fcr den Gro\u00dfhandel werden in umweltfreundlichen Verfahren hergestellt und enthalten keine sch\u00e4dlichen Substanzen, um sicherzustellen, dass die Produkte f\u00fcr den menschlichen K\u00f6rper unsch\u00e4dlich sind. HanYu ist verpflichtet, sichere und gr\u00fcne Badezimmerprodukte f\u00fcr Ihr Hotel zu liefern.<\/li>\n<\/ul>\n<\/div>\n\n\n\n<div class=\"wp-block-column is-layout-flow wp-block-column-is-layout-flow\">\n<figure class=\"wp-block-image size-full\"><img fetchpriority=\"high\" decoding=\"async\" width=\"682\" height=\"967\" src=\"https:\/\/www.ceramicbasin.com\/wp-content\/uploads\/2024\/10\/Ceramic-wash-basin-supplier-semi-recessed-basin-with-tap-hole-5.webp\" alt=\"Fabrik Gro\u00dfhandel Waschbecken, halb vertieft benutzerdefinierte Waschbecken mit Top-Loch-1\" class=\"wp-image-5316\" srcset=\"https:\/\/www.ceramicbasin.com\/wp-content\/uploads\/2024\/10\/Ceramic-wash-basin-supplier-semi-recessed-basin-with-tap-hole-5.webp 682w, https:\/\/www.ceramicbasin.com\/wp-content\/uploads\/2024\/10\/Ceramic-wash-basin-supplier-semi-recessed-basin-with-tap-hole-5-212x300.webp 212w, https:\/\/www.ceramicbasin.com\/wp-content\/uploads\/2024\/10\/Ceramic-wash-basin-supplier-semi-recessed-basin-with-tap-hole-5-8x12.webp 8w, https:\/\/www.ceramicbasin.com\/wp-content\/uploads\/2024\/10\/Ceramic-wash-basin-supplier-semi-recessed-basin-with-tap-hole-5-285x404.webp 285w, https:\/\/www.ceramicbasin.com\/wp-content\/uploads\/2024\/10\/Ceramic-wash-basin-supplier-semi-recessed-basin-with-tap-hole-5-465x660.webp 465w, https:\/\/www.ceramicbasin.com\/wp-content\/uploads\/2024\/10\/Ceramic-wash-basin-supplier-semi-recessed-basin-with-tap-hole-5-106x150.webp 106w\" sizes=\"(max-width: 682px) 100vw, 682px\" \/><\/figure>\n<\/div>\n<\/div>\n\n\n\n<p><\/p>","protected":false},"excerpt":{"rendered":"<p>Willkommen bei puchase Waschbecken. Hanyu bietet halb versenkte Keramik Waschbecken und Lieferungen direkt von der Fabrik, um sicherzustellen, dass Sie qualitativ hochwertige Produkte zu den g\u00fcnstigsten Preisen bestellen k\u00f6nnen. Bei Gro\u00dfeink\u00e4ufen k\u00f6nnen Sie zus\u00e4tzliche Rabatte erhalten und den Hotelbesitzern helfen, Dekorationskosten zu sparen.<\/p>\n<table style=\"border-collapse: collapse; width: 358.52pt;\" border=\"0\" width=\"478\" cellspacing=\"0\" cellpadding=\"0\">\n<tbody>\n<tr style=\"height: 17.25pt;\">\n<td class=\"et3\" style=\"height: 17.25pt; width: 125.00pt;\" width=\"166\" height=\"23\">Hersteller<\/td>\n<td class=\"et3\" style=\"width: 234.15pt;\" width=\"312\">HanYu<\/td>\n<\/tr>\n<tr style=\"height: 17.25pt;\">\n<td class=\"et3\" style=\"height: 17.25pt;\" height=\"23\">Modell Nr.<\/td>\n<td class=\"et4\">HY-5078<\/td>\n<\/tr>\n<tr style=\"height: 17.25pt;\">\n<td class=\"et3\" style=\"height: 17.25pt;\" height=\"23\">Typ<\/td>\n<td class=\"et5\" style=\"width: 234.15pt;\" width=\"312\">Halbeinbauwaschbecken<\/td>\n<\/tr>\n<tr style=\"height: 18.00pt;\">\n<td class=\"et3\" style=\"height: 18.00pt;\" height=\"24\">Form<\/td>\n<td class=\"et3\">Ovale Form<\/td>\n<\/tr>\n<tr style=\"height: 34.50pt;\">\n<td class=\"et4\" style=\"height: 34.50pt;\" height=\"46\">Farbe<\/td>\n<td class=\"et5\" style=\"width: 234.15pt;\" width=\"312\">schwarz\/wei\u00df\/blau\/grau\/rosa\/gr\u00fcn\/braun\/khaki<\/td>\n<\/tr>\n<tr style=\"height: 18.00pt;\">\n<td class=\"et3\" style=\"height: 18.00pt;\" height=\"24\">Dimension<\/td>\n<td class=\"et5\" style=\"width: 234.15pt;\" width=\"312\">50*43*17<\/td>\n<\/tr>\n<tr style=\"height: 17.25pt;\">\n<td class=\"et3\" style=\"height: 17.25pt;\" height=\"23\">N.W \/SET<\/td>\n<td class=\"et3\">9KGS\/PCS<\/td>\n<\/tr>\n<tr style=\"height: 17.25pt;\">\n<td class=\"et3\" style=\"height: 17.25pt;\" height=\"23\">MOQ<\/td>\n<td class=\"et3\">20St\u00fcck<\/td>\n<\/tr>\n<tr style=\"height: 17.25pt;\">\n<td class=\"et3\" style=\"height: 17.25pt;\" height=\"23\">Benutzerdefinierte Option<\/td>\n<td class=\"et3\">Farbe\/Muster\/Gr\u00f6\u00dfe\/Logo\/Verpackung<\/td>\n<\/tr>\n<\/tbody>\n<\/table>","protected":false},"featured_media":5315,"comment_status":"closed","ping_status":"closed","template":"","meta":{"_acf_changed":false},"product_brand":[],"product_cat":[58],"product_tag":[],"class_list":{"0":"post-5327","1":"product","2":"type-product","3":"status-publish","4":"has-post-thumbnail","6":"product_cat-wholesale-semi-recessed-sinks","8":"first","9":"instock","10":"shipping-taxable","11":"product-type-simple"},"acf":[],"_links":{"self":[{"href":"https:\/\/www.ceramicbasin.com\/de\/wp-json\/wp\/v2\/product\/5327","targetHints":{"allow":["GET"]}}],"collection":[{"href":"https:\/\/www.ceramicbasin.com\/de\/wp-json\/wp\/v2\/product"}],"about":[{"href":"https:\/\/www.ceramicbasin.com\/de\/wp-json\/wp\/v2\/types\/product"}],"replies":[{"embeddable":true,"href":"https:\/\/www.ceramicbasin.com\/de\/wp-json\/wp\/v2\/comments?post=5327"}],"wp:featuredmedia":[{"embeddable":true,"href":"https:\/\/www.ceramicbasin.com\/de\/wp-json\/wp\/v2\/media\/5315"}],"wp:attachment":[{"href":"https:\/\/www.ceramicbasin.com\/de\/wp-json\/wp\/v2\/media?parent=5327"}],"wp:term":[{"taxonomy":"product_brand","embeddable":true,"href":"https:\/\/www.ceramicbasin.com\/de\/wp-json\/wp\/v2\/product_brand?post=5327"},{"taxonomy":"product_cat","embeddable":true,"href":"https:\/\/www.ceramicbasin.com\/de\/wp-json\/wp\/v2\/product_cat?post=5327"},{"taxonomy":"product_tag","embeddable":true,"href":"https:\/\/www.ceramicbasin.com\/de\/wp-json\/wp\/v2\/product_tag?post=5327"}],"curies":[{"name":"wp","href":"https:\/\/api.w.org\/{rel}","templated":true}]}}