{"id":5328,"date":"2024-10-25T01:06:25","date_gmt":"2024-10-25T01:06:25","guid":{"rendered":"https:\/\/www.ceramicbasin.com\/?post_type=product&#038;p=5328"},"modified":"2024-10-25T01:06:30","modified_gmt":"2024-10-25T01:06:30","slug":"wholesale-wash-basin-semi-recessed-2","status":"publish","type":"product","link":"https:\/\/www.ceramicbasin.com\/de\/produkt\/wholesale-wash-basin-semi-recessed-2\/","title":{"rendered":"Gro\u00dfhandel Waschbecken halb vertieft keramischen Bad Waschbecken"},"content":{"rendered":"<div class=\"wp-block-columns is-layout-flex wp-container-core-columns-is-layout-9d6595d7 wp-block-columns-is-layout-flex\">\n<div class=\"wp-block-column is-layout-flow wp-block-column-is-layout-flow\">\n<h2 class=\"wp-block-heading\">Premium Gro\u00dfhandel Waschbecken Semi Recessed Features:<\/h2>\n\n\n\n<ul class=\"wp-block-list\">\n<li><strong>Unbegrenzte Anpassungsm\u00f6glichkeiten:\u00a0<\/strong>Als professioneller Hersteller von Keramikbecken bietet HanYu ein umfassendes Angebot an halb versenkten Waschbecken f\u00fcr den Gro\u00dfhandel, einschlie\u00dflich Formen, Gr\u00f6\u00dfen, Farben usw., um Ihre kommerziellen Bed\u00fcrfnisse zu erf\u00fcllen.<\/li>\n\n\n\n<li><strong>Hochwertige Qualit\u00e4t:&nbsp;<\/strong>Unsere Gro\u00dfhandelsporzellan Waschbecken sind aus hochwertigem Porzellan Ton, mit feiner Textur und Hochglanz, zeigt ausgezeichnete Qualit\u00e4t.<\/li>\n\n\n\n<li><strong>Preisvorteil:\u00a0<\/strong>Wir bieten Gro\u00dfbestellungen f\u00fcr Gro\u00dfhandel Waschbecken halb vertieft Waschbecken, die nicht nur erschwinglich sind, sondern auch schnell liefern, geeignet f\u00fcr kommerzielle Projekte und gro\u00dfe Wohn-Dekoration, die Erf\u00fcllung der Bed\u00fcrfnisse der hohen Effizienz und niedrigen Kosten.<\/li>\n\n\n\n<li><strong>Schnelle Lieferung:\u00a0<\/strong>Unsere Porzellanwaschbecken f\u00fcr den Gro\u00dfhandel sind auf Lager, ohne dass Sie auf einen langen Produktionszyklus warten m\u00fcssen. Nach der Bestellung kann die Lieferung schnell veranlasst werden, was die Zeit f\u00fcr die Fertigstellung Ihres Projekts erheblich verk\u00fcrzt und dringende Bed\u00fcrfnisse erf\u00fcllt.<\/li>\n<\/ul>\n<\/div>\n\n\n\n<div class=\"wp-block-column is-layout-flow wp-block-column-is-layout-flow\">\n<figure class=\"wp-block-image size-full is-resized\"><img fetchpriority=\"high\" decoding=\"async\" width=\"1804\" height=\"1665\" src=\"https:\/\/www.ceramicbasin.com\/wp-content\/uploads\/2024\/10\/Fashion-design-ceramic-basin-factory-hot-sale-semi-recessed-sink-5.webp\" alt=\"Gro\u00dfhandel Waschbecken halb vertieft keramischen Bad Waschbecken-1\" class=\"wp-image-5321\" style=\"width:404px;height:auto\" srcset=\"https:\/\/www.ceramicbasin.com\/wp-content\/uploads\/2024\/10\/Fashion-design-ceramic-basin-factory-hot-sale-semi-recessed-sink-5.webp 1804w, https:\/\/www.ceramicbasin.com\/wp-content\/uploads\/2024\/10\/Fashion-design-ceramic-basin-factory-hot-sale-semi-recessed-sink-5-300x277.webp 300w, https:\/\/www.ceramicbasin.com\/wp-content\/uploads\/2024\/10\/Fashion-design-ceramic-basin-factory-hot-sale-semi-recessed-sink-5-768x709.webp 768w, https:\/\/www.ceramicbasin.com\/wp-content\/uploads\/2024\/10\/Fashion-design-ceramic-basin-factory-hot-sale-semi-recessed-sink-5-13x12.webp 13w, https:\/\/www.ceramicbasin.com\/wp-content\/uploads\/2024\/10\/Fashion-design-ceramic-basin-factory-hot-sale-semi-recessed-sink-5-285x263.webp 285w, https:\/\/www.ceramicbasin.com\/wp-content\/uploads\/2024\/10\/Fashion-design-ceramic-basin-factory-hot-sale-semi-recessed-sink-5-1600x1477.webp 1600w, https:\/\/www.ceramicbasin.com\/wp-content\/uploads\/2024\/10\/Fashion-design-ceramic-basin-factory-hot-sale-semi-recessed-sink-5-660x609.webp 660w, https:\/\/www.ceramicbasin.com\/wp-content\/uploads\/2024\/10\/Fashion-design-ceramic-basin-factory-hot-sale-semi-recessed-sink-5-150x138.webp 150w\" sizes=\"(max-width: 1804px) 100vw, 1804px\" \/><\/figure>\n<\/div>\n<\/div>\n\n\n\n<p><\/p>","protected":false},"excerpt":{"rendered":"<p>Willkommen im Gro\u00dfhandel Waschbecken halb vertieft Waschbecken zu kaufen. Unsere Gro\u00dfhandel Porzellan Bad Waschbecken sind aus hochwertigem Porzellan Ton, mit feiner Textur und Hochglanz, zeigt hervorragende Qualit\u00e4t gemacht. Unsere Gro\u00dfhandel Porzellan Bad Waschbecken sind auf Lager, ohne f\u00fcr eine lange Produktionszyklus warten.\u00a0<\/p>\n<table style=\"border-collapse: collapse; width: 358.52pt;\" border=\"0\" width=\"478\" cellspacing=\"0\" cellpadding=\"0\">\n<tbody>\n<tr style=\"height: 17.25pt;\">\n<td class=\"et3\" style=\"height: 17.25pt; width: 125.00pt;\" width=\"166\" height=\"23\">Hersteller<\/td>\n<td class=\"et3\" style=\"width: 234.15pt;\" width=\"312\">HanYu<\/td>\n<\/tr>\n<tr style=\"height: 17.25pt;\">\n<td class=\"et3\" style=\"height: 17.25pt;\" height=\"23\">Modell Nr.<\/td>\n<td class=\"et4\">HY-5091<\/td>\n<\/tr>\n<tr style=\"height: 17.25pt;\">\n<td class=\"et3\" style=\"height: 17.25pt;\" height=\"23\">Typ<\/td>\n<td class=\"et5\" style=\"width: 234.15pt;\" width=\"312\">Halbeinbauwaschbecken<\/td>\n<\/tr>\n<tr style=\"height: 18.00pt;\">\n<td class=\"et3\" style=\"height: 18.00pt;\" height=\"24\">Form<\/td>\n<td class=\"et3\">Ovale Form<\/td>\n<\/tr>\n<tr style=\"height: 34.50pt;\">\n<td class=\"et4\" style=\"height: 34.50pt;\" height=\"46\">Farbe<\/td>\n<td class=\"et5\" style=\"width: 234.15pt;\" width=\"312\">schwarz\/wei\u00df\/blau\/grau\/rosa\/gr\u00fcn\/braun\/khaki<\/td>\n<\/tr>\n<tr style=\"height: 18.00pt;\">\n<td class=\"et3\" style=\"height: 18.00pt;\" height=\"24\">Dimension<\/td>\n<td class=\"et5\" style=\"width: 234.15pt;\" width=\"312\">50*40*16.5<\/td>\n<\/tr>\n<tr style=\"height: 17.25pt;\">\n<td class=\"et3\" style=\"height: 17.25pt;\" height=\"23\">N.W \/SET<\/td>\n<td class=\"et3\">10KGS\/PCS<\/td>\n<\/tr>\n<tr style=\"height: 17.25pt;\">\n<td class=\"et3\" style=\"height: 17.25pt;\" height=\"23\">MOQ<\/td>\n<td class=\"et3\">20St\u00fcck<\/td>\n<\/tr>\n<tr style=\"height: 17.25pt;\">\n<td class=\"et3\" style=\"height: 17.25pt;\" height=\"23\">Benutzerdefinierte Option<\/td>\n<td class=\"et3\">Farbe\/Muster\/Gr\u00f6\u00dfe\/Logo\/Verpackung<\/td>\n<\/tr>\n<\/tbody>\n<\/table>","protected":false},"featured_media":5320,"comment_status":"closed","ping_status":"closed","template":"","meta":{"_acf_changed":false},"product_brand":[],"product_cat":[58],"product_tag":[],"class_list":{"0":"post-5328","1":"product","2":"type-product","3":"status-publish","4":"has-post-thumbnail","6":"product_cat-wholesale-semi-recessed-sinks","8":"first","9":"instock","10":"shipping-taxable","11":"product-type-simple"},"acf":[],"_links":{"self":[{"href":"https:\/\/www.ceramicbasin.com\/de\/wp-json\/wp\/v2\/product\/5328","targetHints":{"allow":["GET"]}}],"collection":[{"href":"https:\/\/www.ceramicbasin.com\/de\/wp-json\/wp\/v2\/product"}],"about":[{"href":"https:\/\/www.ceramicbasin.com\/de\/wp-json\/wp\/v2\/types\/product"}],"replies":[{"embeddable":true,"href":"https:\/\/www.ceramicbasin.com\/de\/wp-json\/wp\/v2\/comments?post=5328"}],"wp:featuredmedia":[{"embeddable":true,"href":"https:\/\/www.ceramicbasin.com\/de\/wp-json\/wp\/v2\/media\/5320"}],"wp:attachment":[{"href":"https:\/\/www.ceramicbasin.com\/de\/wp-json\/wp\/v2\/media?parent=5328"}],"wp:term":[{"taxonomy":"product_brand","embeddable":true,"href":"https:\/\/www.ceramicbasin.com\/de\/wp-json\/wp\/v2\/product_brand?post=5328"},{"taxonomy":"product_cat","embeddable":true,"href":"https:\/\/www.ceramicbasin.com\/de\/wp-json\/wp\/v2\/product_cat?post=5328"},{"taxonomy":"product_tag","embeddable":true,"href":"https:\/\/www.ceramicbasin.com\/de\/wp-json\/wp\/v2\/product_tag?post=5328"}],"curies":[{"name":"wp","href":"https:\/\/api.w.org\/{rel}","templated":true}]}}