{"id":5366,"date":"2024-10-17T06:24:17","date_gmt":"2024-10-17T06:24:17","guid":{"rendered":"https:\/\/www.ceramicbasin.com\/?post_type=product&#038;p=5366"},"modified":"2024-10-17T09:35:17","modified_gmt":"2024-10-17T09:35:17","slug":"oval-vessel-sink-wholesale","status":"publish","type":"product","link":"https:\/\/www.ceramicbasin.com\/de\/produkt\/oval-vessel-sink-wholesale\/","title":{"rendered":"Oval Gef\u00e4\u00df Waschbecken Gro\u00dfhandel, Bulk benutzerdefinierte Badezimmer Waschbecken"},"content":{"rendered":"<div class=\"wp-block-columns is-layout-flex wp-container-core-columns-is-layout-9d6595d7 wp-block-columns-is-layout-flex\">\n<div class=\"wp-block-column is-layout-flow wp-block-column-is-layout-flow\">\n<h2 class=\"wp-block-heading\">Premium Oval Gef\u00e4\u00df Waschbecken Gro\u00dfhandel Merkmale:<\/h2>\n\n\n\n<ul class=\"wp-block-list\">\n<li><strong>Klassisches ovales Design:<\/strong> Dieses ovale Gef\u00e4\u00df Waschbecken Gro\u00dfhandel nimmt eine elegante ovale Design mit glatten Linien und einfache Atmosph\u00e4re, die f\u00fcr verschiedene moderne oder klassische Bad Stile geeignet ist, ein Gef\u00fchl der Raffinesse, um das Bad und die Verbesserung der allgemeinen Sch\u00f6nheit des Raumes.<\/li>\n\n\n\n<li><strong>Hochwertiges keramisches Material: <\/strong>Diese ma\u00dfgeschneiderten Waschbecken f\u00fcr Badezimmer werden aus hochwertiger Keramik hergestellt und bei hohen Temperaturen gebrannt, um sicherzustellen, dass die Produkte eine ausgezeichnete Haltbarkeit und Verschlei\u00dffestigkeit aufweisen, f\u00fcr den langfristigen Gebrauch geeignet sind und das Badezimmerumfeld sauber und sch\u00f6n halten.<\/li>\n\n\n\n<li><strong>Glatte und leicht zu reinigende Glasur: <\/strong>Dieses ovale Gef\u00e4\u00df Waschbecken Gro\u00dfhandel hat eine glatte und empfindliche Oberfl\u00e4che, hervorragende Anti-Fouling-Leistung, leicht zu reinigen und zu pflegen, und kann hell und neu nach langfristigen Einsatz, die Verringerung der Belastung der t\u00e4glichen Reinigung.<\/li>\n\n\n\n<li><strong>Massenanpassungsdienst: <\/strong>Wir bieten unseren Kunden ma\u00dfgeschneiderte Sp\u00fclen, die in einer Vielzahl von Gr\u00f6\u00dfen, Farben und Oberfl\u00e4chenbehandlungen erh\u00e4ltlich sind. Sie k\u00f6nnen je nach Projektbedarf ma\u00dfgeschneidert werden, um den Designanforderungen verschiedener Szenen gerecht zu werden, und eignen sich sowohl f\u00fcr die Inneneinrichtung als auch f\u00fcr kommerzielle Projekte.<\/li>\n<\/ul>\n<\/div>\n\n\n\n<div class=\"wp-block-column is-layout-flow wp-block-column-is-layout-flow\">\n<figure class=\"wp-block-image size-full\"><img fetchpriority=\"high\" decoding=\"async\" width=\"980\" height=\"1348\" src=\"https:\/\/www.ceramicbasin.com\/wp-content\/uploads\/2024\/10\/Oval-Shape-Sanitary-Ware-6.webp\" alt=\"Oval Gef\u00e4\u00df Waschbecken Gro\u00dfhandel, Bulk benutzerdefinierte Badezimmer Waschbecken-1\" class=\"wp-image-5367\" srcset=\"https:\/\/www.ceramicbasin.com\/wp-content\/uploads\/2024\/10\/Oval-Shape-Sanitary-Ware-6.webp 980w, https:\/\/www.ceramicbasin.com\/wp-content\/uploads\/2024\/10\/Oval-Shape-Sanitary-Ware-6-218x300.webp 218w, https:\/\/www.ceramicbasin.com\/wp-content\/uploads\/2024\/10\/Oval-Shape-Sanitary-Ware-6-768x1056.webp 768w, https:\/\/www.ceramicbasin.com\/wp-content\/uploads\/2024\/10\/Oval-Shape-Sanitary-Ware-6-9x12.webp 9w, https:\/\/www.ceramicbasin.com\/wp-content\/uploads\/2024\/10\/Oval-Shape-Sanitary-Ware-6-285x392.webp 285w, https:\/\/www.ceramicbasin.com\/wp-content\/uploads\/2024\/10\/Oval-Shape-Sanitary-Ware-6-480x660.webp 480w, https:\/\/www.ceramicbasin.com\/wp-content\/uploads\/2024\/10\/Oval-Shape-Sanitary-Ware-6-109x150.webp 109w\" sizes=\"(max-width: 980px) 100vw, 980px\" \/><\/figure>\n<\/div>\n<\/div>","protected":false},"excerpt":{"rendered":"<p>Willkommen ma\u00dfgeschneiderte Waschbecken f\u00fcr Bad. Dieses ovale Gef\u00e4\u00df Waschbecken Gro\u00dfhandel ist aus hochwertiger Keramik bei hoher Temperatur gebrannt, mit langlebigen und verschlei\u00dffesten Eigenschaften, und die glatte Glasur ist leicht zu reinigen, halten das Bad sauber und sch\u00f6n. Unterst\u00fctzt Batch-Anpassung von Bad Waschbecken, um eine Vielzahl von Bad-Design-Stilen f\u00fcr Wohnungen und kommerziellen Veranstaltungsorten entsprechen.<\/p>\n<table style=\"border-collapse: collapse; width: 358.52pt;\" border=\"0\" width=\"478\" cellspacing=\"0\" cellpadding=\"0\">\n<tbody>\n<tr style=\"height: 17.25pt;\">\n<td class=\"et3\" style=\"height: 17.25pt; width: 125.00pt;\" width=\"166\" height=\"23\">Hersteller<\/td>\n<td class=\"et3\" style=\"width: 234.15pt;\" width=\"312\">HanYu<\/td>\n<\/tr>\n<tr style=\"height: 17.25pt;\">\n<td class=\"et3\" style=\"height: 17.25pt;\" height=\"23\">Modell Nr.<\/td>\n<td class=\"et4\">HY-8237<\/td>\n<\/tr>\n<tr style=\"height: 17.25pt;\">\n<td class=\"et3\" style=\"height: 17.25pt;\" height=\"23\">Typ<\/td>\n<td class=\"et5\" style=\"width: 234.15pt;\" width=\"312\">Aufsatzsp\u00fcle<\/td>\n<\/tr>\n<tr style=\"height: 18.00pt;\">\n<td class=\"et3\" style=\"height: 18.00pt;\" height=\"24\">Form<\/td>\n<td class=\"et3\">Ovale Form<\/td>\n<\/tr>\n<tr style=\"height: 34.50pt;\">\n<td class=\"et4\" style=\"height: 34.50pt;\" height=\"46\">Farbe<\/td>\n<td class=\"et5\" style=\"width: 234.15pt;\" width=\"312\">wei\u00df<\/td>\n<\/tr>\n<tr style=\"height: 18.00pt;\">\n<td class=\"et3\" style=\"height: 18.00pt;\" height=\"24\">Dimension<\/td>\n<td class=\"et5\" style=\"width: 234.15pt;\" width=\"312\">61*37*12<\/td>\n<\/tr>\n<tr style=\"height: 17.25pt;\">\n<td class=\"et3\" style=\"height: 17.25pt;\" height=\"23\">N.W \/SET<\/td>\n<td class=\"et3\">11 KGS\/PCS<\/td>\n<\/tr>\n<tr style=\"height: 17.25pt;\">\n<td class=\"et3\" style=\"height: 17.25pt;\" height=\"23\">MOQ<\/td>\n<td class=\"et3\">20St\u00fcck<\/td>\n<\/tr>\n<tr style=\"height: 17.25pt;\">\n<td class=\"et3\" style=\"height: 17.25pt;\" height=\"23\">Benutzerdefinierte Option<\/td>\n<td class=\"et3\">Farbe\/Muster\/Gr\u00f6\u00dfe\/Logo\/Verpackung<\/td>\n<\/tr>\n<\/tbody>\n<\/table>","protected":false},"featured_media":5368,"comment_status":"closed","ping_status":"closed","template":"","meta":{"_acf_changed":false},"product_brand":[],"product_cat":[50],"product_tag":[],"class_list":{"0":"post-5366","1":"product","2":"type-product","3":"status-publish","4":"has-post-thumbnail","6":"product_cat-wholesale-countertop-sinks","8":"first","9":"instock","10":"shipping-taxable","11":"product-type-simple"},"acf":[],"_links":{"self":[{"href":"https:\/\/www.ceramicbasin.com\/de\/wp-json\/wp\/v2\/product\/5366","targetHints":{"allow":["GET"]}}],"collection":[{"href":"https:\/\/www.ceramicbasin.com\/de\/wp-json\/wp\/v2\/product"}],"about":[{"href":"https:\/\/www.ceramicbasin.com\/de\/wp-json\/wp\/v2\/types\/product"}],"replies":[{"embeddable":true,"href":"https:\/\/www.ceramicbasin.com\/de\/wp-json\/wp\/v2\/comments?post=5366"}],"wp:featuredmedia":[{"embeddable":true,"href":"https:\/\/www.ceramicbasin.com\/de\/wp-json\/wp\/v2\/media\/5368"}],"wp:attachment":[{"href":"https:\/\/www.ceramicbasin.com\/de\/wp-json\/wp\/v2\/media?parent=5366"}],"wp:term":[{"taxonomy":"product_brand","embeddable":true,"href":"https:\/\/www.ceramicbasin.com\/de\/wp-json\/wp\/v2\/product_brand?post=5366"},{"taxonomy":"product_cat","embeddable":true,"href":"https:\/\/www.ceramicbasin.com\/de\/wp-json\/wp\/v2\/product_cat?post=5366"},{"taxonomy":"product_tag","embeddable":true,"href":"https:\/\/www.ceramicbasin.com\/de\/wp-json\/wp\/v2\/product_tag?post=5366"}],"curies":[{"name":"wp","href":"https:\/\/api.w.org\/{rel}","templated":true}]}}