{"id":5374,"date":"2024-10-17T06:55:20","date_gmt":"2024-10-17T06:55:20","guid":{"rendered":"https:\/\/www.ceramicbasin.com\/?post_type=product&#038;p=5374"},"modified":"2024-10-17T09:44:05","modified_gmt":"2024-10-17T09:44:05","slug":"bespoke-sinks-for-bathroom","status":"publish","type":"product","link":"https:\/\/www.ceramicbasin.com\/de\/produkt\/bespoke-sinks-for-bathroom\/","title":{"rendered":"Keramische Waschbecken nach Ma\u00df f\u00fcr Badezimmer, Waschbecken \u00fcber dem Tresen"},"content":{"rendered":"<div class=\"wp-block-columns is-layout-flex wp-container-core-columns-is-layout-9d6595d7 wp-block-columns-is-layout-flex\">\n<div class=\"wp-block-column is-layout-flow wp-block-column-is-layout-flow\">\n<h2 class=\"wp-block-heading\">Premium Bespoke Waschbecken f\u00fcr Badezimmer Merkmale:<\/h2>\n\n\n\n<ul class=\"wp-block-list\">\n<li><strong>Exquisites Spitzendesign: <\/strong>Unsere ma\u00dfgefertigten Waschbecken f\u00fcr Badezimmer haben ein einzigartiges Spitzendesign. Die zarte Handwerkskunst tr\u00e4gt zur allgemeinen Sch\u00f6nheit bei und zeigt Eleganz und Pers\u00f6nlichkeit. Es kann dem Badezimmer eine einzigartige k\u00fcnstlerische Atmosph\u00e4re verleihen und die Aufmerksamkeit auf sich ziehen.<\/li>\n\n\n\n<li><strong>Ma\u00dfgeschneiderter Service und individuelles Design: <\/strong>Wir bieten einen flexiblen Service f\u00fcr ma\u00dfgeschneiderte Waschbecken, die in Bezug auf Gr\u00f6\u00dfe, Farbe und Art der Spitze an die Bed\u00fcrfnisse des Kunden angepasst werden k\u00f6nnen. Sie passen perfekt zum Einrichtungsstil verschiedener Badezimmer und erf\u00fcllen die einzigartigen Bed\u00fcrfnisse der Kunden.<\/li>\n\n\n\n<li><strong>Einfache Installation:<\/strong> Diese ma\u00dfgeschneiderten Waschbecken f\u00fcr Badezimmer sind einfach zu installieren und bieten eine problemlose L\u00f6sung sowohl f\u00fcr Neubauten als auch f\u00fcr Badrenovierungen.<\/li>\n\n\n\n<li><strong>Leicht zu reinigende glatte Oberfl\u00e4che: <\/strong>Diese ma\u00dfgeschneiderten Waschbecken f\u00fcr das Badezimmer haben eine glatte und empfindliche Oberfl\u00e4che, mit hochwertiger Glasurbehandlung, guter Fleckenbest\u00e4ndigkeit und Undurchl\u00e4ssigkeit, sehr einfach zu reinigen und zu pflegen, was die Hygiene und Sauberkeit der Badezimmerumgebung gew\u00e4hrleistet.<\/li>\n<\/ul>\n<\/div>\n\n\n\n<div class=\"wp-block-column is-layout-flow wp-block-column-is-layout-flow\">\n<figure class=\"wp-block-image size-full\"><img fetchpriority=\"high\" decoding=\"async\" width=\"980\" height=\"1348\" src=\"https:\/\/www.ceramicbasin.com\/wp-content\/uploads\/2024\/10\/Round-Shape-New-Style-basin-6.webp\" alt=\"Keramische Waschbecken nach Ma\u00df f\u00fcr Badezimmer, Waschbecken \u00fcber dem Tresen-1\" class=\"wp-image-5375\" srcset=\"https:\/\/www.ceramicbasin.com\/wp-content\/uploads\/2024\/10\/Round-Shape-New-Style-basin-6.webp 980w, https:\/\/www.ceramicbasin.com\/wp-content\/uploads\/2024\/10\/Round-Shape-New-Style-basin-6-218x300.webp 218w, https:\/\/www.ceramicbasin.com\/wp-content\/uploads\/2024\/10\/Round-Shape-New-Style-basin-6-768x1056.webp 768w, https:\/\/www.ceramicbasin.com\/wp-content\/uploads\/2024\/10\/Round-Shape-New-Style-basin-6-9x12.webp 9w, https:\/\/www.ceramicbasin.com\/wp-content\/uploads\/2024\/10\/Round-Shape-New-Style-basin-6-285x392.webp 285w, https:\/\/www.ceramicbasin.com\/wp-content\/uploads\/2024\/10\/Round-Shape-New-Style-basin-6-480x660.webp 480w, https:\/\/www.ceramicbasin.com\/wp-content\/uploads\/2024\/10\/Round-Shape-New-Style-basin-6-109x150.webp 109w\" sizes=\"(max-width: 980px) 100vw, 980px\" \/><\/figure>\n<\/div>\n<\/div>\n\n\n\n<p><\/p>","protected":false},"excerpt":{"rendered":"<p>Willkommen bei einem ma\u00dfgeschneiderten Waschbecken f\u00fcr Ihr Projekt. Dieses keramische Waschbecken nach Ma\u00df f\u00fcr das Badezimmer zeichnet sich durch sein exquisites Spitzendesign aus und zeigt einen einzigartigen Sinn f\u00fcr Kunst. Hergestellt aus hochwertigen keramischen Materialien, ist es langlebig, glatt und leicht zu reinigen. Wir bieten einen kompletten Service f\u00fcr ma\u00dfgeschneiderte Waschbecken f\u00fcr Badezimmer, um die pers\u00f6nlichen Bed\u00fcrfnisse der Kunden in Bezug auf Gr\u00f6\u00dfe und Design zu erf\u00fcllen.<\/p>\n<table style=\"border-collapse: collapse; width: 358.52pt;\" border=\"0\" width=\"478\" cellspacing=\"0\" cellpadding=\"0\">\n<tbody>\n<tr style=\"height: 17.25pt;\">\n<td class=\"et3\" style=\"height: 17.25pt; width: 125.00pt;\" width=\"166\" height=\"23\">Hersteller<\/td>\n<td class=\"et3\" style=\"width: 234.15pt;\" width=\"312\">HanYu<\/td>\n<\/tr>\n<tr style=\"height: 17.25pt;\">\n<td class=\"et3\" style=\"height: 17.25pt;\" height=\"23\">Modell Nr.<\/td>\n<td class=\"et4\">HY-8239<\/td>\n<\/tr>\n<tr style=\"height: 17.25pt;\">\n<td class=\"et3\" style=\"height: 17.25pt;\" height=\"23\">Typ<\/td>\n<td class=\"et5\" style=\"width: 234.15pt;\" width=\"312\">Aufsatzsp\u00fcle<\/td>\n<\/tr>\n<tr style=\"height: 18.00pt;\">\n<td class=\"et3\" style=\"height: 18.00pt;\" height=\"24\">Form<\/td>\n<td class=\"et3\">Runde Form<\/td>\n<\/tr>\n<tr style=\"height: 34.50pt;\">\n<td class=\"et4\" style=\"height: 34.50pt;\" height=\"46\">Farbe<\/td>\n<td class=\"et5\" style=\"width: 234.15pt;\" width=\"312\">wei\u00df<\/td>\n<\/tr>\n<tr style=\"height: 18.00pt;\">\n<td class=\"et3\" style=\"height: 18.00pt;\" height=\"24\">Dimension<\/td>\n<td class=\"et5\" style=\"width: 234.15pt;\" width=\"312\">38*38*11<\/td>\n<\/tr>\n<tr style=\"height: 17.25pt;\">\n<td class=\"et3\" style=\"height: 17.25pt;\" height=\"23\">N.W \/SET<\/td>\n<td class=\"et3\">8 KGS\/PCS<\/td>\n<\/tr>\n<tr style=\"height: 17.25pt;\">\n<td class=\"et3\" style=\"height: 17.25pt;\" height=\"23\">MOQ<\/td>\n<td class=\"et3\">20St\u00fcck<\/td>\n<\/tr>\n<tr style=\"height: 17.25pt;\">\n<td class=\"et3\" style=\"height: 17.25pt;\" height=\"23\">Benutzerdefinierte Option<\/td>\n<td class=\"et3\">Farbe\/Muster\/Gr\u00f6\u00dfe\/Logo\/Verpackung<\/td>\n<\/tr>\n<\/tbody>\n<\/table>","protected":false},"featured_media":5376,"comment_status":"closed","ping_status":"closed","template":"","meta":{"_acf_changed":false},"product_brand":[],"product_cat":[50],"product_tag":[],"class_list":{"0":"post-5374","1":"product","2":"type-product","3":"status-publish","4":"has-post-thumbnail","6":"product_cat-wholesale-countertop-sinks","8":"first","9":"instock","10":"shipping-taxable","11":"product-type-simple"},"acf":[],"_links":{"self":[{"href":"https:\/\/www.ceramicbasin.com\/de\/wp-json\/wp\/v2\/product\/5374","targetHints":{"allow":["GET"]}}],"collection":[{"href":"https:\/\/www.ceramicbasin.com\/de\/wp-json\/wp\/v2\/product"}],"about":[{"href":"https:\/\/www.ceramicbasin.com\/de\/wp-json\/wp\/v2\/types\/product"}],"replies":[{"embeddable":true,"href":"https:\/\/www.ceramicbasin.com\/de\/wp-json\/wp\/v2\/comments?post=5374"}],"wp:featuredmedia":[{"embeddable":true,"href":"https:\/\/www.ceramicbasin.com\/de\/wp-json\/wp\/v2\/media\/5376"}],"wp:attachment":[{"href":"https:\/\/www.ceramicbasin.com\/de\/wp-json\/wp\/v2\/media?parent=5374"}],"wp:term":[{"taxonomy":"product_brand","embeddable":true,"href":"https:\/\/www.ceramicbasin.com\/de\/wp-json\/wp\/v2\/product_brand?post=5374"},{"taxonomy":"product_cat","embeddable":true,"href":"https:\/\/www.ceramicbasin.com\/de\/wp-json\/wp\/v2\/product_cat?post=5374"},{"taxonomy":"product_tag","embeddable":true,"href":"https:\/\/www.ceramicbasin.com\/de\/wp-json\/wp\/v2\/product_tag?post=5374"}],"curies":[{"name":"wp","href":"https:\/\/api.w.org\/{rel}","templated":true}]}}