{"id":5409,"date":"2024-10-22T06:28:15","date_gmt":"2024-10-22T06:28:15","guid":{"rendered":"https:\/\/www.ceramicbasin.com\/?post_type=product&#038;p=5409"},"modified":"2024-12-06T09:23:33","modified_gmt":"2024-12-06T09:23:33","slug":"wholesale-marble-sink","status":"publish","type":"product","link":"https:\/\/www.ceramicbasin.com\/de\/produkt\/wholesale-marble-sink\/","title":{"rendered":"K\u00fcnstliche Gro\u00dfhandel Marmor Waschbecken, benutzerdefinierte Waschbecken gemacht"},"content":{"rendered":"<div class=\"wp-block-columns is-layout-flex wp-container-core-columns-is-layout-9d6595d7 wp-block-columns-is-layout-flex\">\n<div class=\"wp-block-column is-layout-flow wp-block-column-is-layout-flow\">\n<h2 class=\"wp-block-heading\">Premium Gro\u00dfhandel Marmor Waschbecken Eigenschaften:<\/h2>\n\n\n\n<ul class=\"wp-block-list\">\n<li><strong>Breiter Anwendungsbereich: <\/strong>Unsere Gro\u00dfhandel Marmor Waschbecken sind nicht nur geeignet f\u00fcr private Badezimmer, sondern auch f\u00fcr Hochgeschwindigkeits-Bahnh\u00f6fe, U-Bahn-Stationen, sowie Einkaufszentren, Restaurant B\u00e4der, Krankenh\u00e4user und anderen Orten.<\/li>\n\n\n\n<li><strong>Farbenfroh: <\/strong>Die Marmorfarbe wird durch einen Wassertransferprozess auf der Grundlage eines gew\u00f6hnlichen hellen wei\u00dfen Waschbeckens hergestellt, das sch\u00f6n und haltbar ist. Wir bieten mehr als 100 Farben und Muster zur Auswahl, und alle Waschbecken Gro\u00dfhandel Modelle k\u00f6nnen in Farbe und Textur angepasst werden.<\/li>\n\n\n\n<li><strong>Hei\u00dfer Verkauf: <\/strong>Diese Gro\u00dfhandelsmarmorsp\u00fcle wird vom Markt wegen ihrer Langlebigkeit, einheitlichen Farbe, einfachen Reinigung und Pflege und hohen Kosten gut angenommen.<\/li>\n\n\n\n<li><strong>Anpassbare Optionen:<\/strong> Erh\u00e4ltlich in verschiedenen Farben, Oberfl\u00e4chenveredelungen und individuell gestaltbaren Verpackungen, so dass Sie das Produkt an Ihre spezifischen Marken- und Marktanforderungen anpassen k\u00f6nnen.<\/li>\n<\/ul>\n<\/div>\n\n\n\n<div class=\"wp-block-column is-layout-flow wp-block-column-is-layout-flow\">\n<figure class=\"wp-block-image size-full\"><img fetchpriority=\"high\" decoding=\"async\" width=\"800\" height=\"800\" src=\"https:\/\/www.ceramicbasin.com\/wp-content\/uploads\/2024\/10\/bathroom-ceramics-basinsmarble-washbasinsbathroom-marble-basin5.webp\" alt=\"K\u00fcnstliche Gro\u00dfhandel Marmor Waschbecken, benutzerdefinierte gemacht Wash Basins-1\" class=\"wp-image-5414\" srcset=\"https:\/\/www.ceramicbasin.com\/wp-content\/uploads\/2024\/10\/bathroom-ceramics-basinsmarble-washbasinsbathroom-marble-basin5.webp 800w, https:\/\/www.ceramicbasin.com\/wp-content\/uploads\/2024\/10\/bathroom-ceramics-basinsmarble-washbasinsbathroom-marble-basin5-300x300.webp 300w, https:\/\/www.ceramicbasin.com\/wp-content\/uploads\/2024\/10\/bathroom-ceramics-basinsmarble-washbasinsbathroom-marble-basin5-150x150.webp 150w, https:\/\/www.ceramicbasin.com\/wp-content\/uploads\/2024\/10\/bathroom-ceramics-basinsmarble-washbasinsbathroom-marble-basin5-768x768.webp 768w, https:\/\/www.ceramicbasin.com\/wp-content\/uploads\/2024\/10\/bathroom-ceramics-basinsmarble-washbasinsbathroom-marble-basin5-12x12.webp 12w, https:\/\/www.ceramicbasin.com\/wp-content\/uploads\/2024\/10\/bathroom-ceramics-basinsmarble-washbasinsbathroom-marble-basin5-285x285.webp 285w, https:\/\/www.ceramicbasin.com\/wp-content\/uploads\/2024\/10\/bathroom-ceramics-basinsmarble-washbasinsbathroom-marble-basin5-270x270.webp 270w, https:\/\/www.ceramicbasin.com\/wp-content\/uploads\/2024\/10\/bathroom-ceramics-basinsmarble-washbasinsbathroom-marble-basin5-540x540.webp 540w, https:\/\/www.ceramicbasin.com\/wp-content\/uploads\/2024\/10\/bathroom-ceramics-basinsmarble-washbasinsbathroom-marble-basin5-660x660.webp 660w\" sizes=\"(max-width: 800px) 100vw, 800px\" \/><\/figure>\n<\/div>\n<\/div>","protected":false},"excerpt":{"rendered":"<p>Willkommen zum Kauf von ma\u00dfgeschneiderten Waschbecken. Unsere Gro\u00dfhandel Marmor Waschbecken sind vielseitig f\u00fcr verschiedene Anwendungen, wie Hochgeschwindigkeits-Bahnh\u00f6fe, Einkaufszentren, Restaurants und Krankenh\u00e4user, die Erf\u00fcllung der Nachfrage nach Qualit\u00e4t in \u00f6ffentlichen R\u00e4umen. Diese langlebigen Waschbecken sind im Gro\u00dfhandel in \u00fcber 100 anpassbaren Farben und Mustern erh\u00e4ltlich. Sie sind beliebt wegen ihrer Langlebigkeit, einfachen Wartung und Kosteneffizienz.<\/p>\n<table style=\"border-collapse: collapse; width: 358.52pt;\" border=\"0\" width=\"478\" cellspacing=\"0\" cellpadding=\"0\">\n<tbody>\n<tr style=\"height: 17.25pt;\">\n<td class=\"et3\" style=\"height: 17.25pt; width: 125.00pt;\" width=\"166\" height=\"23\">Hersteller<\/td>\n<td class=\"et3\" style=\"width: 234.15pt;\" width=\"312\">HanYu<\/td>\n<\/tr>\n<tr style=\"height: 17.25pt;\">\n<td class=\"et3\" style=\"height: 17.25pt;\" height=\"23\">Modell Nr.<\/td>\n<td class=\"et4\">HY-488AD117<\/td>\n<\/tr>\n<tr style=\"height: 17.25pt;\">\n<td class=\"et3\" style=\"height: 17.25pt;\" height=\"23\">Typ<\/td>\n<td class=\"et5\" style=\"width: 234.15pt;\" width=\"312\">Marmorsp\u00fcle<\/td>\n<\/tr>\n<tr style=\"height: 18.00pt;\">\n<td class=\"et3\" style=\"height: 18.00pt;\" height=\"24\">Form<\/td>\n<td class=\"et3\">Ovale Form<\/td>\n<\/tr>\n<tr style=\"height: 34.50pt;\">\n<td class=\"et4\" style=\"height: 34.50pt;\" height=\"46\">Farbe<\/td>\n<td class=\"et5\" style=\"width: 234.15pt;\" width=\"312\">Marmorfarbe<\/td>\n<\/tr>\n<tr style=\"height: 18.00pt;\">\n<td class=\"et3\" style=\"height: 18.00pt;\" height=\"24\">Dimension<\/td>\n<td class=\"et5\" style=\"width: 234.15pt;\" width=\"312\">68*44*16.5<\/td>\n<\/tr>\n<tr style=\"height: 17.25pt;\">\n<td class=\"et3\" style=\"height: 17.25pt;\" height=\"23\">N.W \/SET<\/td>\n<td class=\"et3\">15KGS\/PCS<\/td>\n<\/tr>\n<tr style=\"height: 17.25pt;\">\n<td class=\"et3\" style=\"height: 17.25pt;\" height=\"23\">MOQ<\/td>\n<td class=\"et3\">20St\u00fcck<\/td>\n<\/tr>\n<tr style=\"height: 17.25pt;\">\n<td class=\"et3\" style=\"height: 17.25pt;\" height=\"23\">Benutzerdefinierte Option<\/td>\n<td class=\"et3\">Farbe\/Muster\/Gr\u00f6\u00dfe\/Logo\/Verpackung<\/td>\n<\/tr>\n<\/tbody>\n<\/table>","protected":false},"featured_media":5411,"comment_status":"closed","ping_status":"closed","template":"","meta":{"_acf_changed":false},"product_brand":[],"product_cat":[54,50],"product_tag":[],"class_list":{"0":"post-5409","1":"product","2":"type-product","3":"status-publish","4":"has-post-thumbnail","6":"product_cat-wholesale-marble-sinks","7":"product_cat-wholesale-countertop-sinks","9":"first","10":"instock","11":"shipping-taxable","12":"product-type-simple"},"acf":[],"_links":{"self":[{"href":"https:\/\/www.ceramicbasin.com\/de\/wp-json\/wp\/v2\/product\/5409","targetHints":{"allow":["GET"]}}],"collection":[{"href":"https:\/\/www.ceramicbasin.com\/de\/wp-json\/wp\/v2\/product"}],"about":[{"href":"https:\/\/www.ceramicbasin.com\/de\/wp-json\/wp\/v2\/types\/product"}],"replies":[{"embeddable":true,"href":"https:\/\/www.ceramicbasin.com\/de\/wp-json\/wp\/v2\/comments?post=5409"}],"wp:featuredmedia":[{"embeddable":true,"href":"https:\/\/www.ceramicbasin.com\/de\/wp-json\/wp\/v2\/media\/5411"}],"wp:attachment":[{"href":"https:\/\/www.ceramicbasin.com\/de\/wp-json\/wp\/v2\/media?parent=5409"}],"wp:term":[{"taxonomy":"product_brand","embeddable":true,"href":"https:\/\/www.ceramicbasin.com\/de\/wp-json\/wp\/v2\/product_brand?post=5409"},{"taxonomy":"product_cat","embeddable":true,"href":"https:\/\/www.ceramicbasin.com\/de\/wp-json\/wp\/v2\/product_cat?post=5409"},{"taxonomy":"product_tag","embeddable":true,"href":"https:\/\/www.ceramicbasin.com\/de\/wp-json\/wp\/v2\/product_tag?post=5409"}],"curies":[{"name":"wp","href":"https:\/\/api.w.org\/{rel}","templated":true}]}}