{"id":5416,"date":"2024-10-22T07:02:38","date_gmt":"2024-10-22T07:02:38","guid":{"rendered":"https:\/\/www.ceramicbasin.com\/?post_type=product&#038;p=5416"},"modified":"2024-10-25T02:14:28","modified_gmt":"2024-10-25T02:14:28","slug":"wholesale-small-bathroom-sink-bowls","status":"publish","type":"product","link":"https:\/\/www.ceramicbasin.com\/de\/produkt\/wholesale-small-bathroom-sink-bowls\/","title":{"rendered":"Marmor Textur Gro\u00dfhandel kleine Bad Waschbecken Schalen, Wand h\u00e4ngen Waschbecken"},"content":{"rendered":"<div class=\"wp-block-columns is-layout-flex wp-container-core-columns-is-layout-9d6595d7 wp-block-columns-is-layout-flex\">\n<div class=\"wp-block-column is-layout-flow wp-block-column-is-layout-flow\">\n<h2 class=\"wp-block-heading\">Premium Gro\u00dfhandel kleine Bad Waschbecken Schalen Eigenschaften:<\/h2>\n\n\n\n<ul class=\"wp-block-list\">\n<li><strong>Modedesign: <\/strong>Unsere Marmor Farbe Gro\u00dfhandel kleine Bad Waschbecken Schalen haben ein modernes und modisches Design mit glatten Linien, sind f\u00fcr verschiedene Bad Layouts geeignet, und verbessern die allgemeine Sch\u00f6nheit und Grad des Raumes.<\/li>\n\n\n\n<li><strong>Farbenfroh: <\/strong>Die Marmorfarbe wird durch ein Wasser\u00fcbertragungsverfahren auf der Grundlage eines gew\u00f6hnlichen hellen wei\u00dfen Beckens hergestellt, das sch\u00f6n und haltbar ist. Wir bieten mehr als 100 Farben und Muster zur Auswahl, und alle Wand h\u00e4ngen Waschbecken Gro\u00dfhandel Modelle k\u00f6nnen in Farbe und Textur angepasst werden.<\/li>\n\n\n\n<li><strong>Einfache Installation:<\/strong> Diese kleinen Waschbecken aus dem Gro\u00dfhandel, die f\u00fcr die Montage \u00fcber der Theke konzipiert wurden, sind einfach zu installieren und bieten eine problemlose L\u00f6sung f\u00fcr Neubauten und Badrenovierungen.<\/li>\n\n\n\n<li><strong>Direktverkauf ab Werk:<\/strong>\u00a0Die wandh\u00e4ngenden Waschbecken von HanYu werden direkt von der Fabrik verkauft, wodurch der Preisunterschied durch Zwischenh\u00e4ndler entf\u00e4llt, und der Gro\u00dfeinkauf von Waschbecken gew\u00e4hrleistet, dass Sie qualitativ hochwertige Waschbecken in gro\u00dfen Mengen zu den niedrigsten Kosten kaufen.<\/li>\n<\/ul>\n<\/div>\n\n\n\n<div class=\"wp-block-column is-layout-flow wp-block-column-is-layout-flow\">\n<figure class=\"wp-block-image size-full\"><img fetchpriority=\"high\" decoding=\"async\" width=\"800\" height=\"800\" src=\"https:\/\/www.ceramicbasin.com\/wp-content\/uploads\/2024\/10\/bathroom-sinks-ceramic-wall-hung-wash-basinElegant-Style-Bathroom-Sinkssmall-bathroom-sink5.webp\" alt=\"Marmor Textur Gro\u00dfhandel kleine Badezimmer Waschbecken Schalen, Wand h\u00e4ngen Wash Basins-1\" class=\"wp-image-5421\" srcset=\"https:\/\/www.ceramicbasin.com\/wp-content\/uploads\/2024\/10\/bathroom-sinks-ceramic-wall-hung-wash-basinElegant-Style-Bathroom-Sinkssmall-bathroom-sink5.webp 800w, https:\/\/www.ceramicbasin.com\/wp-content\/uploads\/2024\/10\/bathroom-sinks-ceramic-wall-hung-wash-basinElegant-Style-Bathroom-Sinkssmall-bathroom-sink5-300x300.webp 300w, https:\/\/www.ceramicbasin.com\/wp-content\/uploads\/2024\/10\/bathroom-sinks-ceramic-wall-hung-wash-basinElegant-Style-Bathroom-Sinkssmall-bathroom-sink5-150x150.webp 150w, https:\/\/www.ceramicbasin.com\/wp-content\/uploads\/2024\/10\/bathroom-sinks-ceramic-wall-hung-wash-basinElegant-Style-Bathroom-Sinkssmall-bathroom-sink5-768x768.webp 768w, https:\/\/www.ceramicbasin.com\/wp-content\/uploads\/2024\/10\/bathroom-sinks-ceramic-wall-hung-wash-basinElegant-Style-Bathroom-Sinkssmall-bathroom-sink5-12x12.webp 12w, https:\/\/www.ceramicbasin.com\/wp-content\/uploads\/2024\/10\/bathroom-sinks-ceramic-wall-hung-wash-basinElegant-Style-Bathroom-Sinkssmall-bathroom-sink5-285x285.webp 285w, https:\/\/www.ceramicbasin.com\/wp-content\/uploads\/2024\/10\/bathroom-sinks-ceramic-wall-hung-wash-basinElegant-Style-Bathroom-Sinkssmall-bathroom-sink5-270x270.webp 270w, https:\/\/www.ceramicbasin.com\/wp-content\/uploads\/2024\/10\/bathroom-sinks-ceramic-wall-hung-wash-basinElegant-Style-Bathroom-Sinkssmall-bathroom-sink5-540x540.webp 540w, https:\/\/www.ceramicbasin.com\/wp-content\/uploads\/2024\/10\/bathroom-sinks-ceramic-wall-hung-wash-basinElegant-Style-Bathroom-Sinkssmall-bathroom-sink5-660x660.webp 660w\" sizes=\"(max-width: 800px) 100vw, 800px\" \/><\/figure>\n<\/div>\n<\/div>\n\n\n\n<p><\/p>","protected":false},"excerpt":{"rendered":"<p>Willkommen im Gro\u00dfhandel kleine Bad Waschbecken Schalen zu kaufen. Unsere winzigen wandh\u00e4ngenden Waschbecken haben ein modernes Design mit glatten Linien, die jedes Badezimmer-Layout aufwerten. Hergestellt mit einem Wasser-Transfer-Prozess auf einer hellen wei\u00dfen Basis, sind sie langlebig und in \u00fcber 100 anpassbaren Farben und Mustern erh\u00e4ltlich. HanYus Gro\u00dfhandels-Keramikwaschbecken werden direkt von der Fabrik verkauft, wodurch die Kosten f\u00fcr Zwischenh\u00e4ndler entfallen und Gro\u00dfeink\u00e4ufe zu den niedrigsten Preisen m\u00f6glich sind.<\/p>\n<table style=\"border-collapse: collapse; width: 358.52pt;\" border=\"0\" width=\"478\" cellspacing=\"0\" cellpadding=\"0\">\n<tbody>\n<tr style=\"height: 17.25pt;\">\n<td class=\"et3\" style=\"height: 17.25pt; width: 125.00pt;\" width=\"166\" height=\"23\">Hersteller<\/td>\n<td class=\"et3\" style=\"width: 234.15pt;\" width=\"312\">HanYu<\/td>\n<\/tr>\n<tr style=\"height: 17.25pt;\">\n<td class=\"et3\" style=\"height: 17.25pt;\" height=\"23\">Modell Nr.<\/td>\n<td class=\"et4\">HY-3043LD137<\/td>\n<\/tr>\n<tr style=\"height: 17.25pt;\">\n<td class=\"et3\" style=\"height: 17.25pt;\" height=\"23\">Typ<\/td>\n<td class=\"et5\" style=\"width: 234.15pt;\" width=\"312\">Marmorsp\u00fcle<\/td>\n<\/tr>\n<tr style=\"height: 18.00pt;\">\n<td class=\"et3\" style=\"height: 18.00pt;\" height=\"24\">Form<\/td>\n<td class=\"et3\">Rechteckige Form<\/td>\n<\/tr>\n<tr style=\"height: 34.50pt;\">\n<td class=\"et4\" style=\"height: 34.50pt;\" height=\"46\">Farbe<\/td>\n<td class=\"et5\" style=\"width: 234.15pt;\" width=\"312\">Farbe Marmor<\/td>\n<\/tr>\n<tr style=\"height: 18.00pt;\">\n<td class=\"et3\" style=\"height: 18.00pt;\" height=\"24\">Dimension<\/td>\n<td class=\"et5\" style=\"width: 234.15pt;\" width=\"312\">45.5*25*112<\/td>\n<\/tr>\n<tr style=\"height: 17.25pt;\">\n<td class=\"et3\" style=\"height: 17.25pt;\" height=\"23\">N.W \/SET<\/td>\n<td class=\"et3\">10KGS\/PCS<\/td>\n<\/tr>\n<tr style=\"height: 17.25pt;\">\n<td class=\"et3\" style=\"height: 17.25pt;\" height=\"23\">MOQ<\/td>\n<td class=\"et3\">20St\u00fcck<\/td>\n<\/tr>\n<tr style=\"height: 17.25pt;\">\n<td class=\"et3\" style=\"height: 17.25pt;\" height=\"23\">Benutzerdefinierte Option<\/td>\n<td class=\"et3\">Farbe\/Muster\/Gr\u00f6\u00dfe\/Logo\/Verpackung<\/td>\n<\/tr>\n<\/tbody>\n<\/table>","protected":false},"featured_media":5417,"comment_status":"closed","ping_status":"closed","template":"","meta":{"_acf_changed":false},"product_brand":[],"product_cat":[54,56],"product_tag":[],"class_list":{"0":"post-5416","1":"product","2":"type-product","3":"status-publish","4":"has-post-thumbnail","6":"product_cat-wholesale-marble-sinks","7":"product_cat-wholesale-small-bathroom-sinks","9":"first","10":"instock","11":"shipping-taxable","12":"product-type-simple"},"acf":[],"_links":{"self":[{"href":"https:\/\/www.ceramicbasin.com\/de\/wp-json\/wp\/v2\/product\/5416","targetHints":{"allow":["GET"]}}],"collection":[{"href":"https:\/\/www.ceramicbasin.com\/de\/wp-json\/wp\/v2\/product"}],"about":[{"href":"https:\/\/www.ceramicbasin.com\/de\/wp-json\/wp\/v2\/types\/product"}],"replies":[{"embeddable":true,"href":"https:\/\/www.ceramicbasin.com\/de\/wp-json\/wp\/v2\/comments?post=5416"}],"wp:featuredmedia":[{"embeddable":true,"href":"https:\/\/www.ceramicbasin.com\/de\/wp-json\/wp\/v2\/media\/5417"}],"wp:attachment":[{"href":"https:\/\/www.ceramicbasin.com\/de\/wp-json\/wp\/v2\/media?parent=5416"}],"wp:term":[{"taxonomy":"product_brand","embeddable":true,"href":"https:\/\/www.ceramicbasin.com\/de\/wp-json\/wp\/v2\/product_brand?post=5416"},{"taxonomy":"product_cat","embeddable":true,"href":"https:\/\/www.ceramicbasin.com\/de\/wp-json\/wp\/v2\/product_cat?post=5416"},{"taxonomy":"product_tag","embeddable":true,"href":"https:\/\/www.ceramicbasin.com\/de\/wp-json\/wp\/v2\/product_tag?post=5416"}],"curies":[{"name":"wp","href":"https:\/\/api.w.org\/{rel}","templated":true}]}}