{"id":5433,"date":"2024-10-30T02:19:52","date_gmt":"2024-10-30T02:19:52","guid":{"rendered":"https:\/\/www.ceramicbasin.com\/?post_type=product&#038;p=5433"},"modified":"2024-11-08T09:57:31","modified_gmt":"2024-11-08T09:57:31","slug":"basin-wholesale","status":"publish","type":"product","link":"https:\/\/www.ceramicbasin.com\/de\/produkt\/basin-wholesale\/","title":{"rendered":"Rechteckige benutzerdefinierte keramische Becken Gro\u00dfhandel, Badezimmer Waschbecken Factory Supply"},"content":{"rendered":"<div class=\"wp-block-columns is-layout-flex wp-container-core-columns-is-layout-9d6595d7 wp-block-columns-is-layout-flex\">\n<div class=\"wp-block-column is-layout-flow wp-block-column-is-layout-flow\">\n<h2 class=\"wp-block-heading\">Premium-Keramik-Becken Gro\u00dfhandel Merkmale:<\/h2>\n\n\n\n<ul class=\"wp-block-list\">\n<li><strong>Elegantes rechteckiges Design: <\/strong>Diese benutzerdefinierte Keramik-Waschbecken Gro\u00dfhandel nimmt eine einfache rechteckige Design mit glatten Linien, die leicht in verschiedene Badezimmer Dekoration Stile integriert werden kann, Hinzuf\u00fcgen von Eleganz zu modernen, einfachen oder klassischen Stil B\u00e4der.<\/li>\n\n\n\n<li><strong>Langlebig und sch\u00f6n: <\/strong>Unsere Fabrik liefert Bad Waschbecken Gro\u00dfhandel mit ausgew\u00e4hlten hochwertigen keramischen Materialien. Es hat eine zarte, glatte Oberfl\u00e4che, an der Flecken nicht so leicht haften. Daher ist es leicht zu reinigen und beh\u00e4lt einen hohen Glanz. Auch wenn es lange Zeit benutzt wurde, ist es immer noch wie neu.<\/li>\n\n\n\n<li><strong>Ausgezeichnete Kratz- und Korrosionsbest\u00e4ndigkeit: <\/strong>Diese benutzerdefinierte Keramik-Becken Gro\u00dfhandel hat \u00fcberlegene Kratzer und chemische Korrosion widersteht. Im t\u00e4glichen Gebrauch kann es Abnutzung Abrieb oder Reinigungsmittel und chemische Korrosion effektiv zu bleiben langlebig und halten ihr Aussehen integral f\u00fcr eine lange Zeit zu vermeiden.<\/li>\n\n\n\n<li><strong>Individuelle Anpassung m\u00f6glich: <\/strong>Um den individuellen Bed\u00fcrfnissen verschiedener Nutzer gerecht zu werden, bieten wir ma\u00dfgeschneiderte Dienstleistungen f\u00fcr Waschbecken im Gro\u00dfhandel in verschiedenen Gr\u00f6\u00dfen und Stilen. Egal, ob es sich um eine kleine Familientoilette oder einen gro\u00dfen gewerblichen Raum handelt, Sie k\u00f6nnen die richtige Gr\u00f6\u00dfe und das richtige Design mit gro\u00dfer Flexibilit\u00e4t finden.<\/li>\n<\/ul>\n<\/div>\n\n\n\n<div class=\"wp-block-column is-layout-flow wp-block-column-is-layout-flow\">\n<figure class=\"wp-block-image size-full\"><img fetchpriority=\"high\" decoding=\"async\" width=\"860\" height=\"860\" src=\"https:\/\/www.ceramicbasin.com\/wp-content\/uploads\/2024\/10\/Bathroom-Wash-Basin-FactoryCeramic-Rectangle-Shape-Basin-4.webp\" alt=\"Rechteckige benutzerdefinierte keramische Becken Gro\u00dfhandel, Badezimmer Waschbecken Factory Supply-1\" class=\"wp-image-5437\" srcset=\"https:\/\/www.ceramicbasin.com\/wp-content\/uploads\/2024\/10\/Bathroom-Wash-Basin-FactoryCeramic-Rectangle-Shape-Basin-4.webp 860w, https:\/\/www.ceramicbasin.com\/wp-content\/uploads\/2024\/10\/Bathroom-Wash-Basin-FactoryCeramic-Rectangle-Shape-Basin-4-300x300.webp 300w, https:\/\/www.ceramicbasin.com\/wp-content\/uploads\/2024\/10\/Bathroom-Wash-Basin-FactoryCeramic-Rectangle-Shape-Basin-4-150x150.webp 150w, https:\/\/www.ceramicbasin.com\/wp-content\/uploads\/2024\/10\/Bathroom-Wash-Basin-FactoryCeramic-Rectangle-Shape-Basin-4-768x768.webp 768w, https:\/\/www.ceramicbasin.com\/wp-content\/uploads\/2024\/10\/Bathroom-Wash-Basin-FactoryCeramic-Rectangle-Shape-Basin-4-12x12.webp 12w, https:\/\/www.ceramicbasin.com\/wp-content\/uploads\/2024\/10\/Bathroom-Wash-Basin-FactoryCeramic-Rectangle-Shape-Basin-4-285x285.webp 285w, https:\/\/www.ceramicbasin.com\/wp-content\/uploads\/2024\/10\/Bathroom-Wash-Basin-FactoryCeramic-Rectangle-Shape-Basin-4-270x270.webp 270w, https:\/\/www.ceramicbasin.com\/wp-content\/uploads\/2024\/10\/Bathroom-Wash-Basin-FactoryCeramic-Rectangle-Shape-Basin-4-540x540.webp 540w, https:\/\/www.ceramicbasin.com\/wp-content\/uploads\/2024\/10\/Bathroom-Wash-Basin-FactoryCeramic-Rectangle-Shape-Basin-4-660x660.webp 660w\" sizes=\"(max-width: 860px) 100vw, 860px\" \/><\/figure>\n<\/div>\n<\/div>\n\n\n\n<p><\/p>","protected":false},"excerpt":{"rendered":"<p>Willkommen zum Kauf Bad Waschbecken aus hanyu Fabrik. Hergestellt von \u00fcberlegenen Rohstoff, genie\u00dft dieses Rechteck Keramik Waschbecken Gro\u00dfhandel einfach und elegantes Design und glatte Oberfl\u00e4che, leicht zu reinigen, kratzfest und korrosionsbest\u00e4ndig. Es unterst\u00fctzt auch verschiedene Gr\u00f6\u00dfen mit Anpassungen zug\u00e4nglich. Dies ist eine ideale Wahl f\u00fcr Haus und Gesch\u00e4ft B\u00e4der.<\/p>\n<table style=\"border-collapse: collapse; width: 358.52pt;\" border=\"0\" width=\"478\" cellspacing=\"0\" cellpadding=\"0\">\n<tbody>\n<tr style=\"height: 17.25pt;\">\n<td class=\"et3\" style=\"height: 17.25pt; width: 125.00pt;\" width=\"166\" height=\"23\">Hersteller<\/td>\n<td class=\"et3\" style=\"width: 234.15pt;\" width=\"312\">HanYu<\/td>\n<\/tr>\n<tr style=\"height: 17.25pt;\">\n<td class=\"et3\" style=\"height: 17.25pt;\" height=\"23\">Modell Nr.<\/td>\n<td class=\"et4\">HY-401<\/td>\n<\/tr>\n<tr style=\"height: 17.25pt;\">\n<td class=\"et3\" style=\"height: 17.25pt;\" height=\"23\">Typ<\/td>\n<td class=\"et5\" style=\"width: 234.15pt;\" width=\"312\">Aufsatzsp\u00fcle<\/td>\n<\/tr>\n<tr style=\"height: 18.00pt;\">\n<td class=\"et3\" style=\"height: 18.00pt;\" height=\"24\">Form<\/td>\n<td class=\"et3\">Rechteckige Form<\/td>\n<\/tr>\n<tr style=\"height: 34.50pt;\">\n<td class=\"et4\" style=\"height: 34.50pt;\" height=\"46\">Farbe<\/td>\n<td class=\"et5\" style=\"width: 234.15pt;\" width=\"312\">Wei\u00df<\/td>\n<\/tr>\n<tr style=\"height: 18.00pt;\">\n<td class=\"et3\" style=\"height: 18.00pt;\" height=\"24\">Dimension<\/td>\n<td class=\"et5\" style=\"width: 234.15pt;\" width=\"312\">47.5*37.5*13.5<\/td>\n<\/tr>\n<tr style=\"height: 17.25pt;\">\n<td class=\"et3\" style=\"height: 17.25pt;\" height=\"23\">N.W \/SET<\/td>\n<td class=\"et3\">11 KGS\/PCS<\/td>\n<\/tr>\n<tr style=\"height: 17.25pt;\">\n<td class=\"et3\" style=\"height: 17.25pt;\" height=\"23\">MOQ<\/td>\n<td class=\"et3\">20St\u00fcck<\/td>\n<\/tr>\n<tr style=\"height: 17.25pt;\">\n<td class=\"et3\" style=\"height: 17.25pt;\" height=\"23\">Benutzerdefinierte Option<\/td>\n<td class=\"et3\">Farbe\/Muster\/Gr\u00f6\u00dfe\/Logo\/Verpackung<\/td>\n<\/tr>\n<\/tbody>\n<\/table>","protected":false},"featured_media":5434,"comment_status":"closed","ping_status":"closed","template":"","meta":{"_acf_changed":false},"product_brand":[],"product_cat":[50],"product_tag":[],"class_list":{"0":"post-5433","1":"product","2":"type-product","3":"status-publish","4":"has-post-thumbnail","6":"product_cat-wholesale-countertop-sinks","8":"first","9":"instock","10":"shipping-taxable","11":"product-type-simple"},"acf":[],"_links":{"self":[{"href":"https:\/\/www.ceramicbasin.com\/de\/wp-json\/wp\/v2\/product\/5433","targetHints":{"allow":["GET"]}}],"collection":[{"href":"https:\/\/www.ceramicbasin.com\/de\/wp-json\/wp\/v2\/product"}],"about":[{"href":"https:\/\/www.ceramicbasin.com\/de\/wp-json\/wp\/v2\/types\/product"}],"replies":[{"embeddable":true,"href":"https:\/\/www.ceramicbasin.com\/de\/wp-json\/wp\/v2\/comments?post=5433"}],"wp:featuredmedia":[{"embeddable":true,"href":"https:\/\/www.ceramicbasin.com\/de\/wp-json\/wp\/v2\/media\/5434"}],"wp:attachment":[{"href":"https:\/\/www.ceramicbasin.com\/de\/wp-json\/wp\/v2\/media?parent=5433"}],"wp:term":[{"taxonomy":"product_brand","embeddable":true,"href":"https:\/\/www.ceramicbasin.com\/de\/wp-json\/wp\/v2\/product_brand?post=5433"},{"taxonomy":"product_cat","embeddable":true,"href":"https:\/\/www.ceramicbasin.com\/de\/wp-json\/wp\/v2\/product_cat?post=5433"},{"taxonomy":"product_tag","embeddable":true,"href":"https:\/\/www.ceramicbasin.com\/de\/wp-json\/wp\/v2\/product_tag?post=5433"}],"curies":[{"name":"wp","href":"https:\/\/api.w.org\/{rel}","templated":true}]}}