{"id":5441,"date":"2024-10-30T02:28:56","date_gmt":"2024-10-30T02:28:56","guid":{"rendered":"https:\/\/www.ceramicbasin.com\/?post_type=product&#038;p=5441"},"modified":"2024-10-30T02:28:58","modified_gmt":"2024-10-30T02:28:58","slug":"sink-wholesale","status":"publish","type":"product","link":"https:\/\/www.ceramicbasin.com\/de\/produkt\/sink-wholesale\/","title":{"rendered":"Neues Design Keramik Waschbecken Gro\u00dfhandel, Counter Top Badezimmer Waschbecken"},"content":{"rendered":"<div class=\"wp-block-columns is-layout-flex wp-container-core-columns-is-layout-9d6595d7 wp-block-columns-is-layout-flex\">\n<div class=\"wp-block-column is-layout-flow wp-block-column-is-layout-flow\">\n<h2 class=\"wp-block-heading\">Premium Sp\u00fcle Gro\u00dfhandel Merkmale:<\/h2>\n\n\n\n<ul class=\"wp-block-list\">\n<li><strong>Modernes quadratisches Design: <\/strong>Dieses Keramik-Waschbecken im Gro\u00dfhandel zeichnet sich durch ein schlichtes und stilvolles quadratisches Design aus, das sich nahtlos in eine Vielzahl von Badezimmereinrichtungen einf\u00fcgt. Sein modernes Aussehen verbessert nicht nur die allgemeine Sch\u00f6nheit des Raumes, sondern wird auch der visuelle Fokus des Badezimmers, so dass die Benutzer eine komfortable Nutzung Erfahrung.<\/li>\n\n\n\n<li><strong>Hochwertige keramische Materialien:<\/strong> Wir fertigen jedes Arbeitsplattenbecken im Gro\u00dfhandel sorgf\u00e4ltig aus hochwertigen keramischen Materialien, um sicherzustellen, dass es verschlei\u00dffest, schmutzabweisend und hochtemperaturbest\u00e4ndig ist. Solche Materialeigenschaften machen das Produkt gut im t\u00e4glichen Gebrauch, langlebig und leicht zu reinigen, bringen gro\u00dfe Bequemlichkeit f\u00fcr das Leben der Nutzer.<\/li>\n\n\n\n<li><strong>Mehrere Farboptionen:<\/strong> Um den Bed\u00fcrfnissen und Vorlieben der verschiedenen Verbraucher gerecht zu werden, bietet unser Waschbecken-Gro\u00dfhandel eine Vielzahl von Farboptionen. Ob klassisches Wei\u00df oder individuelle dunkle T\u00f6ne, es kann Benutzern helfen, eine einzigartige Badumgebung zu schaffen und ihren pers\u00f6nlichen Stil zu zeigen.<\/li>\n\n\n\n<li><strong>Einfache Installation: <\/strong>Diese keramische Arbeitsplatte Waschbecken Gro\u00dfhandel ist mit voller Ber\u00fccksichtigung der Benutzerfreundlichkeit konzipiert, und der Installationsprozess ist einfach und klar, geeignet f\u00fcr eine Vielzahl von Badezimmer-Arbeitsplatte Arten. Die Benutzer m\u00fcssen sich nicht um komplizierte Installationsschritte k\u00fcmmern, was Zeit und Kosten spart und die Umgestaltung des Badezimmers einfacher und schneller macht.<\/li>\n<\/ul>\n<\/div>\n\n\n\n<div class=\"wp-block-column is-layout-flow wp-block-column-is-layout-flow\">\n<figure class=\"wp-block-image size-full\"><img fetchpriority=\"high\" decoding=\"async\" width=\"876\" height=\"876\" src=\"https:\/\/www.ceramicbasin.com\/wp-content\/uploads\/2024\/10\/New-Design-Custom-Basin-Bathroom-Ceramic-Counter-Top-Sink-Wash-Hand-Basin-5.webp\" alt=\"Neues Design Keramik Waschbecken Gro\u00dfhandel, Badezimmer Counter Top Sink-1\" class=\"wp-image-5446\" srcset=\"https:\/\/www.ceramicbasin.com\/wp-content\/uploads\/2024\/10\/New-Design-Custom-Basin-Bathroom-Ceramic-Counter-Top-Sink-Wash-Hand-Basin-5.webp 876w, https:\/\/www.ceramicbasin.com\/wp-content\/uploads\/2024\/10\/New-Design-Custom-Basin-Bathroom-Ceramic-Counter-Top-Sink-Wash-Hand-Basin-5-300x300.webp 300w, https:\/\/www.ceramicbasin.com\/wp-content\/uploads\/2024\/10\/New-Design-Custom-Basin-Bathroom-Ceramic-Counter-Top-Sink-Wash-Hand-Basin-5-150x150.webp 150w, https:\/\/www.ceramicbasin.com\/wp-content\/uploads\/2024\/10\/New-Design-Custom-Basin-Bathroom-Ceramic-Counter-Top-Sink-Wash-Hand-Basin-5-768x768.webp 768w, https:\/\/www.ceramicbasin.com\/wp-content\/uploads\/2024\/10\/New-Design-Custom-Basin-Bathroom-Ceramic-Counter-Top-Sink-Wash-Hand-Basin-5-12x12.webp 12w, https:\/\/www.ceramicbasin.com\/wp-content\/uploads\/2024\/10\/New-Design-Custom-Basin-Bathroom-Ceramic-Counter-Top-Sink-Wash-Hand-Basin-5-285x285.webp 285w, https:\/\/www.ceramicbasin.com\/wp-content\/uploads\/2024\/10\/New-Design-Custom-Basin-Bathroom-Ceramic-Counter-Top-Sink-Wash-Hand-Basin-5-270x270.webp 270w, https:\/\/www.ceramicbasin.com\/wp-content\/uploads\/2024\/10\/New-Design-Custom-Basin-Bathroom-Ceramic-Counter-Top-Sink-Wash-Hand-Basin-5-540x540.webp 540w, https:\/\/www.ceramicbasin.com\/wp-content\/uploads\/2024\/10\/New-Design-Custom-Basin-Bathroom-Ceramic-Counter-Top-Sink-Wash-Hand-Basin-5-660x660.webp 660w\" sizes=\"(max-width: 876px) 100vw, 876px\" \/><\/figure>\n<\/div>\n<\/div>\n\n\n\n<p><\/p>","protected":false},"excerpt":{"rendered":"<p>Willkommen zum Kauf Gro\u00dfhandel Arbeitsplatte Waschbecken. Unsere rechteckigen Keramik Waschbecken Gro\u00dfhandel kombiniert ein modernes und stilvolles quadratisches Design mit hochwertigen keramischen Materialien, bringen ausgezeichnete Haltbarkeit und einfache Reinigung. Erh\u00e4ltlich in einer Vielzahl von Farben, die perfekt zu jedem Badezimmer Stil passen.<\/p>\n<table style=\"border-collapse: collapse; width: 358.52pt;\" border=\"0\" width=\"478\" cellspacing=\"0\" cellpadding=\"0\">\n<tbody>\n<tr style=\"height: 17.25pt;\">\n<td class=\"et3\" style=\"height: 17.25pt; width: 125.00pt;\" width=\"166\" height=\"23\">Hersteller<\/td>\n<td class=\"et3\" style=\"width: 234.15pt;\" width=\"312\">HanYu<\/td>\n<\/tr>\n<tr style=\"height: 17.25pt;\">\n<td class=\"et3\" style=\"height: 17.25pt;\" height=\"23\">Modell Nr.<\/td>\n<td class=\"et4\">HY-8104<\/td>\n<\/tr>\n<tr style=\"height: 17.25pt;\">\n<td class=\"et3\" style=\"height: 17.25pt;\" height=\"23\">Typ<\/td>\n<td class=\"et5\" style=\"width: 234.15pt;\" width=\"312\">Aufsatzsp\u00fcle<\/td>\n<\/tr>\n<tr style=\"height: 18.00pt;\">\n<td class=\"et3\" style=\"height: 18.00pt;\" height=\"24\">Form<\/td>\n<td class=\"et3\">Rechteckige Form<\/td>\n<\/tr>\n<tr style=\"height: 34.50pt;\">\n<td class=\"et4\" style=\"height: 34.50pt;\" height=\"46\">Farbe<\/td>\n<td class=\"et5\" style=\"width: 234.15pt;\" width=\"312\">Wei\u00df<\/td>\n<\/tr>\n<tr style=\"height: 18.00pt;\">\n<td class=\"et3\" style=\"height: 18.00pt;\" height=\"24\">Dimension<\/td>\n<td class=\"et5\" style=\"width: 234.15pt;\" width=\"312\">48*37*15.5<\/td>\n<\/tr>\n<tr style=\"height: 17.25pt;\">\n<td class=\"et3\" style=\"height: 17.25pt;\" height=\"23\">N.W \/SET<\/td>\n<td class=\"et3\">12 KGS\/PCS<\/td>\n<\/tr>\n<tr style=\"height: 17.25pt;\">\n<td class=\"et3\" style=\"height: 17.25pt;\" height=\"23\">MOQ<\/td>\n<td class=\"et3\">20St\u00fcck<\/td>\n<\/tr>\n<tr style=\"height: 17.25pt;\">\n<td class=\"et3\" style=\"height: 17.25pt;\" height=\"23\">Benutzerdefinierte Option<\/td>\n<td class=\"et3\">Farbe\/Muster\/Gr\u00f6\u00dfe\/Logo\/Verpackung<\/td>\n<\/tr>\n<\/tbody>\n<\/table>","protected":false},"featured_media":5445,"comment_status":"closed","ping_status":"closed","template":"","meta":{"_acf_changed":false},"product_brand":[],"product_cat":[50],"product_tag":[],"class_list":{"0":"post-5441","1":"product","2":"type-product","3":"status-publish","4":"has-post-thumbnail","6":"product_cat-wholesale-countertop-sinks","8":"first","9":"instock","10":"shipping-taxable","11":"product-type-simple"},"acf":[],"_links":{"self":[{"href":"https:\/\/www.ceramicbasin.com\/de\/wp-json\/wp\/v2\/product\/5441","targetHints":{"allow":["GET"]}}],"collection":[{"href":"https:\/\/www.ceramicbasin.com\/de\/wp-json\/wp\/v2\/product"}],"about":[{"href":"https:\/\/www.ceramicbasin.com\/de\/wp-json\/wp\/v2\/types\/product"}],"replies":[{"embeddable":true,"href":"https:\/\/www.ceramicbasin.com\/de\/wp-json\/wp\/v2\/comments?post=5441"}],"wp:featuredmedia":[{"embeddable":true,"href":"https:\/\/www.ceramicbasin.com\/de\/wp-json\/wp\/v2\/media\/5445"}],"wp:attachment":[{"href":"https:\/\/www.ceramicbasin.com\/de\/wp-json\/wp\/v2\/media?parent=5441"}],"wp:term":[{"taxonomy":"product_brand","embeddable":true,"href":"https:\/\/www.ceramicbasin.com\/de\/wp-json\/wp\/v2\/product_brand?post=5441"},{"taxonomy":"product_cat","embeddable":true,"href":"https:\/\/www.ceramicbasin.com\/de\/wp-json\/wp\/v2\/product_cat?post=5441"},{"taxonomy":"product_tag","embeddable":true,"href":"https:\/\/www.ceramicbasin.com\/de\/wp-json\/wp\/v2\/product_tag?post=5441"}],"curies":[{"name":"wp","href":"https:\/\/api.w.org\/{rel}","templated":true}]}}