{"id":5447,"date":"2024-10-30T02:49:08","date_gmt":"2024-10-30T02:49:08","guid":{"rendered":"https:\/\/www.ceramicbasin.com\/?post_type=product&#038;p=5447"},"modified":"2024-10-30T02:49:10","modified_gmt":"2024-10-30T02:49:10","slug":"custom-made-sinks","status":"publish","type":"product","link":"https:\/\/www.ceramicbasin.com\/de\/produkt\/custom-made-sinks\/","title":{"rendered":"Rechteckige Waschbecken nach Ma\u00df, keramische Halbeinbaubecken Gro\u00dfhandel"},"content":{"rendered":"<div class=\"wp-block-columns is-layout-flex wp-container-core-columns-is-layout-9d6595d7 wp-block-columns-is-layout-flex\">\n<div class=\"wp-block-column is-layout-flow wp-block-column-is-layout-flow\">\n<h2 class=\"wp-block-heading\">Premium-Sp\u00fclbecken nach Ma\u00df Merkmale:<\/h2>\n\n\n\n<ul class=\"wp-block-list\">\n<li><strong>Rechtwinkliges, stilvolles Design: <\/strong>Unsere ma\u00dfgefertigten Keramikwaschbecken haben eine einfache und stimmungsvolle rechteckige Form, die ein perfektes Gleichgewicht zwischen Funktionalit\u00e4t und Sch\u00f6nheit bietet. Es eignet sich f\u00fcr alle Arten von modernen Badezimmern und gewerblichen R\u00e4umen und bietet dem Benutzer einen sauberen und ordentlichen visuellen Effekt.<\/li>\n\n\n\n<li><strong>Hochwertige keramische Handwerkskunst:<\/strong> Wir w\u00e4hlen hochwertige keramische Materialien f\u00fcr die Herstellung von Halbeinbaubecken im Gro\u00dfhandel. Nach dem Brennen bei hoher Temperatur ist die Oberfl\u00e4che glatt und zart, mit hoher Verschlei\u00dffestigkeit und Fleckenbest\u00e4ndigkeit. Benutzer k\u00f6nnen es leicht im t\u00e4glichen Gebrauch zu reinigen, um sicherzustellen, dass es hell und sauber nach langfristigen Gebrauch bleiben kann.<\/li>\n\n\n\n<li><strong>Ma\u00dfgeschneiderte Gr\u00f6\u00dfe und Stil: <\/strong>Um sich an unterschiedliche Raumanforderungen anzupassen, unterst\u00fctzen diese halb versenkten, ma\u00dfgefertigten Waschbecken die Anpassung an verschiedene Gr\u00f6\u00dfen und Stile, so dass die Benutzer exklusive Designs f\u00fcr spezifische Badezimmer oder kommerzielle Umgebungen ma\u00dfschneidern k\u00f6nnen, um eine maximale Raumnutzung zu gew\u00e4hrleisten.<\/li>\n\n\n\n<li><strong>Raumoptimiertes Design: <\/strong>Diese halb versenkten Waschbecken sparen im Gro\u00dfhandel Platz auf der Arbeitsplatte, vergr\u00f6\u00dfern gleichzeitig die Ablagefl\u00e4chen, bieten dem Benutzer mehr Platzierungsm\u00f6glichkeiten, machen den Handwaschbereich aufger\u00e4umter und ordentlicher und erf\u00fcllen die Anforderungen des modernen Benutzers an die Raumfunktionalit\u00e4t.<\/li>\n<\/ul>\n<\/div>\n\n\n\n<div class=\"wp-block-column is-layout-flow wp-block-column-is-layout-flow\">\n<figure class=\"wp-block-image size-full\"><img fetchpriority=\"high\" decoding=\"async\" width=\"930\" height=\"930\" src=\"https:\/\/www.ceramicbasin.com\/wp-content\/uploads\/2024\/10\/Rectangle-Shape-Semi-Recessed-Basins-Wholesale-For-Bathroom-1.webp\" alt=\"Rechteckige ma\u00dfgeschneiderte Waschbecken, keramische Halbeinbaubecken Gro\u00dfhandel-1\" class=\"wp-image-5448\" srcset=\"https:\/\/www.ceramicbasin.com\/wp-content\/uploads\/2024\/10\/Rectangle-Shape-Semi-Recessed-Basins-Wholesale-For-Bathroom-1.webp 930w, https:\/\/www.ceramicbasin.com\/wp-content\/uploads\/2024\/10\/Rectangle-Shape-Semi-Recessed-Basins-Wholesale-For-Bathroom-1-300x300.webp 300w, https:\/\/www.ceramicbasin.com\/wp-content\/uploads\/2024\/10\/Rectangle-Shape-Semi-Recessed-Basins-Wholesale-For-Bathroom-1-150x150.webp 150w, https:\/\/www.ceramicbasin.com\/wp-content\/uploads\/2024\/10\/Rectangle-Shape-Semi-Recessed-Basins-Wholesale-For-Bathroom-1-768x768.webp 768w, https:\/\/www.ceramicbasin.com\/wp-content\/uploads\/2024\/10\/Rectangle-Shape-Semi-Recessed-Basins-Wholesale-For-Bathroom-1-12x12.webp 12w, https:\/\/www.ceramicbasin.com\/wp-content\/uploads\/2024\/10\/Rectangle-Shape-Semi-Recessed-Basins-Wholesale-For-Bathroom-1-285x285.webp 285w, https:\/\/www.ceramicbasin.com\/wp-content\/uploads\/2024\/10\/Rectangle-Shape-Semi-Recessed-Basins-Wholesale-For-Bathroom-1-270x270.webp 270w, https:\/\/www.ceramicbasin.com\/wp-content\/uploads\/2024\/10\/Rectangle-Shape-Semi-Recessed-Basins-Wholesale-For-Bathroom-1-540x540.webp 540w, https:\/\/www.ceramicbasin.com\/wp-content\/uploads\/2024\/10\/Rectangle-Shape-Semi-Recessed-Basins-Wholesale-For-Bathroom-1-660x660.webp 660w\" sizes=\"(max-width: 930px) 100vw, 930px\" \/><\/figure>\n<\/div>\n<\/div>","protected":false},"excerpt":{"rendered":"<p>Willkommen zu kaufen ma\u00dfgeschneiderte Waschbecken f\u00fcr Ihr Projekt. Unsere halb versenkten Waschbecken Gro\u00dfhandel bringen die doppelten Vorteile der Sch\u00f6nheit und Funktionalit\u00e4t f\u00fcr alle Arten von B\u00e4dern und Gewerbefl\u00e4chen mit einfachen und modernen rechteckigen Design, hochwertige Keramik Handwerkskunst und flexible Anpassungsm\u00f6glichkeiten.<\/p>\n<table style=\"border-collapse: collapse; width: 358.52pt;\" border=\"0\" width=\"478\" cellspacing=\"0\" cellpadding=\"0\">\n<tbody>\n<tr style=\"height: 17.25pt;\">\n<td class=\"et3\" style=\"height: 17.25pt; width: 125.00pt;\" width=\"166\" height=\"23\">Hersteller<\/td>\n<td class=\"et3\" style=\"width: 234.15pt;\" width=\"312\">HanYu<\/td>\n<\/tr>\n<tr style=\"height: 17.25pt;\">\n<td class=\"et3\" style=\"height: 17.25pt;\" height=\"23\">Modell Nr.<\/td>\n<td class=\"et4\">HY-401A<\/td>\n<\/tr>\n<tr style=\"height: 17.25pt;\">\n<td class=\"et3\" style=\"height: 17.25pt;\" height=\"23\">Typ<\/td>\n<td class=\"et5\" style=\"width: 234.15pt;\" width=\"312\">Halbversenkte Sp\u00fclen<\/td>\n<\/tr>\n<tr style=\"height: 18.00pt;\">\n<td class=\"et3\" style=\"height: 18.00pt;\" height=\"24\">Form<\/td>\n<td class=\"et3\">Rectanglue Form<\/td>\n<\/tr>\n<tr style=\"height: 34.50pt;\">\n<td class=\"et4\" style=\"height: 34.50pt;\" height=\"46\">Farbe<\/td>\n<td class=\"et5\" style=\"width: 234.15pt;\" width=\"312\">schwarz\/wei\u00df\/blau\/grau\/rosa\/gr\u00fcn\/braun\/khaki<\/td>\n<\/tr>\n<tr style=\"height: 18.00pt;\">\n<td class=\"et3\" style=\"height: 18.00pt;\" height=\"24\">Dimension<\/td>\n<td class=\"et5\" style=\"width: 234.15pt;\" width=\"312\">47*37*13<\/td>\n<\/tr>\n<tr style=\"height: 17.25pt;\">\n<td class=\"et3\" style=\"height: 17.25pt;\" height=\"23\">N.W \/SET<\/td>\n<td class=\"et3\">12KGS\/PCS<\/td>\n<\/tr>\n<tr style=\"height: 17.25pt;\">\n<td class=\"et3\" style=\"height: 17.25pt;\" height=\"23\">MOQ<\/td>\n<td class=\"et3\">20St\u00fcck<\/td>\n<\/tr>\n<tr style=\"height: 17.25pt;\">\n<td class=\"et3\" style=\"height: 17.25pt;\" height=\"23\">Benutzerdefinierte Option<\/td>\n<td class=\"et3\">Farbe\/Muster\/Gr\u00f6\u00dfe\/Logo\/Verpackung<\/td>\n<\/tr>\n<\/tbody>\n<\/table>","protected":false},"featured_media":5453,"comment_status":"closed","ping_status":"closed","template":"","meta":{"_acf_changed":false},"product_brand":[],"product_cat":[58],"product_tag":[],"class_list":{"0":"post-5447","1":"product","2":"type-product","3":"status-publish","4":"has-post-thumbnail","6":"product_cat-wholesale-semi-recessed-sinks","8":"first","9":"instock","10":"shipping-taxable","11":"product-type-simple"},"acf":[],"_links":{"self":[{"href":"https:\/\/www.ceramicbasin.com\/de\/wp-json\/wp\/v2\/product\/5447","targetHints":{"allow":["GET"]}}],"collection":[{"href":"https:\/\/www.ceramicbasin.com\/de\/wp-json\/wp\/v2\/product"}],"about":[{"href":"https:\/\/www.ceramicbasin.com\/de\/wp-json\/wp\/v2\/types\/product"}],"replies":[{"embeddable":true,"href":"https:\/\/www.ceramicbasin.com\/de\/wp-json\/wp\/v2\/comments?post=5447"}],"wp:featuredmedia":[{"embeddable":true,"href":"https:\/\/www.ceramicbasin.com\/de\/wp-json\/wp\/v2\/media\/5453"}],"wp:attachment":[{"href":"https:\/\/www.ceramicbasin.com\/de\/wp-json\/wp\/v2\/media?parent=5447"}],"wp:term":[{"taxonomy":"product_brand","embeddable":true,"href":"https:\/\/www.ceramicbasin.com\/de\/wp-json\/wp\/v2\/product_brand?post=5447"},{"taxonomy":"product_cat","embeddable":true,"href":"https:\/\/www.ceramicbasin.com\/de\/wp-json\/wp\/v2\/product_cat?post=5447"},{"taxonomy":"product_tag","embeddable":true,"href":"https:\/\/www.ceramicbasin.com\/de\/wp-json\/wp\/v2\/product_tag?post=5447"}],"curies":[{"name":"wp","href":"https:\/\/api.w.org\/{rel}","templated":true}]}}