{"id":5536,"date":"2024-11-08T09:24:38","date_gmt":"2024-11-08T09:24:38","guid":{"rendered":"https:\/\/www.ceramicbasin.com\/?post_type=product&#038;p=5536"},"modified":"2024-11-08T09:24:40","modified_gmt":"2024-11-08T09:24:40","slug":"custom-undermount-sink","status":"publish","type":"product","link":"https:\/\/www.ceramicbasin.com\/de\/produkt\/custom-undermount-sink\/","title":{"rendered":"Custom Undermount Waschbecken, Keramik unter Z\u00e4hler Waschbecken Gro\u00dfhandel"},"content":{"rendered":"<div class=\"wp-block-columns is-layout-flex wp-container-core-columns-is-layout-9d6595d7 wp-block-columns-is-layout-flex\">\n<div class=\"wp-block-column is-layout-flow wp-block-column-is-layout-flow\">\n<h2 class=\"wp-block-heading\">Premium Custom Unterbaubecken Merkmale:<\/h2>\n\n\n\n<ul class=\"wp-block-list\">\n<li><strong>Qualit\u00e4t des Materials:\u00a0<\/strong>Diese ma\u00dfgefertigten Unterbausp\u00fclen werden aus hochwertigem Porzellan hergestellt, das sie f\u00fcr den langfristigen Gebrauch haltbar macht.<\/li>\n\n\n\n<li><strong>Klassisches Design:\u00a0<\/strong>Diese Untertischwaschbecken im Gro\u00dfhandel zeichnen sich durch einen modernen und schlichten Designstil aus. Dies passt perfekt zu jedem Badezimmer Dekoration Stil. Seine Betriebsmethode ist eingebettet Installation, so dass das Becken nahtlos an die Arbeitsplatte zu verbinden, wodurch die Sch\u00f6nheit des Ensembles.<\/li>\n\n\n\n<li><strong>Schnelle Lieferung:<\/strong>\u00a0Wir versprechen eine effiziente Logistik und Distribution, um sicherzustellen, dass unsere keramischen Unterbausp\u00fclen schnell geliefert werden, damit Ihr Projekt schneller vorankommt und dringende Bauanforderungen erf\u00fcllt werden.<\/li>\n\n\n\n<li><strong>Rabatt bei Gro\u00dfeinkauf:\u00a0<\/strong>Als professioneller Hersteller bieten wir sehr wettbewerbsf\u00e4hige Preise f\u00fcr Untertischsp\u00fclen im Gro\u00dfhandel an und genie\u00dfen weitere Rabatte f\u00fcr Gro\u00dfeink\u00e4ufe, die f\u00fcr gro\u00dfe Projekte wie Hotels, Wohnungen, B\u00fcros usw. geeignet sind.<\/li>\n<\/ul>\n<\/div>\n\n\n\n<div class=\"wp-block-column is-layout-flow wp-block-column-is-layout-flow\">\n<figure class=\"wp-block-image size-full\"><img fetchpriority=\"high\" decoding=\"async\" width=\"612\" height=\"828\" src=\"https:\/\/www.ceramicbasin.com\/wp-content\/uploads\/2024\/11\/wholesale-bathroom-vessel-sinks-under-counter-wash-basin-sinks-5.webp\" alt=\"Benutzerdefinierte Undermount Waschbecken, Keramik unter Z\u00e4hler Waschbecken Gro\u00dfhandel-1\" class=\"wp-image-5535\" srcset=\"https:\/\/www.ceramicbasin.com\/wp-content\/uploads\/2024\/11\/wholesale-bathroom-vessel-sinks-under-counter-wash-basin-sinks-5.webp 612w, https:\/\/www.ceramicbasin.com\/wp-content\/uploads\/2024\/11\/wholesale-bathroom-vessel-sinks-under-counter-wash-basin-sinks-5-222x300.webp 222w, https:\/\/www.ceramicbasin.com\/wp-content\/uploads\/2024\/11\/wholesale-bathroom-vessel-sinks-under-counter-wash-basin-sinks-5-9x12.webp 9w, https:\/\/www.ceramicbasin.com\/wp-content\/uploads\/2024\/11\/wholesale-bathroom-vessel-sinks-under-counter-wash-basin-sinks-5-285x386.webp 285w, https:\/\/www.ceramicbasin.com\/wp-content\/uploads\/2024\/11\/wholesale-bathroom-vessel-sinks-under-counter-wash-basin-sinks-5-488x660.webp 488w, https:\/\/www.ceramicbasin.com\/wp-content\/uploads\/2024\/11\/wholesale-bathroom-vessel-sinks-under-counter-wash-basin-sinks-5-111x150.webp 111w\" sizes=\"(max-width: 612px) 100vw, 612px\" \/><\/figure>\n<\/div>\n<\/div>\n\n\n\n<p><\/p>","protected":false},"excerpt":{"rendered":"<p>Willkommen bei benutzerdefinierten Unterbau Waschbecken f\u00fcr Projekt. Unsere unter Z\u00e4hler Waschbecken Gro\u00dfhandel sind aus hochwertigem Keramik, und das macht sie langlebig f\u00fcr den langfristigen Einsatz.wir bieten sehr wettbewerbsf\u00e4hige Preise f\u00fcr Gro\u00dfhandel Unterbau Waschbecken, und genie\u00dfen Sie mehr Rabatte f\u00fcr Gro\u00dfeink\u00e4ufe, die f\u00fcr gro\u00dfe Projekte wie Hotels, Wohnungen, B\u00fcros, etc. geeignet ist.<\/p>\n<table style=\"border-collapse: collapse; width: 358.52pt;\" border=\"0\" width=\"478\" cellspacing=\"0\" cellpadding=\"0\">\n<tbody>\n<tr style=\"height: 17.25pt;\">\n<td class=\"et3\" style=\"height: 17.25pt; width: 125.00pt;\" width=\"166\" height=\"23\">Hersteller<\/td>\n<td class=\"et3\" style=\"width: 234.15pt;\" width=\"312\">HanYu<\/td>\n<\/tr>\n<tr style=\"height: 17.25pt;\">\n<td class=\"et3\" style=\"height: 17.25pt;\" height=\"23\">Modell Nr.<\/td>\n<td class=\"et4\">HY-3021<\/td>\n<\/tr>\n<tr style=\"height: 17.25pt;\">\n<td class=\"et3\" style=\"height: 17.25pt;\" height=\"23\">Typ<\/td>\n<td class=\"et5\" style=\"width: 234.15pt;\" width=\"312\">Unterbau-Sp\u00fclbecken<\/td>\n<\/tr>\n<tr style=\"height: 18.00pt;\">\n<td class=\"et3\" style=\"height: 18.00pt;\" height=\"24\">Form<\/td>\n<td class=\"et3\">Ovale Form<\/td>\n<\/tr>\n<tr style=\"height: 34.50pt;\">\n<td class=\"et4\" style=\"height: 34.50pt;\" height=\"46\">Farbe<\/td>\n<td class=\"et5\" style=\"width: 234.15pt;\" width=\"312\">schwarz\/wei\u00df\/blau\/grau\/rosa\/gr\u00fcn\/braun\/khaki<\/td>\n<\/tr>\n<tr style=\"height: 18.00pt;\">\n<td class=\"et3\" style=\"height: 18.00pt;\" height=\"24\">Dimension<\/td>\n<td class=\"et5\" style=\"width: 234.15pt;\" width=\"312\">49*41*18.5<\/td>\n<\/tr>\n<tr style=\"height: 17.25pt;\">\n<td class=\"et3\" style=\"height: 17.25pt;\" height=\"23\">N.W \/SET<\/td>\n<td class=\"et3\">5KGS\/PCS<\/td>\n<\/tr>\n<tr style=\"height: 17.25pt;\">\n<td class=\"et3\" style=\"height: 17.25pt;\" height=\"23\">MOQ<\/td>\n<td class=\"et3\">20St\u00fcck<\/td>\n<\/tr>\n<tr style=\"height: 17.25pt;\">\n<td class=\"et3\" style=\"height: 17.25pt;\" height=\"23\">Benutzerdefinierte Option<\/td>\n<td class=\"et3\">Farbe\/Muster\/Gr\u00f6\u00dfe\/Logo\/Verpackung<\/td>\n<\/tr>\n<\/tbody>\n<\/table>","protected":false},"featured_media":5531,"comment_status":"closed","ping_status":"closed","template":"","meta":{"_acf_changed":false},"product_brand":[],"product_cat":[59],"product_tag":[],"class_list":{"0":"post-5536","1":"product","2":"type-product","3":"status-publish","4":"has-post-thumbnail","6":"product_cat-wholesale-undermount-sinks","8":"first","9":"instock","10":"shipping-taxable","11":"product-type-simple"},"acf":[],"_links":{"self":[{"href":"https:\/\/www.ceramicbasin.com\/de\/wp-json\/wp\/v2\/product\/5536","targetHints":{"allow":["GET"]}}],"collection":[{"href":"https:\/\/www.ceramicbasin.com\/de\/wp-json\/wp\/v2\/product"}],"about":[{"href":"https:\/\/www.ceramicbasin.com\/de\/wp-json\/wp\/v2\/types\/product"}],"replies":[{"embeddable":true,"href":"https:\/\/www.ceramicbasin.com\/de\/wp-json\/wp\/v2\/comments?post=5536"}],"wp:featuredmedia":[{"embeddable":true,"href":"https:\/\/www.ceramicbasin.com\/de\/wp-json\/wp\/v2\/media\/5531"}],"wp:attachment":[{"href":"https:\/\/www.ceramicbasin.com\/de\/wp-json\/wp\/v2\/media?parent=5536"}],"wp:term":[{"taxonomy":"product_brand","embeddable":true,"href":"https:\/\/www.ceramicbasin.com\/de\/wp-json\/wp\/v2\/product_brand?post=5536"},{"taxonomy":"product_cat","embeddable":true,"href":"https:\/\/www.ceramicbasin.com\/de\/wp-json\/wp\/v2\/product_cat?post=5536"},{"taxonomy":"product_tag","embeddable":true,"href":"https:\/\/www.ceramicbasin.com\/de\/wp-json\/wp\/v2\/product_tag?post=5536"}],"curies":[{"name":"wp","href":"https:\/\/api.w.org\/{rel}","templated":true}]}}