{"id":5539,"date":"2024-11-08T09:34:08","date_gmt":"2024-11-08T09:34:08","guid":{"rendered":"https:\/\/www.ceramicbasin.com\/?post_type=product&#038;p=5539"},"modified":"2024-11-08T09:34:11","modified_gmt":"2024-11-08T09:34:11","slug":"custom-made-wash-basin","status":"publish","type":"product","link":"https:\/\/www.ceramicbasin.com\/de\/produkt\/custom-made-wash-basin\/","title":{"rendered":"Ma\u00dfgeschneidertes Waschbecken, Porzellan-Sp\u00fclbecken Gro\u00dfhandel"},"content":{"rendered":"<div class=\"wp-block-columns is-layout-flex wp-container-core-columns-is-layout-9d6595d7 wp-block-columns-is-layout-flex\">\n<div class=\"wp-block-column is-layout-flow wp-block-column-is-layout-flow\">\n<h2 class=\"wp-block-heading\">Premium-Waschtisch in Sonderanfertigung Merkmale:<\/h2>\n\n\n\n<ul class=\"wp-block-list\">\n<li><strong>Hochwertiges Porzellan:<\/strong>\u00a0Die Qualit\u00e4t der Materialien in unserem Drop-in-Waschbecken sind von hoher Qualit\u00e4t, robust, langlebig und ausgezeichnet in Anti-Kratz-und Verschlei\u00dffestigkeit. unsere Gro\u00dfhandel Waschbecken k\u00f6nnen langfristige Nutzung ohne Besch\u00e4digung der Erscheinung leicht zu gew\u00e4hrleisten.<\/li>\n\n\n\n<li><strong>Verkaufsstarke Produkte, weithin gelobt:<\/strong>\u00a0Diese rechteckige Form Drop in Waschbecken Gro\u00dfhandel mit ausgezeichnetem Design haben ausgezeichnete Qualit\u00e4t. Unser Gro\u00dfhandel Waschbecken hat sich zu einem hei\u00df begehrten Produkt auf dem Markt. Mit einem hohen Ansehen auf dem internationalen Markt, das Produkt weit mit einer hohen Bewertung gelobt, sobald die Einf\u00fchrung auf dem Markt.<\/li>\n\n\n\n<li><strong>Preisvorteil:\u00a0<\/strong>Wir bieten Gro\u00dfbestellungen f\u00fcr ma\u00dfgefertigte Waschbecken an, die nicht nur erschwinglich sind, sondern auch schnell geliefert werden k\u00f6nnen. Sie eignen sich f\u00fcr kommerzielle Projekte und gro\u00df angelegte Wohndekorationen und erf\u00fcllen die Anforderungen an hohe Effizienz und niedrige Kosten.<\/li>\n\n\n\n<li><strong>Modedesign:\u00a0<\/strong>Modernes und einfaches Design, mit glatten Linien geeignet f\u00fcr verschiedene Arten von B\u00e4dern. Wenn Sie Ihrem Badezimmer Eleganz und Mode hinzuf\u00fcgen m\u00f6chten, dann sind unsere Einbaubecken im Gro\u00dfhandel perfekt.<\/li>\n<\/ul>\n<\/div>\n\n\n\n<div class=\"wp-block-column is-layout-flow wp-block-column-is-layout-flow\">\n<figure class=\"wp-block-image size-full\"><img fetchpriority=\"high\" decoding=\"async\" width=\"691\" height=\"801\" src=\"https:\/\/www.ceramicbasin.com\/wp-content\/uploads\/2024\/11\/Porcelain-hand-wash-basin-factory-rectangle-shape-drop-in-sink-1-1.webp\" alt=\"Benutzerdefinierte Waschbecken, Porzellan Drop in Waschbecken Gro\u00dfhandel-1\" class=\"wp-image-5511\" srcset=\"https:\/\/www.ceramicbasin.com\/wp-content\/uploads\/2024\/11\/Porcelain-hand-wash-basin-factory-rectangle-shape-drop-in-sink-1-1.webp 691w, https:\/\/www.ceramicbasin.com\/wp-content\/uploads\/2024\/11\/Porcelain-hand-wash-basin-factory-rectangle-shape-drop-in-sink-1-1-259x300.webp 259w, https:\/\/www.ceramicbasin.com\/wp-content\/uploads\/2024\/11\/Porcelain-hand-wash-basin-factory-rectangle-shape-drop-in-sink-1-1-10x12.webp 10w, https:\/\/www.ceramicbasin.com\/wp-content\/uploads\/2024\/11\/Porcelain-hand-wash-basin-factory-rectangle-shape-drop-in-sink-1-1-285x330.webp 285w, https:\/\/www.ceramicbasin.com\/wp-content\/uploads\/2024\/11\/Porcelain-hand-wash-basin-factory-rectangle-shape-drop-in-sink-1-1-569x660.webp 569w, https:\/\/www.ceramicbasin.com\/wp-content\/uploads\/2024\/11\/Porcelain-hand-wash-basin-factory-rectangle-shape-drop-in-sink-1-1-129x150.webp 129w\" sizes=\"(max-width: 691px) 100vw, 691px\" \/><\/figure>\n<\/div>\n<\/div>","protected":false},"excerpt":{"rendered":"<p>Willkommen bei ma\u00dfgeschneiderten Waschbecken. Dieses Rechteck-f\u00f6rmigen keramischen Drop in Waschbecken Gro\u00dfhandel f\u00fcr B\u00e4der, hat ein ausgezeichnetes Design-Konzept und hervorragende Qualit\u00e4t. Diese Gro\u00dfhandel Bad Waschbecken sind modern und einfach im Design mit glatten Linien, sind f\u00fcr verschiedene Arten von B\u00e4dern geeignet.<\/p>\n<table style=\"border-collapse: collapse; width: 358.52pt;\" border=\"0\" width=\"478\" cellspacing=\"0\" cellpadding=\"0\">\n<tbody>\n<tr style=\"height: 17.25pt;\">\n<td class=\"et3\" style=\"height: 17.25pt; width: 125.00pt;\" width=\"166\" height=\"23\">Hersteller<\/td>\n<td class=\"et3\" style=\"width: 234.15pt;\" width=\"312\">HanYu<\/td>\n<\/tr>\n<tr style=\"height: 17.25pt;\">\n<td class=\"et3\" style=\"height: 17.25pt;\" height=\"23\">Modell Nr.<\/td>\n<td class=\"et4\">HY-5082<\/td>\n<\/tr>\n<tr style=\"height: 17.25pt;\">\n<td class=\"et3\" style=\"height: 17.25pt;\" height=\"23\">Typ<\/td>\n<td class=\"et5\" style=\"width: 234.15pt;\" width=\"312\">Einfallende Waschbecken<\/td>\n<\/tr>\n<tr style=\"height: 18.00pt;\">\n<td class=\"et3\" style=\"height: 18.00pt;\" height=\"24\">Form<\/td>\n<td class=\"et3\">Rechteckige Form<\/td>\n<\/tr>\n<tr style=\"height: 34.50pt;\">\n<td class=\"et4\" style=\"height: 34.50pt;\" height=\"46\">Farbe<\/td>\n<td class=\"et5\" style=\"width: 234.15pt;\" width=\"312\">schwarz\/wei\u00df\/blau\/grau\/rosa\/gr\u00fcn\/braun\/khaki<\/td>\n<\/tr>\n<tr style=\"height: 18.00pt;\">\n<td class=\"et3\" style=\"height: 18.00pt;\" height=\"24\">Dimension<\/td>\n<td class=\"et5\" style=\"width: 234.15pt;\" width=\"312\">41*41.5*16<\/td>\n<\/tr>\n<tr style=\"height: 17.25pt;\">\n<td class=\"et3\" style=\"height: 17.25pt;\" height=\"23\">N.W \/SET<\/td>\n<td class=\"et3\">8KGS\/PCS<\/td>\n<\/tr>\n<tr style=\"height: 17.25pt;\">\n<td class=\"et3\" style=\"height: 17.25pt;\" height=\"23\">MOQ<\/td>\n<td class=\"et3\">20St\u00fcck<\/td>\n<\/tr>\n<tr style=\"height: 17.25pt;\">\n<td class=\"et3\" style=\"height: 17.25pt;\" height=\"23\">Benutzerdefinierte Option<\/td>\n<td class=\"et3\">Farbe\/Muster\/Gr\u00f6\u00dfe\/Logo\/Verpackung<\/td>\n<\/tr>\n<\/tbody>\n<\/table>","protected":false},"featured_media":5510,"comment_status":"closed","ping_status":"closed","template":"","meta":{"_acf_changed":false},"product_brand":[],"product_cat":[51],"product_tag":[],"class_list":{"0":"post-5539","1":"product","2":"type-product","3":"status-publish","4":"has-post-thumbnail","6":"product_cat-wholesale-drop-in-sinks","8":"first","9":"instock","10":"shipping-taxable","11":"product-type-simple"},"acf":[],"_links":{"self":[{"href":"https:\/\/www.ceramicbasin.com\/de\/wp-json\/wp\/v2\/product\/5539","targetHints":{"allow":["GET"]}}],"collection":[{"href":"https:\/\/www.ceramicbasin.com\/de\/wp-json\/wp\/v2\/product"}],"about":[{"href":"https:\/\/www.ceramicbasin.com\/de\/wp-json\/wp\/v2\/types\/product"}],"replies":[{"embeddable":true,"href":"https:\/\/www.ceramicbasin.com\/de\/wp-json\/wp\/v2\/comments?post=5539"}],"wp:featuredmedia":[{"embeddable":true,"href":"https:\/\/www.ceramicbasin.com\/de\/wp-json\/wp\/v2\/media\/5510"}],"wp:attachment":[{"href":"https:\/\/www.ceramicbasin.com\/de\/wp-json\/wp\/v2\/media?parent=5539"}],"wp:term":[{"taxonomy":"product_brand","embeddable":true,"href":"https:\/\/www.ceramicbasin.com\/de\/wp-json\/wp\/v2\/product_brand?post=5539"},{"taxonomy":"product_cat","embeddable":true,"href":"https:\/\/www.ceramicbasin.com\/de\/wp-json\/wp\/v2\/product_cat?post=5539"},{"taxonomy":"product_tag","embeddable":true,"href":"https:\/\/www.ceramicbasin.com\/de\/wp-json\/wp\/v2\/product_tag?post=5539"}],"curies":[{"name":"wp","href":"https:\/\/api.w.org\/{rel}","templated":true}]}}